{"id":6951,"date":"2025-01-07T13:59:57","date_gmt":"2025-01-07T12:59:57","guid":{"rendered":"https:\/\/alexsa-verlag.de\/?post_type=product&#038;p=6951"},"modified":"2025-05-24T23:22:33","modified_gmt":"2025-05-24T21:22:33","slug":"sos-sind-wir-noch-zu-retten","status":"publish","type":"product","link":"https:\/\/alexsa-verlag.de\/ru\/produkt\/sos-sind-wir-noch-zu-retten\/","title":{"rendered":"SOS ! Sind wir noch zu retten?"},"content":{"rendered":"<p>Nach unserem Spiel &#8220;MiniPilo &#8211; Eine Welt ohne Geld&#8221; aus dem Jahr 2010, in dem es um die fr\u00f6hliche Utopie einer Welt ohne Armut und Konkurrenz auf einem fernen Planeten geht, stellen wir in diesem neuen komplexen Gesellschaftsspiel uns allen die Frage: &#8220;Sind wir und <strong><span style=\"color: #ff0000;\">unser<\/span><span style=\"color: #ff0000;\"> Planet<\/span> <\/strong>noch zu retten?&#8221;<\/p>\n<p>Geldgier macht blind! Die Erde geht vor die Hunde! Lasst uns etwas dagegen tun, es ist h\u00f6chste Zeit. Unsere Eigenschaften und F\u00e4higkeiten und die Bereitschaft, gemeinsam Probleme zu l\u00f6sen, sind wie bei den M\u00fcmvattels in &#8220;MiniPilo&#8221; unser Kapital, das wir einbringen und das uns weiterbringt.<\/p>\n<p>F\u00fcr 3 bis 6 oder mehr aktive Mitmacher von 6 bis 111 Jahren.<\/p>\n<p>&nbsp;<\/p>\n","protected":false},"excerpt":{"rendered":"<p>Ein komplexes Karten- und Kommunikationsspiel f\u00fcr eine kurzweilige Spielrunde, bei der es um nichts weniger als um die Rettung der Erde geht.<\/p>\n<p>&nbsp;<\/p>\n<p>&nbsp;<\/p>\n<p>&nbsp;<\/p>\n<p>&nbsp;<\/p>\n","protected":false},"featured_media":6854,"comment_status":"closed","ping_status":"closed","template":"","meta":{"jetpack_post_was_ever_published":false,"jetpack_publicize_message":"","jetpack_publicize_feature_enabled":true,"jetpack_social_post_already_shared":true,"jetpack_social_options":{"image_generator_settings":{"template":"highway","default_image_id":0,"font":"","enabled":false},"version":2}},"product_brand":[],"product_cat":[85,43,42,44,105],"product_tag":[121,120,119,118,122],"class_list":{"0":"post-6951","1":"product","2":"type-product","3":"status-publish","4":"has-post-thumbnail","6":"product_cat-besondere-spiele","7":"product_cat-brettspiele","8":"product_cat-gesellschaftsspiele","9":"product_cat-kartenspiele","10":"product_cat-kommunikationsspiel","11":"product_tag-geldgier-macht-blind","12":"product_tag-sos","13":"product_tag-umweltprojekte","14":"product_tag-unser-planet","15":"product_tag-weltrettung","17":"first","18":"instock","19":"purchasable","20":"product-type-simple"},"translation":{"provider":"WPGlobus","version":"3.0.0","language":"ru","enabled_languages":["de","ru"],"languages":{"de":{"title":true,"content":true,"excerpt":true},"ru":{"title":false,"content":false,"excerpt":false}}},"yoast_head":"<!-- This site is optimized with the Yoast SEO plugin v27.5 - https:\/\/yoast.com\/product\/yoast-seo-wordpress\/ -->\n<title>SOS ! Sind wir noch zu retten? - \u0418\u0437\u0434\u0430\u0442\u0435\u043b\u044c\u0441\u0442\u0432\u043e &quot;\u0410\u043b\u0435\u043a\u0441\u0430&quot;<\/title>\n<meta name=\"robots\" content=\"index, follow, max-snippet:-1, max-image-preview:large, max-video-preview:-1\" \/>\n<link rel=\"canonical\" href=\"https:\/\/alexsa-verlag.de\/ru\/produkt\/sos-sind-wir-noch-zu-retten\/\" \/>\n<meta property=\"og:locale\" content=\"ru_RU\" \/>\n<meta property=\"og:type\" content=\"article\" \/>\n<meta property=\"og:title\" content=\"SOS ! Sind wir noch zu retten? - \u0418\u0437\u0434\u0430\u0442\u0435\u043b\u044c\u0441\u0442\u0432\u043e &quot;\u0410\u043b\u0435\u043a\u0441\u0430&quot;\" \/>\n<meta property=\"og:url\" content=\"https:\/\/alexsa-verlag.de\/ru\/produkt\/sos-sind-wir-noch-zu-retten\/\" \/>\n<meta property=\"og:site_name\" content=\"\u0418\u0437\u0434\u0430\u0442\u0435\u043b\u044c\u0441\u0442\u0432\u043e &quot;\u0410\u043b\u0435\u043a\u0441\u0430&quot;\" \/>\n<meta property=\"article:modified_time\" content=\"2025-05-24T21:22:33+00:00\" \/>\n<meta property=\"og:image\" content=\"https:\/\/alexsa-verlag.de\/wp-content\/uploads\/2024\/12\/Schachtelbild-SOS-1.png\" \/>\n\t<meta property=\"og:image:width\" content=\"879\" \/>\n\t<meta property=\"og:image:height\" content=\"885\" \/>\n\t<meta property=\"og:image:type\" content=\"image\/png\" \/>\n<meta name=\"twitter:card\" content=\"summary_large_image\" \/>\n<meta name=\"twitter:label1\" content=\"Est. reading time\" \/>\n\t<meta name=\"twitter:data1\" content=\"1 minute\" \/>\n<script type=\"application\/ld+json\" class=\"yoast-schema-graph\">{\"@context\":\"https:\\\/\\\/schema.org\",\"@graph\":[{\"@type\":\"WebPage\",\"@id\":\"https:\\\/\\\/alexsa-verlag.de\\\/ru\\\/produkt\\\/sos-sind-wir-noch-zu-retten\\\/\",\"url\":\"https:\\\/\\\/alexsa-verlag.de\\\/ru\\\/produkt\\\/sos-sind-wir-noch-zu-retten\\\/\",\"name\":\"SOS ! Sind wir noch zu retten? - \u0418\u0437\u0434\u0430\u0442\u0435\u043b\u044c\u0441\u0442\u0432\u043e &quot;\u0410\u043b\u0435\u043a\u0441\u0430&quot;\",\"isPartOf\":{\"@id\":\"https:\\\/\\\/alexsa-verlag.de\\\/#website\"},\"primaryImageOfPage\":{\"@id\":\"https:\\\/\\\/alexsa-verlag.de\\\/ru\\\/produkt\\\/sos-sind-wir-noch-zu-retten\\\/#primaryimage\"},\"image\":{\"@id\":\"https:\\\/\\\/alexsa-verlag.de\\\/ru\\\/produkt\\\/sos-sind-wir-noch-zu-retten\\\/#primaryimage\"},\"thumbnailUrl\":\"https:\\\/\\\/alexsa-verlag.de\\\/wp-content\\\/uploads\\\/2024\\\/12\\\/Schachtelbild-SOS-1.png\",\"datePublished\":\"2025-01-07T12:59:57+00:00\",\"dateModified\":\"2025-05-24T21:22:33+00:00\",\"breadcrumb\":{\"@id\":\"https:\\\/\\\/alexsa-verlag.de\\\/ru\\\/produkt\\\/sos-sind-wir-noch-zu-retten\\\/#breadcrumb\"},\"inLanguage\":\"ru-RU\",\"potentialAction\":[{\"@type\":\"ReadAction\",\"target\":[\"https:\\\/\\\/alexsa-verlag.de\\\/ru\\\/produkt\\\/sos-sind-wir-noch-zu-retten\\\/\"]}]},{\"@type\":\"ImageObject\",\"inLanguage\":\"ru-RU\",\"@id\":\"https:\\\/\\\/alexsa-verlag.de\\\/ru\\\/produkt\\\/sos-sind-wir-noch-zu-retten\\\/#primaryimage\",\"url\":\"https:\\\/\\\/alexsa-verlag.de\\\/wp-content\\\/uploads\\\/2024\\\/12\\\/Schachtelbild-SOS-1.png\",\"contentUrl\":\"https:\\\/\\\/alexsa-verlag.de\\\/wp-content\\\/uploads\\\/2024\\\/12\\\/Schachtelbild-SOS-1.png\",\"width\":879,\"height\":885},{\"@type\":\"BreadcrumbList\",\"@id\":\"https:\\\/\\\/alexsa-verlag.de\\\/ru\\\/produkt\\\/sos-sind-wir-noch-zu-retten\\\/#breadcrumb\",\"itemListElement\":[{\"@type\":\"ListItem\",\"position\":1,\"name\":\"Startseite\",\"item\":\"https:\\\/\\\/alexsa-verlag.de\\\/\"},{\"@type\":\"ListItem\",\"position\":2,\"name\":\"Shop\",\"item\":\"https:\\\/\\\/alexsa-verlag.de\\\/shop\\\/\"},{\"@type\":\"ListItem\",\"position\":3,\"name\":\"SOS ! Sind wir noch zu retten?\"}]},{\"@type\":\"WebSite\",\"@id\":\"https:\\\/\\\/alexsa-verlag.de\\\/#website\",\"url\":\"https:\\\/\\\/alexsa-verlag.de\\\/\",\"name\":\"\u0418\u0437\u0434\u0430\u0442\u0435\u043b\u044c\u0441\u0442\u0432\u043e &quot;\u0410\u043b\u0435\u043a\u0441\u0430&quot;\",\"description\":\"\u0411\u0435\u0440\u043b\u0438\u043d\",\"potentialAction\":[{\"@type\":\"SearchAction\",\"target\":{\"@type\":\"EntryPoint\",\"urlTemplate\":\"https:\\\/\\\/alexsa-verlag.de\\\/?s={search_term_string}\"},\"query-input\":{\"@type\":\"PropertyValueSpecification\",\"valueRequired\":true,\"valueName\":\"search_term_string\"}}],\"inLanguage\":\"ru-RU\"}]}<\/script>\n<!-- \/ Yoast SEO plugin. -->","yoast_head_json":{"title":"SOS ! Sind wir noch zu retten? - \u0418\u0437\u0434\u0430\u0442\u0435\u043b\u044c\u0441\u0442\u0432\u043e &quot;\u0410\u043b\u0435\u043a\u0441\u0430&quot;","robots":{"index":"index","follow":"follow","max-snippet":"max-snippet:-1","max-image-preview":"max-image-preview:large","max-video-preview":"max-video-preview:-1"},"canonical":"https:\/\/alexsa-verlag.de\/ru\/produkt\/sos-sind-wir-noch-zu-retten\/","og_locale":"ru_RU","og_type":"article","og_title":"SOS ! Sind wir noch zu retten? - \u0418\u0437\u0434\u0430\u0442\u0435\u043b\u044c\u0441\u0442\u0432\u043e &quot;\u0410\u043b\u0435\u043a\u0441\u0430&quot;","og_url":"https:\/\/alexsa-verlag.de\/ru\/produkt\/sos-sind-wir-noch-zu-retten\/","og_site_name":"\u0418\u0437\u0434\u0430\u0442\u0435\u043b\u044c\u0441\u0442\u0432\u043e &quot;\u0410\u043b\u0435\u043a\u0441\u0430&quot;","article_modified_time":"2025-05-24T21:22:33+00:00","og_image":[{"width":879,"height":885,"url":"https:\/\/alexsa-verlag.de\/wp-content\/uploads\/2024\/12\/Schachtelbild-SOS-1.png","type":"image\/png"}],"twitter_card":"summary_large_image","twitter_misc":{"Est. reading time":"1 minute"},"schema":{"@context":"https:\/\/schema.org","@graph":[{"@type":"WebPage","@id":"https:\/\/alexsa-verlag.de\/ru\/produkt\/sos-sind-wir-noch-zu-retten\/","url":"https:\/\/alexsa-verlag.de\/ru\/produkt\/sos-sind-wir-noch-zu-retten\/","name":"SOS ! Sind wir noch zu retten? - \u0418\u0437\u0434\u0430\u0442\u0435\u043b\u044c\u0441\u0442\u0432\u043e &quot;\u0410\u043b\u0435\u043a\u0441\u0430&quot;","isPartOf":{"@id":"https:\/\/alexsa-verlag.de\/#website"},"primaryImageOfPage":{"@id":"https:\/\/alexsa-verlag.de\/ru\/produkt\/sos-sind-wir-noch-zu-retten\/#primaryimage"},"image":{"@id":"https:\/\/alexsa-verlag.de\/ru\/produkt\/sos-sind-wir-noch-zu-retten\/#primaryimage"},"thumbnailUrl":"https:\/\/alexsa-verlag.de\/wp-content\/uploads\/2024\/12\/Schachtelbild-SOS-1.png","datePublished":"2025-01-07T12:59:57+00:00","dateModified":"2025-05-24T21:22:33+00:00","breadcrumb":{"@id":"https:\/\/alexsa-verlag.de\/ru\/produkt\/sos-sind-wir-noch-zu-retten\/#breadcrumb"},"inLanguage":"ru-RU","potentialAction":[{"@type":"ReadAction","target":["https:\/\/alexsa-verlag.de\/ru\/produkt\/sos-sind-wir-noch-zu-retten\/"]}]},{"@type":"ImageObject","inLanguage":"ru-RU","@id":"https:\/\/alexsa-verlag.de\/ru\/produkt\/sos-sind-wir-noch-zu-retten\/#primaryimage","url":"https:\/\/alexsa-verlag.de\/wp-content\/uploads\/2024\/12\/Schachtelbild-SOS-1.png","contentUrl":"https:\/\/alexsa-verlag.de\/wp-content\/uploads\/2024\/12\/Schachtelbild-SOS-1.png","width":879,"height":885},{"@type":"BreadcrumbList","@id":"https:\/\/alexsa-verlag.de\/ru\/produkt\/sos-sind-wir-noch-zu-retten\/#breadcrumb","itemListElement":[{"@type":"ListItem","position":1,"name":"Startseite","item":"https:\/\/alexsa-verlag.de\/"},{"@type":"ListItem","position":2,"name":"Shop","item":"https:\/\/alexsa-verlag.de\/shop\/"},{"@type":"ListItem","position":3,"name":"SOS ! Sind wir noch zu retten?"}]},{"@type":"WebSite","@id":"https:\/\/alexsa-verlag.de\/#website","url":"https:\/\/alexsa-verlag.de\/","name":"\u0418\u0437\u0434\u0430\u0442\u0435\u043b\u044c\u0441\u0442\u0432\u043e &quot;\u0410\u043b\u0435\u043a\u0441\u0430&quot;","description":"\u0411\u0435\u0440\u043b\u0438\u043d","potentialAction":[{"@type":"SearchAction","target":{"@type":"EntryPoint","urlTemplate":"https:\/\/alexsa-verlag.de\/?s={search_term_string}"},"query-input":{"@type":"PropertyValueSpecification","valueRequired":true,"valueName":"search_term_string"}}],"inLanguage":"ru-RU"}]}},"jetpack_publicize_connections":[],"jetpack_sharing_enabled":true,"_links":{"self":[{"href":"https:\/\/alexsa-verlag.de\/ru\/wp-json\/wp\/v2\/product\/6951","targetHints":{"allow":["GET"]}}],"collection":[{"href":"https:\/\/alexsa-verlag.de\/ru\/wp-json\/wp\/v2\/product"}],"about":[{"href":"https:\/\/alexsa-verlag.de\/ru\/wp-json\/wp\/v2\/types\/product"}],"replies":[{"embeddable":true,"href":"https:\/\/alexsa-verlag.de\/ru\/wp-json\/wp\/v2\/comments?post=6951"}],"wp:featuredmedia":[{"embeddable":true,"href":"https:\/\/alexsa-verlag.de\/ru\/wp-json\/wp\/v2\/media\/6854"}],"wp:attachment":[{"href":"https:\/\/alexsa-verlag.de\/ru\/wp-json\/wp\/v2\/media?parent=6951"}],"wp:term":[{"taxonomy":"product_brand","embeddable":true,"href":"https:\/\/alexsa-verlag.de\/ru\/wp-json\/wp\/v2\/product_brand?post=6951"},{"taxonomy":"product_cat","embeddable":true,"href":"https:\/\/alexsa-verlag.de\/ru\/wp-json\/wp\/v2\/product_cat?post=6951"},{"taxonomy":"product_tag","embeddable":true,"href":"https:\/\/alexsa-verlag.de\/ru\/wp-json\/wp\/v2\/product_tag?post=6951"}],"curies":[{"name":"wp","href":"https:\/\/api.w.org\/{rel}","templated":true}]}}