{"id":6939,"date":"2025-01-07T12:42:52","date_gmt":"2025-01-07T11:42:52","guid":{"rendered":"https:\/\/alexsa-verlag.de\/?post_type=product&#038;p=6939"},"modified":"2025-01-07T13:55:31","modified_gmt":"2025-01-07T12:55:31","slug":"der-weltkreis-der-muemvattels-das-buch-zum-spiel","status":"publish","type":"product","link":"https:\/\/alexsa-verlag.de\/ru\/produkt\/der-weltkreis-der-muemvattels-das-buch-zum-spiel\/","title":{"rendered":"Der Weltkreis der M\u00fcmvattels, das Buch zum Spiel MiniPilo"},"content":{"rendered":"<p>Eine real-utopische Geschichte f\u00fcr Alle, die davon ausgehen, dass die Welt noch zu retten ist. Es geht um einen Weltkreis, dessen Bewohner ohne den Besitz von Geld ein erf\u00fclltes Leben leben. Menschliche Wesen sind das nicht, aber die Menschen k\u00f6nnten und sollten von den M\u00fcmvattels lernen.<\/p>\n","protected":false},"excerpt":{"rendered":"<p>Eine real-utopische Geschichte f\u00fcr Alle, die davon ausgehen, dass die Welt noch zu retten ist. Es geht um einen Weltkreis, dessen Bewohner ohne den Besitz von Geld ein erf\u00fclltes Leben leben. Menschliche Wesen sind das nicht, aber die Menschen k\u00f6nnten und sollten von den M\u00fcmvattels lernen.<\/p>\n","protected":false},"featured_media":3355,"comment_status":"closed","ping_status":"closed","template":"","meta":{"jetpack_post_was_ever_published":false,"jetpack_publicize_message":"","jetpack_publicize_feature_enabled":true,"jetpack_social_post_already_shared":true,"jetpack_social_options":{"image_generator_settings":{"template":"highway","default_image_id":0,"font":"","enabled":false},"version":2}},"product_brand":[],"product_cat":[43,42,44,74,49],"product_tag":[],"class_list":{"0":"post-6939","1":"product","2":"type-product","3":"status-publish","4":"has-post-thumbnail","6":"product_cat-brettspiele","7":"product_cat-gesellschaftsspiele","8":"product_cat-kartenspiele","9":"product_cat-kurzgeschichte","10":"product_cat-maerchenbuch","11":"product_shipping_class-kleinware","13":"first","14":"instock","15":"purchasable","16":"product-type-simple"},"translation":{"provider":"WPGlobus","version":"3.0.0","language":"ru","enabled_languages":["de","ru"],"languages":{"de":{"title":true,"content":true,"excerpt":false},"ru":{"title":false,"content":false,"excerpt":false}}},"yoast_head":"<!-- This site is optimized with the Yoast SEO plugin v27.4 - https:\/\/yoast.com\/product\/yoast-seo-wordpress\/ -->\n<title>Der Weltkreis der M\u00fcmvattels, das Buch zum Spiel MiniPilo - \u0418\u0437\u0434\u0430\u0442\u0435\u043b\u044c\u0441\u0442\u0432\u043e &quot;\u0410\u043b\u0435\u043a\u0441\u0430&quot;<\/title>\n<meta name=\"robots\" content=\"index, follow, max-snippet:-1, max-image-preview:large, max-video-preview:-1\" \/>\n<link rel=\"canonical\" href=\"https:\/\/alexsa-verlag.de\/produkt\/der-weltkreis-der-muemvattels-das-buch-zum-spiel\/\" \/>\n<meta property=\"og:locale\" content=\"ru_RU\" \/>\n<meta property=\"og:type\" content=\"article\" \/>\n<meta property=\"og:title\" content=\"Der Weltkreis der M\u00fcmvattels, das Buch zum Spiel MiniPilo - \u0418\u0437\u0434\u0430\u0442\u0435\u043b\u044c\u0441\u0442\u0432\u043e &quot;\u0410\u043b\u0435\u043a\u0441\u0430&quot;\" \/>\n<meta property=\"og:url\" content=\"https:\/\/alexsa-verlag.de\/produkt\/der-weltkreis-der-muemvattels-das-buch-zum-spiel\/\" \/>\n<meta property=\"og:site_name\" content=\"\u0418\u0437\u0434\u0430\u0442\u0435\u043b\u044c\u0441\u0442\u0432\u043e &quot;\u0410\u043b\u0435\u043a\u0441\u0430&quot;\" \/>\n<meta property=\"article:modified_time\" content=\"2025-01-07T12:55:31+00:00\" \/>\n<meta property=\"og:image\" content=\"https:\/\/alexsa-verlag.de\/wp-content\/uploads\/2021\/02\/Mue4.png\" \/>\n\t<meta property=\"og:image:width\" content=\"1115\" \/>\n\t<meta property=\"og:image:height\" content=\"1117\" \/>\n\t<meta property=\"og:image:type\" content=\"image\/png\" \/>\n<meta name=\"twitter:card\" content=\"summary_large_image\" \/>\n<script type=\"application\/ld+json\" class=\"yoast-schema-graph\">{\"@context\":\"https:\\\/\\\/schema.org\",\"@graph\":[{\"@type\":\"WebPage\",\"@id\":\"https:\\\/\\\/alexsa-verlag.de\\\/produkt\\\/der-weltkreis-der-muemvattels-das-buch-zum-spiel\\\/\",\"url\":\"https:\\\/\\\/alexsa-verlag.de\\\/produkt\\\/der-weltkreis-der-muemvattels-das-buch-zum-spiel\\\/\",\"name\":\"Der Weltkreis der M\u00fcmvattels, das Buch zum Spiel MiniPilo - \u0418\u0437\u0434\u0430\u0442\u0435\u043b\u044c\u0441\u0442\u0432\u043e &quot;\u0410\u043b\u0435\u043a\u0441\u0430&quot;\",\"isPartOf\":{\"@id\":\"https:\\\/\\\/alexsa-verlag.de\\\/#website\"},\"primaryImageOfPage\":{\"@id\":\"https:\\\/\\\/alexsa-verlag.de\\\/produkt\\\/der-weltkreis-der-muemvattels-das-buch-zum-spiel\\\/#primaryimage\"},\"image\":{\"@id\":\"https:\\\/\\\/alexsa-verlag.de\\\/produkt\\\/der-weltkreis-der-muemvattels-das-buch-zum-spiel\\\/#primaryimage\"},\"thumbnailUrl\":\"https:\\\/\\\/alexsa-verlag.de\\\/wp-content\\\/uploads\\\/2021\\\/02\\\/Mue4.png\",\"datePublished\":\"2025-01-07T11:42:52+00:00\",\"dateModified\":\"2025-01-07T12:55:31+00:00\",\"breadcrumb\":{\"@id\":\"https:\\\/\\\/alexsa-verlag.de\\\/produkt\\\/der-weltkreis-der-muemvattels-das-buch-zum-spiel\\\/#breadcrumb\"},\"inLanguage\":\"ru-RU\",\"potentialAction\":[{\"@type\":\"ReadAction\",\"target\":[\"https:\\\/\\\/alexsa-verlag.de\\\/produkt\\\/der-weltkreis-der-muemvattels-das-buch-zum-spiel\\\/\"]}]},{\"@type\":\"ImageObject\",\"inLanguage\":\"ru-RU\",\"@id\":\"https:\\\/\\\/alexsa-verlag.de\\\/produkt\\\/der-weltkreis-der-muemvattels-das-buch-zum-spiel\\\/#primaryimage\",\"url\":\"https:\\\/\\\/alexsa-verlag.de\\\/wp-content\\\/uploads\\\/2021\\\/02\\\/Mue4.png\",\"contentUrl\":\"https:\\\/\\\/alexsa-verlag.de\\\/wp-content\\\/uploads\\\/2021\\\/02\\\/Mue4.png\",\"width\":1115,\"height\":1117},{\"@type\":\"BreadcrumbList\",\"@id\":\"https:\\\/\\\/alexsa-verlag.de\\\/produkt\\\/der-weltkreis-der-muemvattels-das-buch-zum-spiel\\\/#breadcrumb\",\"itemListElement\":[{\"@type\":\"ListItem\",\"position\":1,\"name\":\"Startseite\",\"item\":\"https:\\\/\\\/alexsa-verlag.de\\\/\"},{\"@type\":\"ListItem\",\"position\":2,\"name\":\"Shop\",\"item\":\"https:\\\/\\\/alexsa-verlag.de\\\/shop\\\/\"},{\"@type\":\"ListItem\",\"position\":3,\"name\":\"Der Weltkreis der M\u00fcmvattels, das Buch zum Spiel MiniPilo\"}]},{\"@type\":\"WebSite\",\"@id\":\"https:\\\/\\\/alexsa-verlag.de\\\/#website\",\"url\":\"https:\\\/\\\/alexsa-verlag.de\\\/\",\"name\":\"\u0418\u0437\u0434\u0430\u0442\u0435\u043b\u044c\u0441\u0442\u0432\u043e &quot;\u0410\u043b\u0435\u043a\u0441\u0430&quot;\",\"description\":\"\u0411\u0435\u0440\u043b\u0438\u043d\",\"potentialAction\":[{\"@type\":\"SearchAction\",\"target\":{\"@type\":\"EntryPoint\",\"urlTemplate\":\"https:\\\/\\\/alexsa-verlag.de\\\/?s={search_term_string}\"},\"query-input\":{\"@type\":\"PropertyValueSpecification\",\"valueRequired\":true,\"valueName\":\"search_term_string\"}}],\"inLanguage\":\"ru-RU\"}]}<\/script>\n<!-- \/ Yoast SEO plugin. -->","yoast_head_json":{"title":"Der Weltkreis der M\u00fcmvattels, das Buch zum Spiel MiniPilo - \u0418\u0437\u0434\u0430\u0442\u0435\u043b\u044c\u0441\u0442\u0432\u043e &quot;\u0410\u043b\u0435\u043a\u0441\u0430&quot;","robots":{"index":"index","follow":"follow","max-snippet":"max-snippet:-1","max-image-preview":"max-image-preview:large","max-video-preview":"max-video-preview:-1"},"canonical":"https:\/\/alexsa-verlag.de\/produkt\/der-weltkreis-der-muemvattels-das-buch-zum-spiel\/","og_locale":"ru_RU","og_type":"article","og_title":"Der Weltkreis der M\u00fcmvattels, das Buch zum Spiel MiniPilo - \u0418\u0437\u0434\u0430\u0442\u0435\u043b\u044c\u0441\u0442\u0432\u043e &quot;\u0410\u043b\u0435\u043a\u0441\u0430&quot;","og_url":"https:\/\/alexsa-verlag.de\/produkt\/der-weltkreis-der-muemvattels-das-buch-zum-spiel\/","og_site_name":"\u0418\u0437\u0434\u0430\u0442\u0435\u043b\u044c\u0441\u0442\u0432\u043e &quot;\u0410\u043b\u0435\u043a\u0441\u0430&quot;","article_modified_time":"2025-01-07T12:55:31+00:00","og_image":[{"width":1115,"height":1117,"url":"https:\/\/alexsa-verlag.de\/wp-content\/uploads\/2021\/02\/Mue4.png","type":"image\/png"}],"twitter_card":"summary_large_image","schema":{"@context":"https:\/\/schema.org","@graph":[{"@type":"WebPage","@id":"https:\/\/alexsa-verlag.de\/produkt\/der-weltkreis-der-muemvattels-das-buch-zum-spiel\/","url":"https:\/\/alexsa-verlag.de\/produkt\/der-weltkreis-der-muemvattels-das-buch-zum-spiel\/","name":"Der Weltkreis der M\u00fcmvattels, das Buch zum Spiel MiniPilo - \u0418\u0437\u0434\u0430\u0442\u0435\u043b\u044c\u0441\u0442\u0432\u043e &quot;\u0410\u043b\u0435\u043a\u0441\u0430&quot;","isPartOf":{"@id":"https:\/\/alexsa-verlag.de\/#website"},"primaryImageOfPage":{"@id":"https:\/\/alexsa-verlag.de\/produkt\/der-weltkreis-der-muemvattels-das-buch-zum-spiel\/#primaryimage"},"image":{"@id":"https:\/\/alexsa-verlag.de\/produkt\/der-weltkreis-der-muemvattels-das-buch-zum-spiel\/#primaryimage"},"thumbnailUrl":"https:\/\/alexsa-verlag.de\/wp-content\/uploads\/2021\/02\/Mue4.png","datePublished":"2025-01-07T11:42:52+00:00","dateModified":"2025-01-07T12:55:31+00:00","breadcrumb":{"@id":"https:\/\/alexsa-verlag.de\/produkt\/der-weltkreis-der-muemvattels-das-buch-zum-spiel\/#breadcrumb"},"inLanguage":"ru-RU","potentialAction":[{"@type":"ReadAction","target":["https:\/\/alexsa-verlag.de\/produkt\/der-weltkreis-der-muemvattels-das-buch-zum-spiel\/"]}]},{"@type":"ImageObject","inLanguage":"ru-RU","@id":"https:\/\/alexsa-verlag.de\/produkt\/der-weltkreis-der-muemvattels-das-buch-zum-spiel\/#primaryimage","url":"https:\/\/alexsa-verlag.de\/wp-content\/uploads\/2021\/02\/Mue4.png","contentUrl":"https:\/\/alexsa-verlag.de\/wp-content\/uploads\/2021\/02\/Mue4.png","width":1115,"height":1117},{"@type":"BreadcrumbList","@id":"https:\/\/alexsa-verlag.de\/produkt\/der-weltkreis-der-muemvattels-das-buch-zum-spiel\/#breadcrumb","itemListElement":[{"@type":"ListItem","position":1,"name":"Startseite","item":"https:\/\/alexsa-verlag.de\/"},{"@type":"ListItem","position":2,"name":"Shop","item":"https:\/\/alexsa-verlag.de\/shop\/"},{"@type":"ListItem","position":3,"name":"Der Weltkreis der M\u00fcmvattels, das Buch zum Spiel MiniPilo"}]},{"@type":"WebSite","@id":"https:\/\/alexsa-verlag.de\/#website","url":"https:\/\/alexsa-verlag.de\/","name":"\u0418\u0437\u0434\u0430\u0442\u0435\u043b\u044c\u0441\u0442\u0432\u043e &quot;\u0410\u043b\u0435\u043a\u0441\u0430&quot;","description":"\u0411\u0435\u0440\u043b\u0438\u043d","potentialAction":[{"@type":"SearchAction","target":{"@type":"EntryPoint","urlTemplate":"https:\/\/alexsa-verlag.de\/?s={search_term_string}"},"query-input":{"@type":"PropertyValueSpecification","valueRequired":true,"valueName":"search_term_string"}}],"inLanguage":"ru-RU"}]}},"jetpack_publicize_connections":[],"jetpack_sharing_enabled":true,"_links":{"self":[{"href":"https:\/\/alexsa-verlag.de\/ru\/wp-json\/wp\/v2\/product\/6939","targetHints":{"allow":["GET"]}}],"collection":[{"href":"https:\/\/alexsa-verlag.de\/ru\/wp-json\/wp\/v2\/product"}],"about":[{"href":"https:\/\/alexsa-verlag.de\/ru\/wp-json\/wp\/v2\/types\/product"}],"replies":[{"embeddable":true,"href":"https:\/\/alexsa-verlag.de\/ru\/wp-json\/wp\/v2\/comments?post=6939"}],"wp:featuredmedia":[{"embeddable":true,"href":"https:\/\/alexsa-verlag.de\/ru\/wp-json\/wp\/v2\/media\/3355"}],"wp:attachment":[{"href":"https:\/\/alexsa-verlag.de\/ru\/wp-json\/wp\/v2\/media?parent=6939"}],"wp:term":[{"taxonomy":"product_brand","embeddable":true,"href":"https:\/\/alexsa-verlag.de\/ru\/wp-json\/wp\/v2\/product_brand?post=6939"},{"taxonomy":"product_cat","embeddable":true,"href":"https:\/\/alexsa-verlag.de\/ru\/wp-json\/wp\/v2\/product_cat?post=6939"},{"taxonomy":"product_tag","embeddable":true,"href":"https:\/\/alexsa-verlag.de\/ru\/wp-json\/wp\/v2\/product_tag?post=6939"}],"curies":[{"name":"wp","href":"https:\/\/api.w.org\/{rel}","templated":true}]}}