{"id":6928,"date":"2025-01-06T19:20:01","date_gmt":"2025-01-06T18:20:01","guid":{"rendered":"https:\/\/alexsa-verlag.de\/?post_type=product&#038;p=6928"},"modified":"2025-11-15T22:55:08","modified_gmt":"2025-11-15T21:55:08","slug":"minipilo-schluss-mit-der-macht-des-geldes-2-0","status":"publish","type":"product","link":"https:\/\/alexsa-verlag.de\/ru\/produkt\/minipilo-schluss-mit-der-macht-des-geldes-2-0\/","title":{"rendered":"MiniPilo &#8211; Schluss mit der Macht des Geldes!"},"content":{"rendered":"<p>Ein komplexes und kurzweiliges Kommunikationsspiel f\u00fcr real-utopische Tr\u00e4umer aller Altersstufen, die es noch immer f\u00fcr m\u00f6glich halten, dass unsere Welt zu retten ist. Und auch die Skeptiker, Philosophen, die Omas und Uropas und auch die kleinen Kinder sind am Spieltisch willkommen, so wird die Spielrunde ein unvergessliches Erlebnis.<\/p>\n<p>Geniales Gesellschaftsspiel mit philosophischem Hintergrund f\u00fcr kleine und gro\u00dfe Spielrunden, in dem es um ein besonderes Kapital geht, \u00fcber das jeder Mensch verf\u00fcgt, das jedoch mit Geld \u00fcberhaupt nichts zu tun hat.<\/p>\n<p>Idee und Gestaltung: Susanne Jura<\/p>\n<p>3. \u00fcberarbeitete Auflage 2024<\/p>\n<p>Verlags-Bestellnummer: 10-Ph- 050723-1-3<\/p>\n<p><span style=\"font-size: 14pt;\"><strong>Das Buch zum Spiel:<\/strong><\/span> Eine real-utopische Geschichte f\u00fcr Alle, die davon ausgehen, dass die Welt noch zu retten ist. Es geht um einen Weltkreis, dessen Bewohner ohne den Besitz von Geld ein erf\u00fclltes Leben leben. Menschliche Wesen sind das nicht, aber die Menschen k\u00f6nnten und sollten von den M\u00fcmvattels lernen.<\/p>\n<p>Das Buch ist auch in unserem Shop erh\u00e4ltlich.<\/p>\n<p><img loading=\"lazy\" decoding=\"async\" class=\"size-medium wp-image-3355 alignleft\" src=\"https:\/\/alexsa-verlag.de\/wp-content\/uploads\/2021\/02\/Mue4-300x300.png\" alt=\"\" width=\"300\" height=\"300\" srcset=\"https:\/\/alexsa-verlag.de\/wp-content\/uploads\/2021\/02\/Mue4-300x300.png 300w, https:\/\/alexsa-verlag.de\/wp-content\/uploads\/2021\/02\/Mue4-1022x1024.png 1022w, https:\/\/alexsa-verlag.de\/wp-content\/uploads\/2021\/02\/Mue4-150x150.png 150w, https:\/\/alexsa-verlag.de\/wp-content\/uploads\/2021\/02\/Mue4-768x769.png 768w, https:\/\/alexsa-verlag.de\/wp-content\/uploads\/2021\/02\/Mue4-250x250.png 250w, https:\/\/alexsa-verlag.de\/wp-content\/uploads\/2021\/02\/Mue4-400x401.png 400w, https:\/\/alexsa-verlag.de\/wp-content\/uploads\/2021\/02\/Mue4-100x100.png 100w, https:\/\/alexsa-verlag.de\/wp-content\/uploads\/2021\/02\/Mue4.png 1115w\" sizes=\"auto, (max-width: 300px) 85vw, 300px\" \/><\/p>\n<p>&nbsp;<\/p>\n","protected":false},"excerpt":{"rendered":"<p>Eine Welt ohne Geld!<\/p>\n<p>Geniales Gesellschaftsspiel mit philosophischem Hintergrund nach der Geschichte &#8220;Der Weltkreis der M\u00fcmvattels&#8221; von Susanne Jura<\/p>\n","protected":false},"featured_media":5390,"comment_status":"closed","ping_status":"closed","template":"","meta":{"jetpack_post_was_ever_published":false,"jetpack_publicize_message":"","jetpack_publicize_feature_enabled":true,"jetpack_social_post_already_shared":true,"jetpack_social_options":{"image_generator_settings":{"template":"highway","default_image_id":0,"font":"","enabled":false},"version":2}},"product_brand":[],"product_cat":[85,43,42,44,105],"product_tag":[],"class_list":{"0":"post-6928","1":"product","2":"type-product","3":"status-publish","4":"has-post-thumbnail","6":"product_cat-besondere-spiele","7":"product_cat-brettspiele","8":"product_cat-gesellschaftsspiele","9":"product_cat-kartenspiele","10":"product_cat-kommunikationsspiel","12":"first","13":"instock","14":"purchasable","15":"product-type-simple"},"translation":{"provider":"WPGlobus","version":"3.0.0","language":"ru","enabled_languages":["de","ru"],"languages":{"de":{"title":true,"content":true,"excerpt":true},"ru":{"title":false,"content":false,"excerpt":false}}},"yoast_head":"<!-- This site is optimized with the Yoast SEO plugin v27.5 - https:\/\/yoast.com\/product\/yoast-seo-wordpress\/ -->\n<title>{:0}MiniPilo - Schluss mit der Macht des Geldes!<\/title>\n<meta name=\"robots\" content=\"index, follow, max-snippet:-1, max-image-preview:large, max-video-preview:-1\" \/>\n<link rel=\"canonical\" href=\"https:\/\/alexsa-verlag.de\/produkt\/minipilo-schluss-mit-der-macht-des-geldes-2-0\/\" \/>\n<meta property=\"og:locale\" content=\"ru_RU\" \/>\n<meta property=\"og:type\" content=\"article\" \/>\n<meta property=\"og:title\" content=\"MiniPilo - Schluss mit der Macht des Geldes! - \u0418\u0437\u0434\u0430\u0442\u0435\u043b\u044c\u0441\u0442\u0432\u043e &quot;\u0410\u043b\u0435\u043a\u0441\u0430&quot;\" \/>\n<meta property=\"og:url\" content=\"https:\/\/alexsa-verlag.de\/produkt\/minipilo-schluss-mit-der-macht-des-geldes-2-0\/\" \/>\n<meta property=\"og:site_name\" content=\"\u0418\u0437\u0434\u0430\u0442\u0435\u043b\u044c\u0441\u0442\u0432\u043e &quot;\u0410\u043b\u0435\u043a\u0441\u0430&quot;\" \/>\n<meta property=\"article:modified_time\" content=\"2025-11-15T21:55:08+00:00\" \/>\n<meta property=\"og:image\" content=\"https:\/\/alexsa-verlag.de\/wp-content\/uploads\/2019\/10\/Bild1-2.png\" \/>\n\t<meta property=\"og:image:width\" content=\"845\" \/>\n\t<meta property=\"og:image:height\" content=\"852\" \/>\n\t<meta property=\"og:image:type\" content=\"image\/png\" \/>\n<meta name=\"twitter:card\" content=\"summary_large_image\" \/>\n<meta name=\"twitter:label1\" content=\"Est. reading time\" \/>\n\t<meta name=\"twitter:data1\" content=\"2 minutes\" \/>\n<script type=\"application\/ld+json\" class=\"yoast-schema-graph\">{\"@context\":\"https:\\\/\\\/schema.org\",\"@graph\":[{\"@type\":\"WebPage\",\"@id\":\"https:\\\/\\\/alexsa-verlag.de\\\/produkt\\\/minipilo-schluss-mit-der-macht-des-geldes-2-0\\\/\",\"url\":\"https:\\\/\\\/alexsa-verlag.de\\\/produkt\\\/minipilo-schluss-mit-der-macht-des-geldes-2-0\\\/\",\"name\":\"{:0}MiniPilo - Schluss mit der Macht des Geldes!\",\"isPartOf\":{\"@id\":\"https:\\\/\\\/alexsa-verlag.de\\\/#website\"},\"primaryImageOfPage\":{\"@id\":\"https:\\\/\\\/alexsa-verlag.de\\\/produkt\\\/minipilo-schluss-mit-der-macht-des-geldes-2-0\\\/#primaryimage\"},\"image\":{\"@id\":\"https:\\\/\\\/alexsa-verlag.de\\\/produkt\\\/minipilo-schluss-mit-der-macht-des-geldes-2-0\\\/#primaryimage\"},\"thumbnailUrl\":\"https:\\\/\\\/alexsa-verlag.de\\\/wp-content\\\/uploads\\\/2019\\\/10\\\/Bild1-2.png\",\"datePublished\":\"2025-01-06T18:20:01+00:00\",\"dateModified\":\"2025-11-15T21:55:08+00:00\",\"description\":\"{:0}Ein komplexes und kurzweiliges Karten- W\u00fcrfel- und Kommunikationsspiel f\u00fcr real-utopische Tr\u00e4umer aller Altersstufen.\",\"breadcrumb\":{\"@id\":\"https:\\\/\\\/alexsa-verlag.de\\\/produkt\\\/minipilo-schluss-mit-der-macht-des-geldes-2-0\\\/#breadcrumb\"},\"inLanguage\":\"ru-RU\",\"potentialAction\":[{\"@type\":\"ReadAction\",\"target\":[\"https:\\\/\\\/alexsa-verlag.de\\\/produkt\\\/minipilo-schluss-mit-der-macht-des-geldes-2-0\\\/\"]}]},{\"@type\":\"ImageObject\",\"inLanguage\":\"ru-RU\",\"@id\":\"https:\\\/\\\/alexsa-verlag.de\\\/produkt\\\/minipilo-schluss-mit-der-macht-des-geldes-2-0\\\/#primaryimage\",\"url\":\"https:\\\/\\\/alexsa-verlag.de\\\/wp-content\\\/uploads\\\/2019\\\/10\\\/Bild1-2.png\",\"contentUrl\":\"https:\\\/\\\/alexsa-verlag.de\\\/wp-content\\\/uploads\\\/2019\\\/10\\\/Bild1-2.png\",\"width\":845,\"height\":852},{\"@type\":\"BreadcrumbList\",\"@id\":\"https:\\\/\\\/alexsa-verlag.de\\\/produkt\\\/minipilo-schluss-mit-der-macht-des-geldes-2-0\\\/#breadcrumb\",\"itemListElement\":[{\"@type\":\"ListItem\",\"position\":1,\"name\":\"Startseite\",\"item\":\"https:\\\/\\\/alexsa-verlag.de\\\/\"},{\"@type\":\"ListItem\",\"position\":2,\"name\":\"Shop\",\"item\":\"https:\\\/\\\/alexsa-verlag.de\\\/shop\\\/\"},{\"@type\":\"ListItem\",\"position\":3,\"name\":\"MiniPilo &#8211; Schluss mit der Macht des Geldes!\"}]},{\"@type\":\"WebSite\",\"@id\":\"https:\\\/\\\/alexsa-verlag.de\\\/#website\",\"url\":\"https:\\\/\\\/alexsa-verlag.de\\\/\",\"name\":\"\u0418\u0437\u0434\u0430\u0442\u0435\u043b\u044c\u0441\u0442\u0432\u043e &quot;\u0410\u043b\u0435\u043a\u0441\u0430&quot;\",\"description\":\"\u0411\u0435\u0440\u043b\u0438\u043d\",\"potentialAction\":[{\"@type\":\"SearchAction\",\"target\":{\"@type\":\"EntryPoint\",\"urlTemplate\":\"https:\\\/\\\/alexsa-verlag.de\\\/?s={search_term_string}\"},\"query-input\":{\"@type\":\"PropertyValueSpecification\",\"valueRequired\":true,\"valueName\":\"search_term_string\"}}],\"inLanguage\":\"ru-RU\"}]}<\/script>\n<!-- \/ Yoast SEO plugin. -->","yoast_head_json":{"title":"{:0}MiniPilo - Schluss mit der Macht des Geldes!","robots":{"index":"index","follow":"follow","max-snippet":"max-snippet:-1","max-image-preview":"max-image-preview:large","max-video-preview":"max-video-preview:-1"},"canonical":"https:\/\/alexsa-verlag.de\/produkt\/minipilo-schluss-mit-der-macht-des-geldes-2-0\/","og_locale":"ru_RU","og_type":"article","og_title":"MiniPilo - Schluss mit der Macht des Geldes! - \u0418\u0437\u0434\u0430\u0442\u0435\u043b\u044c\u0441\u0442\u0432\u043e &quot;\u0410\u043b\u0435\u043a\u0441\u0430&quot;","og_url":"https:\/\/alexsa-verlag.de\/produkt\/minipilo-schluss-mit-der-macht-des-geldes-2-0\/","og_site_name":"\u0418\u0437\u0434\u0430\u0442\u0435\u043b\u044c\u0441\u0442\u0432\u043e &quot;\u0410\u043b\u0435\u043a\u0441\u0430&quot;","article_modified_time":"2025-11-15T21:55:08+00:00","og_image":[{"width":845,"height":852,"url":"https:\/\/alexsa-verlag.de\/wp-content\/uploads\/2019\/10\/Bild1-2.png","type":"image\/png"}],"twitter_card":"summary_large_image","twitter_misc":{"Est. reading time":"2 minutes"},"schema":{"@context":"https:\/\/schema.org","@graph":[{"@type":"WebPage","@id":"https:\/\/alexsa-verlag.de\/produkt\/minipilo-schluss-mit-der-macht-des-geldes-2-0\/","url":"https:\/\/alexsa-verlag.de\/produkt\/minipilo-schluss-mit-der-macht-des-geldes-2-0\/","name":"{:0}MiniPilo - Schluss mit der Macht des Geldes!","isPartOf":{"@id":"https:\/\/alexsa-verlag.de\/#website"},"primaryImageOfPage":{"@id":"https:\/\/alexsa-verlag.de\/produkt\/minipilo-schluss-mit-der-macht-des-geldes-2-0\/#primaryimage"},"image":{"@id":"https:\/\/alexsa-verlag.de\/produkt\/minipilo-schluss-mit-der-macht-des-geldes-2-0\/#primaryimage"},"thumbnailUrl":"https:\/\/alexsa-verlag.de\/wp-content\/uploads\/2019\/10\/Bild1-2.png","datePublished":"2025-01-06T18:20:01+00:00","dateModified":"2025-11-15T21:55:08+00:00","description":"{:0}Ein komplexes und kurzweiliges Karten- W\u00fcrfel- und Kommunikationsspiel f\u00fcr real-utopische Tr\u00e4umer aller Altersstufen.","breadcrumb":{"@id":"https:\/\/alexsa-verlag.de\/produkt\/minipilo-schluss-mit-der-macht-des-geldes-2-0\/#breadcrumb"},"inLanguage":"ru-RU","potentialAction":[{"@type":"ReadAction","target":["https:\/\/alexsa-verlag.de\/produkt\/minipilo-schluss-mit-der-macht-des-geldes-2-0\/"]}]},{"@type":"ImageObject","inLanguage":"ru-RU","@id":"https:\/\/alexsa-verlag.de\/produkt\/minipilo-schluss-mit-der-macht-des-geldes-2-0\/#primaryimage","url":"https:\/\/alexsa-verlag.de\/wp-content\/uploads\/2019\/10\/Bild1-2.png","contentUrl":"https:\/\/alexsa-verlag.de\/wp-content\/uploads\/2019\/10\/Bild1-2.png","width":845,"height":852},{"@type":"BreadcrumbList","@id":"https:\/\/alexsa-verlag.de\/produkt\/minipilo-schluss-mit-der-macht-des-geldes-2-0\/#breadcrumb","itemListElement":[{"@type":"ListItem","position":1,"name":"Startseite","item":"https:\/\/alexsa-verlag.de\/"},{"@type":"ListItem","position":2,"name":"Shop","item":"https:\/\/alexsa-verlag.de\/shop\/"},{"@type":"ListItem","position":3,"name":"MiniPilo &#8211; Schluss mit der Macht des Geldes!"}]},{"@type":"WebSite","@id":"https:\/\/alexsa-verlag.de\/#website","url":"https:\/\/alexsa-verlag.de\/","name":"\u0418\u0437\u0434\u0430\u0442\u0435\u043b\u044c\u0441\u0442\u0432\u043e &quot;\u0410\u043b\u0435\u043a\u0441\u0430&quot;","description":"\u0411\u0435\u0440\u043b\u0438\u043d","potentialAction":[{"@type":"SearchAction","target":{"@type":"EntryPoint","urlTemplate":"https:\/\/alexsa-verlag.de\/?s={search_term_string}"},"query-input":{"@type":"PropertyValueSpecification","valueRequired":true,"valueName":"search_term_string"}}],"inLanguage":"ru-RU"}]}},"jetpack_publicize_connections":[],"jetpack_sharing_enabled":true,"_links":{"self":[{"href":"https:\/\/alexsa-verlag.de\/ru\/wp-json\/wp\/v2\/product\/6928","targetHints":{"allow":["GET"]}}],"collection":[{"href":"https:\/\/alexsa-verlag.de\/ru\/wp-json\/wp\/v2\/product"}],"about":[{"href":"https:\/\/alexsa-verlag.de\/ru\/wp-json\/wp\/v2\/types\/product"}],"replies":[{"embeddable":true,"href":"https:\/\/alexsa-verlag.de\/ru\/wp-json\/wp\/v2\/comments?post=6928"}],"wp:featuredmedia":[{"embeddable":true,"href":"https:\/\/alexsa-verlag.de\/ru\/wp-json\/wp\/v2\/media\/5390"}],"wp:attachment":[{"href":"https:\/\/alexsa-verlag.de\/ru\/wp-json\/wp\/v2\/media?parent=6928"}],"wp:term":[{"taxonomy":"product_brand","embeddable":true,"href":"https:\/\/alexsa-verlag.de\/ru\/wp-json\/wp\/v2\/product_brand?post=6928"},{"taxonomy":"product_cat","embeddable":true,"href":"https:\/\/alexsa-verlag.de\/ru\/wp-json\/wp\/v2\/product_cat?post=6928"},{"taxonomy":"product_tag","embeddable":true,"href":"https:\/\/alexsa-verlag.de\/ru\/wp-json\/wp\/v2\/product_tag?post=6928"}],"curies":[{"name":"wp","href":"https:\/\/api.w.org\/{rel}","templated":true}]}}