{"id":4393,"date":"2023-04-18T12:06:26","date_gmt":"2023-04-18T10:06:26","guid":{"rendered":"https:\/\/alexsa-verlag.de\/?post_type=product&#038;p=4393"},"modified":"2024-11-25T16:23:15","modified_gmt":"2024-11-25T15:23:15","slug":"berliner-cuccu","status":"publish","type":"product","link":"https:\/\/alexsa-verlag.de\/ru\/produkt\/berliner-cuccu\/","title":{"rendered":"Drei Berliner B\u00e4renspiele: Gurke, Pezzi und Cuccu"},"content":{"rendered":"<p>40 lustige Spielkarten, inspiriert durch verschiedene alte Kartenspiele, mit denen man drei ganz unterschiedliche Spiele spielen kann, w\u00e4hrend der Berliner B\u00e4r stets eine wichtige Aufgabe hat.<\/p>\n<p>Erstens: Das Berliner Gurkenspiel ist ein Stichspiel f\u00fcr 2 bis 6 Leute, bei dem es darauf ankommt, am Schluss nicht die h\u00f6chste Karte zu besitzen. Spielalter ab 10 Jahre<\/p>\n<p>Zweitens: Das Berliner Cuccu. ist ein fr\u00f6hlicher Kartentausch in gro\u00dfer Runde, am besten zu spielen an einer langen Kaffeetafel w\u00e4hrend des Schmausens. Es wird gezwitschert, miaut, gewiehert, geschossen und zu Gast gebeten. Spielalter ab 6 Jahre<\/p>\n<p>Drittens: Das Berliner Pezzi ist ein Stichspiel, das zu zweit, zu dritt, zu viert und zu f\u00fcnft gespielt werden kann, bei dem es auch um Leben und Tod geht, dargestellt durch kleine Holzst\u00e4bchen, die gewonnen oder verloren werden. Spielalter ab 10 Jahre<\/p>\n","protected":false},"excerpt":{"rendered":"<p>40 Spielkarten f\u00fcr 20 fr\u00f6hliche Leute, originell illustriert von Susanne Jura und erkl\u00e4rt von Ulf Martin<\/p>\n<p>erscheint voraussichtlich im M\u00e4rz 2024<\/p>\n<p>&nbsp;<\/p>\n","protected":false},"featured_media":5528,"comment_status":"closed","ping_status":"closed","template":"","meta":{"jetpack_post_was_ever_published":false,"jetpack_publicize_message":"","jetpack_publicize_feature_enabled":true,"jetpack_social_post_already_shared":true,"jetpack_social_options":{"image_generator_settings":{"template":"highway","default_image_id":0,"font":"","enabled":false},"version":2}},"product_brand":[],"product_cat":[42,84,44],"product_tag":[],"class_list":{"0":"post-4393","1":"product","2":"type-product","3":"status-publish","4":"has-post-thumbnail","6":"product_cat-gesellschaftsspiele","7":"product_cat-individuell-gestaltet","8":"product_cat-kartenspiele","9":"product_shipping_class-kleinware","11":"first","12":"instock","13":"purchasable","14":"product-type-simple"},"translation":{"provider":"WPGlobus","version":"3.0.0","language":"ru","enabled_languages":["de","ru"],"languages":{"de":{"title":true,"content":true,"excerpt":true},"ru":{"title":false,"content":false,"excerpt":false}}},"yoast_head":"<!-- This site is optimized with the Yoast SEO plugin v27.5 - https:\/\/yoast.com\/product\/yoast-seo-wordpress\/ -->\n<title>Drei Berliner B\u00e4renspiele: Gurke, Pezzi und Cuccu - \u0418\u0437\u0434\u0430\u0442\u0435\u043b\u044c\u0441\u0442\u0432\u043e &quot;\u0410\u043b\u0435\u043a\u0441\u0430&quot;<\/title>\n<meta name=\"robots\" content=\"index, follow, max-snippet:-1, max-image-preview:large, max-video-preview:-1\" \/>\n<link rel=\"canonical\" href=\"https:\/\/alexsa-verlag.de\/produkt\/berliner-cuccu\/\" \/>\n<meta property=\"og:locale\" content=\"ru_RU\" \/>\n<meta property=\"og:type\" content=\"article\" \/>\n<meta property=\"og:title\" content=\"Drei Berliner B\u00e4renspiele: Gurke, Pezzi und Cuccu - \u0418\u0437\u0434\u0430\u0442\u0435\u043b\u044c\u0441\u0442\u0432\u043e &quot;\u0410\u043b\u0435\u043a\u0441\u0430&quot;\" \/>\n<meta property=\"og:url\" content=\"https:\/\/alexsa-verlag.de\/produkt\/berliner-cuccu\/\" \/>\n<meta property=\"og:site_name\" content=\"\u0418\u0437\u0434\u0430\u0442\u0435\u043b\u044c\u0441\u0442\u0432\u043e &quot;\u0410\u043b\u0435\u043a\u0441\u0430&quot;\" \/>\n<meta property=\"article:modified_time\" content=\"2024-11-25T15:23:15+00:00\" \/>\n<meta property=\"og:image\" content=\"https:\/\/alexsa-verlag.de\/wp-content\/uploads\/2023\/04\/Baeren-Titel.png\" \/>\n\t<meta property=\"og:image:width\" content=\"644\" \/>\n\t<meta property=\"og:image:height\" content=\"644\" \/>\n\t<meta property=\"og:image:type\" content=\"image\/png\" \/>\n<meta name=\"twitter:card\" content=\"summary_large_image\" \/>\n<meta name=\"twitter:label1\" content=\"Est. reading time\" \/>\n\t<meta name=\"twitter:data1\" content=\"1 minute\" \/>\n<script type=\"application\/ld+json\" class=\"yoast-schema-graph\">{\"@context\":\"https:\\\/\\\/schema.org\",\"@graph\":[{\"@type\":\"WebPage\",\"@id\":\"https:\\\/\\\/alexsa-verlag.de\\\/produkt\\\/berliner-cuccu\\\/\",\"url\":\"https:\\\/\\\/alexsa-verlag.de\\\/produkt\\\/berliner-cuccu\\\/\",\"name\":\"Drei Berliner B\u00e4renspiele: Gurke, Pezzi und Cuccu - \u0418\u0437\u0434\u0430\u0442\u0435\u043b\u044c\u0441\u0442\u0432\u043e &quot;\u0410\u043b\u0435\u043a\u0441\u0430&quot;\",\"isPartOf\":{\"@id\":\"https:\\\/\\\/alexsa-verlag.de\\\/#website\"},\"primaryImageOfPage\":{\"@id\":\"https:\\\/\\\/alexsa-verlag.de\\\/produkt\\\/berliner-cuccu\\\/#primaryimage\"},\"image\":{\"@id\":\"https:\\\/\\\/alexsa-verlag.de\\\/produkt\\\/berliner-cuccu\\\/#primaryimage\"},\"thumbnailUrl\":\"https:\\\/\\\/alexsa-verlag.de\\\/wp-content\\\/uploads\\\/2023\\\/04\\\/Baeren-Titel.png\",\"datePublished\":\"2023-04-18T10:06:26+00:00\",\"dateModified\":\"2024-11-25T15:23:15+00:00\",\"breadcrumb\":{\"@id\":\"https:\\\/\\\/alexsa-verlag.de\\\/produkt\\\/berliner-cuccu\\\/#breadcrumb\"},\"inLanguage\":\"ru-RU\",\"potentialAction\":[{\"@type\":\"ReadAction\",\"target\":[\"https:\\\/\\\/alexsa-verlag.de\\\/produkt\\\/berliner-cuccu\\\/\"]}]},{\"@type\":\"ImageObject\",\"inLanguage\":\"ru-RU\",\"@id\":\"https:\\\/\\\/alexsa-verlag.de\\\/produkt\\\/berliner-cuccu\\\/#primaryimage\",\"url\":\"https:\\\/\\\/alexsa-verlag.de\\\/wp-content\\\/uploads\\\/2023\\\/04\\\/Baeren-Titel.png\",\"contentUrl\":\"https:\\\/\\\/alexsa-verlag.de\\\/wp-content\\\/uploads\\\/2023\\\/04\\\/Baeren-Titel.png\",\"width\":644,\"height\":644},{\"@type\":\"BreadcrumbList\",\"@id\":\"https:\\\/\\\/alexsa-verlag.de\\\/produkt\\\/berliner-cuccu\\\/#breadcrumb\",\"itemListElement\":[{\"@type\":\"ListItem\",\"position\":1,\"name\":\"Startseite\",\"item\":\"https:\\\/\\\/alexsa-verlag.de\\\/\"},{\"@type\":\"ListItem\",\"position\":2,\"name\":\"Shop\",\"item\":\"https:\\\/\\\/alexsa-verlag.de\\\/shop\\\/\"},{\"@type\":\"ListItem\",\"position\":3,\"name\":\"Drei Berliner B\u00e4renspiele: Gurke, Pezzi und Cuccu\"}]},{\"@type\":\"WebSite\",\"@id\":\"https:\\\/\\\/alexsa-verlag.de\\\/#website\",\"url\":\"https:\\\/\\\/alexsa-verlag.de\\\/\",\"name\":\"\u0418\u0437\u0434\u0430\u0442\u0435\u043b\u044c\u0441\u0442\u0432\u043e &quot;\u0410\u043b\u0435\u043a\u0441\u0430&quot;\",\"description\":\"\u0411\u0435\u0440\u043b\u0438\u043d\",\"potentialAction\":[{\"@type\":\"SearchAction\",\"target\":{\"@type\":\"EntryPoint\",\"urlTemplate\":\"https:\\\/\\\/alexsa-verlag.de\\\/?s={search_term_string}\"},\"query-input\":{\"@type\":\"PropertyValueSpecification\",\"valueRequired\":true,\"valueName\":\"search_term_string\"}}],\"inLanguage\":\"ru-RU\"}]}<\/script>\n<!-- \/ Yoast SEO plugin. -->","yoast_head_json":{"title":"Drei Berliner B\u00e4renspiele: Gurke, Pezzi und Cuccu - \u0418\u0437\u0434\u0430\u0442\u0435\u043b\u044c\u0441\u0442\u0432\u043e &quot;\u0410\u043b\u0435\u043a\u0441\u0430&quot;","robots":{"index":"index","follow":"follow","max-snippet":"max-snippet:-1","max-image-preview":"max-image-preview:large","max-video-preview":"max-video-preview:-1"},"canonical":"https:\/\/alexsa-verlag.de\/produkt\/berliner-cuccu\/","og_locale":"ru_RU","og_type":"article","og_title":"Drei Berliner B\u00e4renspiele: Gurke, Pezzi und Cuccu - \u0418\u0437\u0434\u0430\u0442\u0435\u043b\u044c\u0441\u0442\u0432\u043e &quot;\u0410\u043b\u0435\u043a\u0441\u0430&quot;","og_url":"https:\/\/alexsa-verlag.de\/produkt\/berliner-cuccu\/","og_site_name":"\u0418\u0437\u0434\u0430\u0442\u0435\u043b\u044c\u0441\u0442\u0432\u043e &quot;\u0410\u043b\u0435\u043a\u0441\u0430&quot;","article_modified_time":"2024-11-25T15:23:15+00:00","og_image":[{"width":644,"height":644,"url":"https:\/\/alexsa-verlag.de\/wp-content\/uploads\/2023\/04\/Baeren-Titel.png","type":"image\/png"}],"twitter_card":"summary_large_image","twitter_misc":{"Est. reading time":"1 minute"},"schema":{"@context":"https:\/\/schema.org","@graph":[{"@type":"WebPage","@id":"https:\/\/alexsa-verlag.de\/produkt\/berliner-cuccu\/","url":"https:\/\/alexsa-verlag.de\/produkt\/berliner-cuccu\/","name":"Drei Berliner B\u00e4renspiele: Gurke, Pezzi und Cuccu - \u0418\u0437\u0434\u0430\u0442\u0435\u043b\u044c\u0441\u0442\u0432\u043e &quot;\u0410\u043b\u0435\u043a\u0441\u0430&quot;","isPartOf":{"@id":"https:\/\/alexsa-verlag.de\/#website"},"primaryImageOfPage":{"@id":"https:\/\/alexsa-verlag.de\/produkt\/berliner-cuccu\/#primaryimage"},"image":{"@id":"https:\/\/alexsa-verlag.de\/produkt\/berliner-cuccu\/#primaryimage"},"thumbnailUrl":"https:\/\/alexsa-verlag.de\/wp-content\/uploads\/2023\/04\/Baeren-Titel.png","datePublished":"2023-04-18T10:06:26+00:00","dateModified":"2024-11-25T15:23:15+00:00","breadcrumb":{"@id":"https:\/\/alexsa-verlag.de\/produkt\/berliner-cuccu\/#breadcrumb"},"inLanguage":"ru-RU","potentialAction":[{"@type":"ReadAction","target":["https:\/\/alexsa-verlag.de\/produkt\/berliner-cuccu\/"]}]},{"@type":"ImageObject","inLanguage":"ru-RU","@id":"https:\/\/alexsa-verlag.de\/produkt\/berliner-cuccu\/#primaryimage","url":"https:\/\/alexsa-verlag.de\/wp-content\/uploads\/2023\/04\/Baeren-Titel.png","contentUrl":"https:\/\/alexsa-verlag.de\/wp-content\/uploads\/2023\/04\/Baeren-Titel.png","width":644,"height":644},{"@type":"BreadcrumbList","@id":"https:\/\/alexsa-verlag.de\/produkt\/berliner-cuccu\/#breadcrumb","itemListElement":[{"@type":"ListItem","position":1,"name":"Startseite","item":"https:\/\/alexsa-verlag.de\/"},{"@type":"ListItem","position":2,"name":"Shop","item":"https:\/\/alexsa-verlag.de\/shop\/"},{"@type":"ListItem","position":3,"name":"Drei Berliner B\u00e4renspiele: Gurke, Pezzi und Cuccu"}]},{"@type":"WebSite","@id":"https:\/\/alexsa-verlag.de\/#website","url":"https:\/\/alexsa-verlag.de\/","name":"\u0418\u0437\u0434\u0430\u0442\u0435\u043b\u044c\u0441\u0442\u0432\u043e &quot;\u0410\u043b\u0435\u043a\u0441\u0430&quot;","description":"\u0411\u0435\u0440\u043b\u0438\u043d","potentialAction":[{"@type":"SearchAction","target":{"@type":"EntryPoint","urlTemplate":"https:\/\/alexsa-verlag.de\/?s={search_term_string}"},"query-input":{"@type":"PropertyValueSpecification","valueRequired":true,"valueName":"search_term_string"}}],"inLanguage":"ru-RU"}]}},"jetpack_publicize_connections":[],"jetpack_sharing_enabled":true,"_links":{"self":[{"href":"https:\/\/alexsa-verlag.de\/ru\/wp-json\/wp\/v2\/product\/4393","targetHints":{"allow":["GET"]}}],"collection":[{"href":"https:\/\/alexsa-verlag.de\/ru\/wp-json\/wp\/v2\/product"}],"about":[{"href":"https:\/\/alexsa-verlag.de\/ru\/wp-json\/wp\/v2\/types\/product"}],"replies":[{"embeddable":true,"href":"https:\/\/alexsa-verlag.de\/ru\/wp-json\/wp\/v2\/comments?post=4393"}],"wp:featuredmedia":[{"embeddable":true,"href":"https:\/\/alexsa-verlag.de\/ru\/wp-json\/wp\/v2\/media\/5528"}],"wp:attachment":[{"href":"https:\/\/alexsa-verlag.de\/ru\/wp-json\/wp\/v2\/media?parent=4393"}],"wp:term":[{"taxonomy":"product_brand","embeddable":true,"href":"https:\/\/alexsa-verlag.de\/ru\/wp-json\/wp\/v2\/product_brand?post=4393"},{"taxonomy":"product_cat","embeddable":true,"href":"https:\/\/alexsa-verlag.de\/ru\/wp-json\/wp\/v2\/product_cat?post=4393"},{"taxonomy":"product_tag","embeddable":true,"href":"https:\/\/alexsa-verlag.de\/ru\/wp-json\/wp\/v2\/product_tag?post=4393"}],"curies":[{"name":"wp","href":"https:\/\/api.w.org\/{rel}","templated":true}]}}