{"id":4159,"date":"2023-03-13T13:53:08","date_gmt":"2023-03-13T12:53:08","guid":{"rendered":"https:\/\/alexsa-verlag.de\/?post_type=product&#038;p=4159"},"modified":"2024-11-25T16:37:37","modified_gmt":"2024-11-25T15:37:37","slug":"das-lebendige-skatspiel-mit-den-koepfen-deiner-lieben","status":"publish","type":"product","link":"https:\/\/alexsa-verlag.de\/ru\/produkt\/das-lebendige-skatspiel-mit-den-koepfen-deiner-lieben\/","title":{"rendered":"Das lebendige Skatspiel mit den K\u00f6pfen Deiner Lieben"},"content":{"rendered":"<p>&nbsp;<\/p>\n<p>Ich hei\u00dfe Susanne Jura und bin die Illustratorin und k\u00fcnstlerische Leiterin des Alexsa-Verlages. Das Skatspiel &#8220;Meine Skatfamilie&#8221;\u00a0 zeigt die Mitglieder meiner Familie, den Partner, die Geschwister, die Kinder und Enkelkinder. Die limitierte Auflage auf 20 Spiele ist inzwischen ausverkauft.<\/p>\n<p><img loading=\"lazy\" decoding=\"async\" class=\"alignnone size-medium wp-image-4180\" src=\"https:\/\/alexsa-verlag.de\/wp-content\/uploads\/2023\/03\/www-300x300.png\" alt=\"\" width=\"300\" height=\"300\" srcset=\"https:\/\/alexsa-verlag.de\/wp-content\/uploads\/2023\/03\/www-300x300.png 300w, https:\/\/alexsa-verlag.de\/wp-content\/uploads\/2023\/03\/www-150x150.png 150w, https:\/\/alexsa-verlag.de\/wp-content\/uploads\/2023\/03\/www-250x250.png 250w, https:\/\/alexsa-verlag.de\/wp-content\/uploads\/2023\/03\/www-400x401.png 400w, https:\/\/alexsa-verlag.de\/wp-content\/uploads\/2023\/03\/www-100x100.png 100w, https:\/\/alexsa-verlag.de\/wp-content\/uploads\/2023\/03\/www.png 537w\" sizes=\"auto, (max-width: 300px) 85vw, 300px\" \/><img loading=\"lazy\" decoding=\"async\" class=\"alignnone size-medium wp-image-3142\" src=\"https:\/\/alexsa-verlag.de\/wp-content\/uploads\/2021\/05\/Bild7-291x300.png\" alt=\"\" width=\"291\" height=\"300\" srcset=\"https:\/\/alexsa-verlag.de\/wp-content\/uploads\/2021\/05\/Bild7-291x300.png 291w, https:\/\/alexsa-verlag.de\/wp-content\/uploads\/2021\/05\/Bild7-993x1024.png 993w, https:\/\/alexsa-verlag.de\/wp-content\/uploads\/2021\/05\/Bild7-768x792.png 768w, https:\/\/alexsa-verlag.de\/wp-content\/uploads\/2021\/05\/Bild7-400x413.png 400w, https:\/\/alexsa-verlag.de\/wp-content\/uploads\/2021\/05\/Bild7.png 1110w\" sizes=\"auto, (max-width: 291px) 85vw, 291px\" \/><\/p>\n<p>&nbsp;<\/p>\n<p>Dieses &#8220;Lebendige Skatspiel&#8221; wird erst lebendig durch authentische Figuren aus Deinem Umfeld, denen Du auf diese Weise ein &#8220;Denkmal&#8221; setzen m\u00f6chtest.<\/p>\n<p><img loading=\"lazy\" decoding=\"async\" class=\"alignnone size-medium wp-image-4181\" src=\"https:\/\/alexsa-verlag.de\/wp-content\/uploads\/2023\/03\/z-1-298x300.png\" alt=\"\" width=\"298\" height=\"300\" srcset=\"https:\/\/alexsa-verlag.de\/wp-content\/uploads\/2023\/03\/z-1-298x300.png 298w, https:\/\/alexsa-verlag.de\/wp-content\/uploads\/2023\/03\/z-1-150x150.png 150w, https:\/\/alexsa-verlag.de\/wp-content\/uploads\/2023\/03\/z-1-400x402.png 400w, https:\/\/alexsa-verlag.de\/wp-content\/uploads\/2023\/03\/z-1-100x100.png 100w, https:\/\/alexsa-verlag.de\/wp-content\/uploads\/2023\/03\/z-1.png 737w\" sizes=\"auto, (max-width: 298px) 85vw, 298px\" \/><img loading=\"lazy\" decoding=\"async\" class=\"alignnone size-medium wp-image-4183\" src=\"https:\/\/alexsa-verlag.de\/wp-content\/uploads\/2023\/03\/Skat-blanco-214x300.png\" alt=\"\" width=\"214\" height=\"300\" srcset=\"https:\/\/alexsa-verlag.de\/wp-content\/uploads\/2023\/03\/Skat-blanco-214x300.png 214w, https:\/\/alexsa-verlag.de\/wp-content\/uploads\/2023\/03\/Skat-blanco-731x1024.png 731w, https:\/\/alexsa-verlag.de\/wp-content\/uploads\/2023\/03\/Skat-blanco-768x1075.png 768w, https:\/\/alexsa-verlag.de\/wp-content\/uploads\/2023\/03\/Skat-blanco-1097x1536.png 1097w, https:\/\/alexsa-verlag.de\/wp-content\/uploads\/2023\/03\/Skat-blanco-400x560.png 400w, https:\/\/alexsa-verlag.de\/wp-content\/uploads\/2023\/03\/Skat-blanco.png 1180w\" sizes=\"auto, (max-width: 214px) 85vw, 214px\" \/><\/p>\n<p>F\u00fcr die Erstellung eines individuell gestalteten Kartenspiels kann ein sch\u00f6nes K\u00f6nigspaar im Mittelpunkt stehen &#8211; vielleicht eine \u00dcberraschung zur Hochzeit? &#8211; oder ein zu feiernder Bube &#8211; zum erfolgreichen Schulabschluss? &#8211; eine hochverehrte Dame oder eine besondere Gruppe von Menschen, denen man eine originelle Freude bereiten will.<\/p>\n<p>Sollten Sie Interesse an einem personalisierten Kartenspiel und gute Fotos der betreffenden Personen haben, schreiben Sie mir oder rufen Sie mich an: s.jura@alexsa-verlag.de,\u00a0 Telefon: 030 \/ 566 56 27,\u00a0 www.multi-puppen.de<\/p>\n<p>Das Kartenspiel hat einen Grundpreis von 25,-\u20ac. F\u00fcr jede individuell erstellte Kartengrafik berechne ich zus\u00e4tzlich 50,-\u20ac. Nat\u00fcrlich ist es nicht Bedingung, dass alle Bildkarten mit Gesichtern Ihres Umfelds gestaltet werden, auf den anderen Karten werden die K\u00f6pfe meiner Skatfamilie sein.<\/p>\n<p>&nbsp;<\/p>\n","protected":false},"excerpt":{"rendered":"<p>Ein Skatspiel der besonderen Art f\u00fcr individuelle Anspr\u00fcche.\u00a0 Keine Auflage, wird auf Anfrage individuell produziert.<\/p>\n<p>&nbsp;<\/p>\n","protected":false},"featured_media":4160,"comment_status":"closed","ping_status":"closed","template":"","meta":{"jetpack_post_was_ever_published":false,"jetpack_publicize_message":"","jetpack_publicize_feature_enabled":true,"jetpack_social_post_already_shared":true,"jetpack_social_options":{"image_generator_settings":{"template":"highway","default_image_id":0,"font":"","enabled":false},"version":2}},"product_brand":[],"product_cat":[85,42,84,44],"product_tag":[],"class_list":{"0":"post-4159","1":"product","2":"type-product","3":"status-publish","4":"has-post-thumbnail","6":"product_cat-besondere-spiele","7":"product_cat-gesellschaftsspiele","8":"product_cat-individuell-gestaltet","9":"product_cat-kartenspiele","10":"product_shipping_class-kleinware","12":"first","13":"instock","14":"purchasable","15":"product-type-simple"},"translation":{"provider":"WPGlobus","version":"3.0.0","language":"ru","enabled_languages":["de","ru"],"languages":{"de":{"title":true,"content":true,"excerpt":true},"ru":{"title":false,"content":false,"excerpt":false}}},"yoast_head":"<!-- This site is optimized with the Yoast SEO plugin v27.5 - https:\/\/yoast.com\/product\/yoast-seo-wordpress\/ -->\n<title>Das lebendige Skatspiel mit den K\u00f6pfen Deiner Lieben - \u0418\u0437\u0434\u0430\u0442\u0435\u043b\u044c\u0441\u0442\u0432\u043e &quot;\u0410\u043b\u0435\u043a\u0441\u0430&quot;<\/title>\n<meta name=\"robots\" content=\"index, follow, max-snippet:-1, max-image-preview:large, max-video-preview:-1\" \/>\n<link rel=\"canonical\" href=\"https:\/\/alexsa-verlag.de\/produkt\/das-lebendige-skatspiel-mit-den-koepfen-deiner-lieben\/\" \/>\n<meta property=\"og:locale\" content=\"ru_RU\" \/>\n<meta property=\"og:type\" content=\"article\" \/>\n<meta property=\"og:title\" content=\"Das lebendige Skatspiel mit den K\u00f6pfen Deiner Lieben - \u0418\u0437\u0434\u0430\u0442\u0435\u043b\u044c\u0441\u0442\u0432\u043e &quot;\u0410\u043b\u0435\u043a\u0441\u0430&quot;\" \/>\n<meta property=\"og:url\" content=\"https:\/\/alexsa-verlag.de\/produkt\/das-lebendige-skatspiel-mit-den-koepfen-deiner-lieben\/\" \/>\n<meta property=\"og:site_name\" content=\"\u0418\u0437\u0434\u0430\u0442\u0435\u043b\u044c\u0441\u0442\u0432\u043e &quot;\u0410\u043b\u0435\u043a\u0441\u0430&quot;\" \/>\n<meta property=\"article:modified_time\" content=\"2024-11-25T15:37:37+00:00\" \/>\n<meta property=\"og:image\" content=\"https:\/\/alexsa-verlag.de\/wp-content\/uploads\/2023\/03\/z.png\" \/>\n\t<meta property=\"og:image:width\" content=\"737\" \/>\n\t<meta property=\"og:image:height\" content=\"741\" \/>\n\t<meta property=\"og:image:type\" content=\"image\/png\" \/>\n<meta name=\"twitter:card\" content=\"summary_large_image\" \/>\n<meta name=\"twitter:label1\" content=\"Est. reading time\" \/>\n\t<meta name=\"twitter:data1\" content=\"2 minutes\" \/>\n<script type=\"application\/ld+json\" class=\"yoast-schema-graph\">{\"@context\":\"https:\\\/\\\/schema.org\",\"@graph\":[{\"@type\":\"WebPage\",\"@id\":\"https:\\\/\\\/alexsa-verlag.de\\\/produkt\\\/das-lebendige-skatspiel-mit-den-koepfen-deiner-lieben\\\/\",\"url\":\"https:\\\/\\\/alexsa-verlag.de\\\/produkt\\\/das-lebendige-skatspiel-mit-den-koepfen-deiner-lieben\\\/\",\"name\":\"Das lebendige Skatspiel mit den K\u00f6pfen Deiner Lieben - \u0418\u0437\u0434\u0430\u0442\u0435\u043b\u044c\u0441\u0442\u0432\u043e &quot;\u0410\u043b\u0435\u043a\u0441\u0430&quot;\",\"isPartOf\":{\"@id\":\"https:\\\/\\\/alexsa-verlag.de\\\/#website\"},\"primaryImageOfPage\":{\"@id\":\"https:\\\/\\\/alexsa-verlag.de\\\/produkt\\\/das-lebendige-skatspiel-mit-den-koepfen-deiner-lieben\\\/#primaryimage\"},\"image\":{\"@id\":\"https:\\\/\\\/alexsa-verlag.de\\\/produkt\\\/das-lebendige-skatspiel-mit-den-koepfen-deiner-lieben\\\/#primaryimage\"},\"thumbnailUrl\":\"https:\\\/\\\/alexsa-verlag.de\\\/wp-content\\\/uploads\\\/2023\\\/03\\\/z.png\",\"datePublished\":\"2023-03-13T12:53:08+00:00\",\"dateModified\":\"2024-11-25T15:37:37+00:00\",\"breadcrumb\":{\"@id\":\"https:\\\/\\\/alexsa-verlag.de\\\/produkt\\\/das-lebendige-skatspiel-mit-den-koepfen-deiner-lieben\\\/#breadcrumb\"},\"inLanguage\":\"ru-RU\",\"potentialAction\":[{\"@type\":\"ReadAction\",\"target\":[\"https:\\\/\\\/alexsa-verlag.de\\\/produkt\\\/das-lebendige-skatspiel-mit-den-koepfen-deiner-lieben\\\/\"]}]},{\"@type\":\"ImageObject\",\"inLanguage\":\"ru-RU\",\"@id\":\"https:\\\/\\\/alexsa-verlag.de\\\/produkt\\\/das-lebendige-skatspiel-mit-den-koepfen-deiner-lieben\\\/#primaryimage\",\"url\":\"https:\\\/\\\/alexsa-verlag.de\\\/wp-content\\\/uploads\\\/2023\\\/03\\\/z.png\",\"contentUrl\":\"https:\\\/\\\/alexsa-verlag.de\\\/wp-content\\\/uploads\\\/2023\\\/03\\\/z.png\",\"width\":737,\"height\":741},{\"@type\":\"BreadcrumbList\",\"@id\":\"https:\\\/\\\/alexsa-verlag.de\\\/produkt\\\/das-lebendige-skatspiel-mit-den-koepfen-deiner-lieben\\\/#breadcrumb\",\"itemListElement\":[{\"@type\":\"ListItem\",\"position\":1,\"name\":\"Startseite\",\"item\":\"https:\\\/\\\/alexsa-verlag.de\\\/\"},{\"@type\":\"ListItem\",\"position\":2,\"name\":\"Shop\",\"item\":\"https:\\\/\\\/alexsa-verlag.de\\\/shop\\\/\"},{\"@type\":\"ListItem\",\"position\":3,\"name\":\"Das lebendige Skatspiel mit den K\u00f6pfen Deiner Lieben\"}]},{\"@type\":\"WebSite\",\"@id\":\"https:\\\/\\\/alexsa-verlag.de\\\/#website\",\"url\":\"https:\\\/\\\/alexsa-verlag.de\\\/\",\"name\":\"\u0418\u0437\u0434\u0430\u0442\u0435\u043b\u044c\u0441\u0442\u0432\u043e &quot;\u0410\u043b\u0435\u043a\u0441\u0430&quot;\",\"description\":\"\u0411\u0435\u0440\u043b\u0438\u043d\",\"potentialAction\":[{\"@type\":\"SearchAction\",\"target\":{\"@type\":\"EntryPoint\",\"urlTemplate\":\"https:\\\/\\\/alexsa-verlag.de\\\/?s={search_term_string}\"},\"query-input\":{\"@type\":\"PropertyValueSpecification\",\"valueRequired\":true,\"valueName\":\"search_term_string\"}}],\"inLanguage\":\"ru-RU\"}]}<\/script>\n<!-- \/ Yoast SEO plugin. -->","yoast_head_json":{"title":"Das lebendige Skatspiel mit den K\u00f6pfen Deiner Lieben - \u0418\u0437\u0434\u0430\u0442\u0435\u043b\u044c\u0441\u0442\u0432\u043e &quot;\u0410\u043b\u0435\u043a\u0441\u0430&quot;","robots":{"index":"index","follow":"follow","max-snippet":"max-snippet:-1","max-image-preview":"max-image-preview:large","max-video-preview":"max-video-preview:-1"},"canonical":"https:\/\/alexsa-verlag.de\/produkt\/das-lebendige-skatspiel-mit-den-koepfen-deiner-lieben\/","og_locale":"ru_RU","og_type":"article","og_title":"Das lebendige Skatspiel mit den K\u00f6pfen Deiner Lieben - \u0418\u0437\u0434\u0430\u0442\u0435\u043b\u044c\u0441\u0442\u0432\u043e &quot;\u0410\u043b\u0435\u043a\u0441\u0430&quot;","og_url":"https:\/\/alexsa-verlag.de\/produkt\/das-lebendige-skatspiel-mit-den-koepfen-deiner-lieben\/","og_site_name":"\u0418\u0437\u0434\u0430\u0442\u0435\u043b\u044c\u0441\u0442\u0432\u043e &quot;\u0410\u043b\u0435\u043a\u0441\u0430&quot;","article_modified_time":"2024-11-25T15:37:37+00:00","og_image":[{"width":737,"height":741,"url":"https:\/\/alexsa-verlag.de\/wp-content\/uploads\/2023\/03\/z.png","type":"image\/png"}],"twitter_card":"summary_large_image","twitter_misc":{"Est. reading time":"2 minutes"},"schema":{"@context":"https:\/\/schema.org","@graph":[{"@type":"WebPage","@id":"https:\/\/alexsa-verlag.de\/produkt\/das-lebendige-skatspiel-mit-den-koepfen-deiner-lieben\/","url":"https:\/\/alexsa-verlag.de\/produkt\/das-lebendige-skatspiel-mit-den-koepfen-deiner-lieben\/","name":"Das lebendige Skatspiel mit den K\u00f6pfen Deiner Lieben - \u0418\u0437\u0434\u0430\u0442\u0435\u043b\u044c\u0441\u0442\u0432\u043e &quot;\u0410\u043b\u0435\u043a\u0441\u0430&quot;","isPartOf":{"@id":"https:\/\/alexsa-verlag.de\/#website"},"primaryImageOfPage":{"@id":"https:\/\/alexsa-verlag.de\/produkt\/das-lebendige-skatspiel-mit-den-koepfen-deiner-lieben\/#primaryimage"},"image":{"@id":"https:\/\/alexsa-verlag.de\/produkt\/das-lebendige-skatspiel-mit-den-koepfen-deiner-lieben\/#primaryimage"},"thumbnailUrl":"https:\/\/alexsa-verlag.de\/wp-content\/uploads\/2023\/03\/z.png","datePublished":"2023-03-13T12:53:08+00:00","dateModified":"2024-11-25T15:37:37+00:00","breadcrumb":{"@id":"https:\/\/alexsa-verlag.de\/produkt\/das-lebendige-skatspiel-mit-den-koepfen-deiner-lieben\/#breadcrumb"},"inLanguage":"ru-RU","potentialAction":[{"@type":"ReadAction","target":["https:\/\/alexsa-verlag.de\/produkt\/das-lebendige-skatspiel-mit-den-koepfen-deiner-lieben\/"]}]},{"@type":"ImageObject","inLanguage":"ru-RU","@id":"https:\/\/alexsa-verlag.de\/produkt\/das-lebendige-skatspiel-mit-den-koepfen-deiner-lieben\/#primaryimage","url":"https:\/\/alexsa-verlag.de\/wp-content\/uploads\/2023\/03\/z.png","contentUrl":"https:\/\/alexsa-verlag.de\/wp-content\/uploads\/2023\/03\/z.png","width":737,"height":741},{"@type":"BreadcrumbList","@id":"https:\/\/alexsa-verlag.de\/produkt\/das-lebendige-skatspiel-mit-den-koepfen-deiner-lieben\/#breadcrumb","itemListElement":[{"@type":"ListItem","position":1,"name":"Startseite","item":"https:\/\/alexsa-verlag.de\/"},{"@type":"ListItem","position":2,"name":"Shop","item":"https:\/\/alexsa-verlag.de\/shop\/"},{"@type":"ListItem","position":3,"name":"Das lebendige Skatspiel mit den K\u00f6pfen Deiner Lieben"}]},{"@type":"WebSite","@id":"https:\/\/alexsa-verlag.de\/#website","url":"https:\/\/alexsa-verlag.de\/","name":"\u0418\u0437\u0434\u0430\u0442\u0435\u043b\u044c\u0441\u0442\u0432\u043e &quot;\u0410\u043b\u0435\u043a\u0441\u0430&quot;","description":"\u0411\u0435\u0440\u043b\u0438\u043d","potentialAction":[{"@type":"SearchAction","target":{"@type":"EntryPoint","urlTemplate":"https:\/\/alexsa-verlag.de\/?s={search_term_string}"},"query-input":{"@type":"PropertyValueSpecification","valueRequired":true,"valueName":"search_term_string"}}],"inLanguage":"ru-RU"}]}},"jetpack_publicize_connections":[],"jetpack_sharing_enabled":true,"_links":{"self":[{"href":"https:\/\/alexsa-verlag.de\/ru\/wp-json\/wp\/v2\/product\/4159","targetHints":{"allow":["GET"]}}],"collection":[{"href":"https:\/\/alexsa-verlag.de\/ru\/wp-json\/wp\/v2\/product"}],"about":[{"href":"https:\/\/alexsa-verlag.de\/ru\/wp-json\/wp\/v2\/types\/product"}],"replies":[{"embeddable":true,"href":"https:\/\/alexsa-verlag.de\/ru\/wp-json\/wp\/v2\/comments?post=4159"}],"wp:featuredmedia":[{"embeddable":true,"href":"https:\/\/alexsa-verlag.de\/ru\/wp-json\/wp\/v2\/media\/4160"}],"wp:attachment":[{"href":"https:\/\/alexsa-verlag.de\/ru\/wp-json\/wp\/v2\/media?parent=4159"}],"wp:term":[{"taxonomy":"product_brand","embeddable":true,"href":"https:\/\/alexsa-verlag.de\/ru\/wp-json\/wp\/v2\/product_brand?post=4159"},{"taxonomy":"product_cat","embeddable":true,"href":"https:\/\/alexsa-verlag.de\/ru\/wp-json\/wp\/v2\/product_cat?post=4159"},{"taxonomy":"product_tag","embeddable":true,"href":"https:\/\/alexsa-verlag.de\/ru\/wp-json\/wp\/v2\/product_tag?post=4159"}],"curies":[{"name":"wp","href":"https:\/\/api.w.org\/{rel}","templated":true}]}}