{"id":3110,"date":"2022-07-05T23:31:46","date_gmt":"2022-07-05T21:31:46","guid":{"rendered":"https:\/\/alexsa-verlag.de\/?post_type=product&#038;p=3110"},"modified":"2024-11-25T16:45:08","modified_gmt":"2024-11-25T15:45:08","slug":"fast","status":"publish","type":"product","link":"https:\/\/alexsa-verlag.de\/ru\/produkt\/fast\/","title":{"rendered":"Fast!!!"},"content":{"rendered":"<p>Susalinde und Nardo fliehen vor dem egoistischen K\u00f6nig Georg, seiner gleichg\u00fcltigen Gattin Rosabella und dem widerlichen Hexenmeister Arim. Sie haben es fast geschafft, doch immer wieder t\u00fcrmen sich Hindernisse vor ihnen auf. Die gesamte Schlossgesellschaft hat irgendwie ihre H\u00e4nde im Spiel und man wei\u00df nie so genau, wer es gut mit ihnen meint und wer nicht. Doch schlie\u00dflich wird die Flucht gelingen, wenn aus dem \u201eFast!!!\u201c ein\u00a0 \u201eGeschafft!!!\u201c geworden ist.<\/p>\n","protected":false},"excerpt":{"rendered":"<p>unterhaltsames Kartenspiel f\u00fcr die ganze Familie mit den Bildern der Personen aus der Geschichte &#8220;Nardo und Susalinde&#8221; von Susanne Jura<\/p>\n<p>72 Spielkarten + Spielanleitung in Kartonbox, Auflage 30 St\u00fcck<\/p>\n<p>Idee und Illustrationen: Susanne Jura<\/p>\n","protected":false},"featured_media":3129,"comment_status":"closed","ping_status":"closed","template":"","meta":{"jetpack_post_was_ever_published":false,"jetpack_publicize_message":"","jetpack_publicize_feature_enabled":true,"jetpack_social_post_already_shared":true,"jetpack_social_options":{"image_generator_settings":{"template":"highway","default_image_id":0,"font":"","enabled":false},"version":2}},"product_brand":[],"product_cat":[84,44],"product_tag":[100,101,99],"class_list":{"0":"post-3110","1":"product","2":"type-product","3":"status-publish","4":"has-post-thumbnail","6":"product_cat-individuell-gestaltet","7":"product_cat-kartenspiele","8":"product_tag-das-spiel-zum-buch-nardo-und-susalinde","9":"product_tag-gendergerecht","10":"product_tag-susalindes-flucht","11":"product_shipping_class-kleinware","13":"first","14":"instock","15":"purchasable","16":"product-type-simple"},"translation":{"provider":"WPGlobus","version":"3.0.0","language":"ru","enabled_languages":["de","ru"],"languages":{"de":{"title":true,"content":true,"excerpt":true},"ru":{"title":false,"content":false,"excerpt":false}}},"yoast_head":"<!-- This site is optimized with the Yoast SEO plugin v27.5 - https:\/\/yoast.com\/product\/yoast-seo-wordpress\/ -->\n<title>Fast!!! - \u0418\u0437\u0434\u0430\u0442\u0435\u043b\u044c\u0441\u0442\u0432\u043e &quot;\u0410\u043b\u0435\u043a\u0441\u0430&quot;<\/title>\n<meta name=\"robots\" content=\"index, follow, max-snippet:-1, max-image-preview:large, max-video-preview:-1\" \/>\n<link rel=\"canonical\" href=\"https:\/\/alexsa-verlag.de\/produkt\/fast\/\" \/>\n<meta property=\"og:locale\" content=\"ru_RU\" \/>\n<meta property=\"og:type\" content=\"article\" \/>\n<meta property=\"og:title\" content=\"Fast!!! - \u0418\u0437\u0434\u0430\u0442\u0435\u043b\u044c\u0441\u0442\u0432\u043e &quot;\u0410\u043b\u0435\u043a\u0441\u0430&quot;\" \/>\n<meta property=\"og:url\" content=\"https:\/\/alexsa-verlag.de\/produkt\/fast\/\" \/>\n<meta property=\"og:site_name\" content=\"\u0418\u0437\u0434\u0430\u0442\u0435\u043b\u044c\u0441\u0442\u0432\u043e &quot;\u0410\u043b\u0435\u043a\u0441\u0430&quot;\" \/>\n<meta property=\"article:modified_time\" content=\"2024-11-25T15:45:08+00:00\" \/>\n<meta property=\"og:image\" content=\"https:\/\/alexsa-verlag.de\/wp-content\/uploads\/2022\/07\/Bild5-1.png\" \/>\n\t<meta property=\"og:image:width\" content=\"293\" \/>\n\t<meta property=\"og:image:height\" content=\"297\" \/>\n\t<meta property=\"og:image:type\" content=\"image\/png\" \/>\n<meta name=\"twitter:card\" content=\"summary_large_image\" \/>\n<meta name=\"twitter:label1\" content=\"Est. reading time\" \/>\n\t<meta name=\"twitter:data1\" content=\"1 minute\" \/>\n<script type=\"application\/ld+json\" class=\"yoast-schema-graph\">{\"@context\":\"https:\\\/\\\/schema.org\",\"@graph\":[{\"@type\":\"WebPage\",\"@id\":\"https:\\\/\\\/alexsa-verlag.de\\\/produkt\\\/fast\\\/\",\"url\":\"https:\\\/\\\/alexsa-verlag.de\\\/produkt\\\/fast\\\/\",\"name\":\"Fast!!! - \u0418\u0437\u0434\u0430\u0442\u0435\u043b\u044c\u0441\u0442\u0432\u043e &quot;\u0410\u043b\u0435\u043a\u0441\u0430&quot;\",\"isPartOf\":{\"@id\":\"https:\\\/\\\/alexsa-verlag.de\\\/#website\"},\"primaryImageOfPage\":{\"@id\":\"https:\\\/\\\/alexsa-verlag.de\\\/produkt\\\/fast\\\/#primaryimage\"},\"image\":{\"@id\":\"https:\\\/\\\/alexsa-verlag.de\\\/produkt\\\/fast\\\/#primaryimage\"},\"thumbnailUrl\":\"https:\\\/\\\/alexsa-verlag.de\\\/wp-content\\\/uploads\\\/2022\\\/07\\\/Bild5-1.png\",\"datePublished\":\"2022-07-05T21:31:46+00:00\",\"dateModified\":\"2024-11-25T15:45:08+00:00\",\"breadcrumb\":{\"@id\":\"https:\\\/\\\/alexsa-verlag.de\\\/produkt\\\/fast\\\/#breadcrumb\"},\"inLanguage\":\"ru-RU\",\"potentialAction\":[{\"@type\":\"ReadAction\",\"target\":[\"https:\\\/\\\/alexsa-verlag.de\\\/produkt\\\/fast\\\/\"]}]},{\"@type\":\"ImageObject\",\"inLanguage\":\"ru-RU\",\"@id\":\"https:\\\/\\\/alexsa-verlag.de\\\/produkt\\\/fast\\\/#primaryimage\",\"url\":\"https:\\\/\\\/alexsa-verlag.de\\\/wp-content\\\/uploads\\\/2022\\\/07\\\/Bild5-1.png\",\"contentUrl\":\"https:\\\/\\\/alexsa-verlag.de\\\/wp-content\\\/uploads\\\/2022\\\/07\\\/Bild5-1.png\",\"width\":293,\"height\":297},{\"@type\":\"BreadcrumbList\",\"@id\":\"https:\\\/\\\/alexsa-verlag.de\\\/produkt\\\/fast\\\/#breadcrumb\",\"itemListElement\":[{\"@type\":\"ListItem\",\"position\":1,\"name\":\"Startseite\",\"item\":\"https:\\\/\\\/alexsa-verlag.de\\\/\"},{\"@type\":\"ListItem\",\"position\":2,\"name\":\"Shop\",\"item\":\"https:\\\/\\\/alexsa-verlag.de\\\/shop\\\/\"},{\"@type\":\"ListItem\",\"position\":3,\"name\":\"Fast!!!\"}]},{\"@type\":\"WebSite\",\"@id\":\"https:\\\/\\\/alexsa-verlag.de\\\/#website\",\"url\":\"https:\\\/\\\/alexsa-verlag.de\\\/\",\"name\":\"\u0418\u0437\u0434\u0430\u0442\u0435\u043b\u044c\u0441\u0442\u0432\u043e &quot;\u0410\u043b\u0435\u043a\u0441\u0430&quot;\",\"description\":\"\u0411\u0435\u0440\u043b\u0438\u043d\",\"potentialAction\":[{\"@type\":\"SearchAction\",\"target\":{\"@type\":\"EntryPoint\",\"urlTemplate\":\"https:\\\/\\\/alexsa-verlag.de\\\/?s={search_term_string}\"},\"query-input\":{\"@type\":\"PropertyValueSpecification\",\"valueRequired\":true,\"valueName\":\"search_term_string\"}}],\"inLanguage\":\"ru-RU\"}]}<\/script>\n<!-- \/ Yoast SEO plugin. -->","yoast_head_json":{"title":"Fast!!! - \u0418\u0437\u0434\u0430\u0442\u0435\u043b\u044c\u0441\u0442\u0432\u043e &quot;\u0410\u043b\u0435\u043a\u0441\u0430&quot;","robots":{"index":"index","follow":"follow","max-snippet":"max-snippet:-1","max-image-preview":"max-image-preview:large","max-video-preview":"max-video-preview:-1"},"canonical":"https:\/\/alexsa-verlag.de\/produkt\/fast\/","og_locale":"ru_RU","og_type":"article","og_title":"Fast!!! - \u0418\u0437\u0434\u0430\u0442\u0435\u043b\u044c\u0441\u0442\u0432\u043e &quot;\u0410\u043b\u0435\u043a\u0441\u0430&quot;","og_url":"https:\/\/alexsa-verlag.de\/produkt\/fast\/","og_site_name":"\u0418\u0437\u0434\u0430\u0442\u0435\u043b\u044c\u0441\u0442\u0432\u043e &quot;\u0410\u043b\u0435\u043a\u0441\u0430&quot;","article_modified_time":"2024-11-25T15:45:08+00:00","og_image":[{"width":293,"height":297,"url":"https:\/\/alexsa-verlag.de\/wp-content\/uploads\/2022\/07\/Bild5-1.png","type":"image\/png"}],"twitter_card":"summary_large_image","twitter_misc":{"Est. reading time":"1 minute"},"schema":{"@context":"https:\/\/schema.org","@graph":[{"@type":"WebPage","@id":"https:\/\/alexsa-verlag.de\/produkt\/fast\/","url":"https:\/\/alexsa-verlag.de\/produkt\/fast\/","name":"Fast!!! - \u0418\u0437\u0434\u0430\u0442\u0435\u043b\u044c\u0441\u0442\u0432\u043e &quot;\u0410\u043b\u0435\u043a\u0441\u0430&quot;","isPartOf":{"@id":"https:\/\/alexsa-verlag.de\/#website"},"primaryImageOfPage":{"@id":"https:\/\/alexsa-verlag.de\/produkt\/fast\/#primaryimage"},"image":{"@id":"https:\/\/alexsa-verlag.de\/produkt\/fast\/#primaryimage"},"thumbnailUrl":"https:\/\/alexsa-verlag.de\/wp-content\/uploads\/2022\/07\/Bild5-1.png","datePublished":"2022-07-05T21:31:46+00:00","dateModified":"2024-11-25T15:45:08+00:00","breadcrumb":{"@id":"https:\/\/alexsa-verlag.de\/produkt\/fast\/#breadcrumb"},"inLanguage":"ru-RU","potentialAction":[{"@type":"ReadAction","target":["https:\/\/alexsa-verlag.de\/produkt\/fast\/"]}]},{"@type":"ImageObject","inLanguage":"ru-RU","@id":"https:\/\/alexsa-verlag.de\/produkt\/fast\/#primaryimage","url":"https:\/\/alexsa-verlag.de\/wp-content\/uploads\/2022\/07\/Bild5-1.png","contentUrl":"https:\/\/alexsa-verlag.de\/wp-content\/uploads\/2022\/07\/Bild5-1.png","width":293,"height":297},{"@type":"BreadcrumbList","@id":"https:\/\/alexsa-verlag.de\/produkt\/fast\/#breadcrumb","itemListElement":[{"@type":"ListItem","position":1,"name":"Startseite","item":"https:\/\/alexsa-verlag.de\/"},{"@type":"ListItem","position":2,"name":"Shop","item":"https:\/\/alexsa-verlag.de\/shop\/"},{"@type":"ListItem","position":3,"name":"Fast!!!"}]},{"@type":"WebSite","@id":"https:\/\/alexsa-verlag.de\/#website","url":"https:\/\/alexsa-verlag.de\/","name":"\u0418\u0437\u0434\u0430\u0442\u0435\u043b\u044c\u0441\u0442\u0432\u043e &quot;\u0410\u043b\u0435\u043a\u0441\u0430&quot;","description":"\u0411\u0435\u0440\u043b\u0438\u043d","potentialAction":[{"@type":"SearchAction","target":{"@type":"EntryPoint","urlTemplate":"https:\/\/alexsa-verlag.de\/?s={search_term_string}"},"query-input":{"@type":"PropertyValueSpecification","valueRequired":true,"valueName":"search_term_string"}}],"inLanguage":"ru-RU"}]}},"jetpack_publicize_connections":[],"jetpack_sharing_enabled":true,"_links":{"self":[{"href":"https:\/\/alexsa-verlag.de\/ru\/wp-json\/wp\/v2\/product\/3110","targetHints":{"allow":["GET"]}}],"collection":[{"href":"https:\/\/alexsa-verlag.de\/ru\/wp-json\/wp\/v2\/product"}],"about":[{"href":"https:\/\/alexsa-verlag.de\/ru\/wp-json\/wp\/v2\/types\/product"}],"replies":[{"embeddable":true,"href":"https:\/\/alexsa-verlag.de\/ru\/wp-json\/wp\/v2\/comments?post=3110"}],"wp:featuredmedia":[{"embeddable":true,"href":"https:\/\/alexsa-verlag.de\/ru\/wp-json\/wp\/v2\/media\/3129"}],"wp:attachment":[{"href":"https:\/\/alexsa-verlag.de\/ru\/wp-json\/wp\/v2\/media?parent=3110"}],"wp:term":[{"taxonomy":"product_brand","embeddable":true,"href":"https:\/\/alexsa-verlag.de\/ru\/wp-json\/wp\/v2\/product_brand?post=3110"},{"taxonomy":"product_cat","embeddable":true,"href":"https:\/\/alexsa-verlag.de\/ru\/wp-json\/wp\/v2\/product_cat?post=3110"},{"taxonomy":"product_tag","embeddable":true,"href":"https:\/\/alexsa-verlag.de\/ru\/wp-json\/wp\/v2\/product_tag?post=3110"}],"curies":[{"name":"wp","href":"https:\/\/api.w.org\/{rel}","templated":true}]}}