{"id":2822,"date":"2022-05-27T23:41:09","date_gmt":"2022-05-27T21:41:09","guid":{"rendered":"https:\/\/alexsa-verlag.de\/?post_type=product&#038;p=2822"},"modified":"2024-11-25T16:46:15","modified_gmt":"2024-11-25T15:46:15","slug":"nardo-und-susalinde-ein-maerchen-ueber-die-zauberkraft-der-gefuehle","status":"publish","type":"product","link":"https:\/\/alexsa-verlag.de\/ru\/produkt\/nardo-und-susalinde-ein-maerchen-ueber-die-zauberkraft-der-gefuehle\/","title":{"rendered":"Nardo und Susalinde &#8211; ein M\u00e4rchen \u00fcber die Zauberkraft der Gef\u00fchle"},"content":{"rendered":"<p>Text und Illustrationen: Susanne Jura<\/p>\n<p>Susanne Jura, Jahrgang 1956, erfindet Brett- und Kartenspiele und schreibt Kurzgeschichten und unkonventionelle M\u00e4rchen, in denen sie alltagsphilosophische Momente aufsp\u00fcrt und auch vor gro\u00dfen Fragen der Menschheit nicht zur\u00fcckschreckt.<\/p>\n<p>Die Neuauflage des M\u00e4rchens von Nardo und Susalinde im Jahr 2022 f\u00e4llt in eine Zeit, da eine Pandemie die ganze Welt in Atem h\u00e4lt. Seit zwei Jahren begegnet man fast nur noch vermummten Menschen, eine Mund\u2013und-Nasen-Schutzmaske geh\u00f6rt zur Zeit zur normalen Kleiderordnung. Dem tragen wir Rechnung, indem wir die klassische Buch-Ausgabe von 2018 durch eine zeitgem\u00e4\u00df illustrierte Variante erg\u00e4nzen, die den aktuellen Kleidungs\u2013 und Sehgewohnheiten der heutigen Zeit besser entspricht.<\/p>\n<p><img loading=\"lazy\" decoding=\"async\" class=\"alignnone size-medium wp-image-2823\" src=\"https:\/\/alexsa-verlag.de\/wp-content\/uploads\/2022\/05\/NS-alexsa-1-294x300.png\" alt=\"\" width=\"294\" height=\"300\" srcset=\"https:\/\/alexsa-verlag.de\/wp-content\/uploads\/2022\/05\/NS-alexsa-1-294x300.png 294w, https:\/\/alexsa-verlag.de\/wp-content\/uploads\/2022\/05\/NS-alexsa-1-1004x1024.png 1004w, https:\/\/alexsa-verlag.de\/wp-content\/uploads\/2022\/05\/NS-alexsa-1-768x783.png 768w, https:\/\/alexsa-verlag.de\/wp-content\/uploads\/2022\/05\/NS-alexsa-1-1200x1224.png 1200w, https:\/\/alexsa-verlag.de\/wp-content\/uploads\/2022\/05\/NS-alexsa-1-400x408.png 400w, https:\/\/alexsa-verlag.de\/wp-content\/uploads\/2022\/05\/NS-alexsa-1.png 1473w\" sizes=\"auto, (max-width: 294px) 85vw, 294px\" \/><img loading=\"lazy\" decoding=\"async\" class=\"alignnone size-medium wp-image-2824\" src=\"https:\/\/alexsa-verlag.de\/wp-content\/uploads\/2022\/05\/NS-Alexsa-2-294x300.png\" alt=\"\" width=\"294\" height=\"300\" srcset=\"https:\/\/alexsa-verlag.de\/wp-content\/uploads\/2022\/05\/NS-Alexsa-2-294x300.png 294w, https:\/\/alexsa-verlag.de\/wp-content\/uploads\/2022\/05\/NS-Alexsa-2-1004x1024.png 1004w, https:\/\/alexsa-verlag.de\/wp-content\/uploads\/2022\/05\/NS-Alexsa-2-768x784.png 768w, https:\/\/alexsa-verlag.de\/wp-content\/uploads\/2022\/05\/NS-Alexsa-2-1200x1224.png 1200w, https:\/\/alexsa-verlag.de\/wp-content\/uploads\/2022\/05\/NS-Alexsa-2-400x408.png 400w, https:\/\/alexsa-verlag.de\/wp-content\/uploads\/2022\/05\/NS-Alexsa-2.png 1473w\" sizes=\"auto, (max-width: 294px) 85vw, 294px\" \/>\u00b4<\/p>\n","protected":false},"excerpt":{"rendered":"<p>Das M\u00e4rchen \u201eNardo und Susalinde\u201c handelt von der Dialektik scheinbar gegens\u00e4tzlicher Gef\u00fchle,\u00a0 die jedoch einander bedingen, weil das eine ohne das andere nicht zu haben ist.<\/p>\n<p>K\u00f6nig Georg hat zw\u00f6lf T\u00f6chter und ist ein Schwein: Machtgierig, egozentrisch und unbeherrscht. Die Schonzeit f\u00fcr seine soeben niedergekommene Gattin K\u00f6nigin Rosabella verbrachte er damit, jeden Monat eine andere Schlossangestellte zu schw\u00e4ngern, so dass er stolz auf die stattliche Anzahl von zw\u00f6lf im selben Jahr geborenen T\u00f6chtern blickt. Das j\u00fcngste Kind, Susalinde, konnte dann die K\u00f6nigin wieder selbst empfangen und austragen.<\/p>\n<p>Was kann man von solch einem Mann und seiner treu ergebenen Gattin erwarten? Ihre Dummheit, sein Eigensinn und die Hilfe eines Hexenmeisters mit besonderen Gaben und wichtigen Bildungsl\u00fccken sind eine eine einzige Plage f\u00fcr Susalinde, die nichts lieber m\u00f6chte, als aus dieser Gesellschaft zu fliehen.<\/p>\n<p>Aber das ist gar nicht so einfach, denn die Gef\u00fchle schlagen hohe Wellen und entfesseln dadurch die Zauberkraft des Hexenmeisters.<\/p>\n<p>&nbsp;<\/p>\n","protected":false},"featured_media":2823,"comment_status":"closed","ping_status":"closed","template":"","meta":{"jetpack_post_was_ever_published":false,"jetpack_publicize_message":"","jetpack_publicize_feature_enabled":true,"jetpack_social_post_already_shared":true,"jetpack_social_options":{"image_generator_settings":{"template":"highway","default_image_id":0,"font":"","enabled":false},"version":2}},"product_brand":[],"product_cat":[77,49],"product_tag":[96],"class_list":{"0":"post-2822","1":"product","2":"type-product","3":"status-publish","4":"has-post-thumbnail","6":"product_cat-buecher","7":"product_cat-maerchenbuch","8":"product_tag-maerchen-fuer-kinder-und-erwachsene","9":"product_shipping_class-kleinware","11":"first","12":"instock","13":"purchasable","14":"product-type-simple"},"translation":{"provider":"WPGlobus","version":"3.0.0","language":"ru","enabled_languages":["de","ru"],"languages":{"de":{"title":true,"content":true,"excerpt":true},"ru":{"title":false,"content":false,"excerpt":false}}},"yoast_head":"<!-- This site is optimized with the Yoast SEO plugin v27.4 - https:\/\/yoast.com\/product\/yoast-seo-wordpress\/ -->\n<title>Nardo und Susalinde - ein M\u00e4rchen \u00fcber die Zauberkraft der Gef\u00fchle - \u0418\u0437\u0434\u0430\u0442\u0435\u043b\u044c\u0441\u0442\u0432\u043e &quot;\u0410\u043b\u0435\u043a\u0441\u0430&quot;<\/title>\n<meta name=\"robots\" content=\"index, follow, max-snippet:-1, max-image-preview:large, max-video-preview:-1\" \/>\n<link rel=\"canonical\" href=\"https:\/\/alexsa-verlag.de\/produkt\/nardo-und-susalinde-ein-maerchen-ueber-die-zauberkraft-der-gefuehle\/\" \/>\n<meta property=\"og:locale\" content=\"ru_RU\" \/>\n<meta property=\"og:type\" content=\"article\" \/>\n<meta property=\"og:title\" content=\"Nardo und Susalinde - ein M\u00e4rchen \u00fcber die Zauberkraft der Gef\u00fchle - \u0418\u0437\u0434\u0430\u0442\u0435\u043b\u044c\u0441\u0442\u0432\u043e &quot;\u0410\u043b\u0435\u043a\u0441\u0430&quot;\" \/>\n<meta property=\"og:url\" content=\"https:\/\/alexsa-verlag.de\/produkt\/nardo-und-susalinde-ein-maerchen-ueber-die-zauberkraft-der-gefuehle\/\" \/>\n<meta property=\"og:site_name\" content=\"\u0418\u0437\u0434\u0430\u0442\u0435\u043b\u044c\u0441\u0442\u0432\u043e &quot;\u0410\u043b\u0435\u043a\u0441\u0430&quot;\" \/>\n<meta property=\"article:modified_time\" content=\"2024-11-25T15:46:15+00:00\" \/>\n<meta property=\"og:image\" content=\"https:\/\/alexsa-verlag.de\/wp-content\/uploads\/2022\/05\/NS-alexsa-1.png\" \/>\n\t<meta property=\"og:image:width\" content=\"1473\" \/>\n\t<meta property=\"og:image:height\" content=\"1502\" \/>\n\t<meta property=\"og:image:type\" content=\"image\/png\" \/>\n<meta name=\"twitter:card\" content=\"summary_large_image\" \/>\n<meta name=\"twitter:label1\" content=\"Est. reading time\" \/>\n\t<meta name=\"twitter:data1\" content=\"1 minute\" \/>\n<script type=\"application\/ld+json\" class=\"yoast-schema-graph\">{\"@context\":\"https:\\\/\\\/schema.org\",\"@graph\":[{\"@type\":\"WebPage\",\"@id\":\"https:\\\/\\\/alexsa-verlag.de\\\/produkt\\\/nardo-und-susalinde-ein-maerchen-ueber-die-zauberkraft-der-gefuehle\\\/\",\"url\":\"https:\\\/\\\/alexsa-verlag.de\\\/produkt\\\/nardo-und-susalinde-ein-maerchen-ueber-die-zauberkraft-der-gefuehle\\\/\",\"name\":\"Nardo und Susalinde - ein M\u00e4rchen \u00fcber die Zauberkraft der Gef\u00fchle - \u0418\u0437\u0434\u0430\u0442\u0435\u043b\u044c\u0441\u0442\u0432\u043e &quot;\u0410\u043b\u0435\u043a\u0441\u0430&quot;\",\"isPartOf\":{\"@id\":\"https:\\\/\\\/alexsa-verlag.de\\\/#website\"},\"primaryImageOfPage\":{\"@id\":\"https:\\\/\\\/alexsa-verlag.de\\\/produkt\\\/nardo-und-susalinde-ein-maerchen-ueber-die-zauberkraft-der-gefuehle\\\/#primaryimage\"},\"image\":{\"@id\":\"https:\\\/\\\/alexsa-verlag.de\\\/produkt\\\/nardo-und-susalinde-ein-maerchen-ueber-die-zauberkraft-der-gefuehle\\\/#primaryimage\"},\"thumbnailUrl\":\"https:\\\/\\\/alexsa-verlag.de\\\/wp-content\\\/uploads\\\/2022\\\/05\\\/NS-alexsa-1.png\",\"datePublished\":\"2022-05-27T21:41:09+00:00\",\"dateModified\":\"2024-11-25T15:46:15+00:00\",\"breadcrumb\":{\"@id\":\"https:\\\/\\\/alexsa-verlag.de\\\/produkt\\\/nardo-und-susalinde-ein-maerchen-ueber-die-zauberkraft-der-gefuehle\\\/#breadcrumb\"},\"inLanguage\":\"ru-RU\",\"potentialAction\":[{\"@type\":\"ReadAction\",\"target\":[\"https:\\\/\\\/alexsa-verlag.de\\\/produkt\\\/nardo-und-susalinde-ein-maerchen-ueber-die-zauberkraft-der-gefuehle\\\/\"]}]},{\"@type\":\"ImageObject\",\"inLanguage\":\"ru-RU\",\"@id\":\"https:\\\/\\\/alexsa-verlag.de\\\/produkt\\\/nardo-und-susalinde-ein-maerchen-ueber-die-zauberkraft-der-gefuehle\\\/#primaryimage\",\"url\":\"https:\\\/\\\/alexsa-verlag.de\\\/wp-content\\\/uploads\\\/2022\\\/05\\\/NS-alexsa-1.png\",\"contentUrl\":\"https:\\\/\\\/alexsa-verlag.de\\\/wp-content\\\/uploads\\\/2022\\\/05\\\/NS-alexsa-1.png\",\"width\":1473,\"height\":1502},{\"@type\":\"BreadcrumbList\",\"@id\":\"https:\\\/\\\/alexsa-verlag.de\\\/produkt\\\/nardo-und-susalinde-ein-maerchen-ueber-die-zauberkraft-der-gefuehle\\\/#breadcrumb\",\"itemListElement\":[{\"@type\":\"ListItem\",\"position\":1,\"name\":\"Startseite\",\"item\":\"https:\\\/\\\/alexsa-verlag.de\\\/\"},{\"@type\":\"ListItem\",\"position\":2,\"name\":\"Shop\",\"item\":\"https:\\\/\\\/alexsa-verlag.de\\\/shop\\\/\"},{\"@type\":\"ListItem\",\"position\":3,\"name\":\"Nardo und Susalinde &#8211; ein M\u00e4rchen \u00fcber die Zauberkraft der Gef\u00fchle\"}]},{\"@type\":\"WebSite\",\"@id\":\"https:\\\/\\\/alexsa-verlag.de\\\/#website\",\"url\":\"https:\\\/\\\/alexsa-verlag.de\\\/\",\"name\":\"\u0418\u0437\u0434\u0430\u0442\u0435\u043b\u044c\u0441\u0442\u0432\u043e &quot;\u0410\u043b\u0435\u043a\u0441\u0430&quot;\",\"description\":\"\u0411\u0435\u0440\u043b\u0438\u043d\",\"potentialAction\":[{\"@type\":\"SearchAction\",\"target\":{\"@type\":\"EntryPoint\",\"urlTemplate\":\"https:\\\/\\\/alexsa-verlag.de\\\/?s={search_term_string}\"},\"query-input\":{\"@type\":\"PropertyValueSpecification\",\"valueRequired\":true,\"valueName\":\"search_term_string\"}}],\"inLanguage\":\"ru-RU\"}]}<\/script>\n<!-- \/ Yoast SEO plugin. -->","yoast_head_json":{"title":"Nardo und Susalinde - ein M\u00e4rchen \u00fcber die Zauberkraft der Gef\u00fchle - \u0418\u0437\u0434\u0430\u0442\u0435\u043b\u044c\u0441\u0442\u0432\u043e &quot;\u0410\u043b\u0435\u043a\u0441\u0430&quot;","robots":{"index":"index","follow":"follow","max-snippet":"max-snippet:-1","max-image-preview":"max-image-preview:large","max-video-preview":"max-video-preview:-1"},"canonical":"https:\/\/alexsa-verlag.de\/produkt\/nardo-und-susalinde-ein-maerchen-ueber-die-zauberkraft-der-gefuehle\/","og_locale":"ru_RU","og_type":"article","og_title":"Nardo und Susalinde - ein M\u00e4rchen \u00fcber die Zauberkraft der Gef\u00fchle - \u0418\u0437\u0434\u0430\u0442\u0435\u043b\u044c\u0441\u0442\u0432\u043e &quot;\u0410\u043b\u0435\u043a\u0441\u0430&quot;","og_url":"https:\/\/alexsa-verlag.de\/produkt\/nardo-und-susalinde-ein-maerchen-ueber-die-zauberkraft-der-gefuehle\/","og_site_name":"\u0418\u0437\u0434\u0430\u0442\u0435\u043b\u044c\u0441\u0442\u0432\u043e &quot;\u0410\u043b\u0435\u043a\u0441\u0430&quot;","article_modified_time":"2024-11-25T15:46:15+00:00","og_image":[{"width":1473,"height":1502,"url":"https:\/\/alexsa-verlag.de\/wp-content\/uploads\/2022\/05\/NS-alexsa-1.png","type":"image\/png"}],"twitter_card":"summary_large_image","twitter_misc":{"Est. reading time":"1 minute"},"schema":{"@context":"https:\/\/schema.org","@graph":[{"@type":"WebPage","@id":"https:\/\/alexsa-verlag.de\/produkt\/nardo-und-susalinde-ein-maerchen-ueber-die-zauberkraft-der-gefuehle\/","url":"https:\/\/alexsa-verlag.de\/produkt\/nardo-und-susalinde-ein-maerchen-ueber-die-zauberkraft-der-gefuehle\/","name":"Nardo und Susalinde - ein M\u00e4rchen \u00fcber die Zauberkraft der Gef\u00fchle - \u0418\u0437\u0434\u0430\u0442\u0435\u043b\u044c\u0441\u0442\u0432\u043e &quot;\u0410\u043b\u0435\u043a\u0441\u0430&quot;","isPartOf":{"@id":"https:\/\/alexsa-verlag.de\/#website"},"primaryImageOfPage":{"@id":"https:\/\/alexsa-verlag.de\/produkt\/nardo-und-susalinde-ein-maerchen-ueber-die-zauberkraft-der-gefuehle\/#primaryimage"},"image":{"@id":"https:\/\/alexsa-verlag.de\/produkt\/nardo-und-susalinde-ein-maerchen-ueber-die-zauberkraft-der-gefuehle\/#primaryimage"},"thumbnailUrl":"https:\/\/alexsa-verlag.de\/wp-content\/uploads\/2022\/05\/NS-alexsa-1.png","datePublished":"2022-05-27T21:41:09+00:00","dateModified":"2024-11-25T15:46:15+00:00","breadcrumb":{"@id":"https:\/\/alexsa-verlag.de\/produkt\/nardo-und-susalinde-ein-maerchen-ueber-die-zauberkraft-der-gefuehle\/#breadcrumb"},"inLanguage":"ru-RU","potentialAction":[{"@type":"ReadAction","target":["https:\/\/alexsa-verlag.de\/produkt\/nardo-und-susalinde-ein-maerchen-ueber-die-zauberkraft-der-gefuehle\/"]}]},{"@type":"ImageObject","inLanguage":"ru-RU","@id":"https:\/\/alexsa-verlag.de\/produkt\/nardo-und-susalinde-ein-maerchen-ueber-die-zauberkraft-der-gefuehle\/#primaryimage","url":"https:\/\/alexsa-verlag.de\/wp-content\/uploads\/2022\/05\/NS-alexsa-1.png","contentUrl":"https:\/\/alexsa-verlag.de\/wp-content\/uploads\/2022\/05\/NS-alexsa-1.png","width":1473,"height":1502},{"@type":"BreadcrumbList","@id":"https:\/\/alexsa-verlag.de\/produkt\/nardo-und-susalinde-ein-maerchen-ueber-die-zauberkraft-der-gefuehle\/#breadcrumb","itemListElement":[{"@type":"ListItem","position":1,"name":"Startseite","item":"https:\/\/alexsa-verlag.de\/"},{"@type":"ListItem","position":2,"name":"Shop","item":"https:\/\/alexsa-verlag.de\/shop\/"},{"@type":"ListItem","position":3,"name":"Nardo und Susalinde &#8211; ein M\u00e4rchen \u00fcber die Zauberkraft der Gef\u00fchle"}]},{"@type":"WebSite","@id":"https:\/\/alexsa-verlag.de\/#website","url":"https:\/\/alexsa-verlag.de\/","name":"\u0418\u0437\u0434\u0430\u0442\u0435\u043b\u044c\u0441\u0442\u0432\u043e &quot;\u0410\u043b\u0435\u043a\u0441\u0430&quot;","description":"\u0411\u0435\u0440\u043b\u0438\u043d","potentialAction":[{"@type":"SearchAction","target":{"@type":"EntryPoint","urlTemplate":"https:\/\/alexsa-verlag.de\/?s={search_term_string}"},"query-input":{"@type":"PropertyValueSpecification","valueRequired":true,"valueName":"search_term_string"}}],"inLanguage":"ru-RU"}]}},"jetpack_publicize_connections":[],"jetpack_sharing_enabled":true,"_links":{"self":[{"href":"https:\/\/alexsa-verlag.de\/ru\/wp-json\/wp\/v2\/product\/2822","targetHints":{"allow":["GET"]}}],"collection":[{"href":"https:\/\/alexsa-verlag.de\/ru\/wp-json\/wp\/v2\/product"}],"about":[{"href":"https:\/\/alexsa-verlag.de\/ru\/wp-json\/wp\/v2\/types\/product"}],"replies":[{"embeddable":true,"href":"https:\/\/alexsa-verlag.de\/ru\/wp-json\/wp\/v2\/comments?post=2822"}],"wp:featuredmedia":[{"embeddable":true,"href":"https:\/\/alexsa-verlag.de\/ru\/wp-json\/wp\/v2\/media\/2823"}],"wp:attachment":[{"href":"https:\/\/alexsa-verlag.de\/ru\/wp-json\/wp\/v2\/media?parent=2822"}],"wp:term":[{"taxonomy":"product_brand","embeddable":true,"href":"https:\/\/alexsa-verlag.de\/ru\/wp-json\/wp\/v2\/product_brand?post=2822"},{"taxonomy":"product_cat","embeddable":true,"href":"https:\/\/alexsa-verlag.de\/ru\/wp-json\/wp\/v2\/product_cat?post=2822"},{"taxonomy":"product_tag","embeddable":true,"href":"https:\/\/alexsa-verlag.de\/ru\/wp-json\/wp\/v2\/product_tag?post=2822"}],"curies":[{"name":"wp","href":"https:\/\/api.w.org\/{rel}","templated":true}]}}