{"id":2479,"date":"2022-01-25T18:09:34","date_gmt":"2022-01-25T17:09:34","guid":{"rendered":"https:\/\/alexsa-verlag.de\/?post_type=product&#038;p=2479"},"modified":"2025-01-06T16:50:12","modified_gmt":"2025-01-06T15:50:12","slug":"der-hase-heisst-horst-tierquartett","status":"publish","type":"product","link":"https:\/\/alexsa-verlag.de\/ru\/produkt\/der-hase-heisst-horst-tierquartett\/","title":{"rendered":"Der Hase hei\u00dft Horst &#8211; Tierquartett"},"content":{"rendered":"<p>Alle Tiere haben einen Namen, der gut zu ihnen passt. So hei\u00dft der Hase eben Horst,\u00a0 das Schweinchen hei\u00dft Sibylla, der Esel Erasmus und die F\u00fcchsin Franziska.<\/p>\n<p>Jedes Tier geh\u00f6rt zu einer Vierergruppe, zusammen sind sie ein Quartett. Die Aufgabe der Mitspieler ist es, die 4 Freunde, die sich aus den Augen verloren haben und nun verstreut in den Spielkarten herumirren, wieder zusammen zu bringen.<\/p>\n<p>Robert allerdings ist ein Einzelg\u00e4nger. Er befindet sich auf der 33. Karte und geh\u00f6rt zu keiner Gruppe. Er wird \u00fcbrig bleiben, wenn alle Freunde wieder vereint sind. Das ist zwar ein bisschen traurig, aber dem Raben macht das nichts aus, denn er bestimmt, wer das Spiel gewinnt. Ohnehin ist er etwas Besonderes, oder hast du schon mal einen wei\u00dfen Raben gesehen?<\/p>\n<p>Alle 33 Tiere geh\u00f6ren \u00fcbrigens zum Stamm der 80 Tiere aus unserem Krafttierorakel &#8220;Die Botschaften der Tiere&#8221;, das ebenfalls im Alexsa-Verlag erschienen ist.<\/p>\n","protected":false},"excerpt":{"rendered":"<p>sch\u00f6n gestaltetes Quartettspiel f\u00fcr Tierfreunde ab 4 Jahre<\/p>\n<p>Der wei\u00dfe Rabe ist der &#8220;Kluge Peter&#8221; &#8211; wer ihn am Schluss auf der Hand beh\u00e4lt, hat gewonnen.<\/p>\n<p>Idee und Gestaltung: Susanne Jura<\/p>\n","protected":false},"featured_media":2480,"comment_status":"closed","ping_status":"closed","template":"","meta":{"jetpack_post_was_ever_published":false,"jetpack_publicize_message":"","jetpack_publicize_feature_enabled":true,"jetpack_social_post_already_shared":true,"jetpack_social_options":{"image_generator_settings":{"template":"highway","default_image_id":0,"font":"","enabled":false},"version":2}},"product_brand":[],"product_cat":[84,44,92],"product_tag":[],"class_list":{"0":"post-2479","1":"product","2":"type-product","3":"status-publish","4":"has-post-thumbnail","6":"product_cat-individuell-gestaltet","7":"product_cat-kartenspiele","8":"product_cat-kunstspiel-spielkunst-2","9":"product_shipping_class-kleinware","11":"first","12":"instock","13":"purchasable","14":"product-type-simple"},"translation":{"provider":"WPGlobus","version":"3.0.0","language":"ru","enabled_languages":["de","ru"],"languages":{"de":{"title":true,"content":true,"excerpt":true},"ru":{"title":false,"content":false,"excerpt":false}}},"yoast_head":"<!-- This site is optimized with the Yoast SEO plugin v27.5 - https:\/\/yoast.com\/product\/yoast-seo-wordpress\/ -->\n<title>Der Hase hei\u00dft Horst - Tierquartett - \u0418\u0437\u0434\u0430\u0442\u0435\u043b\u044c\u0441\u0442\u0432\u043e &quot;\u0410\u043b\u0435\u043a\u0441\u0430&quot;<\/title>\n<meta name=\"robots\" content=\"index, follow, max-snippet:-1, max-image-preview:large, max-video-preview:-1\" \/>\n<link rel=\"canonical\" href=\"https:\/\/alexsa-verlag.de\/produkt\/der-hase-heisst-horst-tierquartett\/\" \/>\n<meta property=\"og:locale\" content=\"ru_RU\" \/>\n<meta property=\"og:type\" content=\"article\" \/>\n<meta property=\"og:title\" content=\"Der Hase hei\u00dft Horst - Tierquartett - \u0418\u0437\u0434\u0430\u0442\u0435\u043b\u044c\u0441\u0442\u0432\u043e &quot;\u0410\u043b\u0435\u043a\u0441\u0430&quot;\" \/>\n<meta property=\"og:url\" content=\"https:\/\/alexsa-verlag.de\/produkt\/der-hase-heisst-horst-tierquartett\/\" \/>\n<meta property=\"og:site_name\" content=\"\u0418\u0437\u0434\u0430\u0442\u0435\u043b\u044c\u0441\u0442\u0432\u043e &quot;\u0410\u043b\u0435\u043a\u0441\u0430&quot;\" \/>\n<meta property=\"article:modified_time\" content=\"2025-01-06T15:50:12+00:00\" \/>\n<meta property=\"og:image\" content=\"https:\/\/alexsa-verlag.de\/wp-content\/uploads\/2022\/01\/Bild2-1.png\" \/>\n\t<meta property=\"og:image:width\" content=\"560\" \/>\n\t<meta property=\"og:image:height\" content=\"566\" \/>\n\t<meta property=\"og:image:type\" content=\"image\/png\" \/>\n<meta name=\"twitter:card\" content=\"summary_large_image\" \/>\n<meta name=\"twitter:label1\" content=\"Est. reading time\" \/>\n\t<meta name=\"twitter:data1\" content=\"1 minute\" \/>\n<script type=\"application\/ld+json\" class=\"yoast-schema-graph\">{\"@context\":\"https:\\\/\\\/schema.org\",\"@graph\":[{\"@type\":\"WebPage\",\"@id\":\"https:\\\/\\\/alexsa-verlag.de\\\/produkt\\\/der-hase-heisst-horst-tierquartett\\\/\",\"url\":\"https:\\\/\\\/alexsa-verlag.de\\\/produkt\\\/der-hase-heisst-horst-tierquartett\\\/\",\"name\":\"Der Hase hei\u00dft Horst - Tierquartett - \u0418\u0437\u0434\u0430\u0442\u0435\u043b\u044c\u0441\u0442\u0432\u043e &quot;\u0410\u043b\u0435\u043a\u0441\u0430&quot;\",\"isPartOf\":{\"@id\":\"https:\\\/\\\/alexsa-verlag.de\\\/#website\"},\"primaryImageOfPage\":{\"@id\":\"https:\\\/\\\/alexsa-verlag.de\\\/produkt\\\/der-hase-heisst-horst-tierquartett\\\/#primaryimage\"},\"image\":{\"@id\":\"https:\\\/\\\/alexsa-verlag.de\\\/produkt\\\/der-hase-heisst-horst-tierquartett\\\/#primaryimage\"},\"thumbnailUrl\":\"https:\\\/\\\/alexsa-verlag.de\\\/wp-content\\\/uploads\\\/2022\\\/01\\\/Bild2-1.png\",\"datePublished\":\"2022-01-25T17:09:34+00:00\",\"dateModified\":\"2025-01-06T15:50:12+00:00\",\"breadcrumb\":{\"@id\":\"https:\\\/\\\/alexsa-verlag.de\\\/produkt\\\/der-hase-heisst-horst-tierquartett\\\/#breadcrumb\"},\"inLanguage\":\"ru-RU\",\"potentialAction\":[{\"@type\":\"ReadAction\",\"target\":[\"https:\\\/\\\/alexsa-verlag.de\\\/produkt\\\/der-hase-heisst-horst-tierquartett\\\/\"]}]},{\"@type\":\"ImageObject\",\"inLanguage\":\"ru-RU\",\"@id\":\"https:\\\/\\\/alexsa-verlag.de\\\/produkt\\\/der-hase-heisst-horst-tierquartett\\\/#primaryimage\",\"url\":\"https:\\\/\\\/alexsa-verlag.de\\\/wp-content\\\/uploads\\\/2022\\\/01\\\/Bild2-1.png\",\"contentUrl\":\"https:\\\/\\\/alexsa-verlag.de\\\/wp-content\\\/uploads\\\/2022\\\/01\\\/Bild2-1.png\",\"width\":560,\"height\":566},{\"@type\":\"BreadcrumbList\",\"@id\":\"https:\\\/\\\/alexsa-verlag.de\\\/produkt\\\/der-hase-heisst-horst-tierquartett\\\/#breadcrumb\",\"itemListElement\":[{\"@type\":\"ListItem\",\"position\":1,\"name\":\"Startseite\",\"item\":\"https:\\\/\\\/alexsa-verlag.de\\\/\"},{\"@type\":\"ListItem\",\"position\":2,\"name\":\"Shop\",\"item\":\"https:\\\/\\\/alexsa-verlag.de\\\/shop\\\/\"},{\"@type\":\"ListItem\",\"position\":3,\"name\":\"Der Hase hei\u00dft Horst &#8211; Tierquartett\"}]},{\"@type\":\"WebSite\",\"@id\":\"https:\\\/\\\/alexsa-verlag.de\\\/#website\",\"url\":\"https:\\\/\\\/alexsa-verlag.de\\\/\",\"name\":\"\u0418\u0437\u0434\u0430\u0442\u0435\u043b\u044c\u0441\u0442\u0432\u043e &quot;\u0410\u043b\u0435\u043a\u0441\u0430&quot;\",\"description\":\"\u0411\u0435\u0440\u043b\u0438\u043d\",\"potentialAction\":[{\"@type\":\"SearchAction\",\"target\":{\"@type\":\"EntryPoint\",\"urlTemplate\":\"https:\\\/\\\/alexsa-verlag.de\\\/?s={search_term_string}\"},\"query-input\":{\"@type\":\"PropertyValueSpecification\",\"valueRequired\":true,\"valueName\":\"search_term_string\"}}],\"inLanguage\":\"ru-RU\"}]}<\/script>\n<!-- \/ Yoast SEO plugin. -->","yoast_head_json":{"title":"Der Hase hei\u00dft Horst - Tierquartett - \u0418\u0437\u0434\u0430\u0442\u0435\u043b\u044c\u0441\u0442\u0432\u043e &quot;\u0410\u043b\u0435\u043a\u0441\u0430&quot;","robots":{"index":"index","follow":"follow","max-snippet":"max-snippet:-1","max-image-preview":"max-image-preview:large","max-video-preview":"max-video-preview:-1"},"canonical":"https:\/\/alexsa-verlag.de\/produkt\/der-hase-heisst-horst-tierquartett\/","og_locale":"ru_RU","og_type":"article","og_title":"Der Hase hei\u00dft Horst - Tierquartett - \u0418\u0437\u0434\u0430\u0442\u0435\u043b\u044c\u0441\u0442\u0432\u043e &quot;\u0410\u043b\u0435\u043a\u0441\u0430&quot;","og_url":"https:\/\/alexsa-verlag.de\/produkt\/der-hase-heisst-horst-tierquartett\/","og_site_name":"\u0418\u0437\u0434\u0430\u0442\u0435\u043b\u044c\u0441\u0442\u0432\u043e &quot;\u0410\u043b\u0435\u043a\u0441\u0430&quot;","article_modified_time":"2025-01-06T15:50:12+00:00","og_image":[{"width":560,"height":566,"url":"https:\/\/alexsa-verlag.de\/wp-content\/uploads\/2022\/01\/Bild2-1.png","type":"image\/png"}],"twitter_card":"summary_large_image","twitter_misc":{"Est. reading time":"1 minute"},"schema":{"@context":"https:\/\/schema.org","@graph":[{"@type":"WebPage","@id":"https:\/\/alexsa-verlag.de\/produkt\/der-hase-heisst-horst-tierquartett\/","url":"https:\/\/alexsa-verlag.de\/produkt\/der-hase-heisst-horst-tierquartett\/","name":"Der Hase hei\u00dft Horst - Tierquartett - \u0418\u0437\u0434\u0430\u0442\u0435\u043b\u044c\u0441\u0442\u0432\u043e &quot;\u0410\u043b\u0435\u043a\u0441\u0430&quot;","isPartOf":{"@id":"https:\/\/alexsa-verlag.de\/#website"},"primaryImageOfPage":{"@id":"https:\/\/alexsa-verlag.de\/produkt\/der-hase-heisst-horst-tierquartett\/#primaryimage"},"image":{"@id":"https:\/\/alexsa-verlag.de\/produkt\/der-hase-heisst-horst-tierquartett\/#primaryimage"},"thumbnailUrl":"https:\/\/alexsa-verlag.de\/wp-content\/uploads\/2022\/01\/Bild2-1.png","datePublished":"2022-01-25T17:09:34+00:00","dateModified":"2025-01-06T15:50:12+00:00","breadcrumb":{"@id":"https:\/\/alexsa-verlag.de\/produkt\/der-hase-heisst-horst-tierquartett\/#breadcrumb"},"inLanguage":"ru-RU","potentialAction":[{"@type":"ReadAction","target":["https:\/\/alexsa-verlag.de\/produkt\/der-hase-heisst-horst-tierquartett\/"]}]},{"@type":"ImageObject","inLanguage":"ru-RU","@id":"https:\/\/alexsa-verlag.de\/produkt\/der-hase-heisst-horst-tierquartett\/#primaryimage","url":"https:\/\/alexsa-verlag.de\/wp-content\/uploads\/2022\/01\/Bild2-1.png","contentUrl":"https:\/\/alexsa-verlag.de\/wp-content\/uploads\/2022\/01\/Bild2-1.png","width":560,"height":566},{"@type":"BreadcrumbList","@id":"https:\/\/alexsa-verlag.de\/produkt\/der-hase-heisst-horst-tierquartett\/#breadcrumb","itemListElement":[{"@type":"ListItem","position":1,"name":"Startseite","item":"https:\/\/alexsa-verlag.de\/"},{"@type":"ListItem","position":2,"name":"Shop","item":"https:\/\/alexsa-verlag.de\/shop\/"},{"@type":"ListItem","position":3,"name":"Der Hase hei\u00dft Horst &#8211; Tierquartett"}]},{"@type":"WebSite","@id":"https:\/\/alexsa-verlag.de\/#website","url":"https:\/\/alexsa-verlag.de\/","name":"\u0418\u0437\u0434\u0430\u0442\u0435\u043b\u044c\u0441\u0442\u0432\u043e &quot;\u0410\u043b\u0435\u043a\u0441\u0430&quot;","description":"\u0411\u0435\u0440\u043b\u0438\u043d","potentialAction":[{"@type":"SearchAction","target":{"@type":"EntryPoint","urlTemplate":"https:\/\/alexsa-verlag.de\/?s={search_term_string}"},"query-input":{"@type":"PropertyValueSpecification","valueRequired":true,"valueName":"search_term_string"}}],"inLanguage":"ru-RU"}]}},"jetpack_publicize_connections":[],"jetpack_sharing_enabled":true,"_links":{"self":[{"href":"https:\/\/alexsa-verlag.de\/ru\/wp-json\/wp\/v2\/product\/2479","targetHints":{"allow":["GET"]}}],"collection":[{"href":"https:\/\/alexsa-verlag.de\/ru\/wp-json\/wp\/v2\/product"}],"about":[{"href":"https:\/\/alexsa-verlag.de\/ru\/wp-json\/wp\/v2\/types\/product"}],"replies":[{"embeddable":true,"href":"https:\/\/alexsa-verlag.de\/ru\/wp-json\/wp\/v2\/comments?post=2479"}],"wp:featuredmedia":[{"embeddable":true,"href":"https:\/\/alexsa-verlag.de\/ru\/wp-json\/wp\/v2\/media\/2480"}],"wp:attachment":[{"href":"https:\/\/alexsa-verlag.de\/ru\/wp-json\/wp\/v2\/media?parent=2479"}],"wp:term":[{"taxonomy":"product_brand","embeddable":true,"href":"https:\/\/alexsa-verlag.de\/ru\/wp-json\/wp\/v2\/product_brand?post=2479"},{"taxonomy":"product_cat","embeddable":true,"href":"https:\/\/alexsa-verlag.de\/ru\/wp-json\/wp\/v2\/product_cat?post=2479"},{"taxonomy":"product_tag","embeddable":true,"href":"https:\/\/alexsa-verlag.de\/ru\/wp-json\/wp\/v2\/product_tag?post=2479"}],"curies":[{"name":"wp","href":"https:\/\/api.w.org\/{rel}","templated":true}]}}