{"id":1912,"date":"2021-02-27T01:38:42","date_gmt":"2021-02-27T00:38:42","guid":{"rendered":"https:\/\/alexsa-verlag.de\/?post_type=product&#038;p=1912"},"modified":"2024-11-28T08:32:05","modified_gmt":"2024-11-28T07:32:05","slug":"die-prinzessin-im-drachenschloss-textbuch","status":"publish","type":"product","link":"https:\/\/alexsa-verlag.de\/ru\/produkt\/die-prinzessin-im-drachenschloss-textbuch\/","title":{"rendered":"Die Prinzessin im Drachenschloss &#8211; Textbuch"},"content":{"rendered":"<p>Ein M\u00e4rchen von Susanne Jura, in dem alle wichtigen Figuren mitspielen: K\u00f6nig, K\u00f6nigin, die Prinzessin, die mehrk\u00f6pfigen Drachen, eine wundert\u00e4tige Fee, die R\u00e4uber, arme Jungs und Heldentaten und nat\u00fcrlich eine k\u00f6nigliche Hochzeit. Und trotzdem verlaufen die Geschehnisse v\u00f6llig anders, als selbst die M\u00e4rchenfiguren es erwarten.<\/p>\n<p>Lest selber . . .<\/p>\n<p>Buchgestaltung mit vielen kleinen Drachen, die die wichtigsten Worte einleiten.<\/p>\n","protected":false},"excerpt":{"rendered":"<p>Ein M\u00e4rchen von Susanne Jura, in dem alle wichtigen Figuren mitspielen: K\u00f6nig, K\u00f6nigin, die Prinzessin, die mehrk\u00f6pfigen Drachen, eine wundert\u00e4tige Fee, die R\u00e4uber, arme Jungs und Heldentaten und nat\u00fcrlich eine k\u00f6nigliche Hochzeit. Und trotzdem verlaufen die Geschehnisse v\u00f6llig anders, als selbst die M\u00e4rchenfiguren es erwarten. Lest selber . . . Buchgestaltung mit vielen kleinen Drachen, &hellip; <a href=\"https:\/\/alexsa-verlag.de\/ru\/produkt\/die-prinzessin-im-drachenschloss-textbuch\/\" class=\"more-link\">Continue reading<span class=\"screen-reader-text\"> &#8220;Die Prinzessin im Drachenschloss &#8211; Textbuch&#8221;<\/span><\/a><\/p>\n","protected":false},"featured_media":3349,"comment_status":"closed","ping_status":"closed","template":"","meta":{"jetpack_post_was_ever_published":false,"jetpack_publicize_message":"","jetpack_publicize_feature_enabled":true,"jetpack_social_post_already_shared":true,"jetpack_social_options":{"image_generator_settings":{"template":"highway","default_image_id":0,"font":"","enabled":false},"version":2}},"product_brand":[],"product_cat":[77,49],"product_tag":[],"class_list":{"0":"post-1912","1":"product","2":"type-product","3":"status-publish","4":"has-post-thumbnail","6":"product_cat-buecher","7":"product_cat-maerchenbuch","8":"product_shipping_class-kleinware","10":"first","11":"instock","12":"purchasable","13":"product-type-simple"},"translation":{"provider":"WPGlobus","version":"3.0.0","language":"ru","enabled_languages":["de","ru"],"languages":{"de":{"title":true,"content":true,"excerpt":false},"ru":{"title":false,"content":false,"excerpt":false}}},"yoast_head":"<!-- This site is optimized with the Yoast SEO plugin v27.4 - https:\/\/yoast.com\/product\/yoast-seo-wordpress\/ -->\n<title>Die Prinzessin im Drachenschloss - Textbuch - \u0418\u0437\u0434\u0430\u0442\u0435\u043b\u044c\u0441\u0442\u0432\u043e &quot;\u0410\u043b\u0435\u043a\u0441\u0430&quot;<\/title>\n<meta name=\"robots\" content=\"index, follow, max-snippet:-1, max-image-preview:large, max-video-preview:-1\" \/>\n<link rel=\"canonical\" href=\"https:\/\/alexsa-verlag.de\/produkt\/die-prinzessin-im-drachenschloss-textbuch\/\" \/>\n<meta property=\"og:locale\" content=\"ru_RU\" \/>\n<meta property=\"og:type\" content=\"article\" \/>\n<meta property=\"og:title\" content=\"Die Prinzessin im Drachenschloss - Textbuch - \u0418\u0437\u0434\u0430\u0442\u0435\u043b\u044c\u0441\u0442\u0432\u043e &quot;\u0410\u043b\u0435\u043a\u0441\u0430&quot;\" \/>\n<meta property=\"og:url\" content=\"https:\/\/alexsa-verlag.de\/produkt\/die-prinzessin-im-drachenschloss-textbuch\/\" \/>\n<meta property=\"og:site_name\" content=\"\u0418\u0437\u0434\u0430\u0442\u0435\u043b\u044c\u0441\u0442\u0432\u043e &quot;\u0410\u043b\u0435\u043a\u0441\u0430&quot;\" \/>\n<meta property=\"article:modified_time\" content=\"2024-11-28T07:32:05+00:00\" \/>\n<meta property=\"og:image\" content=\"https:\/\/alexsa-verlag.de\/wp-content\/uploads\/2021\/02\/q.png\" \/>\n\t<meta property=\"og:image:width\" content=\"1257\" \/>\n\t<meta property=\"og:image:height\" content=\"1302\" \/>\n\t<meta property=\"og:image:type\" content=\"image\/png\" \/>\n<meta name=\"twitter:card\" content=\"summary_large_image\" \/>\n<script type=\"application\/ld+json\" class=\"yoast-schema-graph\">{\"@context\":\"https:\\\/\\\/schema.org\",\"@graph\":[{\"@type\":\"WebPage\",\"@id\":\"https:\\\/\\\/alexsa-verlag.de\\\/produkt\\\/die-prinzessin-im-drachenschloss-textbuch\\\/\",\"url\":\"https:\\\/\\\/alexsa-verlag.de\\\/produkt\\\/die-prinzessin-im-drachenschloss-textbuch\\\/\",\"name\":\"Die Prinzessin im Drachenschloss - Textbuch - \u0418\u0437\u0434\u0430\u0442\u0435\u043b\u044c\u0441\u0442\u0432\u043e &quot;\u0410\u043b\u0435\u043a\u0441\u0430&quot;\",\"isPartOf\":{\"@id\":\"https:\\\/\\\/alexsa-verlag.de\\\/#website\"},\"primaryImageOfPage\":{\"@id\":\"https:\\\/\\\/alexsa-verlag.de\\\/produkt\\\/die-prinzessin-im-drachenschloss-textbuch\\\/#primaryimage\"},\"image\":{\"@id\":\"https:\\\/\\\/alexsa-verlag.de\\\/produkt\\\/die-prinzessin-im-drachenschloss-textbuch\\\/#primaryimage\"},\"thumbnailUrl\":\"https:\\\/\\\/alexsa-verlag.de\\\/wp-content\\\/uploads\\\/2021\\\/02\\\/q.png\",\"datePublished\":\"2021-02-27T00:38:42+00:00\",\"dateModified\":\"2024-11-28T07:32:05+00:00\",\"breadcrumb\":{\"@id\":\"https:\\\/\\\/alexsa-verlag.de\\\/produkt\\\/die-prinzessin-im-drachenschloss-textbuch\\\/#breadcrumb\"},\"inLanguage\":\"ru-RU\",\"potentialAction\":[{\"@type\":\"ReadAction\",\"target\":[\"https:\\\/\\\/alexsa-verlag.de\\\/produkt\\\/die-prinzessin-im-drachenschloss-textbuch\\\/\"]}]},{\"@type\":\"ImageObject\",\"inLanguage\":\"ru-RU\",\"@id\":\"https:\\\/\\\/alexsa-verlag.de\\\/produkt\\\/die-prinzessin-im-drachenschloss-textbuch\\\/#primaryimage\",\"url\":\"https:\\\/\\\/alexsa-verlag.de\\\/wp-content\\\/uploads\\\/2021\\\/02\\\/q.png\",\"contentUrl\":\"https:\\\/\\\/alexsa-verlag.de\\\/wp-content\\\/uploads\\\/2021\\\/02\\\/q.png\",\"width\":1257,\"height\":1302},{\"@type\":\"BreadcrumbList\",\"@id\":\"https:\\\/\\\/alexsa-verlag.de\\\/produkt\\\/die-prinzessin-im-drachenschloss-textbuch\\\/#breadcrumb\",\"itemListElement\":[{\"@type\":\"ListItem\",\"position\":1,\"name\":\"Startseite\",\"item\":\"https:\\\/\\\/alexsa-verlag.de\\\/\"},{\"@type\":\"ListItem\",\"position\":2,\"name\":\"Shop\",\"item\":\"https:\\\/\\\/alexsa-verlag.de\\\/shop\\\/\"},{\"@type\":\"ListItem\",\"position\":3,\"name\":\"Die Prinzessin im Drachenschloss &#8211; Textbuch\"}]},{\"@type\":\"WebSite\",\"@id\":\"https:\\\/\\\/alexsa-verlag.de\\\/#website\",\"url\":\"https:\\\/\\\/alexsa-verlag.de\\\/\",\"name\":\"\u0418\u0437\u0434\u0430\u0442\u0435\u043b\u044c\u0441\u0442\u0432\u043e &quot;\u0410\u043b\u0435\u043a\u0441\u0430&quot;\",\"description\":\"\u0411\u0435\u0440\u043b\u0438\u043d\",\"potentialAction\":[{\"@type\":\"SearchAction\",\"target\":{\"@type\":\"EntryPoint\",\"urlTemplate\":\"https:\\\/\\\/alexsa-verlag.de\\\/?s={search_term_string}\"},\"query-input\":{\"@type\":\"PropertyValueSpecification\",\"valueRequired\":true,\"valueName\":\"search_term_string\"}}],\"inLanguage\":\"ru-RU\"}]}<\/script>\n<!-- \/ Yoast SEO plugin. -->","yoast_head_json":{"title":"Die Prinzessin im Drachenschloss - Textbuch - \u0418\u0437\u0434\u0430\u0442\u0435\u043b\u044c\u0441\u0442\u0432\u043e &quot;\u0410\u043b\u0435\u043a\u0441\u0430&quot;","robots":{"index":"index","follow":"follow","max-snippet":"max-snippet:-1","max-image-preview":"max-image-preview:large","max-video-preview":"max-video-preview:-1"},"canonical":"https:\/\/alexsa-verlag.de\/produkt\/die-prinzessin-im-drachenschloss-textbuch\/","og_locale":"ru_RU","og_type":"article","og_title":"Die Prinzessin im Drachenschloss - Textbuch - \u0418\u0437\u0434\u0430\u0442\u0435\u043b\u044c\u0441\u0442\u0432\u043e &quot;\u0410\u043b\u0435\u043a\u0441\u0430&quot;","og_url":"https:\/\/alexsa-verlag.de\/produkt\/die-prinzessin-im-drachenschloss-textbuch\/","og_site_name":"\u0418\u0437\u0434\u0430\u0442\u0435\u043b\u044c\u0441\u0442\u0432\u043e &quot;\u0410\u043b\u0435\u043a\u0441\u0430&quot;","article_modified_time":"2024-11-28T07:32:05+00:00","og_image":[{"width":1257,"height":1302,"url":"https:\/\/alexsa-verlag.de\/wp-content\/uploads\/2021\/02\/q.png","type":"image\/png"}],"twitter_card":"summary_large_image","schema":{"@context":"https:\/\/schema.org","@graph":[{"@type":"WebPage","@id":"https:\/\/alexsa-verlag.de\/produkt\/die-prinzessin-im-drachenschloss-textbuch\/","url":"https:\/\/alexsa-verlag.de\/produkt\/die-prinzessin-im-drachenschloss-textbuch\/","name":"Die Prinzessin im Drachenschloss - Textbuch - \u0418\u0437\u0434\u0430\u0442\u0435\u043b\u044c\u0441\u0442\u0432\u043e &quot;\u0410\u043b\u0435\u043a\u0441\u0430&quot;","isPartOf":{"@id":"https:\/\/alexsa-verlag.de\/#website"},"primaryImageOfPage":{"@id":"https:\/\/alexsa-verlag.de\/produkt\/die-prinzessin-im-drachenschloss-textbuch\/#primaryimage"},"image":{"@id":"https:\/\/alexsa-verlag.de\/produkt\/die-prinzessin-im-drachenschloss-textbuch\/#primaryimage"},"thumbnailUrl":"https:\/\/alexsa-verlag.de\/wp-content\/uploads\/2021\/02\/q.png","datePublished":"2021-02-27T00:38:42+00:00","dateModified":"2024-11-28T07:32:05+00:00","breadcrumb":{"@id":"https:\/\/alexsa-verlag.de\/produkt\/die-prinzessin-im-drachenschloss-textbuch\/#breadcrumb"},"inLanguage":"ru-RU","potentialAction":[{"@type":"ReadAction","target":["https:\/\/alexsa-verlag.de\/produkt\/die-prinzessin-im-drachenschloss-textbuch\/"]}]},{"@type":"ImageObject","inLanguage":"ru-RU","@id":"https:\/\/alexsa-verlag.de\/produkt\/die-prinzessin-im-drachenschloss-textbuch\/#primaryimage","url":"https:\/\/alexsa-verlag.de\/wp-content\/uploads\/2021\/02\/q.png","contentUrl":"https:\/\/alexsa-verlag.de\/wp-content\/uploads\/2021\/02\/q.png","width":1257,"height":1302},{"@type":"BreadcrumbList","@id":"https:\/\/alexsa-verlag.de\/produkt\/die-prinzessin-im-drachenschloss-textbuch\/#breadcrumb","itemListElement":[{"@type":"ListItem","position":1,"name":"Startseite","item":"https:\/\/alexsa-verlag.de\/"},{"@type":"ListItem","position":2,"name":"Shop","item":"https:\/\/alexsa-verlag.de\/shop\/"},{"@type":"ListItem","position":3,"name":"Die Prinzessin im Drachenschloss &#8211; Textbuch"}]},{"@type":"WebSite","@id":"https:\/\/alexsa-verlag.de\/#website","url":"https:\/\/alexsa-verlag.de\/","name":"\u0418\u0437\u0434\u0430\u0442\u0435\u043b\u044c\u0441\u0442\u0432\u043e &quot;\u0410\u043b\u0435\u043a\u0441\u0430&quot;","description":"\u0411\u0435\u0440\u043b\u0438\u043d","potentialAction":[{"@type":"SearchAction","target":{"@type":"EntryPoint","urlTemplate":"https:\/\/alexsa-verlag.de\/?s={search_term_string}"},"query-input":{"@type":"PropertyValueSpecification","valueRequired":true,"valueName":"search_term_string"}}],"inLanguage":"ru-RU"}]}},"jetpack_publicize_connections":[],"jetpack_sharing_enabled":true,"_links":{"self":[{"href":"https:\/\/alexsa-verlag.de\/ru\/wp-json\/wp\/v2\/product\/1912","targetHints":{"allow":["GET"]}}],"collection":[{"href":"https:\/\/alexsa-verlag.de\/ru\/wp-json\/wp\/v2\/product"}],"about":[{"href":"https:\/\/alexsa-verlag.de\/ru\/wp-json\/wp\/v2\/types\/product"}],"replies":[{"embeddable":true,"href":"https:\/\/alexsa-verlag.de\/ru\/wp-json\/wp\/v2\/comments?post=1912"}],"wp:featuredmedia":[{"embeddable":true,"href":"https:\/\/alexsa-verlag.de\/ru\/wp-json\/wp\/v2\/media\/3349"}],"wp:attachment":[{"href":"https:\/\/alexsa-verlag.de\/ru\/wp-json\/wp\/v2\/media?parent=1912"}],"wp:term":[{"taxonomy":"product_brand","embeddable":true,"href":"https:\/\/alexsa-verlag.de\/ru\/wp-json\/wp\/v2\/product_brand?post=1912"},{"taxonomy":"product_cat","embeddable":true,"href":"https:\/\/alexsa-verlag.de\/ru\/wp-json\/wp\/v2\/product_cat?post=1912"},{"taxonomy":"product_tag","embeddable":true,"href":"https:\/\/alexsa-verlag.de\/ru\/wp-json\/wp\/v2\/product_tag?post=1912"}],"curies":[{"name":"wp","href":"https:\/\/api.w.org\/{rel}","templated":true}]}}