{"id":1909,"date":"2021-02-27T01:23:09","date_gmt":"2021-02-27T00:23:09","guid":{"rendered":"https:\/\/alexsa-verlag.de\/?post_type=product&#038;p=1909"},"modified":"2024-11-28T08:33:02","modified_gmt":"2024-11-28T07:33:02","slug":"wenns-knallt-faellt-der-blick-in-ohnmacht-alarm-im-unterbewusstseinspalast","status":"publish","type":"product","link":"https:\/\/alexsa-verlag.de\/ru\/produkt\/wenns-knallt-faellt-der-blick-in-ohnmacht-alarm-im-unterbewusstseinspalast\/","title":{"rendered":"Wenn&#8217;s knallt, f\u00e4llt der Blick in Ohnmacht &#8211; Alarm im Unter- bewusstseinspalast"},"content":{"rendered":"<p>Was passiert im &#8220;Unterbewusstseinspalast&#8221; eines 17-J\u00e4hrigen, wenn Amor seinen Pfeil gelandet hat?<\/p>\n<p>Ein spannendes Lesest\u00fcck f\u00fcr junge Leute \u00fcber die Liebe und was sonst noch dazu geh\u00f6rt. Aufgeschrieben von Susanne Jura.<\/p>\n","protected":false},"excerpt":{"rendered":"<p>Was passiert im &#8220;Unterbewusstseinspalast&#8221; eines 17-J\u00e4hrigen, wenn Amor seinen Pfeil gelandet hat? Ein spannendes Lesest\u00fcck f\u00fcr junge Leute \u00fcber die Liebe und was sonst noch dazu geh\u00f6rt. Aufgeschrieben von Susanne Jura.<\/p>\n","protected":false},"featured_media":3273,"comment_status":"closed","ping_status":"closed","template":"","meta":{"jetpack_post_was_ever_published":false,"jetpack_publicize_message":"","jetpack_publicize_feature_enabled":true,"jetpack_social_post_already_shared":true,"jetpack_social_options":{"image_generator_settings":{"template":"highway","default_image_id":0,"font":"","enabled":false},"version":2}},"product_brand":[],"product_cat":[77,75],"product_tag":[],"class_list":{"0":"post-1909","1":"product","2":"type-product","3":"status-publish","4":"has-post-thumbnail","6":"product_cat-buecher","7":"product_cat-lesestueck","9":"first","10":"instock","11":"purchasable","12":"product-type-simple"},"translation":{"provider":"WPGlobus","version":"3.0.0","language":"ru","enabled_languages":["de","ru"],"languages":{"de":{"title":true,"content":true,"excerpt":false},"ru":{"title":false,"content":false,"excerpt":false}}},"yoast_head":"<!-- This site is optimized with the Yoast SEO plugin v27.4 - https:\/\/yoast.com\/product\/yoast-seo-wordpress\/ -->\n<title>Wenn&#039;s knallt, f\u00e4llt der Blick in Ohnmacht - Alarm im Unter- bewusstseinspalast - \u0418\u0437\u0434\u0430\u0442\u0435\u043b\u044c\u0441\u0442\u0432\u043e &quot;\u0410\u043b\u0435\u043a\u0441\u0430&quot;<\/title>\n<meta name=\"robots\" content=\"index, follow, max-snippet:-1, max-image-preview:large, max-video-preview:-1\" \/>\n<link rel=\"canonical\" href=\"https:\/\/alexsa-verlag.de\/produkt\/wenns-knallt-faellt-der-blick-in-ohnmacht-alarm-im-unterbewusstseinspalast\/\" \/>\n<meta property=\"og:locale\" content=\"ru_RU\" \/>\n<meta property=\"og:type\" content=\"article\" \/>\n<meta property=\"og:title\" content=\"Wenn&#039;s knallt, f\u00e4llt der Blick in Ohnmacht - Alarm im Unter- bewusstseinspalast - \u0418\u0437\u0434\u0430\u0442\u0435\u043b\u044c\u0441\u0442\u0432\u043e &quot;\u0410\u043b\u0435\u043a\u0441\u0430&quot;\" \/>\n<meta property=\"og:url\" content=\"https:\/\/alexsa-verlag.de\/produkt\/wenns-knallt-faellt-der-blick-in-ohnmacht-alarm-im-unterbewusstseinspalast\/\" \/>\n<meta property=\"og:site_name\" content=\"\u0418\u0437\u0434\u0430\u0442\u0435\u043b\u044c\u0441\u0442\u0432\u043e &quot;\u0410\u043b\u0435\u043a\u0441\u0430&quot;\" \/>\n<meta property=\"article:modified_time\" content=\"2024-11-28T07:33:02+00:00\" \/>\n<meta property=\"og:image\" content=\"https:\/\/alexsa-verlag.de\/wp-content\/uploads\/2021\/02\/Bild1-3.png\" \/>\n\t<meta property=\"og:image:width\" content=\"1739\" \/>\n\t<meta property=\"og:image:height\" content=\"1772\" \/>\n\t<meta property=\"og:image:type\" content=\"image\/png\" \/>\n<meta name=\"twitter:card\" content=\"summary_large_image\" \/>\n<script type=\"application\/ld+json\" class=\"yoast-schema-graph\">{\"@context\":\"https:\\\/\\\/schema.org\",\"@graph\":[{\"@type\":\"WebPage\",\"@id\":\"https:\\\/\\\/alexsa-verlag.de\\\/produkt\\\/wenns-knallt-faellt-der-blick-in-ohnmacht-alarm-im-unterbewusstseinspalast\\\/\",\"url\":\"https:\\\/\\\/alexsa-verlag.de\\\/produkt\\\/wenns-knallt-faellt-der-blick-in-ohnmacht-alarm-im-unterbewusstseinspalast\\\/\",\"name\":\"Wenn's knallt, f\u00e4llt der Blick in Ohnmacht - Alarm im Unter- bewusstseinspalast - \u0418\u0437\u0434\u0430\u0442\u0435\u043b\u044c\u0441\u0442\u0432\u043e &quot;\u0410\u043b\u0435\u043a\u0441\u0430&quot;\",\"isPartOf\":{\"@id\":\"https:\\\/\\\/alexsa-verlag.de\\\/#website\"},\"primaryImageOfPage\":{\"@id\":\"https:\\\/\\\/alexsa-verlag.de\\\/produkt\\\/wenns-knallt-faellt-der-blick-in-ohnmacht-alarm-im-unterbewusstseinspalast\\\/#primaryimage\"},\"image\":{\"@id\":\"https:\\\/\\\/alexsa-verlag.de\\\/produkt\\\/wenns-knallt-faellt-der-blick-in-ohnmacht-alarm-im-unterbewusstseinspalast\\\/#primaryimage\"},\"thumbnailUrl\":\"https:\\\/\\\/alexsa-verlag.de\\\/wp-content\\\/uploads\\\/2021\\\/02\\\/Bild1-3.png\",\"datePublished\":\"2021-02-27T00:23:09+00:00\",\"dateModified\":\"2024-11-28T07:33:02+00:00\",\"breadcrumb\":{\"@id\":\"https:\\\/\\\/alexsa-verlag.de\\\/produkt\\\/wenns-knallt-faellt-der-blick-in-ohnmacht-alarm-im-unterbewusstseinspalast\\\/#breadcrumb\"},\"inLanguage\":\"ru-RU\",\"potentialAction\":[{\"@type\":\"ReadAction\",\"target\":[\"https:\\\/\\\/alexsa-verlag.de\\\/produkt\\\/wenns-knallt-faellt-der-blick-in-ohnmacht-alarm-im-unterbewusstseinspalast\\\/\"]}]},{\"@type\":\"ImageObject\",\"inLanguage\":\"ru-RU\",\"@id\":\"https:\\\/\\\/alexsa-verlag.de\\\/produkt\\\/wenns-knallt-faellt-der-blick-in-ohnmacht-alarm-im-unterbewusstseinspalast\\\/#primaryimage\",\"url\":\"https:\\\/\\\/alexsa-verlag.de\\\/wp-content\\\/uploads\\\/2021\\\/02\\\/Bild1-3.png\",\"contentUrl\":\"https:\\\/\\\/alexsa-verlag.de\\\/wp-content\\\/uploads\\\/2021\\\/02\\\/Bild1-3.png\",\"width\":1739,\"height\":1772},{\"@type\":\"BreadcrumbList\",\"@id\":\"https:\\\/\\\/alexsa-verlag.de\\\/produkt\\\/wenns-knallt-faellt-der-blick-in-ohnmacht-alarm-im-unterbewusstseinspalast\\\/#breadcrumb\",\"itemListElement\":[{\"@type\":\"ListItem\",\"position\":1,\"name\":\"Startseite\",\"item\":\"https:\\\/\\\/alexsa-verlag.de\\\/\"},{\"@type\":\"ListItem\",\"position\":2,\"name\":\"Shop\",\"item\":\"https:\\\/\\\/alexsa-verlag.de\\\/shop\\\/\"},{\"@type\":\"ListItem\",\"position\":3,\"name\":\"Wenn&#8217;s knallt, f\u00e4llt der Blick in Ohnmacht &#8211; Alarm im Unter- bewusstseinspalast\"}]},{\"@type\":\"WebSite\",\"@id\":\"https:\\\/\\\/alexsa-verlag.de\\\/#website\",\"url\":\"https:\\\/\\\/alexsa-verlag.de\\\/\",\"name\":\"\u0418\u0437\u0434\u0430\u0442\u0435\u043b\u044c\u0441\u0442\u0432\u043e &quot;\u0410\u043b\u0435\u043a\u0441\u0430&quot;\",\"description\":\"\u0411\u0435\u0440\u043b\u0438\u043d\",\"potentialAction\":[{\"@type\":\"SearchAction\",\"target\":{\"@type\":\"EntryPoint\",\"urlTemplate\":\"https:\\\/\\\/alexsa-verlag.de\\\/?s={search_term_string}\"},\"query-input\":{\"@type\":\"PropertyValueSpecification\",\"valueRequired\":true,\"valueName\":\"search_term_string\"}}],\"inLanguage\":\"ru-RU\"}]}<\/script>\n<!-- \/ Yoast SEO plugin. -->","yoast_head_json":{"title":"Wenn's knallt, f\u00e4llt der Blick in Ohnmacht - Alarm im Unter- bewusstseinspalast - \u0418\u0437\u0434\u0430\u0442\u0435\u043b\u044c\u0441\u0442\u0432\u043e &quot;\u0410\u043b\u0435\u043a\u0441\u0430&quot;","robots":{"index":"index","follow":"follow","max-snippet":"max-snippet:-1","max-image-preview":"max-image-preview:large","max-video-preview":"max-video-preview:-1"},"canonical":"https:\/\/alexsa-verlag.de\/produkt\/wenns-knallt-faellt-der-blick-in-ohnmacht-alarm-im-unterbewusstseinspalast\/","og_locale":"ru_RU","og_type":"article","og_title":"Wenn's knallt, f\u00e4llt der Blick in Ohnmacht - Alarm im Unter- bewusstseinspalast - \u0418\u0437\u0434\u0430\u0442\u0435\u043b\u044c\u0441\u0442\u0432\u043e &quot;\u0410\u043b\u0435\u043a\u0441\u0430&quot;","og_url":"https:\/\/alexsa-verlag.de\/produkt\/wenns-knallt-faellt-der-blick-in-ohnmacht-alarm-im-unterbewusstseinspalast\/","og_site_name":"\u0418\u0437\u0434\u0430\u0442\u0435\u043b\u044c\u0441\u0442\u0432\u043e &quot;\u0410\u043b\u0435\u043a\u0441\u0430&quot;","article_modified_time":"2024-11-28T07:33:02+00:00","og_image":[{"width":1739,"height":1772,"url":"https:\/\/alexsa-verlag.de\/wp-content\/uploads\/2021\/02\/Bild1-3.png","type":"image\/png"}],"twitter_card":"summary_large_image","schema":{"@context":"https:\/\/schema.org","@graph":[{"@type":"WebPage","@id":"https:\/\/alexsa-verlag.de\/produkt\/wenns-knallt-faellt-der-blick-in-ohnmacht-alarm-im-unterbewusstseinspalast\/","url":"https:\/\/alexsa-verlag.de\/produkt\/wenns-knallt-faellt-der-blick-in-ohnmacht-alarm-im-unterbewusstseinspalast\/","name":"Wenn's knallt, f\u00e4llt der Blick in Ohnmacht - Alarm im Unter- bewusstseinspalast - \u0418\u0437\u0434\u0430\u0442\u0435\u043b\u044c\u0441\u0442\u0432\u043e &quot;\u0410\u043b\u0435\u043a\u0441\u0430&quot;","isPartOf":{"@id":"https:\/\/alexsa-verlag.de\/#website"},"primaryImageOfPage":{"@id":"https:\/\/alexsa-verlag.de\/produkt\/wenns-knallt-faellt-der-blick-in-ohnmacht-alarm-im-unterbewusstseinspalast\/#primaryimage"},"image":{"@id":"https:\/\/alexsa-verlag.de\/produkt\/wenns-knallt-faellt-der-blick-in-ohnmacht-alarm-im-unterbewusstseinspalast\/#primaryimage"},"thumbnailUrl":"https:\/\/alexsa-verlag.de\/wp-content\/uploads\/2021\/02\/Bild1-3.png","datePublished":"2021-02-27T00:23:09+00:00","dateModified":"2024-11-28T07:33:02+00:00","breadcrumb":{"@id":"https:\/\/alexsa-verlag.de\/produkt\/wenns-knallt-faellt-der-blick-in-ohnmacht-alarm-im-unterbewusstseinspalast\/#breadcrumb"},"inLanguage":"ru-RU","potentialAction":[{"@type":"ReadAction","target":["https:\/\/alexsa-verlag.de\/produkt\/wenns-knallt-faellt-der-blick-in-ohnmacht-alarm-im-unterbewusstseinspalast\/"]}]},{"@type":"ImageObject","inLanguage":"ru-RU","@id":"https:\/\/alexsa-verlag.de\/produkt\/wenns-knallt-faellt-der-blick-in-ohnmacht-alarm-im-unterbewusstseinspalast\/#primaryimage","url":"https:\/\/alexsa-verlag.de\/wp-content\/uploads\/2021\/02\/Bild1-3.png","contentUrl":"https:\/\/alexsa-verlag.de\/wp-content\/uploads\/2021\/02\/Bild1-3.png","width":1739,"height":1772},{"@type":"BreadcrumbList","@id":"https:\/\/alexsa-verlag.de\/produkt\/wenns-knallt-faellt-der-blick-in-ohnmacht-alarm-im-unterbewusstseinspalast\/#breadcrumb","itemListElement":[{"@type":"ListItem","position":1,"name":"Startseite","item":"https:\/\/alexsa-verlag.de\/"},{"@type":"ListItem","position":2,"name":"Shop","item":"https:\/\/alexsa-verlag.de\/shop\/"},{"@type":"ListItem","position":3,"name":"Wenn&#8217;s knallt, f\u00e4llt der Blick in Ohnmacht &#8211; Alarm im Unter- bewusstseinspalast"}]},{"@type":"WebSite","@id":"https:\/\/alexsa-verlag.de\/#website","url":"https:\/\/alexsa-verlag.de\/","name":"\u0418\u0437\u0434\u0430\u0442\u0435\u043b\u044c\u0441\u0442\u0432\u043e &quot;\u0410\u043b\u0435\u043a\u0441\u0430&quot;","description":"\u0411\u0435\u0440\u043b\u0438\u043d","potentialAction":[{"@type":"SearchAction","target":{"@type":"EntryPoint","urlTemplate":"https:\/\/alexsa-verlag.de\/?s={search_term_string}"},"query-input":{"@type":"PropertyValueSpecification","valueRequired":true,"valueName":"search_term_string"}}],"inLanguage":"ru-RU"}]}},"jetpack_publicize_connections":[],"jetpack_sharing_enabled":true,"_links":{"self":[{"href":"https:\/\/alexsa-verlag.de\/ru\/wp-json\/wp\/v2\/product\/1909","targetHints":{"allow":["GET"]}}],"collection":[{"href":"https:\/\/alexsa-verlag.de\/ru\/wp-json\/wp\/v2\/product"}],"about":[{"href":"https:\/\/alexsa-verlag.de\/ru\/wp-json\/wp\/v2\/types\/product"}],"replies":[{"embeddable":true,"href":"https:\/\/alexsa-verlag.de\/ru\/wp-json\/wp\/v2\/comments?post=1909"}],"wp:featuredmedia":[{"embeddable":true,"href":"https:\/\/alexsa-verlag.de\/ru\/wp-json\/wp\/v2\/media\/3273"}],"wp:attachment":[{"href":"https:\/\/alexsa-verlag.de\/ru\/wp-json\/wp\/v2\/media?parent=1909"}],"wp:term":[{"taxonomy":"product_brand","embeddable":true,"href":"https:\/\/alexsa-verlag.de\/ru\/wp-json\/wp\/v2\/product_brand?post=1909"},{"taxonomy":"product_cat","embeddable":true,"href":"https:\/\/alexsa-verlag.de\/ru\/wp-json\/wp\/v2\/product_cat?post=1909"},{"taxonomy":"product_tag","embeddable":true,"href":"https:\/\/alexsa-verlag.de\/ru\/wp-json\/wp\/v2\/product_tag?post=1909"}],"curies":[{"name":"wp","href":"https:\/\/api.w.org\/{rel}","templated":true}]}}