{"id":1813,"date":"2020-12-19T01:40:12","date_gmt":"2020-12-19T00:40:12","guid":{"rendered":"https:\/\/alexsa-verlag.de\/?post_type=product&#038;p=1813"},"modified":"2024-11-28T08:39:54","modified_gmt":"2024-11-28T07:39:54","slug":"spielpupen","status":"publish","type":"product","link":"https:\/\/alexsa-verlag.de\/ru\/produkt\/spielpupen\/","title":{"rendered":"verschiedene Spielpuppen"},"content":{"rendered":"<p>Alle Puppen auf dieser Seite sind Einzelst\u00fccke aus der Spielzeugwerkstatt von Susanne Jura.<\/p>\n<p>Der Preis f\u00fcr eine Puppe betr\u00e4gt 140,-\u20ac<\/p>\n<p>Bei Interesse ist es am besten, sich direkt an die Gestalterin zu wenden unter 030 \/ 566 57 27, denn manche Puppen sind inzwischen schon verkauft. Es ist aber m\u00f6glich, eine \u00e4hnliche Puppe zu bestellen, sie wird dann direkt angefertigt.<\/p>\n<h4>Nobi und Kisli<\/h4>\n<p>wunderbar bewegliche Babypuppen mit ausdrucksstarken Gesichtern<\/p>\n<p>Gr\u00f6\u00dfe: 50 cm<\/p>\n<p>&nbsp;<\/p>\n<p><img loading=\"lazy\" decoding=\"async\" class=\"alignnone wp-image-1794\" src=\"https:\/\/alexsa-verlag.de\/wp-content\/uploads\/2020\/12\/DSC01672-199x300.jpg\" alt=\"\" width=\"255\" height=\"384\" \/> <img loading=\"lazy\" decoding=\"async\" class=\"alignnone wp-image-1788\" src=\"https:\/\/alexsa-verlag.de\/wp-content\/uploads\/2020\/12\/DSC01666-205x300.jpg\" alt=\"\" width=\"261\" height=\"382\" srcset=\"https:\/\/alexsa-verlag.de\/wp-content\/uploads\/2020\/12\/DSC01666-205x300.jpg 205w, https:\/\/alexsa-verlag.de\/wp-content\/uploads\/2020\/12\/DSC01666-400x585.jpg 400w, https:\/\/alexsa-verlag.de\/wp-content\/uploads\/2020\/12\/DSC01666-700x1024.jpg 700w, https:\/\/alexsa-verlag.de\/wp-content\/uploads\/2020\/12\/DSC01666-768x1123.jpg 768w, https:\/\/alexsa-verlag.de\/wp-content\/uploads\/2020\/12\/DSC01666-1051x1536.jpg 1051w, https:\/\/alexsa-verlag.de\/wp-content\/uploads\/2020\/12\/DSC01666-1401x2048.jpg 1401w, https:\/\/alexsa-verlag.de\/wp-content\/uploads\/2020\/12\/DSC01666-1200x1755.jpg 1200w, https:\/\/alexsa-verlag.de\/wp-content\/uploads\/2020\/12\/DSC01666.jpg 1465w\" sizes=\"auto, (max-width: 261px) 85vw, 261px\" \/><\/p>\n<p>&nbsp;<\/p>\n<h4>Puppen zum Spielen und Liebhaben<\/h4>\n<h5>Greta\u00a0 \u00a0 (50 cm)\u00a0 \u00a0 \u00a0 \u00a0 \u00a0 \u00a0 \u00a0 \u00a0 \u00a0 \u00a0 \u00a0 \u00a0 \u00a0 \u00a0 \u00a0Jonathan\u00a0 (42 cm)<\/h5>\n<p><img loading=\"lazy\" decoding=\"async\" class=\"alignnone wp-image-1787\" src=\"https:\/\/alexsa-verlag.de\/wp-content\/uploads\/2020\/12\/DSC01662-224x300.jpg\" alt=\"\" width=\"268\" height=\"359\" srcset=\"https:\/\/alexsa-verlag.de\/wp-content\/uploads\/2020\/12\/DSC01662-224x300.jpg 224w, https:\/\/alexsa-verlag.de\/wp-content\/uploads\/2020\/12\/DSC01662-400x536.jpg 400w, https:\/\/alexsa-verlag.de\/wp-content\/uploads\/2020\/12\/DSC01662-764x1024.jpg 764w, https:\/\/alexsa-verlag.de\/wp-content\/uploads\/2020\/12\/DSC01662-768x1029.jpg 768w, https:\/\/alexsa-verlag.de\/wp-content\/uploads\/2020\/12\/DSC01662-1147x1536.jpg 1147w, https:\/\/alexsa-verlag.de\/wp-content\/uploads\/2020\/12\/DSC01662-1200x1607.jpg 1200w, https:\/\/alexsa-verlag.de\/wp-content\/uploads\/2020\/12\/DSC01662.jpg 1505w\" sizes=\"auto, (max-width: 268px) 85vw, 268px\" \/> <img loading=\"lazy\" decoding=\"async\" class=\"alignnone wp-image-1785\" src=\"https:\/\/alexsa-verlag.de\/wp-content\/uploads\/2020\/12\/DSC01671-199x300.jpg\" alt=\"\" width=\"242\" height=\"367\" \/><img loading=\"lazy\" decoding=\"async\" class=\"alignnone wp-image-1790\" src=\"https:\/\/alexsa-verlag.de\/wp-content\/uploads\/2020\/12\/DSC01665-209x300.jpg\" alt=\"\" width=\"260\" height=\"370\" \/> <img loading=\"lazy\" decoding=\"async\" class=\"alignnone wp-image-1789\" src=\"https:\/\/alexsa-verlag.de\/wp-content\/uploads\/2020\/12\/DSC01670-199x300.jpg\" alt=\"\" width=\"245\" height=\"367\" \/><\/p>\n<h5>Benjamin\u00a0 (42 cm)\u00a0 \u00a0 \u00a0 \u00a0 \u00a0 \u00a0 \u00a0 \u00a0 \u00a0 \u00a0 \u00a0Mathilda (50 cm)<\/h5>\n<p>&nbsp;<\/p>\n","protected":false},"excerpt":{"rendered":"<p>Alle Puppen auf dieser Seite sind Einzelst\u00fccke aus der Spielzeugwerkstatt von Susanne Jura. Der Preis f\u00fcr eine Puppe betr\u00e4gt 140,-\u20ac Bei Interesse ist es am besten, sich direkt an die Gestalterin zu wenden unter 030 \/ 566 57 27, denn manche Puppen sind inzwischen schon verkauft. Es ist aber m\u00f6glich, eine \u00e4hnliche Puppe zu bestellen, &hellip; <a href=\"https:\/\/alexsa-verlag.de\/ru\/produkt\/spielpupen\/\" class=\"more-link\">Continue reading<span class=\"screen-reader-text\"> &#8220;verschiedene Spielpuppen&#8221;<\/span><\/a><\/p>\n","protected":false},"featured_media":2267,"comment_status":"closed","ping_status":"closed","template":"","meta":{"jetpack_post_was_ever_published":false,"jetpack_publicize_message":"","jetpack_publicize_feature_enabled":true,"jetpack_social_post_already_shared":true,"jetpack_social_options":{"image_generator_settings":{"template":"highway","default_image_id":0,"font":"","enabled":false},"version":2}},"product_brand":[],"product_cat":[58,70],"product_tag":[],"class_list":{"0":"post-1813","1":"product","2":"type-product","3":"status-publish","4":"has-post-thumbnail","6":"product_cat-puppen","7":"product_cat-spielsachen","9":"first","10":"instock","11":"purchasable","12":"product-type-simple"},"translation":{"provider":"WPGlobus","version":"3.0.0","language":"ru","enabled_languages":["de","ru"],"languages":{"de":{"title":true,"content":true,"excerpt":false},"ru":{"title":false,"content":false,"excerpt":false}}},"yoast_head":"<!-- This site is optimized with the Yoast SEO plugin v27.4 - https:\/\/yoast.com\/product\/yoast-seo-wordpress\/ -->\n<title>verschiedene Spielpuppen - \u0418\u0437\u0434\u0430\u0442\u0435\u043b\u044c\u0441\u0442\u0432\u043e &quot;\u0410\u043b\u0435\u043a\u0441\u0430&quot;<\/title>\n<meta name=\"robots\" content=\"index, follow, max-snippet:-1, max-image-preview:large, max-video-preview:-1\" \/>\n<link rel=\"canonical\" href=\"https:\/\/alexsa-verlag.de\/produkt\/spielpupen\/\" \/>\n<meta property=\"og:locale\" content=\"ru_RU\" \/>\n<meta property=\"og:type\" content=\"article\" \/>\n<meta property=\"og:title\" content=\"verschiedene Spielpuppen - \u0418\u0437\u0434\u0430\u0442\u0435\u043b\u044c\u0441\u0442\u0432\u043e &quot;\u0410\u043b\u0435\u043a\u0441\u0430&quot;\" \/>\n<meta property=\"og:url\" content=\"https:\/\/alexsa-verlag.de\/produkt\/spielpupen\/\" \/>\n<meta property=\"og:site_name\" content=\"\u0418\u0437\u0434\u0430\u0442\u0435\u043b\u044c\u0441\u0442\u0432\u043e &quot;\u0410\u043b\u0435\u043a\u0441\u0430&quot;\" \/>\n<meta property=\"article:modified_time\" content=\"2024-11-28T07:39:54+00:00\" \/>\n<meta property=\"og:image\" content=\"https:\/\/alexsa-verlag.de\/wp-content\/uploads\/2020\/12\/kuni-1024x977.png\" \/>\n\t<meta property=\"og:image:width\" content=\"1024\" \/>\n\t<meta property=\"og:image:height\" content=\"977\" \/>\n\t<meta property=\"og:image:type\" content=\"image\/png\" \/>\n<meta name=\"twitter:card\" content=\"summary_large_image\" \/>\n<meta name=\"twitter:label1\" content=\"Est. reading time\" \/>\n\t<meta name=\"twitter:data1\" content=\"2 minutes\" \/>\n<script type=\"application\/ld+json\" class=\"yoast-schema-graph\">{\"@context\":\"https:\\\/\\\/schema.org\",\"@graph\":[{\"@type\":\"WebPage\",\"@id\":\"https:\\\/\\\/alexsa-verlag.de\\\/produkt\\\/spielpupen\\\/\",\"url\":\"https:\\\/\\\/alexsa-verlag.de\\\/produkt\\\/spielpupen\\\/\",\"name\":\"verschiedene Spielpuppen - \u0418\u0437\u0434\u0430\u0442\u0435\u043b\u044c\u0441\u0442\u0432\u043e &quot;\u0410\u043b\u0435\u043a\u0441\u0430&quot;\",\"isPartOf\":{\"@id\":\"https:\\\/\\\/alexsa-verlag.de\\\/#website\"},\"primaryImageOfPage\":{\"@id\":\"https:\\\/\\\/alexsa-verlag.de\\\/produkt\\\/spielpupen\\\/#primaryimage\"},\"image\":{\"@id\":\"https:\\\/\\\/alexsa-verlag.de\\\/produkt\\\/spielpupen\\\/#primaryimage\"},\"thumbnailUrl\":\"https:\\\/\\\/alexsa-verlag.de\\\/wp-content\\\/uploads\\\/2020\\\/12\\\/kuni.png\",\"datePublished\":\"2020-12-19T00:40:12+00:00\",\"dateModified\":\"2024-11-28T07:39:54+00:00\",\"breadcrumb\":{\"@id\":\"https:\\\/\\\/alexsa-verlag.de\\\/produkt\\\/spielpupen\\\/#breadcrumb\"},\"inLanguage\":\"ru-RU\",\"potentialAction\":[{\"@type\":\"ReadAction\",\"target\":[\"https:\\\/\\\/alexsa-verlag.de\\\/produkt\\\/spielpupen\\\/\"]}]},{\"@type\":\"ImageObject\",\"inLanguage\":\"ru-RU\",\"@id\":\"https:\\\/\\\/alexsa-verlag.de\\\/produkt\\\/spielpupen\\\/#primaryimage\",\"url\":\"https:\\\/\\\/alexsa-verlag.de\\\/wp-content\\\/uploads\\\/2020\\\/12\\\/kuni.png\",\"contentUrl\":\"https:\\\/\\\/alexsa-verlag.de\\\/wp-content\\\/uploads\\\/2020\\\/12\\\/kuni.png\",\"width\":2041,\"height\":1948},{\"@type\":\"BreadcrumbList\",\"@id\":\"https:\\\/\\\/alexsa-verlag.de\\\/produkt\\\/spielpupen\\\/#breadcrumb\",\"itemListElement\":[{\"@type\":\"ListItem\",\"position\":1,\"name\":\"Startseite\",\"item\":\"https:\\\/\\\/alexsa-verlag.de\\\/\"},{\"@type\":\"ListItem\",\"position\":2,\"name\":\"Shop\",\"item\":\"https:\\\/\\\/alexsa-verlag.de\\\/shop\\\/\"},{\"@type\":\"ListItem\",\"position\":3,\"name\":\"verschiedene Spielpuppen\"}]},{\"@type\":\"WebSite\",\"@id\":\"https:\\\/\\\/alexsa-verlag.de\\\/#website\",\"url\":\"https:\\\/\\\/alexsa-verlag.de\\\/\",\"name\":\"\u0418\u0437\u0434\u0430\u0442\u0435\u043b\u044c\u0441\u0442\u0432\u043e &quot;\u0410\u043b\u0435\u043a\u0441\u0430&quot;\",\"description\":\"\u0411\u0435\u0440\u043b\u0438\u043d\",\"potentialAction\":[{\"@type\":\"SearchAction\",\"target\":{\"@type\":\"EntryPoint\",\"urlTemplate\":\"https:\\\/\\\/alexsa-verlag.de\\\/?s={search_term_string}\"},\"query-input\":{\"@type\":\"PropertyValueSpecification\",\"valueRequired\":true,\"valueName\":\"search_term_string\"}}],\"inLanguage\":\"ru-RU\"}]}<\/script>\n<!-- \/ Yoast SEO plugin. -->","yoast_head_json":{"title":"verschiedene Spielpuppen - \u0418\u0437\u0434\u0430\u0442\u0435\u043b\u044c\u0441\u0442\u0432\u043e &quot;\u0410\u043b\u0435\u043a\u0441\u0430&quot;","robots":{"index":"index","follow":"follow","max-snippet":"max-snippet:-1","max-image-preview":"max-image-preview:large","max-video-preview":"max-video-preview:-1"},"canonical":"https:\/\/alexsa-verlag.de\/produkt\/spielpupen\/","og_locale":"ru_RU","og_type":"article","og_title":"verschiedene Spielpuppen - \u0418\u0437\u0434\u0430\u0442\u0435\u043b\u044c\u0441\u0442\u0432\u043e &quot;\u0410\u043b\u0435\u043a\u0441\u0430&quot;","og_url":"https:\/\/alexsa-verlag.de\/produkt\/spielpupen\/","og_site_name":"\u0418\u0437\u0434\u0430\u0442\u0435\u043b\u044c\u0441\u0442\u0432\u043e &quot;\u0410\u043b\u0435\u043a\u0441\u0430&quot;","article_modified_time":"2024-11-28T07:39:54+00:00","og_image":[{"width":1024,"height":977,"url":"https:\/\/alexsa-verlag.de\/wp-content\/uploads\/2020\/12\/kuni-1024x977.png","type":"image\/png"}],"twitter_card":"summary_large_image","twitter_misc":{"Est. reading time":"2 minutes"},"schema":{"@context":"https:\/\/schema.org","@graph":[{"@type":"WebPage","@id":"https:\/\/alexsa-verlag.de\/produkt\/spielpupen\/","url":"https:\/\/alexsa-verlag.de\/produkt\/spielpupen\/","name":"verschiedene Spielpuppen - \u0418\u0437\u0434\u0430\u0442\u0435\u043b\u044c\u0441\u0442\u0432\u043e &quot;\u0410\u043b\u0435\u043a\u0441\u0430&quot;","isPartOf":{"@id":"https:\/\/alexsa-verlag.de\/#website"},"primaryImageOfPage":{"@id":"https:\/\/alexsa-verlag.de\/produkt\/spielpupen\/#primaryimage"},"image":{"@id":"https:\/\/alexsa-verlag.de\/produkt\/spielpupen\/#primaryimage"},"thumbnailUrl":"https:\/\/alexsa-verlag.de\/wp-content\/uploads\/2020\/12\/kuni.png","datePublished":"2020-12-19T00:40:12+00:00","dateModified":"2024-11-28T07:39:54+00:00","breadcrumb":{"@id":"https:\/\/alexsa-verlag.de\/produkt\/spielpupen\/#breadcrumb"},"inLanguage":"ru-RU","potentialAction":[{"@type":"ReadAction","target":["https:\/\/alexsa-verlag.de\/produkt\/spielpupen\/"]}]},{"@type":"ImageObject","inLanguage":"ru-RU","@id":"https:\/\/alexsa-verlag.de\/produkt\/spielpupen\/#primaryimage","url":"https:\/\/alexsa-verlag.de\/wp-content\/uploads\/2020\/12\/kuni.png","contentUrl":"https:\/\/alexsa-verlag.de\/wp-content\/uploads\/2020\/12\/kuni.png","width":2041,"height":1948},{"@type":"BreadcrumbList","@id":"https:\/\/alexsa-verlag.de\/produkt\/spielpupen\/#breadcrumb","itemListElement":[{"@type":"ListItem","position":1,"name":"Startseite","item":"https:\/\/alexsa-verlag.de\/"},{"@type":"ListItem","position":2,"name":"Shop","item":"https:\/\/alexsa-verlag.de\/shop\/"},{"@type":"ListItem","position":3,"name":"verschiedene Spielpuppen"}]},{"@type":"WebSite","@id":"https:\/\/alexsa-verlag.de\/#website","url":"https:\/\/alexsa-verlag.de\/","name":"\u0418\u0437\u0434\u0430\u0442\u0435\u043b\u044c\u0441\u0442\u0432\u043e &quot;\u0410\u043b\u0435\u043a\u0441\u0430&quot;","description":"\u0411\u0435\u0440\u043b\u0438\u043d","potentialAction":[{"@type":"SearchAction","target":{"@type":"EntryPoint","urlTemplate":"https:\/\/alexsa-verlag.de\/?s={search_term_string}"},"query-input":{"@type":"PropertyValueSpecification","valueRequired":true,"valueName":"search_term_string"}}],"inLanguage":"ru-RU"}]}},"jetpack_publicize_connections":[],"jetpack_sharing_enabled":true,"_links":{"self":[{"href":"https:\/\/alexsa-verlag.de\/ru\/wp-json\/wp\/v2\/product\/1813","targetHints":{"allow":["GET"]}}],"collection":[{"href":"https:\/\/alexsa-verlag.de\/ru\/wp-json\/wp\/v2\/product"}],"about":[{"href":"https:\/\/alexsa-verlag.de\/ru\/wp-json\/wp\/v2\/types\/product"}],"replies":[{"embeddable":true,"href":"https:\/\/alexsa-verlag.de\/ru\/wp-json\/wp\/v2\/comments?post=1813"}],"wp:featuredmedia":[{"embeddable":true,"href":"https:\/\/alexsa-verlag.de\/ru\/wp-json\/wp\/v2\/media\/2267"}],"wp:attachment":[{"href":"https:\/\/alexsa-verlag.de\/ru\/wp-json\/wp\/v2\/media?parent=1813"}],"wp:term":[{"taxonomy":"product_brand","embeddable":true,"href":"https:\/\/alexsa-verlag.de\/ru\/wp-json\/wp\/v2\/product_brand?post=1813"},{"taxonomy":"product_cat","embeddable":true,"href":"https:\/\/alexsa-verlag.de\/ru\/wp-json\/wp\/v2\/product_cat?post=1813"},{"taxonomy":"product_tag","embeddable":true,"href":"https:\/\/alexsa-verlag.de\/ru\/wp-json\/wp\/v2\/product_tag?post=1813"}],"curies":[{"name":"wp","href":"https:\/\/api.w.org\/{rel}","templated":true}]}}