{"id":1643,"date":"2020-12-17T14:30:53","date_gmt":"2020-12-17T13:30:53","guid":{"rendered":"https:\/\/alexsa-verlag.de\/?post_type=product&#038;p=1643"},"modified":"2025-01-06T17:06:18","modified_gmt":"2025-01-06T16:06:18","slug":"skatspiel-fuenf-kontinente","status":"publish","type":"product","link":"https:\/\/alexsa-verlag.de\/ru\/produkt\/skatspiel-fuenf-kontinente\/","title":{"rendered":"Skatspiel &#8220;F\u00fcnf Kontinente&#8221;"},"content":{"rendered":"<p>Skatspiel in Klarsichtbox, wundersch\u00f6n illustriert von Susanne Jura<\/p>\n<p>limitierte Auflage 50 St\u00fcck, Bestellnummer 20-K-1011898<\/p>\n<p>Auf den Bildern dieses Kartenspiels sind M\u00e4dchen und Knaben, K\u00f6niginnen und K\u00f6nige alter Kulturen aus allen Teilen der Welt zu sehen.<\/p>\n<p>Weil es aber f\u00fcnf Erdteile, jedoch nur vier Kartenfarben gibt, wurden die Asse ebenfalls als Bildkarten gestaltet und zeigen vier M\u00e4dchen\u00a0 \u00a0aus verschiedenen afrikanischen L\u00e4ndern.<\/p>\n<p>F\u00fcr Europa steht das Alte Russland, f\u00fcr Asien das chinesische Kaiserreich, f\u00fcr S\u00fcdamerika die Herrschaft der Inka und f\u00fcr Australien die Kultur der Aborigines.<\/p>\n<p><img loading=\"lazy\" decoding=\"async\" class=\"alignnone size-medium wp-image-1652\" src=\"https:\/\/alexsa-verlag.de\/wp-content\/uploads\/2020\/12\/q-195x300.png\" alt=\"\" width=\"195\" height=\"300\" srcset=\"https:\/\/alexsa-verlag.de\/wp-content\/uploads\/2020\/12\/q-195x300.png 195w, https:\/\/alexsa-verlag.de\/wp-content\/uploads\/2020\/12\/q.png 336w\" sizes=\"auto, (max-width: 195px) 85vw, 195px\" \/> \u00a0\u00a0\u00a0\u00a0 <img loading=\"lazy\" decoding=\"async\" class=\"alignnone size-medium wp-image-1653\" src=\"https:\/\/alexsa-verlag.de\/wp-content\/uploads\/2020\/12\/qq-197x300.png\" alt=\"\" width=\"197\" height=\"300\" srcset=\"https:\/\/alexsa-verlag.de\/wp-content\/uploads\/2020\/12\/qq-197x300.png 197w, https:\/\/alexsa-verlag.de\/wp-content\/uploads\/2020\/12\/qq.png 341w\" sizes=\"auto, (max-width: 197px) 85vw, 197px\" \/><\/p>\n","protected":false},"excerpt":{"rendered":"<p>Eine russische Zarin, ausdrucksvolle Gesichter der australischen Aborigines, ein Kaiser von China, die Dynastie der Inka und Sch\u00f6nheiten aus Afrika standen Modell f\u00fcr diese Spielkarten.<\/p>\n","protected":false},"featured_media":2264,"comment_status":"closed","ping_status":"closed","template":"","meta":{"jetpack_post_was_ever_published":false,"jetpack_publicize_message":"","jetpack_publicize_feature_enabled":true,"jetpack_social_post_already_shared":true,"jetpack_social_options":{"image_generator_settings":{"template":"highway","default_image_id":0,"font":"","enabled":false},"version":2}},"product_brand":[],"product_cat":[42,44],"product_tag":[],"class_list":{"0":"post-1643","1":"product","2":"type-product","3":"status-publish","4":"has-post-thumbnail","6":"product_cat-gesellschaftsspiele","7":"product_cat-kartenspiele","8":"product_shipping_class-kleinware","10":"first","11":"instock","12":"purchasable","13":"product-type-simple"},"translation":{"provider":"WPGlobus","version":"3.0.0","language":"ru","enabled_languages":["de","ru"],"languages":{"de":{"title":true,"content":true,"excerpt":true},"ru":{"title":false,"content":false,"excerpt":false}}},"yoast_head":"<!-- This site is optimized with the Yoast SEO plugin v27.4 - https:\/\/yoast.com\/product\/yoast-seo-wordpress\/ -->\n<title>Skatspiel &quot;F\u00fcnf Kontinente&quot; - \u0418\u0437\u0434\u0430\u0442\u0435\u043b\u044c\u0441\u0442\u0432\u043e &quot;\u0410\u043b\u0435\u043a\u0441\u0430&quot;<\/title>\n<meta name=\"robots\" content=\"index, follow, max-snippet:-1, max-image-preview:large, max-video-preview:-1\" \/>\n<link rel=\"canonical\" href=\"https:\/\/alexsa-verlag.de\/produkt\/skatspiel-fuenf-kontinente\/\" \/>\n<meta property=\"og:locale\" content=\"ru_RU\" \/>\n<meta property=\"og:type\" content=\"article\" \/>\n<meta property=\"og:title\" content=\"Skatspiel &quot;F\u00fcnf Kontinente&quot; - \u0418\u0437\u0434\u0430\u0442\u0435\u043b\u044c\u0441\u0442\u0432\u043e &quot;\u0410\u043b\u0435\u043a\u0441\u0430&quot;\" \/>\n<meta property=\"og:url\" content=\"https:\/\/alexsa-verlag.de\/produkt\/skatspiel-fuenf-kontinente\/\" \/>\n<meta property=\"og:site_name\" content=\"\u0418\u0437\u0434\u0430\u0442\u0435\u043b\u044c\u0441\u0442\u0432\u043e &quot;\u0410\u043b\u0435\u043a\u0441\u0430&quot;\" \/>\n<meta property=\"article:modified_time\" content=\"2025-01-06T16:06:18+00:00\" \/>\n<meta property=\"og:image\" content=\"https:\/\/alexsa-verlag.de\/wp-content\/uploads\/2020\/12\/j.png\" \/>\n\t<meta property=\"og:image:width\" content=\"550\" \/>\n\t<meta property=\"og:image:height\" content=\"553\" \/>\n\t<meta property=\"og:image:type\" content=\"image\/png\" \/>\n<meta name=\"twitter:card\" content=\"summary_large_image\" \/>\n<script type=\"application\/ld+json\" class=\"yoast-schema-graph\">{\"@context\":\"https:\\\/\\\/schema.org\",\"@graph\":[{\"@type\":\"WebPage\",\"@id\":\"https:\\\/\\\/alexsa-verlag.de\\\/produkt\\\/skatspiel-fuenf-kontinente\\\/\",\"url\":\"https:\\\/\\\/alexsa-verlag.de\\\/produkt\\\/skatspiel-fuenf-kontinente\\\/\",\"name\":\"Skatspiel \\\"F\u00fcnf Kontinente\\\" - \u0418\u0437\u0434\u0430\u0442\u0435\u043b\u044c\u0441\u0442\u0432\u043e &quot;\u0410\u043b\u0435\u043a\u0441\u0430&quot;\",\"isPartOf\":{\"@id\":\"https:\\\/\\\/alexsa-verlag.de\\\/#website\"},\"primaryImageOfPage\":{\"@id\":\"https:\\\/\\\/alexsa-verlag.de\\\/produkt\\\/skatspiel-fuenf-kontinente\\\/#primaryimage\"},\"image\":{\"@id\":\"https:\\\/\\\/alexsa-verlag.de\\\/produkt\\\/skatspiel-fuenf-kontinente\\\/#primaryimage\"},\"thumbnailUrl\":\"https:\\\/\\\/alexsa-verlag.de\\\/wp-content\\\/uploads\\\/2020\\\/12\\\/j.png\",\"datePublished\":\"2020-12-17T13:30:53+00:00\",\"dateModified\":\"2025-01-06T16:06:18+00:00\",\"breadcrumb\":{\"@id\":\"https:\\\/\\\/alexsa-verlag.de\\\/produkt\\\/skatspiel-fuenf-kontinente\\\/#breadcrumb\"},\"inLanguage\":\"ru-RU\",\"potentialAction\":[{\"@type\":\"ReadAction\",\"target\":[\"https:\\\/\\\/alexsa-verlag.de\\\/produkt\\\/skatspiel-fuenf-kontinente\\\/\"]}]},{\"@type\":\"ImageObject\",\"inLanguage\":\"ru-RU\",\"@id\":\"https:\\\/\\\/alexsa-verlag.de\\\/produkt\\\/skatspiel-fuenf-kontinente\\\/#primaryimage\",\"url\":\"https:\\\/\\\/alexsa-verlag.de\\\/wp-content\\\/uploads\\\/2020\\\/12\\\/j.png\",\"contentUrl\":\"https:\\\/\\\/alexsa-verlag.de\\\/wp-content\\\/uploads\\\/2020\\\/12\\\/j.png\",\"width\":550,\"height\":553},{\"@type\":\"BreadcrumbList\",\"@id\":\"https:\\\/\\\/alexsa-verlag.de\\\/produkt\\\/skatspiel-fuenf-kontinente\\\/#breadcrumb\",\"itemListElement\":[{\"@type\":\"ListItem\",\"position\":1,\"name\":\"Startseite\",\"item\":\"https:\\\/\\\/alexsa-verlag.de\\\/\"},{\"@type\":\"ListItem\",\"position\":2,\"name\":\"Shop\",\"item\":\"https:\\\/\\\/alexsa-verlag.de\\\/shop\\\/\"},{\"@type\":\"ListItem\",\"position\":3,\"name\":\"Skatspiel &#8222;F\u00fcnf Kontinente&#8220;\"}]},{\"@type\":\"WebSite\",\"@id\":\"https:\\\/\\\/alexsa-verlag.de\\\/#website\",\"url\":\"https:\\\/\\\/alexsa-verlag.de\\\/\",\"name\":\"\u0418\u0437\u0434\u0430\u0442\u0435\u043b\u044c\u0441\u0442\u0432\u043e &quot;\u0410\u043b\u0435\u043a\u0441\u0430&quot;\",\"description\":\"\u0411\u0435\u0440\u043b\u0438\u043d\",\"potentialAction\":[{\"@type\":\"SearchAction\",\"target\":{\"@type\":\"EntryPoint\",\"urlTemplate\":\"https:\\\/\\\/alexsa-verlag.de\\\/?s={search_term_string}\"},\"query-input\":{\"@type\":\"PropertyValueSpecification\",\"valueRequired\":true,\"valueName\":\"search_term_string\"}}],\"inLanguage\":\"ru-RU\"}]}<\/script>\n<!-- \/ Yoast SEO plugin. -->","yoast_head_json":{"title":"Skatspiel \"F\u00fcnf Kontinente\" - \u0418\u0437\u0434\u0430\u0442\u0435\u043b\u044c\u0441\u0442\u0432\u043e &quot;\u0410\u043b\u0435\u043a\u0441\u0430&quot;","robots":{"index":"index","follow":"follow","max-snippet":"max-snippet:-1","max-image-preview":"max-image-preview:large","max-video-preview":"max-video-preview:-1"},"canonical":"https:\/\/alexsa-verlag.de\/produkt\/skatspiel-fuenf-kontinente\/","og_locale":"ru_RU","og_type":"article","og_title":"Skatspiel \"F\u00fcnf Kontinente\" - \u0418\u0437\u0434\u0430\u0442\u0435\u043b\u044c\u0441\u0442\u0432\u043e &quot;\u0410\u043b\u0435\u043a\u0441\u0430&quot;","og_url":"https:\/\/alexsa-verlag.de\/produkt\/skatspiel-fuenf-kontinente\/","og_site_name":"\u0418\u0437\u0434\u0430\u0442\u0435\u043b\u044c\u0441\u0442\u0432\u043e &quot;\u0410\u043b\u0435\u043a\u0441\u0430&quot;","article_modified_time":"2025-01-06T16:06:18+00:00","og_image":[{"width":550,"height":553,"url":"https:\/\/alexsa-verlag.de\/wp-content\/uploads\/2020\/12\/j.png","type":"image\/png"}],"twitter_card":"summary_large_image","schema":{"@context":"https:\/\/schema.org","@graph":[{"@type":"WebPage","@id":"https:\/\/alexsa-verlag.de\/produkt\/skatspiel-fuenf-kontinente\/","url":"https:\/\/alexsa-verlag.de\/produkt\/skatspiel-fuenf-kontinente\/","name":"Skatspiel \"F\u00fcnf Kontinente\" - \u0418\u0437\u0434\u0430\u0442\u0435\u043b\u044c\u0441\u0442\u0432\u043e &quot;\u0410\u043b\u0435\u043a\u0441\u0430&quot;","isPartOf":{"@id":"https:\/\/alexsa-verlag.de\/#website"},"primaryImageOfPage":{"@id":"https:\/\/alexsa-verlag.de\/produkt\/skatspiel-fuenf-kontinente\/#primaryimage"},"image":{"@id":"https:\/\/alexsa-verlag.de\/produkt\/skatspiel-fuenf-kontinente\/#primaryimage"},"thumbnailUrl":"https:\/\/alexsa-verlag.de\/wp-content\/uploads\/2020\/12\/j.png","datePublished":"2020-12-17T13:30:53+00:00","dateModified":"2025-01-06T16:06:18+00:00","breadcrumb":{"@id":"https:\/\/alexsa-verlag.de\/produkt\/skatspiel-fuenf-kontinente\/#breadcrumb"},"inLanguage":"ru-RU","potentialAction":[{"@type":"ReadAction","target":["https:\/\/alexsa-verlag.de\/produkt\/skatspiel-fuenf-kontinente\/"]}]},{"@type":"ImageObject","inLanguage":"ru-RU","@id":"https:\/\/alexsa-verlag.de\/produkt\/skatspiel-fuenf-kontinente\/#primaryimage","url":"https:\/\/alexsa-verlag.de\/wp-content\/uploads\/2020\/12\/j.png","contentUrl":"https:\/\/alexsa-verlag.de\/wp-content\/uploads\/2020\/12\/j.png","width":550,"height":553},{"@type":"BreadcrumbList","@id":"https:\/\/alexsa-verlag.de\/produkt\/skatspiel-fuenf-kontinente\/#breadcrumb","itemListElement":[{"@type":"ListItem","position":1,"name":"Startseite","item":"https:\/\/alexsa-verlag.de\/"},{"@type":"ListItem","position":2,"name":"Shop","item":"https:\/\/alexsa-verlag.de\/shop\/"},{"@type":"ListItem","position":3,"name":"Skatspiel &#8222;F\u00fcnf Kontinente&#8220;"}]},{"@type":"WebSite","@id":"https:\/\/alexsa-verlag.de\/#website","url":"https:\/\/alexsa-verlag.de\/","name":"\u0418\u0437\u0434\u0430\u0442\u0435\u043b\u044c\u0441\u0442\u0432\u043e &quot;\u0410\u043b\u0435\u043a\u0441\u0430&quot;","description":"\u0411\u0435\u0440\u043b\u0438\u043d","potentialAction":[{"@type":"SearchAction","target":{"@type":"EntryPoint","urlTemplate":"https:\/\/alexsa-verlag.de\/?s={search_term_string}"},"query-input":{"@type":"PropertyValueSpecification","valueRequired":true,"valueName":"search_term_string"}}],"inLanguage":"ru-RU"}]}},"jetpack_publicize_connections":[],"jetpack_sharing_enabled":true,"_links":{"self":[{"href":"https:\/\/alexsa-verlag.de\/ru\/wp-json\/wp\/v2\/product\/1643","targetHints":{"allow":["GET"]}}],"collection":[{"href":"https:\/\/alexsa-verlag.de\/ru\/wp-json\/wp\/v2\/product"}],"about":[{"href":"https:\/\/alexsa-verlag.de\/ru\/wp-json\/wp\/v2\/types\/product"}],"replies":[{"embeddable":true,"href":"https:\/\/alexsa-verlag.de\/ru\/wp-json\/wp\/v2\/comments?post=1643"}],"wp:featuredmedia":[{"embeddable":true,"href":"https:\/\/alexsa-verlag.de\/ru\/wp-json\/wp\/v2\/media\/2264"}],"wp:attachment":[{"href":"https:\/\/alexsa-verlag.de\/ru\/wp-json\/wp\/v2\/media?parent=1643"}],"wp:term":[{"taxonomy":"product_brand","embeddable":true,"href":"https:\/\/alexsa-verlag.de\/ru\/wp-json\/wp\/v2\/product_brand?post=1643"},{"taxonomy":"product_cat","embeddable":true,"href":"https:\/\/alexsa-verlag.de\/ru\/wp-json\/wp\/v2\/product_cat?post=1643"},{"taxonomy":"product_tag","embeddable":true,"href":"https:\/\/alexsa-verlag.de\/ru\/wp-json\/wp\/v2\/product_tag?post=1643"}],"curies":[{"name":"wp","href":"https:\/\/api.w.org\/{rel}","templated":true}]}}