{"id":1601,"date":"2020-12-17T00:23:03","date_gmt":"2020-12-16T23:23:03","guid":{"rendered":"https:\/\/alexsa-verlag.de\/?post_type=product&#038;p=1601"},"modified":"2024-11-28T08:43:07","modified_gmt":"2024-11-28T07:43:07","slug":"sascha-ein-pueppchen-fuer-dich","status":"publish","type":"product","link":"https:\/\/alexsa-verlag.de\/ru\/produkt\/sascha-ein-pueppchen-fuer-dich\/","title":{"rendered":"Sascha, ein P\u00fcppchen f\u00fcr dich"},"content":{"rendered":"<p>Eine leicht verst\u00e4ndliche N\u00e4hanleitung f\u00fcr eine Sascha-Puppe f\u00fcr Kinder und Jugendliche mit etwas N\u00e4herfahrung und Zugang zu einer N\u00e4hmaschine.<\/p>\n<p>Idee, Fotos und Gestaltung: Susanne Jura<\/p>\n<p><img loading=\"lazy\" decoding=\"async\" class=\"alignnone size-medium wp-image-1604\" src=\"https:\/\/alexsa-verlag.de\/wp-content\/uploads\/2020\/12\/Bild3-205x300.png\" alt=\"\" width=\"205\" height=\"300\" srcset=\"https:\/\/alexsa-verlag.de\/wp-content\/uploads\/2020\/12\/Bild3-205x300.png 205w, https:\/\/alexsa-verlag.de\/wp-content\/uploads\/2020\/12\/Bild3-400x585.png 400w, https:\/\/alexsa-verlag.de\/wp-content\/uploads\/2020\/12\/Bild3.png 569w\" sizes=\"auto, (max-width: 205px) 85vw, 205px\" \/> \u00a0\u00a0\u00a0 <img loading=\"lazy\" decoding=\"async\" class=\"alignnone size-medium wp-image-1607\" src=\"https:\/\/alexsa-verlag.de\/wp-content\/uploads\/2020\/12\/Bild12-204x300.png\" alt=\"\" width=\"204\" height=\"300\" srcset=\"https:\/\/alexsa-verlag.de\/wp-content\/uploads\/2020\/12\/Bild12-204x300.png 204w, https:\/\/alexsa-verlag.de\/wp-content\/uploads\/2020\/12\/Bild12-400x588.png 400w, https:\/\/alexsa-verlag.de\/wp-content\/uploads\/2020\/12\/Bild12.png 567w\" sizes=\"auto, (max-width: 204px) 85vw, 204px\" \/><\/p>\n","protected":false},"excerpt":{"rendered":"<p>Eine leicht verst\u00e4ndliche N\u00e4hanleitung f\u00fcr eine Sascha-Puppe f\u00fcr Kinder und Jugendliche mit etwas N\u00e4herfahrung und Zugang zu einer N\u00e4hmaschine. Idee, Fotos und Gestaltung: Susanne Jura \u00a0\u00a0\u00a0<\/p>\n","protected":false},"featured_media":1658,"comment_status":"closed","ping_status":"closed","template":"","meta":{"jetpack_post_was_ever_published":false,"jetpack_publicize_message":"","jetpack_publicize_feature_enabled":true,"jetpack_social_post_already_shared":true,"jetpack_social_options":{"image_generator_settings":{"template":"highway","default_image_id":0,"font":"","enabled":false},"version":2}},"product_brand":[],"product_cat":[58,70],"product_tag":[],"class_list":{"0":"post-1601","1":"product","2":"type-product","3":"status-publish","4":"has-post-thumbnail","6":"product_cat-puppen","7":"product_cat-spielsachen","8":"product_shipping_class-kleinware","10":"first","11":"instock","12":"purchasable","13":"product-type-simple"},"translation":{"provider":"WPGlobus","version":"3.0.0","language":"ru","enabled_languages":["de","ru"],"languages":{"de":{"title":true,"content":true,"excerpt":false},"ru":{"title":false,"content":false,"excerpt":false}}},"yoast_head":"<!-- This site is optimized with the Yoast SEO plugin v27.4 - https:\/\/yoast.com\/product\/yoast-seo-wordpress\/ -->\n<title>Sascha, ein P\u00fcppchen f\u00fcr dich - \u0418\u0437\u0434\u0430\u0442\u0435\u043b\u044c\u0441\u0442\u0432\u043e &quot;\u0410\u043b\u0435\u043a\u0441\u0430&quot;<\/title>\n<meta name=\"robots\" content=\"index, follow, max-snippet:-1, max-image-preview:large, max-video-preview:-1\" \/>\n<link rel=\"canonical\" href=\"https:\/\/alexsa-verlag.de\/produkt\/sascha-ein-pueppchen-fuer-dich\/\" \/>\n<meta property=\"og:locale\" content=\"ru_RU\" \/>\n<meta property=\"og:type\" content=\"article\" \/>\n<meta property=\"og:title\" content=\"Sascha, ein P\u00fcppchen f\u00fcr dich - \u0418\u0437\u0434\u0430\u0442\u0435\u043b\u044c\u0441\u0442\u0432\u043e &quot;\u0410\u043b\u0435\u043a\u0441\u0430&quot;\" \/>\n<meta property=\"og:url\" content=\"https:\/\/alexsa-verlag.de\/produkt\/sascha-ein-pueppchen-fuer-dich\/\" \/>\n<meta property=\"og:site_name\" content=\"\u0418\u0437\u0434\u0430\u0442\u0435\u043b\u044c\u0441\u0442\u0432\u043e &quot;\u0410\u043b\u0435\u043a\u0441\u0430&quot;\" \/>\n<meta property=\"article:modified_time\" content=\"2024-11-28T07:43:07+00:00\" \/>\n<meta property=\"og:image\" content=\"https:\/\/alexsa-verlag.de\/wp-content\/uploads\/2020\/12\/iii.png\" \/>\n\t<meta property=\"og:image:width\" content=\"1724\" \/>\n\t<meta property=\"og:image:height\" content=\"1725\" \/>\n\t<meta property=\"og:image:type\" content=\"image\/png\" \/>\n<meta name=\"twitter:card\" content=\"summary_large_image\" \/>\n<script type=\"application\/ld+json\" class=\"yoast-schema-graph\">{\"@context\":\"https:\\\/\\\/schema.org\",\"@graph\":[{\"@type\":\"WebPage\",\"@id\":\"https:\\\/\\\/alexsa-verlag.de\\\/produkt\\\/sascha-ein-pueppchen-fuer-dich\\\/\",\"url\":\"https:\\\/\\\/alexsa-verlag.de\\\/produkt\\\/sascha-ein-pueppchen-fuer-dich\\\/\",\"name\":\"Sascha, ein P\u00fcppchen f\u00fcr dich - \u0418\u0437\u0434\u0430\u0442\u0435\u043b\u044c\u0441\u0442\u0432\u043e &quot;\u0410\u043b\u0435\u043a\u0441\u0430&quot;\",\"isPartOf\":{\"@id\":\"https:\\\/\\\/alexsa-verlag.de\\\/#website\"},\"primaryImageOfPage\":{\"@id\":\"https:\\\/\\\/alexsa-verlag.de\\\/produkt\\\/sascha-ein-pueppchen-fuer-dich\\\/#primaryimage\"},\"image\":{\"@id\":\"https:\\\/\\\/alexsa-verlag.de\\\/produkt\\\/sascha-ein-pueppchen-fuer-dich\\\/#primaryimage\"},\"thumbnailUrl\":\"https:\\\/\\\/alexsa-verlag.de\\\/wp-content\\\/uploads\\\/2020\\\/12\\\/iii.png\",\"datePublished\":\"2020-12-16T23:23:03+00:00\",\"dateModified\":\"2024-11-28T07:43:07+00:00\",\"breadcrumb\":{\"@id\":\"https:\\\/\\\/alexsa-verlag.de\\\/produkt\\\/sascha-ein-pueppchen-fuer-dich\\\/#breadcrumb\"},\"inLanguage\":\"ru-RU\",\"potentialAction\":[{\"@type\":\"ReadAction\",\"target\":[\"https:\\\/\\\/alexsa-verlag.de\\\/produkt\\\/sascha-ein-pueppchen-fuer-dich\\\/\"]}]},{\"@type\":\"ImageObject\",\"inLanguage\":\"ru-RU\",\"@id\":\"https:\\\/\\\/alexsa-verlag.de\\\/produkt\\\/sascha-ein-pueppchen-fuer-dich\\\/#primaryimage\",\"url\":\"https:\\\/\\\/alexsa-verlag.de\\\/wp-content\\\/uploads\\\/2020\\\/12\\\/iii.png\",\"contentUrl\":\"https:\\\/\\\/alexsa-verlag.de\\\/wp-content\\\/uploads\\\/2020\\\/12\\\/iii.png\",\"width\":1724,\"height\":1725},{\"@type\":\"BreadcrumbList\",\"@id\":\"https:\\\/\\\/alexsa-verlag.de\\\/produkt\\\/sascha-ein-pueppchen-fuer-dich\\\/#breadcrumb\",\"itemListElement\":[{\"@type\":\"ListItem\",\"position\":1,\"name\":\"Startseite\",\"item\":\"https:\\\/\\\/alexsa-verlag.de\\\/\"},{\"@type\":\"ListItem\",\"position\":2,\"name\":\"Shop\",\"item\":\"https:\\\/\\\/alexsa-verlag.de\\\/shop\\\/\"},{\"@type\":\"ListItem\",\"position\":3,\"name\":\"Sascha, ein P\u00fcppchen f\u00fcr dich\"}]},{\"@type\":\"WebSite\",\"@id\":\"https:\\\/\\\/alexsa-verlag.de\\\/#website\",\"url\":\"https:\\\/\\\/alexsa-verlag.de\\\/\",\"name\":\"\u0418\u0437\u0434\u0430\u0442\u0435\u043b\u044c\u0441\u0442\u0432\u043e &quot;\u0410\u043b\u0435\u043a\u0441\u0430&quot;\",\"description\":\"\u0411\u0435\u0440\u043b\u0438\u043d\",\"potentialAction\":[{\"@type\":\"SearchAction\",\"target\":{\"@type\":\"EntryPoint\",\"urlTemplate\":\"https:\\\/\\\/alexsa-verlag.de\\\/?s={search_term_string}\"},\"query-input\":{\"@type\":\"PropertyValueSpecification\",\"valueRequired\":true,\"valueName\":\"search_term_string\"}}],\"inLanguage\":\"ru-RU\"}]}<\/script>\n<!-- \/ Yoast SEO plugin. -->","yoast_head_json":{"title":"Sascha, ein P\u00fcppchen f\u00fcr dich - \u0418\u0437\u0434\u0430\u0442\u0435\u043b\u044c\u0441\u0442\u0432\u043e &quot;\u0410\u043b\u0435\u043a\u0441\u0430&quot;","robots":{"index":"index","follow":"follow","max-snippet":"max-snippet:-1","max-image-preview":"max-image-preview:large","max-video-preview":"max-video-preview:-1"},"canonical":"https:\/\/alexsa-verlag.de\/produkt\/sascha-ein-pueppchen-fuer-dich\/","og_locale":"ru_RU","og_type":"article","og_title":"Sascha, ein P\u00fcppchen f\u00fcr dich - \u0418\u0437\u0434\u0430\u0442\u0435\u043b\u044c\u0441\u0442\u0432\u043e &quot;\u0410\u043b\u0435\u043a\u0441\u0430&quot;","og_url":"https:\/\/alexsa-verlag.de\/produkt\/sascha-ein-pueppchen-fuer-dich\/","og_site_name":"\u0418\u0437\u0434\u0430\u0442\u0435\u043b\u044c\u0441\u0442\u0432\u043e &quot;\u0410\u043b\u0435\u043a\u0441\u0430&quot;","article_modified_time":"2024-11-28T07:43:07+00:00","og_image":[{"width":1724,"height":1725,"url":"https:\/\/alexsa-verlag.de\/wp-content\/uploads\/2020\/12\/iii.png","type":"image\/png"}],"twitter_card":"summary_large_image","schema":{"@context":"https:\/\/schema.org","@graph":[{"@type":"WebPage","@id":"https:\/\/alexsa-verlag.de\/produkt\/sascha-ein-pueppchen-fuer-dich\/","url":"https:\/\/alexsa-verlag.de\/produkt\/sascha-ein-pueppchen-fuer-dich\/","name":"Sascha, ein P\u00fcppchen f\u00fcr dich - \u0418\u0437\u0434\u0430\u0442\u0435\u043b\u044c\u0441\u0442\u0432\u043e &quot;\u0410\u043b\u0435\u043a\u0441\u0430&quot;","isPartOf":{"@id":"https:\/\/alexsa-verlag.de\/#website"},"primaryImageOfPage":{"@id":"https:\/\/alexsa-verlag.de\/produkt\/sascha-ein-pueppchen-fuer-dich\/#primaryimage"},"image":{"@id":"https:\/\/alexsa-verlag.de\/produkt\/sascha-ein-pueppchen-fuer-dich\/#primaryimage"},"thumbnailUrl":"https:\/\/alexsa-verlag.de\/wp-content\/uploads\/2020\/12\/iii.png","datePublished":"2020-12-16T23:23:03+00:00","dateModified":"2024-11-28T07:43:07+00:00","breadcrumb":{"@id":"https:\/\/alexsa-verlag.de\/produkt\/sascha-ein-pueppchen-fuer-dich\/#breadcrumb"},"inLanguage":"ru-RU","potentialAction":[{"@type":"ReadAction","target":["https:\/\/alexsa-verlag.de\/produkt\/sascha-ein-pueppchen-fuer-dich\/"]}]},{"@type":"ImageObject","inLanguage":"ru-RU","@id":"https:\/\/alexsa-verlag.de\/produkt\/sascha-ein-pueppchen-fuer-dich\/#primaryimage","url":"https:\/\/alexsa-verlag.de\/wp-content\/uploads\/2020\/12\/iii.png","contentUrl":"https:\/\/alexsa-verlag.de\/wp-content\/uploads\/2020\/12\/iii.png","width":1724,"height":1725},{"@type":"BreadcrumbList","@id":"https:\/\/alexsa-verlag.de\/produkt\/sascha-ein-pueppchen-fuer-dich\/#breadcrumb","itemListElement":[{"@type":"ListItem","position":1,"name":"Startseite","item":"https:\/\/alexsa-verlag.de\/"},{"@type":"ListItem","position":2,"name":"Shop","item":"https:\/\/alexsa-verlag.de\/shop\/"},{"@type":"ListItem","position":3,"name":"Sascha, ein P\u00fcppchen f\u00fcr dich"}]},{"@type":"WebSite","@id":"https:\/\/alexsa-verlag.de\/#website","url":"https:\/\/alexsa-verlag.de\/","name":"\u0418\u0437\u0434\u0430\u0442\u0435\u043b\u044c\u0441\u0442\u0432\u043e &quot;\u0410\u043b\u0435\u043a\u0441\u0430&quot;","description":"\u0411\u0435\u0440\u043b\u0438\u043d","potentialAction":[{"@type":"SearchAction","target":{"@type":"EntryPoint","urlTemplate":"https:\/\/alexsa-verlag.de\/?s={search_term_string}"},"query-input":{"@type":"PropertyValueSpecification","valueRequired":true,"valueName":"search_term_string"}}],"inLanguage":"ru-RU"}]}},"jetpack_publicize_connections":[],"jetpack_sharing_enabled":true,"_links":{"self":[{"href":"https:\/\/alexsa-verlag.de\/ru\/wp-json\/wp\/v2\/product\/1601","targetHints":{"allow":["GET"]}}],"collection":[{"href":"https:\/\/alexsa-verlag.de\/ru\/wp-json\/wp\/v2\/product"}],"about":[{"href":"https:\/\/alexsa-verlag.de\/ru\/wp-json\/wp\/v2\/types\/product"}],"replies":[{"embeddable":true,"href":"https:\/\/alexsa-verlag.de\/ru\/wp-json\/wp\/v2\/comments?post=1601"}],"wp:featuredmedia":[{"embeddable":true,"href":"https:\/\/alexsa-verlag.de\/ru\/wp-json\/wp\/v2\/media\/1658"}],"wp:attachment":[{"href":"https:\/\/alexsa-verlag.de\/ru\/wp-json\/wp\/v2\/media?parent=1601"}],"wp:term":[{"taxonomy":"product_brand","embeddable":true,"href":"https:\/\/alexsa-verlag.de\/ru\/wp-json\/wp\/v2\/product_brand?post=1601"},{"taxonomy":"product_cat","embeddable":true,"href":"https:\/\/alexsa-verlag.de\/ru\/wp-json\/wp\/v2\/product_cat?post=1601"},{"taxonomy":"product_tag","embeddable":true,"href":"https:\/\/alexsa-verlag.de\/ru\/wp-json\/wp\/v2\/product_tag?post=1601"}],"curies":[{"name":"wp","href":"https:\/\/api.w.org\/{rel}","templated":true}]}}