{"id":1543,"date":"2020-12-16T16:05:55","date_gmt":"2020-12-16T15:05:55","guid":{"rendered":"https:\/\/alexsa-verlag.de\/?post_type=product&#038;p=1543"},"modified":"2024-11-28T08:45:38","modified_gmt":"2024-11-28T07:45:38","slug":"pueppchen-der-welt","status":"publish","type":"product","link":"https:\/\/alexsa-verlag.de\/ru\/produkt\/pueppchen-der-welt\/","title":{"rendered":"P\u00fcppchen der Welt"},"content":{"rendered":"<p><img loading=\"lazy\" decoding=\"async\" class=\"alignnone size-medium wp-image-1628\" src=\"https:\/\/alexsa-verlag.de\/wp-content\/uploads\/2020\/12\/112-Kopie-Kopie-205x300.png\" alt=\"\" width=\"205\" height=\"300\" srcset=\"https:\/\/alexsa-verlag.de\/wp-content\/uploads\/2020\/12\/112-Kopie-Kopie-205x300.png 205w, https:\/\/alexsa-verlag.de\/wp-content\/uploads\/2020\/12\/112-Kopie-Kopie-400x585.png 400w, https:\/\/alexsa-verlag.de\/wp-content\/uploads\/2020\/12\/112-Kopie-Kopie.png 509w\" sizes=\"auto, (max-width: 205px) 85vw, 205px\" \/><\/p>\n<p>&nbsp;<\/p>\n<p><img loading=\"lazy\" decoding=\"async\" class=\"alignnone size-medium wp-image-1556\" src=\"https:\/\/alexsa-verlag.de\/wp-content\/uploads\/2020\/12\/113-Kopie-212x300.png\" alt=\"\" width=\"212\" height=\"300\" srcset=\"https:\/\/alexsa-verlag.de\/wp-content\/uploads\/2020\/12\/113-Kopie-212x300.png 212w, https:\/\/alexsa-verlag.de\/wp-content\/uploads\/2020\/12\/113-Kopie-400x566.png 400w, https:\/\/alexsa-verlag.de\/wp-content\/uploads\/2020\/12\/113-Kopie.png 555w\" sizes=\"auto, (max-width: 212px) 85vw, 212px\" \/>\u00a0 \u00a0<img loading=\"lazy\" decoding=\"async\" class=\"alignnone size-medium wp-image-1558\" src=\"https:\/\/alexsa-verlag.de\/wp-content\/uploads\/2020\/12\/334-Kopie-Kopie-220x300.png\" alt=\"\" width=\"220\" height=\"300\" srcset=\"https:\/\/alexsa-verlag.de\/wp-content\/uploads\/2020\/12\/334-Kopie-Kopie-220x300.png 220w, https:\/\/alexsa-verlag.de\/wp-content\/uploads\/2020\/12\/334-Kopie-Kopie-400x546.png 400w, https:\/\/alexsa-verlag.de\/wp-content\/uploads\/2020\/12\/334-Kopie-Kopie.png 537w\" sizes=\"auto, (max-width: 220px) 85vw, 220px\" \/><\/p>\n<p><img loading=\"lazy\" decoding=\"async\" class=\"alignnone size-medium wp-image-1557\" src=\"https:\/\/alexsa-verlag.de\/wp-content\/uploads\/2020\/12\/334-Kopie-224x300.png\" alt=\"\" width=\"224\" height=\"300\" srcset=\"https:\/\/alexsa-verlag.de\/wp-content\/uploads\/2020\/12\/334-Kopie-224x300.png 224w, https:\/\/alexsa-verlag.de\/wp-content\/uploads\/2020\/12\/334-Kopie-400x536.png 400w, https:\/\/alexsa-verlag.de\/wp-content\/uploads\/2020\/12\/334-Kopie.png 547w\" sizes=\"auto, (max-width: 224px) 85vw, 224px\" \/><\/p>\n<p><img loading=\"lazy\" decoding=\"async\" class=\"alignnone wp-image-1555\" src=\"https:\/\/alexsa-verlag.de\/wp-content\/uploads\/2020\/12\/113-206x300.png\" alt=\"\" width=\"189\" height=\"274\" srcset=\"https:\/\/alexsa-verlag.de\/wp-content\/uploads\/2020\/12\/113-206x300.png 206w, https:\/\/alexsa-verlag.de\/wp-content\/uploads\/2020\/12\/113-400x581.png 400w, https:\/\/alexsa-verlag.de\/wp-content\/uploads\/2020\/12\/113.png 540w\" sizes=\"auto, (max-width: 189px) 85vw, 189px\" \/>\u00a0 \u00a0<img loading=\"lazy\" decoding=\"async\" class=\"alignnone wp-image-1627\" src=\"https:\/\/alexsa-verlag.de\/wp-content\/uploads\/2020\/12\/112-Kopie-220x300.png\" alt=\"\" width=\"208\" height=\"284\" srcset=\"https:\/\/alexsa-verlag.de\/wp-content\/uploads\/2020\/12\/112-Kopie-220x300.png 220w, https:\/\/alexsa-verlag.de\/wp-content\/uploads\/2020\/12\/112-Kopie-400x545.png 400w, https:\/\/alexsa-verlag.de\/wp-content\/uploads\/2020\/12\/112-Kopie.png 546w\" sizes=\"auto, (max-width: 208px) 85vw, 208px\" \/><\/p>\n<p>&nbsp;<\/p>\n<p><img loading=\"lazy\" decoding=\"async\" class=\"alignnone wp-image-1554\" src=\"https:\/\/alexsa-verlag.de\/wp-content\/uploads\/2020\/12\/114-Kopie-Kopie-223x300.png\" alt=\"\" width=\"199\" height=\"268\" srcset=\"https:\/\/alexsa-verlag.de\/wp-content\/uploads\/2020\/12\/114-Kopie-Kopie-223x300.png 223w, https:\/\/alexsa-verlag.de\/wp-content\/uploads\/2020\/12\/114-Kopie-Kopie-400x538.png 400w, https:\/\/alexsa-verlag.de\/wp-content\/uploads\/2020\/12\/114-Kopie-Kopie.png 483w\" sizes=\"auto, (max-width: 199px) 85vw, 199px\" \/>\u00a0 \u00a0<img loading=\"lazy\" decoding=\"async\" class=\"alignnone wp-image-1563\" src=\"https:\/\/alexsa-verlag.de\/wp-content\/uploads\/2020\/12\/119-199x300.png\" alt=\"\" width=\"184\" height=\"277\" srcset=\"https:\/\/alexsa-verlag.de\/wp-content\/uploads\/2020\/12\/119-199x300.png 199w, https:\/\/alexsa-verlag.de\/wp-content\/uploads\/2020\/12\/119-400x604.png 400w, https:\/\/alexsa-verlag.de\/wp-content\/uploads\/2020\/12\/119.png 465w\" sizes=\"auto, (max-width: 184px) 85vw, 184px\" \/><\/p>\n<p>&nbsp;<\/p>\n<p><img loading=\"lazy\" decoding=\"async\" class=\"alignnone wp-image-1550\" src=\"https:\/\/alexsa-verlag.de\/wp-content\/uploads\/2020\/12\/346-Kopie-222x300.png\" alt=\"\" width=\"198\" height=\"266\" \/>\u00a0 \u00a0\u00a0<img loading=\"lazy\" decoding=\"async\" class=\"alignnone wp-image-1626\" src=\"https:\/\/alexsa-verlag.de\/wp-content\/uploads\/2020\/12\/112-226x300.png\" alt=\"\" width=\"205\" height=\"273\" srcset=\"https:\/\/alexsa-verlag.de\/wp-content\/uploads\/2020\/12\/112-226x300.png 226w, https:\/\/alexsa-verlag.de\/wp-content\/uploads\/2020\/12\/112-400x531.png 400w, https:\/\/alexsa-verlag.de\/wp-content\/uploads\/2020\/12\/112.png 560w\" sizes=\"auto, (max-width: 205px) 85vw, 205px\" \/><\/p>\n<p><img loading=\"lazy\" decoding=\"async\" class=\"alignnone wp-image-1562\" src=\"https:\/\/alexsa-verlag.de\/wp-content\/uploads\/2020\/12\/119-Kopie-197x300.png\" alt=\"\" width=\"180\" height=\"274\" srcset=\"https:\/\/alexsa-verlag.de\/wp-content\/uploads\/2020\/12\/119-Kopie-197x300.png 197w, https:\/\/alexsa-verlag.de\/wp-content\/uploads\/2020\/12\/119-Kopie-400x610.png 400w, https:\/\/alexsa-verlag.de\/wp-content\/uploads\/2020\/12\/119-Kopie.png 460w\" sizes=\"auto, (max-width: 180px) 85vw, 180px\" \/><\/p>\n<p>&nbsp;<\/p>\n<p><img loading=\"lazy\" decoding=\"async\" class=\"alignnone size-medium wp-image-1549\" src=\"https:\/\/alexsa-verlag.de\/wp-content\/uploads\/2020\/12\/346-224x300.png\" alt=\"\" width=\"224\" height=\"300\" srcset=\"https:\/\/alexsa-verlag.de\/wp-content\/uploads\/2020\/12\/346-224x300.png 224w, https:\/\/alexsa-verlag.de\/wp-content\/uploads\/2020\/12\/346-400x536.png 400w, https:\/\/alexsa-verlag.de\/wp-content\/uploads\/2020\/12\/346.png 599w\" sizes=\"auto, (max-width: 224px) 85vw, 224px\" \/>\u00a0 \u00a0 <img loading=\"lazy\" decoding=\"async\" class=\"alignnone size-medium wp-image-1624\" src=\"https:\/\/alexsa-verlag.de\/wp-content\/uploads\/2020\/12\/113-1-224x300.png\" alt=\"\" width=\"224\" height=\"300\" srcset=\"https:\/\/alexsa-verlag.de\/wp-content\/uploads\/2020\/12\/113-1-224x300.png 224w, https:\/\/alexsa-verlag.de\/wp-content\/uploads\/2020\/12\/113-1-400x536.png 400w, https:\/\/alexsa-verlag.de\/wp-content\/uploads\/2020\/12\/113-1.png 586w\" sizes=\"auto, (max-width: 224px) 85vw, 224px\" \/><\/p>\n<p>&nbsp;<\/p>\n<p><img loading=\"lazy\" decoding=\"async\" class=\"alignnone size-medium wp-image-1548\" src=\"https:\/\/alexsa-verlag.de\/wp-content\/uploads\/2020\/12\/357-Kopie-Kopie-221x300.png\" alt=\"\" width=\"221\" height=\"300\" srcset=\"https:\/\/alexsa-verlag.de\/wp-content\/uploads\/2020\/12\/357-Kopie-Kopie-221x300.png 221w, https:\/\/alexsa-verlag.de\/wp-content\/uploads\/2020\/12\/357-Kopie-Kopie-400x544.png 400w, https:\/\/alexsa-verlag.de\/wp-content\/uploads\/2020\/12\/357-Kopie-Kopie.png 487w\" sizes=\"auto, (max-width: 221px) 85vw, 221px\" \/>\u00a0 \u00a0<img loading=\"lazy\" decoding=\"async\" class=\"alignnone size-medium wp-image-1553\" src=\"https:\/\/alexsa-verlag.de\/wp-content\/uploads\/2020\/12\/114-Kopie-203x300.png\" alt=\"\" width=\"203\" height=\"300\" srcset=\"https:\/\/alexsa-verlag.de\/wp-content\/uploads\/2020\/12\/114-Kopie-203x300.png 203w, https:\/\/alexsa-verlag.de\/wp-content\/uploads\/2020\/12\/114-Kopie-400x592.png 400w, https:\/\/alexsa-verlag.de\/wp-content\/uploads\/2020\/12\/114-Kopie.png 439w\" sizes=\"auto, (max-width: 203px) 85vw, 203px\" \/><\/p>\n<p><img loading=\"lazy\" decoding=\"async\" class=\"alignnone size-medium wp-image-1564\" src=\"https:\/\/alexsa-verlag.de\/wp-content\/uploads\/2020\/12\/119-Kopie-Kopie-215x300.png\" alt=\"\" width=\"215\" height=\"300\" srcset=\"https:\/\/alexsa-verlag.de\/wp-content\/uploads\/2020\/12\/119-Kopie-Kopie-215x300.png 215w, https:\/\/alexsa-verlag.de\/wp-content\/uploads\/2020\/12\/119-Kopie-Kopie-400x558.png 400w, https:\/\/alexsa-verlag.de\/wp-content\/uploads\/2020\/12\/119-Kopie-Kopie.png 503w\" sizes=\"auto, (max-width: 215px) 85vw, 215px\" \/><\/p>\n<p>&nbsp;<\/p>\n<p><img loading=\"lazy\" decoding=\"async\" class=\"alignnone size-medium wp-image-1551\" src=\"https:\/\/alexsa-verlag.de\/wp-content\/uploads\/2020\/12\/346-Kopie-Kopie-225x300.png\" alt=\"\" width=\"225\" height=\"300\" srcset=\"https:\/\/alexsa-verlag.de\/wp-content\/uploads\/2020\/12\/346-Kopie-Kopie-225x300.png 225w, https:\/\/alexsa-verlag.de\/wp-content\/uploads\/2020\/12\/346-Kopie-Kopie-400x534.png 400w, https:\/\/alexsa-verlag.de\/wp-content\/uploads\/2020\/12\/346-Kopie-Kopie.png 601w\" sizes=\"auto, (max-width: 225px) 85vw, 225px\" \/> \u00a0\u00a0<img loading=\"lazy\" decoding=\"async\" class=\"alignnone size-medium wp-image-1559\" src=\"https:\/\/alexsa-verlag.de\/wp-content\/uploads\/2020\/12\/357-1-224x300.png\" alt=\"\" width=\"224\" height=\"300\" srcset=\"https:\/\/alexsa-verlag.de\/wp-content\/uploads\/2020\/12\/357-1-224x300.png 224w, https:\/\/alexsa-verlag.de\/wp-content\/uploads\/2020\/12\/357-1-400x536.png 400w, https:\/\/alexsa-verlag.de\/wp-content\/uploads\/2020\/12\/357-1.png 494w\" sizes=\"auto, (max-width: 224px) 85vw, 224px\" \/><\/p>\n<p><img loading=\"lazy\" decoding=\"async\" class=\"alignnone size-medium wp-image-1561\" src=\"https:\/\/alexsa-verlag.de\/wp-content\/uploads\/2020\/12\/334-227x300.png\" alt=\"\" width=\"227\" height=\"300\" srcset=\"https:\/\/alexsa-verlag.de\/wp-content\/uploads\/2020\/12\/334-227x300.png 227w, https:\/\/alexsa-verlag.de\/wp-content\/uploads\/2020\/12\/334-400x528.png 400w, https:\/\/alexsa-verlag.de\/wp-content\/uploads\/2020\/12\/334.png 555w\" sizes=\"auto, (max-width: 227px) 85vw, 227px\" \/><\/p>\n<p>liebevoll gestaltete Stoffp\u00fcppchen &#8211; Kinder aus aller Welt. Sie sind weich gestopft, ca. 16 cm gro\u00df und einzigartig, denn jede Puppe ist ein Unikat.<\/p>\n<p>Entwurf und Fertigung: Susanne Jura, Multivalente Werkst\u00e4tten Berlin<\/p>\n<p>Bestellung auf Anfrage<\/p>\n","protected":false},"excerpt":{"rendered":"<p>&nbsp; \u00a0 \u00a0 \u00a0 \u00a0 &nbsp; \u00a0 \u00a0 &nbsp; \u00a0 \u00a0\u00a0 &nbsp; \u00a0 \u00a0 &nbsp; \u00a0 \u00a0 &nbsp; \u00a0\u00a0 liebevoll gestaltete Stoffp\u00fcppchen &#8211; Kinder aus aller Welt. Sie sind weich gestopft, ca. 16 cm gro\u00df und einzigartig, denn jede Puppe ist ein Unikat. Entwurf und Fertigung: Susanne Jura, Multivalente Werkst\u00e4tten Berlin Bestellung auf Anfrage<\/p>\n","protected":false},"featured_media":1532,"comment_status":"closed","ping_status":"closed","template":"","meta":{"jetpack_post_was_ever_published":false,"jetpack_publicize_message":"","jetpack_publicize_feature_enabled":true,"jetpack_social_post_already_shared":true,"jetpack_social_options":{"image_generator_settings":{"template":"highway","default_image_id":0,"font":"","enabled":false},"version":2}},"product_brand":[],"product_cat":[58,70],"product_tag":[61,60,59],"class_list":{"0":"post-1543","1":"product","2":"type-product","3":"status-publish","4":"has-post-thumbnail","6":"product_cat-puppen","7":"product_cat-spielsachen","8":"product_tag-also-einzigartig","9":"product_tag-jede-puppe-ist-eine-persoenlichkeit","10":"product_tag-zum-spielen-und-lieb-haben","12":"first","13":"instock","14":"purchasable","15":"product-type-simple"},"translation":{"provider":"WPGlobus","version":"3.0.0","language":"ru","enabled_languages":["de","ru"],"languages":{"de":{"title":true,"content":true,"excerpt":false},"ru":{"title":false,"content":false,"excerpt":false}}},"yoast_head":"<!-- This site is optimized with the Yoast SEO plugin v27.4 - https:\/\/yoast.com\/product\/yoast-seo-wordpress\/ -->\n<title>P\u00fcppchen der Welt - \u0418\u0437\u0434\u0430\u0442\u0435\u043b\u044c\u0441\u0442\u0432\u043e &quot;\u0410\u043b\u0435\u043a\u0441\u0430&quot;<\/title>\n<meta name=\"robots\" content=\"index, follow, max-snippet:-1, max-image-preview:large, max-video-preview:-1\" \/>\n<link rel=\"canonical\" href=\"https:\/\/alexsa-verlag.de\/produkt\/pueppchen-der-welt\/\" \/>\n<meta property=\"og:locale\" content=\"ru_RU\" \/>\n<meta property=\"og:type\" content=\"article\" \/>\n<meta property=\"og:title\" content=\"P\u00fcppchen der Welt - \u0418\u0437\u0434\u0430\u0442\u0435\u043b\u044c\u0441\u0442\u0432\u043e &quot;\u0410\u043b\u0435\u043a\u0441\u0430&quot;\" \/>\n<meta property=\"og:url\" content=\"https:\/\/alexsa-verlag.de\/produkt\/pueppchen-der-welt\/\" \/>\n<meta property=\"og:site_name\" content=\"\u0418\u0437\u0434\u0430\u0442\u0435\u043b\u044c\u0441\u0442\u0432\u043e &quot;\u0410\u043b\u0435\u043a\u0441\u0430&quot;\" \/>\n<meta property=\"article:modified_time\" content=\"2024-11-28T07:45:38+00:00\" \/>\n<meta property=\"og:image\" content=\"https:\/\/alexsa-verlag.de\/wp-content\/uploads\/2020\/12\/Gruppe.png\" \/>\n\t<meta property=\"og:image:width\" content=\"838\" \/>\n\t<meta property=\"og:image:height\" content=\"907\" \/>\n\t<meta property=\"og:image:type\" content=\"image\/png\" \/>\n<meta name=\"twitter:card\" content=\"summary_large_image\" \/>\n<script type=\"application\/ld+json\" class=\"yoast-schema-graph\">{\"@context\":\"https:\\\/\\\/schema.org\",\"@graph\":[{\"@type\":\"WebPage\",\"@id\":\"https:\\\/\\\/alexsa-verlag.de\\\/produkt\\\/pueppchen-der-welt\\\/\",\"url\":\"https:\\\/\\\/alexsa-verlag.de\\\/produkt\\\/pueppchen-der-welt\\\/\",\"name\":\"P\u00fcppchen der Welt - \u0418\u0437\u0434\u0430\u0442\u0435\u043b\u044c\u0441\u0442\u0432\u043e &quot;\u0410\u043b\u0435\u043a\u0441\u0430&quot;\",\"isPartOf\":{\"@id\":\"https:\\\/\\\/alexsa-verlag.de\\\/#website\"},\"primaryImageOfPage\":{\"@id\":\"https:\\\/\\\/alexsa-verlag.de\\\/produkt\\\/pueppchen-der-welt\\\/#primaryimage\"},\"image\":{\"@id\":\"https:\\\/\\\/alexsa-verlag.de\\\/produkt\\\/pueppchen-der-welt\\\/#primaryimage\"},\"thumbnailUrl\":\"https:\\\/\\\/alexsa-verlag.de\\\/wp-content\\\/uploads\\\/2020\\\/12\\\/Gruppe.png\",\"datePublished\":\"2020-12-16T15:05:55+00:00\",\"dateModified\":\"2024-11-28T07:45:38+00:00\",\"breadcrumb\":{\"@id\":\"https:\\\/\\\/alexsa-verlag.de\\\/produkt\\\/pueppchen-der-welt\\\/#breadcrumb\"},\"inLanguage\":\"ru-RU\",\"potentialAction\":[{\"@type\":\"ReadAction\",\"target\":[\"https:\\\/\\\/alexsa-verlag.de\\\/produkt\\\/pueppchen-der-welt\\\/\"]}]},{\"@type\":\"ImageObject\",\"inLanguage\":\"ru-RU\",\"@id\":\"https:\\\/\\\/alexsa-verlag.de\\\/produkt\\\/pueppchen-der-welt\\\/#primaryimage\",\"url\":\"https:\\\/\\\/alexsa-verlag.de\\\/wp-content\\\/uploads\\\/2020\\\/12\\\/Gruppe.png\",\"contentUrl\":\"https:\\\/\\\/alexsa-verlag.de\\\/wp-content\\\/uploads\\\/2020\\\/12\\\/Gruppe.png\",\"width\":838,\"height\":907},{\"@type\":\"BreadcrumbList\",\"@id\":\"https:\\\/\\\/alexsa-verlag.de\\\/produkt\\\/pueppchen-der-welt\\\/#breadcrumb\",\"itemListElement\":[{\"@type\":\"ListItem\",\"position\":1,\"name\":\"Startseite\",\"item\":\"https:\\\/\\\/alexsa-verlag.de\\\/\"},{\"@type\":\"ListItem\",\"position\":2,\"name\":\"Shop\",\"item\":\"https:\\\/\\\/alexsa-verlag.de\\\/shop\\\/\"},{\"@type\":\"ListItem\",\"position\":3,\"name\":\"P\u00fcppchen der Welt\"}]},{\"@type\":\"WebSite\",\"@id\":\"https:\\\/\\\/alexsa-verlag.de\\\/#website\",\"url\":\"https:\\\/\\\/alexsa-verlag.de\\\/\",\"name\":\"\u0418\u0437\u0434\u0430\u0442\u0435\u043b\u044c\u0441\u0442\u0432\u043e &quot;\u0410\u043b\u0435\u043a\u0441\u0430&quot;\",\"description\":\"\u0411\u0435\u0440\u043b\u0438\u043d\",\"potentialAction\":[{\"@type\":\"SearchAction\",\"target\":{\"@type\":\"EntryPoint\",\"urlTemplate\":\"https:\\\/\\\/alexsa-verlag.de\\\/?s={search_term_string}\"},\"query-input\":{\"@type\":\"PropertyValueSpecification\",\"valueRequired\":true,\"valueName\":\"search_term_string\"}}],\"inLanguage\":\"ru-RU\"}]}<\/script>\n<!-- \/ Yoast SEO plugin. -->","yoast_head_json":{"title":"P\u00fcppchen der Welt - \u0418\u0437\u0434\u0430\u0442\u0435\u043b\u044c\u0441\u0442\u0432\u043e &quot;\u0410\u043b\u0435\u043a\u0441\u0430&quot;","robots":{"index":"index","follow":"follow","max-snippet":"max-snippet:-1","max-image-preview":"max-image-preview:large","max-video-preview":"max-video-preview:-1"},"canonical":"https:\/\/alexsa-verlag.de\/produkt\/pueppchen-der-welt\/","og_locale":"ru_RU","og_type":"article","og_title":"P\u00fcppchen der Welt - \u0418\u0437\u0434\u0430\u0442\u0435\u043b\u044c\u0441\u0442\u0432\u043e &quot;\u0410\u043b\u0435\u043a\u0441\u0430&quot;","og_url":"https:\/\/alexsa-verlag.de\/produkt\/pueppchen-der-welt\/","og_site_name":"\u0418\u0437\u0434\u0430\u0442\u0435\u043b\u044c\u0441\u0442\u0432\u043e &quot;\u0410\u043b\u0435\u043a\u0441\u0430&quot;","article_modified_time":"2024-11-28T07:45:38+00:00","og_image":[{"width":838,"height":907,"url":"https:\/\/alexsa-verlag.de\/wp-content\/uploads\/2020\/12\/Gruppe.png","type":"image\/png"}],"twitter_card":"summary_large_image","schema":{"@context":"https:\/\/schema.org","@graph":[{"@type":"WebPage","@id":"https:\/\/alexsa-verlag.de\/produkt\/pueppchen-der-welt\/","url":"https:\/\/alexsa-verlag.de\/produkt\/pueppchen-der-welt\/","name":"P\u00fcppchen der Welt - \u0418\u0437\u0434\u0430\u0442\u0435\u043b\u044c\u0441\u0442\u0432\u043e &quot;\u0410\u043b\u0435\u043a\u0441\u0430&quot;","isPartOf":{"@id":"https:\/\/alexsa-verlag.de\/#website"},"primaryImageOfPage":{"@id":"https:\/\/alexsa-verlag.de\/produkt\/pueppchen-der-welt\/#primaryimage"},"image":{"@id":"https:\/\/alexsa-verlag.de\/produkt\/pueppchen-der-welt\/#primaryimage"},"thumbnailUrl":"https:\/\/alexsa-verlag.de\/wp-content\/uploads\/2020\/12\/Gruppe.png","datePublished":"2020-12-16T15:05:55+00:00","dateModified":"2024-11-28T07:45:38+00:00","breadcrumb":{"@id":"https:\/\/alexsa-verlag.de\/produkt\/pueppchen-der-welt\/#breadcrumb"},"inLanguage":"ru-RU","potentialAction":[{"@type":"ReadAction","target":["https:\/\/alexsa-verlag.de\/produkt\/pueppchen-der-welt\/"]}]},{"@type":"ImageObject","inLanguage":"ru-RU","@id":"https:\/\/alexsa-verlag.de\/produkt\/pueppchen-der-welt\/#primaryimage","url":"https:\/\/alexsa-verlag.de\/wp-content\/uploads\/2020\/12\/Gruppe.png","contentUrl":"https:\/\/alexsa-verlag.de\/wp-content\/uploads\/2020\/12\/Gruppe.png","width":838,"height":907},{"@type":"BreadcrumbList","@id":"https:\/\/alexsa-verlag.de\/produkt\/pueppchen-der-welt\/#breadcrumb","itemListElement":[{"@type":"ListItem","position":1,"name":"Startseite","item":"https:\/\/alexsa-verlag.de\/"},{"@type":"ListItem","position":2,"name":"Shop","item":"https:\/\/alexsa-verlag.de\/shop\/"},{"@type":"ListItem","position":3,"name":"P\u00fcppchen der Welt"}]},{"@type":"WebSite","@id":"https:\/\/alexsa-verlag.de\/#website","url":"https:\/\/alexsa-verlag.de\/","name":"\u0418\u0437\u0434\u0430\u0442\u0435\u043b\u044c\u0441\u0442\u0432\u043e &quot;\u0410\u043b\u0435\u043a\u0441\u0430&quot;","description":"\u0411\u0435\u0440\u043b\u0438\u043d","potentialAction":[{"@type":"SearchAction","target":{"@type":"EntryPoint","urlTemplate":"https:\/\/alexsa-verlag.de\/?s={search_term_string}"},"query-input":{"@type":"PropertyValueSpecification","valueRequired":true,"valueName":"search_term_string"}}],"inLanguage":"ru-RU"}]}},"jetpack_publicize_connections":[],"jetpack_sharing_enabled":true,"_links":{"self":[{"href":"https:\/\/alexsa-verlag.de\/ru\/wp-json\/wp\/v2\/product\/1543","targetHints":{"allow":["GET"]}}],"collection":[{"href":"https:\/\/alexsa-verlag.de\/ru\/wp-json\/wp\/v2\/product"}],"about":[{"href":"https:\/\/alexsa-verlag.de\/ru\/wp-json\/wp\/v2\/types\/product"}],"replies":[{"embeddable":true,"href":"https:\/\/alexsa-verlag.de\/ru\/wp-json\/wp\/v2\/comments?post=1543"}],"wp:featuredmedia":[{"embeddable":true,"href":"https:\/\/alexsa-verlag.de\/ru\/wp-json\/wp\/v2\/media\/1532"}],"wp:attachment":[{"href":"https:\/\/alexsa-verlag.de\/ru\/wp-json\/wp\/v2\/media?parent=1543"}],"wp:term":[{"taxonomy":"product_brand","embeddable":true,"href":"https:\/\/alexsa-verlag.de\/ru\/wp-json\/wp\/v2\/product_brand?post=1543"},{"taxonomy":"product_cat","embeddable":true,"href":"https:\/\/alexsa-verlag.de\/ru\/wp-json\/wp\/v2\/product_cat?post=1543"},{"taxonomy":"product_tag","embeddable":true,"href":"https:\/\/alexsa-verlag.de\/ru\/wp-json\/wp\/v2\/product_tag?post=1543"}],"curies":[{"name":"wp","href":"https:\/\/api.w.org\/{rel}","templated":true}]}}