{"id":1371,"date":"2019-10-21T22:44:25","date_gmt":"2019-10-21T20:44:25","guid":{"rendered":"http:\/\/alexsa-verlag.de\/?post_type=product&#038;p=1371"},"modified":"2024-11-25T17:10:01","modified_gmt":"2024-11-25T16:10:01","slug":"die-prinzessin-im-drachenschloss","status":"publish","type":"product","link":"https:\/\/alexsa-verlag.de\/ru\/produkt\/die-prinzessin-im-drachenschloss\/","title":{"rendered":"Die Prinzessin im Drachenschloss"},"content":{"rendered":"<p>Prinzessin Sara ist im Drachenschloss gefangen und wartet ungeduldig auf ihren Befreier, der nat\u00fcrlich nach vollbrachter Heldentat geheiratet wird und das halbe K\u00f6nigreich dazu bekommt. Die Rettung naht, aber die Geschichte verl\u00e4uft v\u00f6llig anders, als alle erwarten.<\/p>\n<p>Alle Spiele, die bei uns mit Drachen, R\u00e4ubern, Prinzessin Sara, dem Drachenschloss und dem R\u00e4uberwald zu tun haben, haben auch mit diesem M\u00e4rchen zu tun.<\/p>\n<p>gebundenes Buch mit farbenfrohen, ganzseitigen Illustrationen der Verfasserin<\/p>\n<p>Erscheinungsjahr 1919, limitierte Auflage<\/p>\n","protected":false},"excerpt":{"rendered":"<p>M\u00e4rchen von Susanne Jura mit 30 ganzseitigen farbigen Illustrationen der Autorin<\/p>\n<p>64 Seiten, gebunden<\/p>\n<p>ISBN 978-3-947522-32-3<\/p>\n<p>&nbsp;<\/p>\n","protected":false},"featured_media":1372,"comment_status":"closed","ping_status":"closed","template":"","meta":{"jetpack_post_was_ever_published":false,"jetpack_publicize_message":"","jetpack_publicize_feature_enabled":true,"jetpack_social_post_already_shared":true,"jetpack_social_options":{"image_generator_settings":{"template":"highway","default_image_id":0,"font":"","enabled":false},"version":2}},"product_brand":[],"product_cat":[77,49],"product_tag":[],"class_list":{"0":"post-1371","1":"product","2":"type-product","3":"status-publish","4":"has-post-thumbnail","6":"product_cat-buecher","7":"product_cat-maerchenbuch","8":"product_shipping_class-kleinware","10":"first","11":"instock","12":"purchasable","13":"product-type-simple"},"translation":{"provider":"WPGlobus","version":"3.0.0","language":"ru","enabled_languages":["de","ru"],"languages":{"de":{"title":true,"content":true,"excerpt":true},"ru":{"title":false,"content":false,"excerpt":false}}},"yoast_head":"<!-- This site is optimized with the Yoast SEO plugin v27.4 - https:\/\/yoast.com\/product\/yoast-seo-wordpress\/ -->\n<title>Die Prinzessin im Drachenschloss - \u0418\u0437\u0434\u0430\u0442\u0435\u043b\u044c\u0441\u0442\u0432\u043e &quot;\u0410\u043b\u0435\u043a\u0441\u0430&quot;<\/title>\n<meta name=\"robots\" content=\"index, follow, max-snippet:-1, max-image-preview:large, max-video-preview:-1\" \/>\n<link rel=\"canonical\" href=\"https:\/\/alexsa-verlag.de\/produkt\/die-prinzessin-im-drachenschloss\/\" \/>\n<meta property=\"og:locale\" content=\"ru_RU\" \/>\n<meta property=\"og:type\" content=\"article\" \/>\n<meta property=\"og:title\" content=\"Die Prinzessin im Drachenschloss - \u0418\u0437\u0434\u0430\u0442\u0435\u043b\u044c\u0441\u0442\u0432\u043e &quot;\u0410\u043b\u0435\u043a\u0441\u0430&quot;\" \/>\n<meta property=\"og:url\" content=\"https:\/\/alexsa-verlag.de\/produkt\/die-prinzessin-im-drachenschloss\/\" \/>\n<meta property=\"og:site_name\" content=\"\u0418\u0437\u0434\u0430\u0442\u0435\u043b\u044c\u0441\u0442\u0432\u043e &quot;\u0410\u043b\u0435\u043a\u0441\u0430&quot;\" \/>\n<meta property=\"article:modified_time\" content=\"2024-11-25T16:10:01+00:00\" \/>\n<meta property=\"og:image\" content=\"https:\/\/alexsa-verlag.de\/wp-content\/uploads\/2019\/10\/Prinz-Titel-1024x1024.png\" \/>\n\t<meta property=\"og:image:width\" content=\"1024\" \/>\n\t<meta property=\"og:image:height\" content=\"1024\" \/>\n\t<meta property=\"og:image:type\" content=\"image\/png\" \/>\n<meta name=\"twitter:card\" content=\"summary_large_image\" \/>\n<script type=\"application\/ld+json\" class=\"yoast-schema-graph\">{\"@context\":\"https:\\\/\\\/schema.org\",\"@graph\":[{\"@type\":\"WebPage\",\"@id\":\"https:\\\/\\\/alexsa-verlag.de\\\/produkt\\\/die-prinzessin-im-drachenschloss\\\/\",\"url\":\"https:\\\/\\\/alexsa-verlag.de\\\/produkt\\\/die-prinzessin-im-drachenschloss\\\/\",\"name\":\"Die Prinzessin im Drachenschloss - \u0418\u0437\u0434\u0430\u0442\u0435\u043b\u044c\u0441\u0442\u0432\u043e &quot;\u0410\u043b\u0435\u043a\u0441\u0430&quot;\",\"isPartOf\":{\"@id\":\"https:\\\/\\\/alexsa-verlag.de\\\/#website\"},\"primaryImageOfPage\":{\"@id\":\"https:\\\/\\\/alexsa-verlag.de\\\/produkt\\\/die-prinzessin-im-drachenschloss\\\/#primaryimage\"},\"image\":{\"@id\":\"https:\\\/\\\/alexsa-verlag.de\\\/produkt\\\/die-prinzessin-im-drachenschloss\\\/#primaryimage\"},\"thumbnailUrl\":\"https:\\\/\\\/alexsa-verlag.de\\\/wp-content\\\/uploads\\\/2019\\\/10\\\/Prinz-Titel.png\",\"datePublished\":\"2019-10-21T20:44:25+00:00\",\"dateModified\":\"2024-11-25T16:10:01+00:00\",\"breadcrumb\":{\"@id\":\"https:\\\/\\\/alexsa-verlag.de\\\/produkt\\\/die-prinzessin-im-drachenschloss\\\/#breadcrumb\"},\"inLanguage\":\"ru-RU\",\"potentialAction\":[{\"@type\":\"ReadAction\",\"target\":[\"https:\\\/\\\/alexsa-verlag.de\\\/produkt\\\/die-prinzessin-im-drachenschloss\\\/\"]}]},{\"@type\":\"ImageObject\",\"inLanguage\":\"ru-RU\",\"@id\":\"https:\\\/\\\/alexsa-verlag.de\\\/produkt\\\/die-prinzessin-im-drachenschloss\\\/#primaryimage\",\"url\":\"https:\\\/\\\/alexsa-verlag.de\\\/wp-content\\\/uploads\\\/2019\\\/10\\\/Prinz-Titel.png\",\"contentUrl\":\"https:\\\/\\\/alexsa-verlag.de\\\/wp-content\\\/uploads\\\/2019\\\/10\\\/Prinz-Titel.png\",\"width\":1241,\"height\":1242},{\"@type\":\"BreadcrumbList\",\"@id\":\"https:\\\/\\\/alexsa-verlag.de\\\/produkt\\\/die-prinzessin-im-drachenschloss\\\/#breadcrumb\",\"itemListElement\":[{\"@type\":\"ListItem\",\"position\":1,\"name\":\"Startseite\",\"item\":\"https:\\\/\\\/alexsa-verlag.de\\\/\"},{\"@type\":\"ListItem\",\"position\":2,\"name\":\"Shop\",\"item\":\"https:\\\/\\\/alexsa-verlag.de\\\/shop\\\/\"},{\"@type\":\"ListItem\",\"position\":3,\"name\":\"Die Prinzessin im Drachenschloss\"}]},{\"@type\":\"WebSite\",\"@id\":\"https:\\\/\\\/alexsa-verlag.de\\\/#website\",\"url\":\"https:\\\/\\\/alexsa-verlag.de\\\/\",\"name\":\"\u0418\u0437\u0434\u0430\u0442\u0435\u043b\u044c\u0441\u0442\u0432\u043e &quot;\u0410\u043b\u0435\u043a\u0441\u0430&quot;\",\"description\":\"\u0411\u0435\u0440\u043b\u0438\u043d\",\"potentialAction\":[{\"@type\":\"SearchAction\",\"target\":{\"@type\":\"EntryPoint\",\"urlTemplate\":\"https:\\\/\\\/alexsa-verlag.de\\\/?s={search_term_string}\"},\"query-input\":{\"@type\":\"PropertyValueSpecification\",\"valueRequired\":true,\"valueName\":\"search_term_string\"}}],\"inLanguage\":\"ru-RU\"}]}<\/script>\n<!-- \/ Yoast SEO plugin. -->","yoast_head_json":{"title":"Die Prinzessin im Drachenschloss - \u0418\u0437\u0434\u0430\u0442\u0435\u043b\u044c\u0441\u0442\u0432\u043e &quot;\u0410\u043b\u0435\u043a\u0441\u0430&quot;","robots":{"index":"index","follow":"follow","max-snippet":"max-snippet:-1","max-image-preview":"max-image-preview:large","max-video-preview":"max-video-preview:-1"},"canonical":"https:\/\/alexsa-verlag.de\/produkt\/die-prinzessin-im-drachenschloss\/","og_locale":"ru_RU","og_type":"article","og_title":"Die Prinzessin im Drachenschloss - \u0418\u0437\u0434\u0430\u0442\u0435\u043b\u044c\u0441\u0442\u0432\u043e &quot;\u0410\u043b\u0435\u043a\u0441\u0430&quot;","og_url":"https:\/\/alexsa-verlag.de\/produkt\/die-prinzessin-im-drachenschloss\/","og_site_name":"\u0418\u0437\u0434\u0430\u0442\u0435\u043b\u044c\u0441\u0442\u0432\u043e &quot;\u0410\u043b\u0435\u043a\u0441\u0430&quot;","article_modified_time":"2024-11-25T16:10:01+00:00","og_image":[{"width":1024,"height":1024,"url":"https:\/\/alexsa-verlag.de\/wp-content\/uploads\/2019\/10\/Prinz-Titel-1024x1024.png","type":"image\/png"}],"twitter_card":"summary_large_image","schema":{"@context":"https:\/\/schema.org","@graph":[{"@type":"WebPage","@id":"https:\/\/alexsa-verlag.de\/produkt\/die-prinzessin-im-drachenschloss\/","url":"https:\/\/alexsa-verlag.de\/produkt\/die-prinzessin-im-drachenschloss\/","name":"Die Prinzessin im Drachenschloss - \u0418\u0437\u0434\u0430\u0442\u0435\u043b\u044c\u0441\u0442\u0432\u043e &quot;\u0410\u043b\u0435\u043a\u0441\u0430&quot;","isPartOf":{"@id":"https:\/\/alexsa-verlag.de\/#website"},"primaryImageOfPage":{"@id":"https:\/\/alexsa-verlag.de\/produkt\/die-prinzessin-im-drachenschloss\/#primaryimage"},"image":{"@id":"https:\/\/alexsa-verlag.de\/produkt\/die-prinzessin-im-drachenschloss\/#primaryimage"},"thumbnailUrl":"https:\/\/alexsa-verlag.de\/wp-content\/uploads\/2019\/10\/Prinz-Titel.png","datePublished":"2019-10-21T20:44:25+00:00","dateModified":"2024-11-25T16:10:01+00:00","breadcrumb":{"@id":"https:\/\/alexsa-verlag.de\/produkt\/die-prinzessin-im-drachenschloss\/#breadcrumb"},"inLanguage":"ru-RU","potentialAction":[{"@type":"ReadAction","target":["https:\/\/alexsa-verlag.de\/produkt\/die-prinzessin-im-drachenschloss\/"]}]},{"@type":"ImageObject","inLanguage":"ru-RU","@id":"https:\/\/alexsa-verlag.de\/produkt\/die-prinzessin-im-drachenschloss\/#primaryimage","url":"https:\/\/alexsa-verlag.de\/wp-content\/uploads\/2019\/10\/Prinz-Titel.png","contentUrl":"https:\/\/alexsa-verlag.de\/wp-content\/uploads\/2019\/10\/Prinz-Titel.png","width":1241,"height":1242},{"@type":"BreadcrumbList","@id":"https:\/\/alexsa-verlag.de\/produkt\/die-prinzessin-im-drachenschloss\/#breadcrumb","itemListElement":[{"@type":"ListItem","position":1,"name":"Startseite","item":"https:\/\/alexsa-verlag.de\/"},{"@type":"ListItem","position":2,"name":"Shop","item":"https:\/\/alexsa-verlag.de\/shop\/"},{"@type":"ListItem","position":3,"name":"Die Prinzessin im Drachenschloss"}]},{"@type":"WebSite","@id":"https:\/\/alexsa-verlag.de\/#website","url":"https:\/\/alexsa-verlag.de\/","name":"\u0418\u0437\u0434\u0430\u0442\u0435\u043b\u044c\u0441\u0442\u0432\u043e &quot;\u0410\u043b\u0435\u043a\u0441\u0430&quot;","description":"\u0411\u0435\u0440\u043b\u0438\u043d","potentialAction":[{"@type":"SearchAction","target":{"@type":"EntryPoint","urlTemplate":"https:\/\/alexsa-verlag.de\/?s={search_term_string}"},"query-input":{"@type":"PropertyValueSpecification","valueRequired":true,"valueName":"search_term_string"}}],"inLanguage":"ru-RU"}]}},"jetpack_publicize_connections":[],"jetpack_sharing_enabled":true,"_links":{"self":[{"href":"https:\/\/alexsa-verlag.de\/ru\/wp-json\/wp\/v2\/product\/1371","targetHints":{"allow":["GET"]}}],"collection":[{"href":"https:\/\/alexsa-verlag.de\/ru\/wp-json\/wp\/v2\/product"}],"about":[{"href":"https:\/\/alexsa-verlag.de\/ru\/wp-json\/wp\/v2\/types\/product"}],"replies":[{"embeddable":true,"href":"https:\/\/alexsa-verlag.de\/ru\/wp-json\/wp\/v2\/comments?post=1371"}],"wp:featuredmedia":[{"embeddable":true,"href":"https:\/\/alexsa-verlag.de\/ru\/wp-json\/wp\/v2\/media\/1372"}],"wp:attachment":[{"href":"https:\/\/alexsa-verlag.de\/ru\/wp-json\/wp\/v2\/media?parent=1371"}],"wp:term":[{"taxonomy":"product_brand","embeddable":true,"href":"https:\/\/alexsa-verlag.de\/ru\/wp-json\/wp\/v2\/product_brand?post=1371"},{"taxonomy":"product_cat","embeddable":true,"href":"https:\/\/alexsa-verlag.de\/ru\/wp-json\/wp\/v2\/product_cat?post=1371"},{"taxonomy":"product_tag","embeddable":true,"href":"https:\/\/alexsa-verlag.de\/ru\/wp-json\/wp\/v2\/product_tag?post=1371"}],"curies":[{"name":"wp","href":"https:\/\/api.w.org\/{rel}","templated":true}]}}