{"id":1184,"date":"2019-09-11T16:20:06","date_gmt":"2019-09-11T14:20:06","guid":{"rendered":"http:\/\/alexsa-verlag.de\/?post_type=product&#038;p=1184"},"modified":"2019-11-20T15:43:29","modified_gmt":"2019-11-20T14:43:29","slug":"moskauer-metro-2020","status":"publish","type":"product","link":"https:\/\/alexsa-verlag.de\/ru\/produkt\/moskauer-metro-2020\/","title":{"rendered":"Die Moskauer Metro 2020 (Wandkalender DIN-A4 quer, doppelseitig)"},"content":{"rendered":"<p>Die Moskauer Metro hat zwar nicht das l\u00e4ngste Streckennetz der Welt, daf\u00fcr aber die wahrscheinlich pr\u00e4chtigsten Stationen.<\/p>\n<p>Wollen Sie jeden Monat etwas neues \u00fcber die Moskauer Metro erfahren? Der Wandkalender &#8220;Die Moskauer Metro 2020 &#8211; Die pr\u00e4chtigste U-Bahn der Welt&#8221; ist mehr als nur ein einfacher Kalender. Er umfasst 13 Bilder von Stationen und Einrichtungen der Moskauer Metro und informative Sachtexte mit Bezug zu dem Jeweiligen Monat und der Abbildung.<\/p>\n<p>Der Kalender Moskauer Metro 2020 ist der erste Kalender aus der Reihe &#8220;Nahverkehr&#8221; im Alexsa-Verlag Berlin. F\u00fcr 2021 k\u00f6nnen Sie sich auf weitere Kalender zu diesem Thema mit ungew\u00f6hnlichen Bildern und informativen Sachtexten freuen.<\/p>\n<p>Es ist au\u00dferdem m\u00f6glich, einen individuellen redaktionellen Wandkalender f\u00fcr Ihr Unternehmen herzustellen, beispielsweise mit Texten zu Ihrer Unternehmensgeschichte. Wenden Sie sich hierzu gerne an <a href=\"http:\/\/alexsa-verlag.de\/kontakt_jj\/\">Justin Jura<\/a>.<\/p>\n<h5>Produkteigenschaften:<\/h5>\n<p>Format: DIN A4 quer, doppelseitig<br \/>\nAnzahl Bl\u00e4tter: 13 + 1 Klarsicht-Deckfolie + 1 Pappr\u00fcckseite<br \/>\nEAN: 4270000019210<br \/>\nErscheinungsdatum: 10.09.2019<\/p>\n","protected":false},"excerpt":{"rendered":"<p>Der Kalender Moskauer Metro 2020 umfasst 13 Bilder von Stationen und Einrichtungen der Moskauer U-Bahn sowie 12 informative Sachtexte mit Bezug zum jeweiligen Monat und der Abbildung.<\/p>\n","protected":false},"featured_media":1189,"comment_status":"closed","ping_status":"closed","template":"","meta":{"jetpack_post_was_ever_published":false,"jetpack_publicize_message":"","jetpack_publicize_feature_enabled":true,"jetpack_social_post_already_shared":true,"jetpack_social_options":{"image_generator_settings":{"template":"highway","default_image_id":0,"font":"","enabled":false},"version":2}},"product_brand":[],"product_cat":[39],"product_tag":[],"class_list":{"0":"post-1184","1":"product","2":"type-product","3":"status-publish","4":"has-post-thumbnail","6":"product_cat-kalender","7":"product_shipping_class-kalender","9":"first","10":"instock","11":"taxable","12":"shipping-taxable","13":"purchasable","14":"product-type-simple"},"translation":{"provider":"WPGlobus","version":"3.0.0","language":"ru","enabled_languages":["de","ru"],"languages":{"de":{"title":true,"content":true,"excerpt":true},"ru":{"title":false,"content":false,"excerpt":false}}},"yoast_head":"<!-- This site is optimized with the Yoast SEO plugin v27.5 - https:\/\/yoast.com\/product\/yoast-seo-wordpress\/ -->\n<title>Die Moskauer Metro 2020 (Wandkalender DIN-A4 quer, doppelseitig) - \u0418\u0437\u0434\u0430\u0442\u0435\u043b\u044c\u0441\u0442\u0432\u043e &quot;\u0410\u043b\u0435\u043a\u0441\u0430&quot;<\/title>\n<meta name=\"robots\" content=\"index, follow, max-snippet:-1, max-image-preview:large, max-video-preview:-1\" \/>\n<link rel=\"canonical\" href=\"https:\/\/alexsa-verlag.de\/ru\/produkt\/moskauer-metro-2020\/\" \/>\n<meta property=\"og:locale\" content=\"ru_RU\" \/>\n<meta property=\"og:type\" content=\"article\" \/>\n<meta property=\"og:title\" content=\"Die Moskauer Metro 2020 (Wandkalender DIN-A4 quer, doppelseitig) - \u0418\u0437\u0434\u0430\u0442\u0435\u043b\u044c\u0441\u0442\u0432\u043e &quot;\u0410\u043b\u0435\u043a\u0441\u0430&quot;\" \/>\n<meta property=\"og:url\" content=\"https:\/\/alexsa-verlag.de\/ru\/produkt\/moskauer-metro-2020\/\" \/>\n<meta property=\"og:site_name\" content=\"\u0418\u0437\u0434\u0430\u0442\u0435\u043b\u044c\u0441\u0442\u0432\u043e &quot;\u0410\u043b\u0435\u043a\u0441\u0430&quot;\" \/>\n<meta property=\"article:modified_time\" content=\"2019-11-20T14:43:29+00:00\" \/>\n<meta property=\"og:image\" content=\"https:\/\/alexsa-verlag.de\/wp-content\/uploads\/2019\/09\/die-moskauer-metro-2020-titel-1280-1.jpg\" \/>\n\t<meta property=\"og:image:width\" content=\"1280\" \/>\n\t<meta property=\"og:image:height\" content=\"1280\" \/>\n\t<meta property=\"og:image:type\" content=\"image\/jpeg\" \/>\n<meta name=\"twitter:card\" content=\"summary_large_image\" \/>\n<meta name=\"twitter:label1\" content=\"Est. reading time\" \/>\n\t<meta name=\"twitter:data1\" content=\"1 minute\" \/>\n<script type=\"application\/ld+json\" class=\"yoast-schema-graph\">{\"@context\":\"https:\\\/\\\/schema.org\",\"@graph\":[{\"@type\":\"WebPage\",\"@id\":\"https:\\\/\\\/alexsa-verlag.de\\\/ru\\\/produkt\\\/moskauer-metro-2020\\\/\",\"url\":\"https:\\\/\\\/alexsa-verlag.de\\\/ru\\\/produkt\\\/moskauer-metro-2020\\\/\",\"name\":\"Die Moskauer Metro 2020 (Wandkalender DIN-A4 quer, doppelseitig) - \u0418\u0437\u0434\u0430\u0442\u0435\u043b\u044c\u0441\u0442\u0432\u043e &quot;\u0410\u043b\u0435\u043a\u0441\u0430&quot;\",\"isPartOf\":{\"@id\":\"https:\\\/\\\/alexsa-verlag.de\\\/#website\"},\"primaryImageOfPage\":{\"@id\":\"https:\\\/\\\/alexsa-verlag.de\\\/ru\\\/produkt\\\/moskauer-metro-2020\\\/#primaryimage\"},\"image\":{\"@id\":\"https:\\\/\\\/alexsa-verlag.de\\\/ru\\\/produkt\\\/moskauer-metro-2020\\\/#primaryimage\"},\"thumbnailUrl\":\"https:\\\/\\\/alexsa-verlag.de\\\/wp-content\\\/uploads\\\/2019\\\/09\\\/die-moskauer-metro-2020-titel-1280-1.jpg\",\"datePublished\":\"2019-09-11T14:20:06+00:00\",\"dateModified\":\"2019-11-20T14:43:29+00:00\",\"description\":\"\",\"breadcrumb\":{\"@id\":\"https:\\\/\\\/alexsa-verlag.de\\\/ru\\\/produkt\\\/moskauer-metro-2020\\\/#breadcrumb\"},\"inLanguage\":\"ru-RU\",\"potentialAction\":[{\"@type\":\"ReadAction\",\"target\":[\"https:\\\/\\\/alexsa-verlag.de\\\/ru\\\/produkt\\\/moskauer-metro-2020\\\/\"]}]},{\"@type\":\"ImageObject\",\"inLanguage\":\"ru-RU\",\"@id\":\"https:\\\/\\\/alexsa-verlag.de\\\/ru\\\/produkt\\\/moskauer-metro-2020\\\/#primaryimage\",\"url\":\"https:\\\/\\\/alexsa-verlag.de\\\/wp-content\\\/uploads\\\/2019\\\/09\\\/die-moskauer-metro-2020-titel-1280-1.jpg\",\"contentUrl\":\"https:\\\/\\\/alexsa-verlag.de\\\/wp-content\\\/uploads\\\/2019\\\/09\\\/die-moskauer-metro-2020-titel-1280-1.jpg\",\"width\":1280,\"height\":1280,\"caption\":\"Die Moskauer Metro 2020\"},{\"@type\":\"BreadcrumbList\",\"@id\":\"https:\\\/\\\/alexsa-verlag.de\\\/ru\\\/produkt\\\/moskauer-metro-2020\\\/#breadcrumb\",\"itemListElement\":[{\"@type\":\"ListItem\",\"position\":1,\"name\":\"Startseite\",\"item\":\"https:\\\/\\\/alexsa-verlag.de\\\/\"},{\"@type\":\"ListItem\",\"position\":2,\"name\":\"Shop\",\"item\":\"https:\\\/\\\/alexsa-verlag.de\\\/shop\\\/\"},{\"@type\":\"ListItem\",\"position\":3,\"name\":\"Die Moskauer Metro 2020 (Wandkalender DIN-A4 quer, doppelseitig)\"}]},{\"@type\":\"WebSite\",\"@id\":\"https:\\\/\\\/alexsa-verlag.de\\\/#website\",\"url\":\"https:\\\/\\\/alexsa-verlag.de\\\/\",\"name\":\"\u0418\u0437\u0434\u0430\u0442\u0435\u043b\u044c\u0441\u0442\u0432\u043e &quot;\u0410\u043b\u0435\u043a\u0441\u0430&quot;\",\"description\":\"\u0411\u0435\u0440\u043b\u0438\u043d\",\"potentialAction\":[{\"@type\":\"SearchAction\",\"target\":{\"@type\":\"EntryPoint\",\"urlTemplate\":\"https:\\\/\\\/alexsa-verlag.de\\\/?s={search_term_string}\"},\"query-input\":{\"@type\":\"PropertyValueSpecification\",\"valueRequired\":true,\"valueName\":\"search_term_string\"}}],\"inLanguage\":\"ru-RU\"}]}<\/script>\n<!-- \/ Yoast SEO plugin. -->","yoast_head_json":{"title":"Die Moskauer Metro 2020 (Wandkalender DIN-A4 quer, doppelseitig) - \u0418\u0437\u0434\u0430\u0442\u0435\u043b\u044c\u0441\u0442\u0432\u043e &quot;\u0410\u043b\u0435\u043a\u0441\u0430&quot;","robots":{"index":"index","follow":"follow","max-snippet":"max-snippet:-1","max-image-preview":"max-image-preview:large","max-video-preview":"max-video-preview:-1"},"canonical":"https:\/\/alexsa-verlag.de\/ru\/produkt\/moskauer-metro-2020\/","og_locale":"ru_RU","og_type":"article","og_title":"Die Moskauer Metro 2020 (Wandkalender DIN-A4 quer, doppelseitig) - \u0418\u0437\u0434\u0430\u0442\u0435\u043b\u044c\u0441\u0442\u0432\u043e &quot;\u0410\u043b\u0435\u043a\u0441\u0430&quot;","og_url":"https:\/\/alexsa-verlag.de\/ru\/produkt\/moskauer-metro-2020\/","og_site_name":"\u0418\u0437\u0434\u0430\u0442\u0435\u043b\u044c\u0441\u0442\u0432\u043e &quot;\u0410\u043b\u0435\u043a\u0441\u0430&quot;","article_modified_time":"2019-11-20T14:43:29+00:00","og_image":[{"width":1280,"height":1280,"url":"https:\/\/alexsa-verlag.de\/wp-content\/uploads\/2019\/09\/die-moskauer-metro-2020-titel-1280-1.jpg","type":"image\/jpeg"}],"twitter_card":"summary_large_image","twitter_misc":{"Est. reading time":"1 minute"},"schema":{"@context":"https:\/\/schema.org","@graph":[{"@type":"WebPage","@id":"https:\/\/alexsa-verlag.de\/ru\/produkt\/moskauer-metro-2020\/","url":"https:\/\/alexsa-verlag.de\/ru\/produkt\/moskauer-metro-2020\/","name":"Die Moskauer Metro 2020 (Wandkalender DIN-A4 quer, doppelseitig) - \u0418\u0437\u0434\u0430\u0442\u0435\u043b\u044c\u0441\u0442\u0432\u043e &quot;\u0410\u043b\u0435\u043a\u0441\u0430&quot;","isPartOf":{"@id":"https:\/\/alexsa-verlag.de\/#website"},"primaryImageOfPage":{"@id":"https:\/\/alexsa-verlag.de\/ru\/produkt\/moskauer-metro-2020\/#primaryimage"},"image":{"@id":"https:\/\/alexsa-verlag.de\/ru\/produkt\/moskauer-metro-2020\/#primaryimage"},"thumbnailUrl":"https:\/\/alexsa-verlag.de\/wp-content\/uploads\/2019\/09\/die-moskauer-metro-2020-titel-1280-1.jpg","datePublished":"2019-09-11T14:20:06+00:00","dateModified":"2019-11-20T14:43:29+00:00","description":"","breadcrumb":{"@id":"https:\/\/alexsa-verlag.de\/ru\/produkt\/moskauer-metro-2020\/#breadcrumb"},"inLanguage":"ru-RU","potentialAction":[{"@type":"ReadAction","target":["https:\/\/alexsa-verlag.de\/ru\/produkt\/moskauer-metro-2020\/"]}]},{"@type":"ImageObject","inLanguage":"ru-RU","@id":"https:\/\/alexsa-verlag.de\/ru\/produkt\/moskauer-metro-2020\/#primaryimage","url":"https:\/\/alexsa-verlag.de\/wp-content\/uploads\/2019\/09\/die-moskauer-metro-2020-titel-1280-1.jpg","contentUrl":"https:\/\/alexsa-verlag.de\/wp-content\/uploads\/2019\/09\/die-moskauer-metro-2020-titel-1280-1.jpg","width":1280,"height":1280,"caption":"Die Moskauer Metro 2020"},{"@type":"BreadcrumbList","@id":"https:\/\/alexsa-verlag.de\/ru\/produkt\/moskauer-metro-2020\/#breadcrumb","itemListElement":[{"@type":"ListItem","position":1,"name":"Startseite","item":"https:\/\/alexsa-verlag.de\/"},{"@type":"ListItem","position":2,"name":"Shop","item":"https:\/\/alexsa-verlag.de\/shop\/"},{"@type":"ListItem","position":3,"name":"Die Moskauer Metro 2020 (Wandkalender DIN-A4 quer, doppelseitig)"}]},{"@type":"WebSite","@id":"https:\/\/alexsa-verlag.de\/#website","url":"https:\/\/alexsa-verlag.de\/","name":"\u0418\u0437\u0434\u0430\u0442\u0435\u043b\u044c\u0441\u0442\u0432\u043e &quot;\u0410\u043b\u0435\u043a\u0441\u0430&quot;","description":"\u0411\u0435\u0440\u043b\u0438\u043d","potentialAction":[{"@type":"SearchAction","target":{"@type":"EntryPoint","urlTemplate":"https:\/\/alexsa-verlag.de\/?s={search_term_string}"},"query-input":{"@type":"PropertyValueSpecification","valueRequired":true,"valueName":"search_term_string"}}],"inLanguage":"ru-RU"}]}},"jetpack_publicize_connections":[],"jetpack_sharing_enabled":true,"_links":{"self":[{"href":"https:\/\/alexsa-verlag.de\/ru\/wp-json\/wp\/v2\/product\/1184","targetHints":{"allow":["GET"]}}],"collection":[{"href":"https:\/\/alexsa-verlag.de\/ru\/wp-json\/wp\/v2\/product"}],"about":[{"href":"https:\/\/alexsa-verlag.de\/ru\/wp-json\/wp\/v2\/types\/product"}],"replies":[{"embeddable":true,"href":"https:\/\/alexsa-verlag.de\/ru\/wp-json\/wp\/v2\/comments?post=1184"}],"wp:featuredmedia":[{"embeddable":true,"href":"https:\/\/alexsa-verlag.de\/ru\/wp-json\/wp\/v2\/media\/1189"}],"wp:attachment":[{"href":"https:\/\/alexsa-verlag.de\/ru\/wp-json\/wp\/v2\/media?parent=1184"}],"wp:term":[{"taxonomy":"product_brand","embeddable":true,"href":"https:\/\/alexsa-verlag.de\/ru\/wp-json\/wp\/v2\/product_brand?post=1184"},{"taxonomy":"product_cat","embeddable":true,"href":"https:\/\/alexsa-verlag.de\/ru\/wp-json\/wp\/v2\/product_cat?post=1184"},{"taxonomy":"product_tag","embeddable":true,"href":"https:\/\/alexsa-verlag.de\/ru\/wp-json\/wp\/v2\/product_tag?post=1184"}],"curies":[{"name":"wp","href":"https:\/\/api.w.org\/{rel}","templated":true}]}}