{"id":810,"date":"2018-04-25T11:44:04","date_gmt":"2018-04-25T09:44:04","guid":{"rendered":"http:\/\/alexsa-verlag.de\/?page_id=810"},"modified":"2018-04-25T11:51:09","modified_gmt":"2018-04-25T09:51:09","slug":"das-leben-im-tischkasten-susanne-jura","status":"publish","type":"page","link":"https:\/\/alexsa-verlag.de\/ru\/das-leben-im-tischkasten-susanne-jura\/","title":{"rendered":"Das Leben im Tischkasten (Susanne Jura)"},"content":{"rendered":"<p><img loading=\"lazy\" decoding=\"async\" class=\"size-medium wp-image-783 alignleft\" src=\"http:\/\/alexsa-verlag.de\/wp-content\/uploads\/2018\/02\/Das_Leben_im_Tischkasten_web-243x300.jpg\" alt=\"\" width=\"243\" height=\"300\" \/>Das Leben im Tischkasten ist eine philosophische Kurzgeschichte von Susanne Jura.<\/p>\n<h3>Eckdaten von Das Leben im Tischkasten<\/h3>\n<ul>\n<li>Titel im internationalen Vertrieb: Das Leben im Tischkasten<\/li>\n<li>Autor: Susanne Jura<\/li>\n<li>Erstver\u00f6ffentlichung: Deutschland<\/li>\n<li>Erscheinungsjahr im Alexsa-Verlag: 2018<\/li>\n<li>Sprache: Deutsch<\/li>\n<li>Umfang: 26 Seiten<\/li>\n<li>Verf\u00fcgbar als: <a href=\"https:\/\/amzn.to\/2qZ7JSo\">Paperback*<\/a><\/li>\n<\/ul>\n<p>*\u00dcber diesen Link k\u00f6nnen Sie das Buch direkt bei Amazon.de bestellen.<\/p>\n","protected":false},"excerpt":{"rendered":"<p>Das Leben im Tischkasten ist eine philosophische Kurzgeschichte von Susanne Jura. Eckdaten von Das Leben im Tischkasten Titel im internationalen Vertrieb: Das Leben im Tischkasten Autor: Susanne Jura Erstver\u00f6ffentlichung: Deutschland Erscheinungsjahr im Alexsa-Verlag: 2018 Sprache: Deutsch Umfang: 26 Seiten Verf\u00fcgbar als: Paperback* *\u00dcber diesen Link k\u00f6nnen Sie das Buch direkt bei Amazon.de bestellen.<\/p>\n","protected":false},"author":1,"featured_media":0,"parent":0,"menu_order":0,"comment_status":"closed","ping_status":"closed","template":"","meta":{"jetpack_post_was_ever_published":false,"footnotes":""},"class_list":["post-810","page","type-page","status-publish","hentry"],"translation":{"provider":"WPGlobus","version":"3.0.0","language":"ru","enabled_languages":["de","ru"],"languages":{"de":{"title":true,"content":true,"excerpt":false},"ru":{"title":false,"content":false,"excerpt":false}}},"yoast_head":"<!-- This site is optimized with the Yoast SEO plugin v27.5 - https:\/\/yoast.com\/product\/yoast-seo-wordpress\/ -->\n<title>Das Leben im Tischkasten (Susanne Jura) - \u0418\u0437\u0434\u0430\u0442\u0435\u043b\u044c\u0441\u0442\u0432\u043e &quot;\u0410\u043b\u0435\u043a\u0441\u0430&quot;<\/title>\n<meta name=\"robots\" content=\"index, follow, max-snippet:-1, max-image-preview:large, max-video-preview:-1\" \/>\n<link rel=\"canonical\" href=\"https:\/\/alexsa-verlag.de\/das-leben-im-tischkasten-susanne-jura\/\" \/>\n<meta property=\"og:locale\" content=\"ru_RU\" \/>\n<meta property=\"og:type\" content=\"article\" \/>\n<meta property=\"og:title\" content=\"Das Leben im Tischkasten (Susanne Jura) - \u0418\u0437\u0434\u0430\u0442\u0435\u043b\u044c\u0441\u0442\u0432\u043e &quot;\u0410\u043b\u0435\u043a\u0441\u0430&quot;\" \/>\n<meta property=\"og:url\" content=\"https:\/\/alexsa-verlag.de\/das-leben-im-tischkasten-susanne-jura\/\" \/>\n<meta property=\"og:site_name\" content=\"\u0418\u0437\u0434\u0430\u0442\u0435\u043b\u044c\u0441\u0442\u0432\u043e &quot;\u0410\u043b\u0435\u043a\u0441\u0430&quot;\" \/>\n<meta property=\"article:modified_time\" content=\"2018-04-25T09:51:09+00:00\" \/>\n<meta name=\"twitter:card\" content=\"summary_large_image\" \/>\n<script type=\"application\/ld+json\" class=\"yoast-schema-graph\">{\"@context\":\"https:\\\/\\\/schema.org\",\"@graph\":[{\"@type\":\"WebPage\",\"@id\":\"https:\\\/\\\/alexsa-verlag.de\\\/das-leben-im-tischkasten-susanne-jura\\\/\",\"url\":\"https:\\\/\\\/alexsa-verlag.de\\\/das-leben-im-tischkasten-susanne-jura\\\/\",\"name\":\"Das Leben im Tischkasten (Susanne Jura) - \u0418\u0437\u0434\u0430\u0442\u0435\u043b\u044c\u0441\u0442\u0432\u043e &quot;\u0410\u043b\u0435\u043a\u0441\u0430&quot;\",\"isPartOf\":{\"@id\":\"https:\\\/\\\/alexsa-verlag.de\\\/#website\"},\"primaryImageOfPage\":{\"@id\":\"https:\\\/\\\/alexsa-verlag.de\\\/das-leben-im-tischkasten-susanne-jura\\\/#primaryimage\"},\"image\":{\"@id\":\"https:\\\/\\\/alexsa-verlag.de\\\/das-leben-im-tischkasten-susanne-jura\\\/#primaryimage\"},\"thumbnailUrl\":\"http:\\\/\\\/alexsa-verlag.de\\\/wp-content\\\/uploads\\\/2018\\\/02\\\/Das_Leben_im_Tischkasten_web-243x300.jpg\",\"datePublished\":\"2018-04-25T09:44:04+00:00\",\"dateModified\":\"2018-04-25T09:51:09+00:00\",\"breadcrumb\":{\"@id\":\"https:\\\/\\\/alexsa-verlag.de\\\/das-leben-im-tischkasten-susanne-jura\\\/#breadcrumb\"},\"inLanguage\":\"ru-RU\",\"potentialAction\":[{\"@type\":\"ReadAction\",\"target\":[\"https:\\\/\\\/alexsa-verlag.de\\\/das-leben-im-tischkasten-susanne-jura\\\/\"]}]},{\"@type\":\"ImageObject\",\"inLanguage\":\"ru-RU\",\"@id\":\"https:\\\/\\\/alexsa-verlag.de\\\/das-leben-im-tischkasten-susanne-jura\\\/#primaryimage\",\"url\":\"http:\\\/\\\/alexsa-verlag.de\\\/wp-content\\\/uploads\\\/2018\\\/02\\\/Das_Leben_im_Tischkasten_web-243x300.jpg\",\"contentUrl\":\"http:\\\/\\\/alexsa-verlag.de\\\/wp-content\\\/uploads\\\/2018\\\/02\\\/Das_Leben_im_Tischkasten_web-243x300.jpg\"},{\"@type\":\"BreadcrumbList\",\"@id\":\"https:\\\/\\\/alexsa-verlag.de\\\/das-leben-im-tischkasten-susanne-jura\\\/#breadcrumb\",\"itemListElement\":[{\"@type\":\"ListItem\",\"position\":1,\"name\":\"Startseite\",\"item\":\"https:\\\/\\\/alexsa-verlag.de\\\/\"},{\"@type\":\"ListItem\",\"position\":2,\"name\":\"Das Leben im Tischkasten (Susanne Jura)\"}]},{\"@type\":\"WebSite\",\"@id\":\"https:\\\/\\\/alexsa-verlag.de\\\/#website\",\"url\":\"https:\\\/\\\/alexsa-verlag.de\\\/\",\"name\":\"\u0418\u0437\u0434\u0430\u0442\u0435\u043b\u044c\u0441\u0442\u0432\u043e &quot;\u0410\u043b\u0435\u043a\u0441\u0430&quot;\",\"description\":\"\u0411\u0435\u0440\u043b\u0438\u043d\",\"potentialAction\":[{\"@type\":\"SearchAction\",\"target\":{\"@type\":\"EntryPoint\",\"urlTemplate\":\"https:\\\/\\\/alexsa-verlag.de\\\/?s={search_term_string}\"},\"query-input\":{\"@type\":\"PropertyValueSpecification\",\"valueRequired\":true,\"valueName\":\"search_term_string\"}}],\"inLanguage\":\"ru-RU\"}]}<\/script>\n<!-- \/ Yoast SEO plugin. -->","yoast_head_json":{"title":"Das Leben im Tischkasten (Susanne Jura) - \u0418\u0437\u0434\u0430\u0442\u0435\u043b\u044c\u0441\u0442\u0432\u043e &quot;\u0410\u043b\u0435\u043a\u0441\u0430&quot;","robots":{"index":"index","follow":"follow","max-snippet":"max-snippet:-1","max-image-preview":"max-image-preview:large","max-video-preview":"max-video-preview:-1"},"canonical":"https:\/\/alexsa-verlag.de\/das-leben-im-tischkasten-susanne-jura\/","og_locale":"ru_RU","og_type":"article","og_title":"Das Leben im Tischkasten (Susanne Jura) - \u0418\u0437\u0434\u0430\u0442\u0435\u043b\u044c\u0441\u0442\u0432\u043e &quot;\u0410\u043b\u0435\u043a\u0441\u0430&quot;","og_url":"https:\/\/alexsa-verlag.de\/das-leben-im-tischkasten-susanne-jura\/","og_site_name":"\u0418\u0437\u0434\u0430\u0442\u0435\u043b\u044c\u0441\u0442\u0432\u043e &quot;\u0410\u043b\u0435\u043a\u0441\u0430&quot;","article_modified_time":"2018-04-25T09:51:09+00:00","twitter_card":"summary_large_image","schema":{"@context":"https:\/\/schema.org","@graph":[{"@type":"WebPage","@id":"https:\/\/alexsa-verlag.de\/das-leben-im-tischkasten-susanne-jura\/","url":"https:\/\/alexsa-verlag.de\/das-leben-im-tischkasten-susanne-jura\/","name":"Das Leben im Tischkasten (Susanne Jura) - \u0418\u0437\u0434\u0430\u0442\u0435\u043b\u044c\u0441\u0442\u0432\u043e &quot;\u0410\u043b\u0435\u043a\u0441\u0430&quot;","isPartOf":{"@id":"https:\/\/alexsa-verlag.de\/#website"},"primaryImageOfPage":{"@id":"https:\/\/alexsa-verlag.de\/das-leben-im-tischkasten-susanne-jura\/#primaryimage"},"image":{"@id":"https:\/\/alexsa-verlag.de\/das-leben-im-tischkasten-susanne-jura\/#primaryimage"},"thumbnailUrl":"http:\/\/alexsa-verlag.de\/wp-content\/uploads\/2018\/02\/Das_Leben_im_Tischkasten_web-243x300.jpg","datePublished":"2018-04-25T09:44:04+00:00","dateModified":"2018-04-25T09:51:09+00:00","breadcrumb":{"@id":"https:\/\/alexsa-verlag.de\/das-leben-im-tischkasten-susanne-jura\/#breadcrumb"},"inLanguage":"ru-RU","potentialAction":[{"@type":"ReadAction","target":["https:\/\/alexsa-verlag.de\/das-leben-im-tischkasten-susanne-jura\/"]}]},{"@type":"ImageObject","inLanguage":"ru-RU","@id":"https:\/\/alexsa-verlag.de\/das-leben-im-tischkasten-susanne-jura\/#primaryimage","url":"http:\/\/alexsa-verlag.de\/wp-content\/uploads\/2018\/02\/Das_Leben_im_Tischkasten_web-243x300.jpg","contentUrl":"http:\/\/alexsa-verlag.de\/wp-content\/uploads\/2018\/02\/Das_Leben_im_Tischkasten_web-243x300.jpg"},{"@type":"BreadcrumbList","@id":"https:\/\/alexsa-verlag.de\/das-leben-im-tischkasten-susanne-jura\/#breadcrumb","itemListElement":[{"@type":"ListItem","position":1,"name":"Startseite","item":"https:\/\/alexsa-verlag.de\/"},{"@type":"ListItem","position":2,"name":"Das Leben im Tischkasten (Susanne Jura)"}]},{"@type":"WebSite","@id":"https:\/\/alexsa-verlag.de\/#website","url":"https:\/\/alexsa-verlag.de\/","name":"\u0418\u0437\u0434\u0430\u0442\u0435\u043b\u044c\u0441\u0442\u0432\u043e &quot;\u0410\u043b\u0435\u043a\u0441\u0430&quot;","description":"\u0411\u0435\u0440\u043b\u0438\u043d","potentialAction":[{"@type":"SearchAction","target":{"@type":"EntryPoint","urlTemplate":"https:\/\/alexsa-verlag.de\/?s={search_term_string}"},"query-input":{"@type":"PropertyValueSpecification","valueRequired":true,"valueName":"search_term_string"}}],"inLanguage":"ru-RU"}]}},"jetpack_sharing_enabled":true,"jetpack_shortlink":"https:\/\/wp.me\/P9snYS-d4","_links":{"self":[{"href":"https:\/\/alexsa-verlag.de\/ru\/wp-json\/wp\/v2\/pages\/810","targetHints":{"allow":["GET"]}}],"collection":[{"href":"https:\/\/alexsa-verlag.de\/ru\/wp-json\/wp\/v2\/pages"}],"about":[{"href":"https:\/\/alexsa-verlag.de\/ru\/wp-json\/wp\/v2\/types\/page"}],"author":[{"embeddable":true,"href":"https:\/\/alexsa-verlag.de\/ru\/wp-json\/wp\/v2\/users\/1"}],"replies":[{"embeddable":true,"href":"https:\/\/alexsa-verlag.de\/ru\/wp-json\/wp\/v2\/comments?post=810"}],"version-history":[{"count":3,"href":"https:\/\/alexsa-verlag.de\/ru\/wp-json\/wp\/v2\/pages\/810\/revisions"}],"predecessor-version":[{"id":814,"href":"https:\/\/alexsa-verlag.de\/ru\/wp-json\/wp\/v2\/pages\/810\/revisions\/814"}],"wp:attachment":[{"href":"https:\/\/alexsa-verlag.de\/ru\/wp-json\/wp\/v2\/media?parent=810"}],"curies":[{"name":"wp","href":"https:\/\/api.w.org\/{rel}","templated":true}]}}