{"id":67,"date":"2017-08-30T14:25:23","date_gmt":"2017-08-30T12:25:23","guid":{"rendered":"http:\/\/alexsa-verlag.de\/?page_id=67"},"modified":"2023-03-20T23:34:24","modified_gmt":"2023-03-20T22:34:24","slug":"gesellschaftsspiele","status":"publish","type":"page","link":"https:\/\/alexsa-verlag.de\/ru\/gesellschaftsspiele\/","title":{"rendered":"Gesellschaftsspiele"},"content":{"rendered":"<p><strong><img loading=\"lazy\" decoding=\"async\" class=\"wp-image-4307 alignleft\" src=\"https:\/\/alexsa-verlag.de\/wp-content\/uploads\/2023\/03\/Spiele-205x300.png\" alt=\"\" width=\"424\" height=\"620\" srcset=\"https:\/\/alexsa-verlag.de\/wp-content\/uploads\/2023\/03\/Spiele-205x300.png 205w, https:\/\/alexsa-verlag.de\/wp-content\/uploads\/2023\/03\/Spiele-701x1024.png 701w, https:\/\/alexsa-verlag.de\/wp-content\/uploads\/2023\/03\/Spiele-768x1122.png 768w, https:\/\/alexsa-verlag.de\/wp-content\/uploads\/2023\/03\/Spiele-1051x1536.png 1051w, https:\/\/alexsa-verlag.de\/wp-content\/uploads\/2023\/03\/Spiele-1401x2048.png 1401w, https:\/\/alexsa-verlag.de\/wp-content\/uploads\/2023\/03\/Spiele-1200x1754.png 1200w, https:\/\/alexsa-verlag.de\/wp-content\/uploads\/2023\/03\/Spiele-400x585.png 400w\" sizes=\"auto, (max-width: 424px) 85vw, 424px\" \/><\/strong><\/p>\n<p><strong>Das Erfinden, Gestalten und Herausgeben von W\u00fcrfel-, Karten- und Kommunikationsspielen sind eine Spezialit\u00e4t des Alexsa-Verlages.<\/strong><\/p>\n<p>Grundlage f\u00fcr diese Sparte sind originelle Ideen f\u00fcr das Spiel zu zweit und in Gruppen, f\u00fcr Jung und Alt, gut durchdacht und gr\u00fcndlich erprobt und eine liebevolle Gestaltung der Spielkarten, Spielpl\u00e4ne und Verpackungen.<img loading=\"lazy\" decoding=\"async\" class=\"alignnone  wp-image-4314\" src=\"https:\/\/alexsa-verlag.de\/wp-content\/uploads\/2023\/03\/Spiele-2-212x300.png\" alt=\"\" width=\"424\" height=\"600\" srcset=\"https:\/\/alexsa-verlag.de\/wp-content\/uploads\/2023\/03\/Spiele-2-212x300.png 212w, https:\/\/alexsa-verlag.de\/wp-content\/uploads\/2023\/03\/Spiele-2-723x1024.png 723w, https:\/\/alexsa-verlag.de\/wp-content\/uploads\/2023\/03\/Spiele-2-768x1088.png 768w, https:\/\/alexsa-verlag.de\/wp-content\/uploads\/2023\/03\/Spiele-2-1085x1536.png 1085w, https:\/\/alexsa-verlag.de\/wp-content\/uploads\/2023\/03\/Spiele-2-1200x1699.png 1200w, https:\/\/alexsa-verlag.de\/wp-content\/uploads\/2023\/03\/Spiele-2-400x566.png 400w, https:\/\/alexsa-verlag.de\/wp-content\/uploads\/2023\/03\/Spiele-2.png 1283w\" sizes=\"auto, (max-width: 424px) 85vw, 424px\" \/><\/p>\n\n","protected":false},"excerpt":{"rendered":"<p>Das Erfinden, Gestalten und Herausgeben von W\u00fcrfel-, Karten- und Kommunikationsspielen sind eine Spezialit\u00e4t des Alexsa-Verlages. Grundlage f\u00fcr diese Sparte sind originelle Ideen f\u00fcr das Spiel zu zweit und in Gruppen, f\u00fcr Jung und Alt, gut durchdacht und gr\u00fcndlich erprobt und eine liebevolle Gestaltung der Spielkarten, Spielpl\u00e4ne und Verpackungen.<\/p>\n","protected":false},"author":1,"featured_media":0,"parent":0,"menu_order":0,"comment_status":"closed","ping_status":"closed","template":"","meta":{"jetpack_post_was_ever_published":false,"footnotes":""},"class_list":["post-67","page","type-page","status-publish","hentry"],"translation":{"provider":"WPGlobus","version":"3.0.0","language":"ru","enabled_languages":["de","ru"],"languages":{"de":{"title":true,"content":true,"excerpt":false},"ru":{"title":false,"content":false,"excerpt":false}}},"yoast_head":"<!-- This site is optimized with the Yoast SEO plugin v27.4 - https:\/\/yoast.com\/product\/yoast-seo-wordpress\/ -->\n<title>Gesellschaftsspiele - \u0418\u0437\u0434\u0430\u0442\u0435\u043b\u044c\u0441\u0442\u0432\u043e &quot;\u0410\u043b\u0435\u043a\u0441\u0430&quot;<\/title>\n<meta name=\"robots\" content=\"index, follow, max-snippet:-1, max-image-preview:large, max-video-preview:-1\" \/>\n<link rel=\"canonical\" href=\"https:\/\/alexsa-verlag.de\/gesellschaftsspiele\/\" \/>\n<meta property=\"og:locale\" content=\"ru_RU\" \/>\n<meta property=\"og:type\" content=\"article\" \/>\n<meta property=\"og:title\" content=\"Gesellschaftsspiele - \u0418\u0437\u0434\u0430\u0442\u0435\u043b\u044c\u0441\u0442\u0432\u043e &quot;\u0410\u043b\u0435\u043a\u0441\u0430&quot;\" \/>\n<meta property=\"og:url\" content=\"https:\/\/alexsa-verlag.de\/gesellschaftsspiele\/\" \/>\n<meta property=\"og:site_name\" content=\"\u0418\u0437\u0434\u0430\u0442\u0435\u043b\u044c\u0441\u0442\u0432\u043e &quot;\u0410\u043b\u0435\u043a\u0441\u0430&quot;\" \/>\n<meta property=\"article:modified_time\" content=\"2023-03-20T22:34:24+00:00\" \/>\n<meta property=\"og:image\" content=\"https:\/\/alexsa-verlag.de\/wp-content\/uploads\/2023\/03\/Spiele-205x300.png\" \/>\n<meta name=\"twitter:card\" content=\"summary_large_image\" \/>\n<meta name=\"twitter:label1\" content=\"Est. reading time\" \/>\n\t<meta name=\"twitter:data1\" content=\"1 minute\" \/>\n<script type=\"application\/ld+json\" class=\"yoast-schema-graph\">{\"@context\":\"https:\\\/\\\/schema.org\",\"@graph\":[{\"@type\":\"WebPage\",\"@id\":\"https:\\\/\\\/alexsa-verlag.de\\\/gesellschaftsspiele\\\/\",\"url\":\"https:\\\/\\\/alexsa-verlag.de\\\/gesellschaftsspiele\\\/\",\"name\":\"Gesellschaftsspiele - \u0418\u0437\u0434\u0430\u0442\u0435\u043b\u044c\u0441\u0442\u0432\u043e &quot;\u0410\u043b\u0435\u043a\u0441\u0430&quot;\",\"isPartOf\":{\"@id\":\"https:\\\/\\\/alexsa-verlag.de\\\/#website\"},\"primaryImageOfPage\":{\"@id\":\"https:\\\/\\\/alexsa-verlag.de\\\/gesellschaftsspiele\\\/#primaryimage\"},\"image\":{\"@id\":\"https:\\\/\\\/alexsa-verlag.de\\\/gesellschaftsspiele\\\/#primaryimage\"},\"thumbnailUrl\":\"https:\\\/\\\/alexsa-verlag.de\\\/wp-content\\\/uploads\\\/2023\\\/03\\\/Spiele-205x300.png\",\"datePublished\":\"2017-08-30T12:25:23+00:00\",\"dateModified\":\"2023-03-20T22:34:24+00:00\",\"breadcrumb\":{\"@id\":\"https:\\\/\\\/alexsa-verlag.de\\\/gesellschaftsspiele\\\/#breadcrumb\"},\"inLanguage\":\"ru-RU\",\"potentialAction\":[{\"@type\":\"ReadAction\",\"target\":[\"https:\\\/\\\/alexsa-verlag.de\\\/gesellschaftsspiele\\\/\"]}]},{\"@type\":\"ImageObject\",\"inLanguage\":\"ru-RU\",\"@id\":\"https:\\\/\\\/alexsa-verlag.de\\\/gesellschaftsspiele\\\/#primaryimage\",\"url\":\"https:\\\/\\\/alexsa-verlag.de\\\/wp-content\\\/uploads\\\/2023\\\/03\\\/Spiele-205x300.png\",\"contentUrl\":\"https:\\\/\\\/alexsa-verlag.de\\\/wp-content\\\/uploads\\\/2023\\\/03\\\/Spiele-205x300.png\"},{\"@type\":\"BreadcrumbList\",\"@id\":\"https:\\\/\\\/alexsa-verlag.de\\\/gesellschaftsspiele\\\/#breadcrumb\",\"itemListElement\":[{\"@type\":\"ListItem\",\"position\":1,\"name\":\"Startseite\",\"item\":\"https:\\\/\\\/alexsa-verlag.de\\\/\"},{\"@type\":\"ListItem\",\"position\":2,\"name\":\"Gesellschaftsspiele\"}]},{\"@type\":\"WebSite\",\"@id\":\"https:\\\/\\\/alexsa-verlag.de\\\/#website\",\"url\":\"https:\\\/\\\/alexsa-verlag.de\\\/\",\"name\":\"\u0418\u0437\u0434\u0430\u0442\u0435\u043b\u044c\u0441\u0442\u0432\u043e &quot;\u0410\u043b\u0435\u043a\u0441\u0430&quot;\",\"description\":\"\u0411\u0435\u0440\u043b\u0438\u043d\",\"potentialAction\":[{\"@type\":\"SearchAction\",\"target\":{\"@type\":\"EntryPoint\",\"urlTemplate\":\"https:\\\/\\\/alexsa-verlag.de\\\/?s={search_term_string}\"},\"query-input\":{\"@type\":\"PropertyValueSpecification\",\"valueRequired\":true,\"valueName\":\"search_term_string\"}}],\"inLanguage\":\"ru-RU\"}]}<\/script>\n<!-- \/ Yoast SEO plugin. -->","yoast_head_json":{"title":"Gesellschaftsspiele - \u0418\u0437\u0434\u0430\u0442\u0435\u043b\u044c\u0441\u0442\u0432\u043e &quot;\u0410\u043b\u0435\u043a\u0441\u0430&quot;","robots":{"index":"index","follow":"follow","max-snippet":"max-snippet:-1","max-image-preview":"max-image-preview:large","max-video-preview":"max-video-preview:-1"},"canonical":"https:\/\/alexsa-verlag.de\/gesellschaftsspiele\/","og_locale":"ru_RU","og_type":"article","og_title":"Gesellschaftsspiele - \u0418\u0437\u0434\u0430\u0442\u0435\u043b\u044c\u0441\u0442\u0432\u043e &quot;\u0410\u043b\u0435\u043a\u0441\u0430&quot;","og_url":"https:\/\/alexsa-verlag.de\/gesellschaftsspiele\/","og_site_name":"\u0418\u0437\u0434\u0430\u0442\u0435\u043b\u044c\u0441\u0442\u0432\u043e &quot;\u0410\u043b\u0435\u043a\u0441\u0430&quot;","article_modified_time":"2023-03-20T22:34:24+00:00","og_image":[{"url":"https:\/\/alexsa-verlag.de\/wp-content\/uploads\/2023\/03\/Spiele-205x300.png","type":"","width":"","height":""}],"twitter_card":"summary_large_image","twitter_misc":{"Est. reading time":"1 minute"},"schema":{"@context":"https:\/\/schema.org","@graph":[{"@type":"WebPage","@id":"https:\/\/alexsa-verlag.de\/gesellschaftsspiele\/","url":"https:\/\/alexsa-verlag.de\/gesellschaftsspiele\/","name":"Gesellschaftsspiele - \u0418\u0437\u0434\u0430\u0442\u0435\u043b\u044c\u0441\u0442\u0432\u043e &quot;\u0410\u043b\u0435\u043a\u0441\u0430&quot;","isPartOf":{"@id":"https:\/\/alexsa-verlag.de\/#website"},"primaryImageOfPage":{"@id":"https:\/\/alexsa-verlag.de\/gesellschaftsspiele\/#primaryimage"},"image":{"@id":"https:\/\/alexsa-verlag.de\/gesellschaftsspiele\/#primaryimage"},"thumbnailUrl":"https:\/\/alexsa-verlag.de\/wp-content\/uploads\/2023\/03\/Spiele-205x300.png","datePublished":"2017-08-30T12:25:23+00:00","dateModified":"2023-03-20T22:34:24+00:00","breadcrumb":{"@id":"https:\/\/alexsa-verlag.de\/gesellschaftsspiele\/#breadcrumb"},"inLanguage":"ru-RU","potentialAction":[{"@type":"ReadAction","target":["https:\/\/alexsa-verlag.de\/gesellschaftsspiele\/"]}]},{"@type":"ImageObject","inLanguage":"ru-RU","@id":"https:\/\/alexsa-verlag.de\/gesellschaftsspiele\/#primaryimage","url":"https:\/\/alexsa-verlag.de\/wp-content\/uploads\/2023\/03\/Spiele-205x300.png","contentUrl":"https:\/\/alexsa-verlag.de\/wp-content\/uploads\/2023\/03\/Spiele-205x300.png"},{"@type":"BreadcrumbList","@id":"https:\/\/alexsa-verlag.de\/gesellschaftsspiele\/#breadcrumb","itemListElement":[{"@type":"ListItem","position":1,"name":"Startseite","item":"https:\/\/alexsa-verlag.de\/"},{"@type":"ListItem","position":2,"name":"Gesellschaftsspiele"}]},{"@type":"WebSite","@id":"https:\/\/alexsa-verlag.de\/#website","url":"https:\/\/alexsa-verlag.de\/","name":"\u0418\u0437\u0434\u0430\u0442\u0435\u043b\u044c\u0441\u0442\u0432\u043e &quot;\u0410\u043b\u0435\u043a\u0441\u0430&quot;","description":"\u0411\u0435\u0440\u043b\u0438\u043d","potentialAction":[{"@type":"SearchAction","target":{"@type":"EntryPoint","urlTemplate":"https:\/\/alexsa-verlag.de\/?s={search_term_string}"},"query-input":{"@type":"PropertyValueSpecification","valueRequired":true,"valueName":"search_term_string"}}],"inLanguage":"ru-RU"}]}},"jetpack_sharing_enabled":true,"jetpack_shortlink":"https:\/\/wp.me\/P9snYS-15","_links":{"self":[{"href":"https:\/\/alexsa-verlag.de\/ru\/wp-json\/wp\/v2\/pages\/67","targetHints":{"allow":["GET"]}}],"collection":[{"href":"https:\/\/alexsa-verlag.de\/ru\/wp-json\/wp\/v2\/pages"}],"about":[{"href":"https:\/\/alexsa-verlag.de\/ru\/wp-json\/wp\/v2\/types\/page"}],"author":[{"embeddable":true,"href":"https:\/\/alexsa-verlag.de\/ru\/wp-json\/wp\/v2\/users\/1"}],"replies":[{"embeddable":true,"href":"https:\/\/alexsa-verlag.de\/ru\/wp-json\/wp\/v2\/comments?post=67"}],"version-history":[{"count":24,"href":"https:\/\/alexsa-verlag.de\/ru\/wp-json\/wp\/v2\/pages\/67\/revisions"}],"predecessor-version":[{"id":4315,"href":"https:\/\/alexsa-verlag.de\/ru\/wp-json\/wp\/v2\/pages\/67\/revisions\/4315"}],"wp:attachment":[{"href":"https:\/\/alexsa-verlag.de\/ru\/wp-json\/wp\/v2\/media?parent=67"}],"curies":[{"name":"wp","href":"https:\/\/api.w.org\/{rel}","templated":true}]}}