{"id":55,"date":"2017-08-30T14:21:02","date_gmt":"2017-08-30T12:21:02","guid":{"rendered":"http:\/\/alexsa-verlag.de\/?page_id=55"},"modified":"2017-09-07T23:03:32","modified_gmt":"2017-09-07T21:03:32","slug":"musik","status":"publish","type":"page","link":"https:\/\/alexsa-verlag.de\/ru\/musik\/","title":{"rendered":"Musik"},"content":{"rendered":"<p>&nbsp;<\/p>\n<p><strong>Das Weihnachtsliederbuch<\/strong>\u00a0mit Illustrationen von Susanne Jura<\/p>\n<p><img loading=\"lazy\" decoding=\"async\" class=\"alignnone wp-image-333\" src=\"http:\/\/alexsa-verlag.de\/wp-content\/uploads\/2017\/08\/Lieder-Titel-001-300x218.jpg\" alt=\"\" width=\"489\" height=\"355\" srcset=\"https:\/\/alexsa-verlag.de\/wp-content\/uploads\/2017\/08\/Lieder-Titel-001-300x218.jpg 300w, https:\/\/alexsa-verlag.de\/wp-content\/uploads\/2017\/08\/Lieder-Titel-001-400x291.jpg 400w, https:\/\/alexsa-verlag.de\/wp-content\/uploads\/2017\/08\/Lieder-Titel-001-768x558.jpg 768w, https:\/\/alexsa-verlag.de\/wp-content\/uploads\/2017\/08\/Lieder-Titel-001-1024x745.jpg 1024w, https:\/\/alexsa-verlag.de\/wp-content\/uploads\/2017\/08\/Lieder-Titel-001-1200x873.jpg 1200w\" sizes=\"auto, (max-width: 489px) 85vw, 489px\" \/><\/p>\n<p>&nbsp;<\/p>\n<p><strong>Live-Tonaufnahmen und Bearbeitung von Konzerten und Veranstaltungen<\/strong><\/p>\n<ul>\n<li>Konzertmitschnitte NACHES TRIO<\/li>\n<li>Konzertmitschnitte DUO ESPRESSIVO<\/li>\n<li>Konzertmitschnitte TRIO ANIMATO<\/li>\n<li>Rockkonzerte im Berliner Club DIE KISTE<\/li>\n<\/ul>\n<p>&nbsp;<\/p>\n<p><strong>Studioaufnahmen im Verlagseigenen Tonstudio JSP<\/strong><\/p>\n<p>&nbsp;<\/p>\n<p>in der Planung:<\/p>\n<p><strong>Arbeitsb\u00fccher f\u00fcr den Instrumentalunterricht<\/strong><\/p>\n<ul>\n<li><strong>Das Klavier-\u00dcbungsbuch<\/strong> von Jonathan Jura<\/li>\n<li><strong>Kreatives Musizieren in der Gruppe<\/strong> von Jeannine und Jonathan Jura und Florence Konkel<\/li>\n<li><strong>\u00a0Musikalische Projekte f\u00fcr Workshops<\/strong> von J. und J. Jura und F. Konkel<\/li>\n<li><strong>Musikalische Inszenierungen f\u00fcr Klavier zu 12 H\u00e4nden<\/strong> von Jonathan Jura<\/li>\n<li><strong>Geigenbuch f\u00fcr Kinder<\/strong> von Florence Konkel<\/li>\n<li><strong>Bewegung im Instrumentalunterricht<\/strong> von Jeannine Jura<\/li>\n<\/ul>\n<p>&nbsp;<\/p>\n","protected":false},"excerpt":{"rendered":"<p>&nbsp; Das Weihnachtsliederbuch\u00a0mit Illustrationen von Susanne Jura &nbsp; Live-Tonaufnahmen und Bearbeitung von Konzerten und Veranstaltungen Konzertmitschnitte NACHES TRIO Konzertmitschnitte DUO ESPRESSIVO Konzertmitschnitte TRIO ANIMATO Rockkonzerte im Berliner Club DIE KISTE &nbsp; Studioaufnahmen im Verlagseigenen Tonstudio JSP &nbsp; in der Planung: Arbeitsb\u00fccher f\u00fcr den Instrumentalunterricht Das Klavier-\u00dcbungsbuch von Jonathan Jura Kreatives Musizieren in der Gruppe von &hellip; <a href=\"https:\/\/alexsa-verlag.de\/ru\/musik\/\" class=\"more-link\">Continue reading<span class=\"screen-reader-text\"> &#8220;Musik&#8221;<\/span><\/a><\/p>\n","protected":false},"author":1,"featured_media":0,"parent":0,"menu_order":0,"comment_status":"closed","ping_status":"closed","template":"","meta":{"jetpack_post_was_ever_published":false,"footnotes":""},"class_list":["post-55","page","type-page","status-publish","hentry"],"translation":{"provider":"WPGlobus","version":"3.0.0","language":"ru","enabled_languages":["de","ru"],"languages":{"de":{"title":true,"content":true,"excerpt":false},"ru":{"title":false,"content":false,"excerpt":false}}},"yoast_head":"<!-- This site is optimized with the Yoast SEO plugin v27.4 - https:\/\/yoast.com\/product\/yoast-seo-wordpress\/ -->\n<title>Musik - \u0418\u0437\u0434\u0430\u0442\u0435\u043b\u044c\u0441\u0442\u0432\u043e &quot;\u0410\u043b\u0435\u043a\u0441\u0430&quot;<\/title>\n<meta name=\"robots\" content=\"index, follow, max-snippet:-1, max-image-preview:large, max-video-preview:-1\" \/>\n<link rel=\"canonical\" href=\"https:\/\/alexsa-verlag.de\/musik\/\" \/>\n<meta property=\"og:locale\" content=\"ru_RU\" \/>\n<meta property=\"og:type\" content=\"article\" \/>\n<meta property=\"og:title\" content=\"Musik - \u0418\u0437\u0434\u0430\u0442\u0435\u043b\u044c\u0441\u0442\u0432\u043e &quot;\u0410\u043b\u0435\u043a\u0441\u0430&quot;\" \/>\n<meta property=\"og:url\" content=\"https:\/\/alexsa-verlag.de\/musik\/\" \/>\n<meta property=\"og:site_name\" content=\"\u0418\u0437\u0434\u0430\u0442\u0435\u043b\u044c\u0441\u0442\u0432\u043e &quot;\u0410\u043b\u0435\u043a\u0441\u0430&quot;\" \/>\n<meta property=\"article:modified_time\" content=\"2017-09-07T21:03:32+00:00\" \/>\n<meta property=\"og:image\" content=\"https:\/\/alexsa-verlag.de\/wp-content\/uploads\/2017\/08\/Lieder-Titel-001.jpg\" \/>\n\t<meta property=\"og:image:width\" content=\"2338\" \/>\n\t<meta property=\"og:image:height\" content=\"1700\" \/>\n\t<meta property=\"og:image:type\" content=\"image\/jpeg\" \/>\n<meta name=\"twitter:card\" content=\"summary_large_image\" \/>\n<meta name=\"twitter:label1\" content=\"Est. reading time\" \/>\n\t<meta name=\"twitter:data1\" content=\"1 minute\" \/>\n<script type=\"application\/ld+json\" class=\"yoast-schema-graph\">{\"@context\":\"https:\\\/\\\/schema.org\",\"@graph\":[{\"@type\":\"WebPage\",\"@id\":\"https:\\\/\\\/alexsa-verlag.de\\\/musik\\\/\",\"url\":\"https:\\\/\\\/alexsa-verlag.de\\\/musik\\\/\",\"name\":\"Musik - \u0418\u0437\u0434\u0430\u0442\u0435\u043b\u044c\u0441\u0442\u0432\u043e &quot;\u0410\u043b\u0435\u043a\u0441\u0430&quot;\",\"isPartOf\":{\"@id\":\"https:\\\/\\\/alexsa-verlag.de\\\/#website\"},\"primaryImageOfPage\":{\"@id\":\"https:\\\/\\\/alexsa-verlag.de\\\/musik\\\/#primaryimage\"},\"image\":{\"@id\":\"https:\\\/\\\/alexsa-verlag.de\\\/musik\\\/#primaryimage\"},\"thumbnailUrl\":\"http:\\\/\\\/alexsa-verlag.de\\\/wp-content\\\/uploads\\\/2017\\\/08\\\/Lieder-Titel-001-300x218.jpg\",\"datePublished\":\"2017-08-30T12:21:02+00:00\",\"dateModified\":\"2017-09-07T21:03:32+00:00\",\"breadcrumb\":{\"@id\":\"https:\\\/\\\/alexsa-verlag.de\\\/musik\\\/#breadcrumb\"},\"inLanguage\":\"ru-RU\",\"potentialAction\":[{\"@type\":\"ReadAction\",\"target\":[\"https:\\\/\\\/alexsa-verlag.de\\\/musik\\\/\"]}]},{\"@type\":\"ImageObject\",\"inLanguage\":\"ru-RU\",\"@id\":\"https:\\\/\\\/alexsa-verlag.de\\\/musik\\\/#primaryimage\",\"url\":\"http:\\\/\\\/alexsa-verlag.de\\\/wp-content\\\/uploads\\\/2017\\\/08\\\/Lieder-Titel-001-300x218.jpg\",\"contentUrl\":\"http:\\\/\\\/alexsa-verlag.de\\\/wp-content\\\/uploads\\\/2017\\\/08\\\/Lieder-Titel-001-300x218.jpg\"},{\"@type\":\"BreadcrumbList\",\"@id\":\"https:\\\/\\\/alexsa-verlag.de\\\/musik\\\/#breadcrumb\",\"itemListElement\":[{\"@type\":\"ListItem\",\"position\":1,\"name\":\"Startseite\",\"item\":\"https:\\\/\\\/alexsa-verlag.de\\\/\"},{\"@type\":\"ListItem\",\"position\":2,\"name\":\"Musik\"}]},{\"@type\":\"WebSite\",\"@id\":\"https:\\\/\\\/alexsa-verlag.de\\\/#website\",\"url\":\"https:\\\/\\\/alexsa-verlag.de\\\/\",\"name\":\"\u0418\u0437\u0434\u0430\u0442\u0435\u043b\u044c\u0441\u0442\u0432\u043e &quot;\u0410\u043b\u0435\u043a\u0441\u0430&quot;\",\"description\":\"\u0411\u0435\u0440\u043b\u0438\u043d\",\"potentialAction\":[{\"@type\":\"SearchAction\",\"target\":{\"@type\":\"EntryPoint\",\"urlTemplate\":\"https:\\\/\\\/alexsa-verlag.de\\\/?s={search_term_string}\"},\"query-input\":{\"@type\":\"PropertyValueSpecification\",\"valueRequired\":true,\"valueName\":\"search_term_string\"}}],\"inLanguage\":\"ru-RU\"}]}<\/script>\n<!-- \/ Yoast SEO plugin. -->","yoast_head_json":{"title":"Musik - \u0418\u0437\u0434\u0430\u0442\u0435\u043b\u044c\u0441\u0442\u0432\u043e &quot;\u0410\u043b\u0435\u043a\u0441\u0430&quot;","robots":{"index":"index","follow":"follow","max-snippet":"max-snippet:-1","max-image-preview":"max-image-preview:large","max-video-preview":"max-video-preview:-1"},"canonical":"https:\/\/alexsa-verlag.de\/musik\/","og_locale":"ru_RU","og_type":"article","og_title":"Musik - \u0418\u0437\u0434\u0430\u0442\u0435\u043b\u044c\u0441\u0442\u0432\u043e &quot;\u0410\u043b\u0435\u043a\u0441\u0430&quot;","og_url":"https:\/\/alexsa-verlag.de\/musik\/","og_site_name":"\u0418\u0437\u0434\u0430\u0442\u0435\u043b\u044c\u0441\u0442\u0432\u043e &quot;\u0410\u043b\u0435\u043a\u0441\u0430&quot;","article_modified_time":"2017-09-07T21:03:32+00:00","og_image":[{"width":2338,"height":1700,"url":"https:\/\/alexsa-verlag.de\/wp-content\/uploads\/2017\/08\/Lieder-Titel-001.jpg","type":"image\/jpeg"}],"twitter_card":"summary_large_image","twitter_misc":{"Est. reading time":"1 minute"},"schema":{"@context":"https:\/\/schema.org","@graph":[{"@type":"WebPage","@id":"https:\/\/alexsa-verlag.de\/musik\/","url":"https:\/\/alexsa-verlag.de\/musik\/","name":"Musik - \u0418\u0437\u0434\u0430\u0442\u0435\u043b\u044c\u0441\u0442\u0432\u043e &quot;\u0410\u043b\u0435\u043a\u0441\u0430&quot;","isPartOf":{"@id":"https:\/\/alexsa-verlag.de\/#website"},"primaryImageOfPage":{"@id":"https:\/\/alexsa-verlag.de\/musik\/#primaryimage"},"image":{"@id":"https:\/\/alexsa-verlag.de\/musik\/#primaryimage"},"thumbnailUrl":"http:\/\/alexsa-verlag.de\/wp-content\/uploads\/2017\/08\/Lieder-Titel-001-300x218.jpg","datePublished":"2017-08-30T12:21:02+00:00","dateModified":"2017-09-07T21:03:32+00:00","breadcrumb":{"@id":"https:\/\/alexsa-verlag.de\/musik\/#breadcrumb"},"inLanguage":"ru-RU","potentialAction":[{"@type":"ReadAction","target":["https:\/\/alexsa-verlag.de\/musik\/"]}]},{"@type":"ImageObject","inLanguage":"ru-RU","@id":"https:\/\/alexsa-verlag.de\/musik\/#primaryimage","url":"http:\/\/alexsa-verlag.de\/wp-content\/uploads\/2017\/08\/Lieder-Titel-001-300x218.jpg","contentUrl":"http:\/\/alexsa-verlag.de\/wp-content\/uploads\/2017\/08\/Lieder-Titel-001-300x218.jpg"},{"@type":"BreadcrumbList","@id":"https:\/\/alexsa-verlag.de\/musik\/#breadcrumb","itemListElement":[{"@type":"ListItem","position":1,"name":"Startseite","item":"https:\/\/alexsa-verlag.de\/"},{"@type":"ListItem","position":2,"name":"Musik"}]},{"@type":"WebSite","@id":"https:\/\/alexsa-verlag.de\/#website","url":"https:\/\/alexsa-verlag.de\/","name":"\u0418\u0437\u0434\u0430\u0442\u0435\u043b\u044c\u0441\u0442\u0432\u043e &quot;\u0410\u043b\u0435\u043a\u0441\u0430&quot;","description":"\u0411\u0435\u0440\u043b\u0438\u043d","potentialAction":[{"@type":"SearchAction","target":{"@type":"EntryPoint","urlTemplate":"https:\/\/alexsa-verlag.de\/?s={search_term_string}"},"query-input":{"@type":"PropertyValueSpecification","valueRequired":true,"valueName":"search_term_string"}}],"inLanguage":"ru-RU"}]}},"jetpack_sharing_enabled":true,"jetpack_shortlink":"https:\/\/wp.me\/P9snYS-T","_links":{"self":[{"href":"https:\/\/alexsa-verlag.de\/ru\/wp-json\/wp\/v2\/pages\/55","targetHints":{"allow":["GET"]}}],"collection":[{"href":"https:\/\/alexsa-verlag.de\/ru\/wp-json\/wp\/v2\/pages"}],"about":[{"href":"https:\/\/alexsa-verlag.de\/ru\/wp-json\/wp\/v2\/types\/page"}],"author":[{"embeddable":true,"href":"https:\/\/alexsa-verlag.de\/ru\/wp-json\/wp\/v2\/users\/1"}],"replies":[{"embeddable":true,"href":"https:\/\/alexsa-verlag.de\/ru\/wp-json\/wp\/v2\/comments?post=55"}],"version-history":[{"count":10,"href":"https:\/\/alexsa-verlag.de\/ru\/wp-json\/wp\/v2\/pages\/55\/revisions"}],"predecessor-version":[{"id":398,"href":"https:\/\/alexsa-verlag.de\/ru\/wp-json\/wp\/v2\/pages\/55\/revisions\/398"}],"wp:attachment":[{"href":"https:\/\/alexsa-verlag.de\/ru\/wp-json\/wp\/v2\/media?parent=55"}],"curies":[{"name":"wp","href":"https:\/\/api.w.org\/{rel}","templated":true}]}}