{"id":53,"date":"2017-08-30T14:20:55","date_gmt":"2017-08-30T12:20:55","guid":{"rendered":"http:\/\/alexsa-verlag.de\/?page_id=53"},"modified":"2017-09-07T22:58:36","modified_gmt":"2017-09-07T20:58:36","slug":"hoerbuecher","status":"publish","type":"page","link":"https:\/\/alexsa-verlag.de\/ru\/hoerbuecher\/","title":{"rendered":"H\u00f6rb\u00fccher"},"content":{"rendered":"<p>Live-Lesungen in der Leseb\u00fchne &#8220;SCHWEBENDES ZIMMER&#8221; werden aufgenommen, bearbeitet und als H\u00f6r-Editionen verlegt.<\/p>\n<p>in Vorbereitung:<\/p>\n<p>&#8220;Dein Lieblingsm\u00e4rchen&#8221;<\/p>\n<p><img loading=\"lazy\" decoding=\"async\" class=\"alignnone size-medium wp-image-388\" src=\"http:\/\/alexsa-verlag.de\/wp-content\/uploads\/2017\/08\/H\u00f6rb\u00fccher.3pub-300x300.jpg\" alt=\"\" width=\"300\" height=\"300\" srcset=\"https:\/\/alexsa-verlag.de\/wp-content\/uploads\/2017\/08\/H\u00f6rb\u00fccher.3pub-300x300.jpg 300w, https:\/\/alexsa-verlag.de\/wp-content\/uploads\/2017\/08\/H\u00f6rb\u00fccher.3pub-250x250.jpg 250w, https:\/\/alexsa-verlag.de\/wp-content\/uploads\/2017\/08\/H\u00f6rb\u00fccher.3pub-100x100.jpg 100w, https:\/\/alexsa-verlag.de\/wp-content\/uploads\/2017\/08\/H\u00f6rb\u00fccher.3pub-400x401.jpg 400w, https:\/\/alexsa-verlag.de\/wp-content\/uploads\/2017\/08\/H\u00f6rb\u00fccher.3pub-150x150.jpg 150w, https:\/\/alexsa-verlag.de\/wp-content\/uploads\/2017\/08\/H\u00f6rb\u00fccher.3pub.jpg 738w\" sizes=\"auto, (max-width: 300px) 85vw, 300px\" \/><\/p>\n<p>&nbsp;<\/p>\n<p>&#8220;Gruselgeschichten&#8221;<\/p>\n<p><img loading=\"lazy\" decoding=\"async\" class=\"alignnone size-medium wp-image-389\" src=\"http:\/\/alexsa-verlag.de\/wp-content\/uploads\/2017\/08\/H\u00f6rb\u00fccher.2pub-297x300.jpg\" alt=\"\" width=\"297\" height=\"300\" srcset=\"https:\/\/alexsa-verlag.de\/wp-content\/uploads\/2017\/08\/H\u00f6rb\u00fccher.2pub-297x300.jpg 297w, https:\/\/alexsa-verlag.de\/wp-content\/uploads\/2017\/08\/H\u00f6rb\u00fccher.2pub-100x100.jpg 100w, https:\/\/alexsa-verlag.de\/wp-content\/uploads\/2017\/08\/H\u00f6rb\u00fccher.2pub-400x405.jpg 400w, https:\/\/alexsa-verlag.de\/wp-content\/uploads\/2017\/08\/H\u00f6rb\u00fccher.2pub.jpg 682w\" sizes=\"auto, (max-width: 297px) 85vw, 297px\" \/><\/p>\n<p>&nbsp;<\/p>\n<p>&#8220;Meistererz\u00e4hlungen&#8221; \u00a0Guy de Maupassant<\/p>\n<p><img loading=\"lazy\" decoding=\"async\" class=\"alignnone size-medium wp-image-390\" src=\"http:\/\/alexsa-verlag.de\/wp-content\/uploads\/2017\/08\/H\u00f6rb\u00fccher.1pub-300x300.jpg\" alt=\"\" width=\"300\" height=\"300\" srcset=\"https:\/\/alexsa-verlag.de\/wp-content\/uploads\/2017\/08\/H\u00f6rb\u00fccher.1pub-300x300.jpg 300w, https:\/\/alexsa-verlag.de\/wp-content\/uploads\/2017\/08\/H\u00f6rb\u00fccher.1pub-250x250.jpg 250w, https:\/\/alexsa-verlag.de\/wp-content\/uploads\/2017\/08\/H\u00f6rb\u00fccher.1pub-100x100.jpg 100w, https:\/\/alexsa-verlag.de\/wp-content\/uploads\/2017\/08\/H\u00f6rb\u00fccher.1pub-400x399.jpg 400w, https:\/\/alexsa-verlag.de\/wp-content\/uploads\/2017\/08\/H\u00f6rb\u00fccher.1pub-150x150.jpg 150w, https:\/\/alexsa-verlag.de\/wp-content\/uploads\/2017\/08\/H\u00f6rb\u00fccher.1pub.jpg 684w\" sizes=\"auto, (max-width: 300px) 85vw, 300px\" \/><\/p>\n<p>&nbsp;<\/p>\n<p>&#8220;Ungeheuernacht&#8221;<\/p>\n<p><img loading=\"lazy\" decoding=\"async\" class=\"alignnone size-medium wp-image-391\" src=\"http:\/\/alexsa-verlag.de\/wp-content\/uploads\/2017\/08\/H\u00f6rb\u00fccher4-300x295.jpg\" alt=\"\" width=\"300\" height=\"295\" srcset=\"https:\/\/alexsa-verlag.de\/wp-content\/uploads\/2017\/08\/H\u00f6rb\u00fccher4-300x295.jpg 300w, https:\/\/alexsa-verlag.de\/wp-content\/uploads\/2017\/08\/H\u00f6rb\u00fccher4-400x394.jpg 400w, https:\/\/alexsa-verlag.de\/wp-content\/uploads\/2017\/08\/H\u00f6rb\u00fccher4.jpg 717w\" sizes=\"auto, (max-width: 300px) 85vw, 300px\" \/><\/p>\n<p>&nbsp;<\/p>\n<p>&nbsp;<\/p>\n","protected":false},"excerpt":{"rendered":"<p>Live-Lesungen in der Leseb\u00fchne &#8220;SCHWEBENDES ZIMMER&#8221; werden aufgenommen, bearbeitet und als H\u00f6r-Editionen verlegt. in Vorbereitung: &#8220;Dein Lieblingsm\u00e4rchen&#8221; &nbsp; &#8220;Gruselgeschichten&#8221; &nbsp; &#8220;Meistererz\u00e4hlungen&#8221; \u00a0Guy de Maupassant &nbsp; &#8220;Ungeheuernacht&#8221; &nbsp; &nbsp;<\/p>\n","protected":false},"author":1,"featured_media":0,"parent":0,"menu_order":0,"comment_status":"closed","ping_status":"closed","template":"","meta":{"jetpack_post_was_ever_published":false,"footnotes":""},"class_list":["post-53","page","type-page","status-publish","hentry"],"translation":{"provider":"WPGlobus","version":"3.0.0","language":"ru","enabled_languages":["de","ru"],"languages":{"de":{"title":true,"content":true,"excerpt":false},"ru":{"title":false,"content":false,"excerpt":false}}},"yoast_head":"<!-- This site is optimized with the Yoast SEO plugin v27.5 - https:\/\/yoast.com\/product\/yoast-seo-wordpress\/ -->\n<title>H\u00f6rb\u00fccher - \u0418\u0437\u0434\u0430\u0442\u0435\u043b\u044c\u0441\u0442\u0432\u043e &quot;\u0410\u043b\u0435\u043a\u0441\u0430&quot;<\/title>\n<meta name=\"robots\" content=\"index, follow, max-snippet:-1, max-image-preview:large, max-video-preview:-1\" \/>\n<link rel=\"canonical\" href=\"https:\/\/alexsa-verlag.de\/hoerbuecher\/\" \/>\n<meta property=\"og:locale\" content=\"ru_RU\" \/>\n<meta property=\"og:type\" content=\"article\" \/>\n<meta property=\"og:title\" content=\"H\u00f6rb\u00fccher - \u0418\u0437\u0434\u0430\u0442\u0435\u043b\u044c\u0441\u0442\u0432\u043e &quot;\u0410\u043b\u0435\u043a\u0441\u0430&quot;\" \/>\n<meta property=\"og:url\" content=\"https:\/\/alexsa-verlag.de\/hoerbuecher\/\" \/>\n<meta property=\"og:site_name\" content=\"\u0418\u0437\u0434\u0430\u0442\u0435\u043b\u044c\u0441\u0442\u0432\u043e &quot;\u0410\u043b\u0435\u043a\u0441\u0430&quot;\" \/>\n<meta property=\"article:modified_time\" content=\"2017-09-07T20:58:36+00:00\" \/>\n<meta name=\"twitter:card\" content=\"summary_large_image\" \/>\n<script type=\"application\/ld+json\" class=\"yoast-schema-graph\">{\"@context\":\"https:\\\/\\\/schema.org\",\"@graph\":[{\"@type\":\"WebPage\",\"@id\":\"https:\\\/\\\/alexsa-verlag.de\\\/hoerbuecher\\\/\",\"url\":\"https:\\\/\\\/alexsa-verlag.de\\\/hoerbuecher\\\/\",\"name\":\"H\u00f6rb\u00fccher - \u0418\u0437\u0434\u0430\u0442\u0435\u043b\u044c\u0441\u0442\u0432\u043e &quot;\u0410\u043b\u0435\u043a\u0441\u0430&quot;\",\"isPartOf\":{\"@id\":\"https:\\\/\\\/alexsa-verlag.de\\\/#website\"},\"datePublished\":\"2017-08-30T12:20:55+00:00\",\"dateModified\":\"2017-09-07T20:58:36+00:00\",\"breadcrumb\":{\"@id\":\"https:\\\/\\\/alexsa-verlag.de\\\/hoerbuecher\\\/#breadcrumb\"},\"inLanguage\":\"ru-RU\",\"potentialAction\":[{\"@type\":\"ReadAction\",\"target\":[\"https:\\\/\\\/alexsa-verlag.de\\\/hoerbuecher\\\/\"]}]},{\"@type\":\"BreadcrumbList\",\"@id\":\"https:\\\/\\\/alexsa-verlag.de\\\/hoerbuecher\\\/#breadcrumb\",\"itemListElement\":[{\"@type\":\"ListItem\",\"position\":1,\"name\":\"Startseite\",\"item\":\"https:\\\/\\\/alexsa-verlag.de\\\/\"},{\"@type\":\"ListItem\",\"position\":2,\"name\":\"H\u00f6rb\u00fccher\"}]},{\"@type\":\"WebSite\",\"@id\":\"https:\\\/\\\/alexsa-verlag.de\\\/#website\",\"url\":\"https:\\\/\\\/alexsa-verlag.de\\\/\",\"name\":\"\u0418\u0437\u0434\u0430\u0442\u0435\u043b\u044c\u0441\u0442\u0432\u043e &quot;\u0410\u043b\u0435\u043a\u0441\u0430&quot;\",\"description\":\"\u0411\u0435\u0440\u043b\u0438\u043d\",\"potentialAction\":[{\"@type\":\"SearchAction\",\"target\":{\"@type\":\"EntryPoint\",\"urlTemplate\":\"https:\\\/\\\/alexsa-verlag.de\\\/?s={search_term_string}\"},\"query-input\":{\"@type\":\"PropertyValueSpecification\",\"valueRequired\":true,\"valueName\":\"search_term_string\"}}],\"inLanguage\":\"ru-RU\"}]}<\/script>\n<!-- \/ Yoast SEO plugin. -->","yoast_head_json":{"title":"H\u00f6rb\u00fccher - \u0418\u0437\u0434\u0430\u0442\u0435\u043b\u044c\u0441\u0442\u0432\u043e &quot;\u0410\u043b\u0435\u043a\u0441\u0430&quot;","robots":{"index":"index","follow":"follow","max-snippet":"max-snippet:-1","max-image-preview":"max-image-preview:large","max-video-preview":"max-video-preview:-1"},"canonical":"https:\/\/alexsa-verlag.de\/hoerbuecher\/","og_locale":"ru_RU","og_type":"article","og_title":"H\u00f6rb\u00fccher - \u0418\u0437\u0434\u0430\u0442\u0435\u043b\u044c\u0441\u0442\u0432\u043e &quot;\u0410\u043b\u0435\u043a\u0441\u0430&quot;","og_url":"https:\/\/alexsa-verlag.de\/hoerbuecher\/","og_site_name":"\u0418\u0437\u0434\u0430\u0442\u0435\u043b\u044c\u0441\u0442\u0432\u043e &quot;\u0410\u043b\u0435\u043a\u0441\u0430&quot;","article_modified_time":"2017-09-07T20:58:36+00:00","twitter_card":"summary_large_image","schema":{"@context":"https:\/\/schema.org","@graph":[{"@type":"WebPage","@id":"https:\/\/alexsa-verlag.de\/hoerbuecher\/","url":"https:\/\/alexsa-verlag.de\/hoerbuecher\/","name":"H\u00f6rb\u00fccher - \u0418\u0437\u0434\u0430\u0442\u0435\u043b\u044c\u0441\u0442\u0432\u043e &quot;\u0410\u043b\u0435\u043a\u0441\u0430&quot;","isPartOf":{"@id":"https:\/\/alexsa-verlag.de\/#website"},"datePublished":"2017-08-30T12:20:55+00:00","dateModified":"2017-09-07T20:58:36+00:00","breadcrumb":{"@id":"https:\/\/alexsa-verlag.de\/hoerbuecher\/#breadcrumb"},"inLanguage":"ru-RU","potentialAction":[{"@type":"ReadAction","target":["https:\/\/alexsa-verlag.de\/hoerbuecher\/"]}]},{"@type":"BreadcrumbList","@id":"https:\/\/alexsa-verlag.de\/hoerbuecher\/#breadcrumb","itemListElement":[{"@type":"ListItem","position":1,"name":"Startseite","item":"https:\/\/alexsa-verlag.de\/"},{"@type":"ListItem","position":2,"name":"H\u00f6rb\u00fccher"}]},{"@type":"WebSite","@id":"https:\/\/alexsa-verlag.de\/#website","url":"https:\/\/alexsa-verlag.de\/","name":"\u0418\u0437\u0434\u0430\u0442\u0435\u043b\u044c\u0441\u0442\u0432\u043e &quot;\u0410\u043b\u0435\u043a\u0441\u0430&quot;","description":"\u0411\u0435\u0440\u043b\u0438\u043d","potentialAction":[{"@type":"SearchAction","target":{"@type":"EntryPoint","urlTemplate":"https:\/\/alexsa-verlag.de\/?s={search_term_string}"},"query-input":{"@type":"PropertyValueSpecification","valueRequired":true,"valueName":"search_term_string"}}],"inLanguage":"ru-RU"}]}},"jetpack_sharing_enabled":true,"jetpack_shortlink":"https:\/\/wp.me\/P9snYS-R","_links":{"self":[{"href":"https:\/\/alexsa-verlag.de\/ru\/wp-json\/wp\/v2\/pages\/53","targetHints":{"allow":["GET"]}}],"collection":[{"href":"https:\/\/alexsa-verlag.de\/ru\/wp-json\/wp\/v2\/pages"}],"about":[{"href":"https:\/\/alexsa-verlag.de\/ru\/wp-json\/wp\/v2\/types\/page"}],"author":[{"embeddable":true,"href":"https:\/\/alexsa-verlag.de\/ru\/wp-json\/wp\/v2\/users\/1"}],"replies":[{"embeddable":true,"href":"https:\/\/alexsa-verlag.de\/ru\/wp-json\/wp\/v2\/comments?post=53"}],"version-history":[{"count":9,"href":"https:\/\/alexsa-verlag.de\/ru\/wp-json\/wp\/v2\/pages\/53\/revisions"}],"predecessor-version":[{"id":394,"href":"https:\/\/alexsa-verlag.de\/ru\/wp-json\/wp\/v2\/pages\/53\/revisions\/394"}],"wp:attachment":[{"href":"https:\/\/alexsa-verlag.de\/ru\/wp-json\/wp\/v2\/media?parent=53"}],"curies":[{"name":"wp","href":"https:\/\/api.w.org\/{rel}","templated":true}]}}