{"id":524,"date":"2017-11-28T11:59:46","date_gmt":"2017-11-28T10:59:46","guid":{"rendered":"http:\/\/alexsa-verlag.de\/?page_id=524"},"modified":"2018-06-21T11:19:10","modified_gmt":"2018-06-21T09:19:10","slug":"autoren","status":"publish","type":"page","link":"https:\/\/alexsa-verlag.de\/ru\/autoren\/","title":{"rendered":"Autoren"},"content":{"rendered":"<h5><img loading=\"lazy\" decoding=\"async\" class=\" wp-image-818 alignleft\" src=\"http:\/\/alexsa-verlag.de\/wp-content\/uploads\/2018\/05\/Bild1453-194x300.jpg\" alt=\"\" width=\"168\" height=\"260\" srcset=\"https:\/\/alexsa-verlag.de\/wp-content\/uploads\/2018\/05\/Bild1453-194x300.jpg 194w, https:\/\/alexsa-verlag.de\/wp-content\/uploads\/2018\/05\/Bild1453-400x620.jpg 400w, https:\/\/alexsa-verlag.de\/wp-content\/uploads\/2018\/05\/Bild1453-768x1190.jpg 768w, https:\/\/alexsa-verlag.de\/wp-content\/uploads\/2018\/05\/Bild1453-661x1024.jpg 661w, https:\/\/alexsa-verlag.de\/wp-content\/uploads\/2018\/05\/Bild1453.jpg 1113w\" sizes=\"auto, (max-width: 168px) 85vw, 168px\" \/><strong>Susanne Jura<\/strong><\/h5>\n<p>geboren 1956 in Halle\/Saale, ist Diplomszenografin und leitet die Multivalenten Musik- und Kunstwerkst\u00e4tten Berlin. Neben ihrer Leidenschaft des Erfindens von Brett- und Kartenspielen entwickelt sie in ihrer Spielzeugwerkstatt Puppen und Spieltiere und schreibt Kurzgeschichten und M\u00e4rchen f\u00fcr Kinder und Erwachsene, die sie selbst illustriert.<\/p>\n<p>Susanne Jura hat zwei S\u00f6hne, zwei Schwiegert\u00f6chter und vier Enkelkinder und lebt mit ihrem Mann und drei Katzen am Stadtrand von Berlin.<\/p>\n<p>&nbsp;<\/p>\n<p><img loading=\"lazy\" decoding=\"async\" class=\"wp-image-864 alignleft\" src=\"http:\/\/alexsa-verlag.de\/wp-content\/uploads\/2018\/06\/20170929_1029220-205x300.jpg\" alt=\"\" width=\"165\" height=\"242\" srcset=\"https:\/\/alexsa-verlag.de\/wp-content\/uploads\/2018\/06\/20170929_1029220-205x300.jpg 205w, https:\/\/alexsa-verlag.de\/wp-content\/uploads\/2018\/06\/20170929_1029220-400x585.jpg 400w, https:\/\/alexsa-verlag.de\/wp-content\/uploads\/2018\/06\/20170929_1029220.jpg 474w\" sizes=\"auto, (max-width: 165px) 85vw, 165px\" \/><\/p>\n<p><span style=\"font-size: 14pt;\"><strong>Konstanze K\u00fchling\u00a0 <\/strong><\/span><\/p>\n<p>geboren 1955 in Berlin-Ost, ist Lehrerin f\u00fcr Deutsch und Fremdsprachen. Sie besuchte den Fernlehrgang an der Axel-Andersen-Akademie, Gro\u00dfe Schule des Schreibens 2001\/2002 und absolvierte eine AutorInnenausbildung am Institut f\u00fcr Kreatives Schreiben bei Heidi von Plato 2011\/2012.<\/p>\n<p>Konstanze K\u00fchling ist verwitwet, hat drei erwachsene S\u00f6hne, zwei Enkel und lebt in einer WG mit zwei Hunden und einer Findlingskatze.<\/p>\n<h5><img loading=\"lazy\" decoding=\"async\" class=\"wp-image-953 alignleft\" src=\"http:\/\/alexsa-verlag.de\/wp-content\/uploads\/2018\/06\/Hanna-216x300.png\" alt=\"\" width=\"168\" height=\"234\" srcset=\"https:\/\/alexsa-verlag.de\/wp-content\/uploads\/2018\/06\/Hanna-216x300.png 216w, https:\/\/alexsa-verlag.de\/wp-content\/uploads\/2018\/06\/Hanna-400x556.png 400w, https:\/\/alexsa-verlag.de\/wp-content\/uploads\/2018\/06\/Hanna-768x1067.png 768w, https:\/\/alexsa-verlag.de\/wp-content\/uploads\/2018\/06\/Hanna-737x1024.png 737w, https:\/\/alexsa-verlag.de\/wp-content\/uploads\/2018\/06\/Hanna.png 1047w\" sizes=\"auto, (max-width: 168px) 85vw, 168px\" \/><\/h5>\n<p><strong><span style=\"font-size: 14pt;\">Hanna Heinekind<\/span><\/strong><\/p>\n<p>Sie ersp\u00fcrt Weisheiten des Alltags, um aus diesem vielfarbigen Garn kleine philosophische Fabeln zu spinnen. Den Kern ihrer Geschichten bilden Probleme und Fragen, die sich in ihrer unmittelbaren Umgebung abspielen und nach einer L\u00f6sung suchen, die sich schlie\u00dflich beim Niederschreiben wie von selbst findet.<\/p>\n<p>Hanna Heinekind ist Vorleserin und Mitbegr\u00fcnderin der Leseb\u00fchne &#8220;Schwebendes Zimmer&#8221; in Berlin-Mahlsdorf.<\/p>\n","protected":false},"excerpt":{"rendered":"<p>Susanne Jura geboren 1956 in Halle\/Saale, ist Diplomszenografin und leitet die Multivalenten Musik- und Kunstwerkst\u00e4tten Berlin. Neben ihrer Leidenschaft des Erfindens von Brett- und Kartenspielen entwickelt sie in ihrer Spielzeugwerkstatt Puppen und Spieltiere und schreibt Kurzgeschichten und M\u00e4rchen f\u00fcr Kinder und Erwachsene, die sie selbst illustriert. Susanne Jura hat zwei S\u00f6hne, zwei Schwiegert\u00f6chter und vier &hellip; <a href=\"https:\/\/alexsa-verlag.de\/ru\/autoren\/\" class=\"more-link\">Continue reading<span class=\"screen-reader-text\"> &#8220;Autoren&#8221;<\/span><\/a><\/p>\n","protected":false},"author":1,"featured_media":0,"parent":0,"menu_order":0,"comment_status":"closed","ping_status":"closed","template":"","meta":{"jetpack_post_was_ever_published":false,"footnotes":""},"class_list":["post-524","page","type-page","status-publish","hentry"],"translation":{"provider":"WPGlobus","version":"3.0.0","language":"ru","enabled_languages":["de","ru"],"languages":{"de":{"title":true,"content":true,"excerpt":false},"ru":{"title":false,"content":false,"excerpt":false}}},"yoast_head":"<!-- This site is optimized with the Yoast SEO plugin v27.5 - https:\/\/yoast.com\/product\/yoast-seo-wordpress\/ -->\n<title>Autoren - \u0418\u0437\u0434\u0430\u0442\u0435\u043b\u044c\u0441\u0442\u0432\u043e &quot;\u0410\u043b\u0435\u043a\u0441\u0430&quot;<\/title>\n<meta name=\"robots\" content=\"index, follow, max-snippet:-1, max-image-preview:large, max-video-preview:-1\" \/>\n<link rel=\"canonical\" href=\"https:\/\/alexsa-verlag.de\/autoren\/\" \/>\n<meta property=\"og:locale\" content=\"ru_RU\" \/>\n<meta property=\"og:type\" content=\"article\" \/>\n<meta property=\"og:title\" content=\"Autoren - \u0418\u0437\u0434\u0430\u0442\u0435\u043b\u044c\u0441\u0442\u0432\u043e &quot;\u0410\u043b\u0435\u043a\u0441\u0430&quot;\" \/>\n<meta property=\"og:url\" content=\"https:\/\/alexsa-verlag.de\/autoren\/\" \/>\n<meta property=\"og:site_name\" content=\"\u0418\u0437\u0434\u0430\u0442\u0435\u043b\u044c\u0441\u0442\u0432\u043e &quot;\u0410\u043b\u0435\u043a\u0441\u0430&quot;\" \/>\n<meta property=\"article:modified_time\" content=\"2018-06-21T09:19:10+00:00\" \/>\n<meta property=\"og:image\" content=\"https:\/\/alexsa-verlag.de\/wp-content\/uploads\/2018\/05\/Bild1453.jpg\" \/>\n\t<meta property=\"og:image:width\" content=\"1113\" \/>\n\t<meta property=\"og:image:height\" content=\"1725\" \/>\n\t<meta property=\"og:image:type\" content=\"image\/jpeg\" \/>\n<meta name=\"twitter:card\" content=\"summary_large_image\" \/>\n<meta name=\"twitter:label1\" content=\"Est. reading time\" \/>\n\t<meta name=\"twitter:data1\" content=\"1 minute\" \/>\n<script type=\"application\/ld+json\" class=\"yoast-schema-graph\">{\"@context\":\"https:\\\/\\\/schema.org\",\"@graph\":[{\"@type\":\"WebPage\",\"@id\":\"https:\\\/\\\/alexsa-verlag.de\\\/autoren\\\/\",\"url\":\"https:\\\/\\\/alexsa-verlag.de\\\/autoren\\\/\",\"name\":\"Autoren - \u0418\u0437\u0434\u0430\u0442\u0435\u043b\u044c\u0441\u0442\u0432\u043e &quot;\u0410\u043b\u0435\u043a\u0441\u0430&quot;\",\"isPartOf\":{\"@id\":\"https:\\\/\\\/alexsa-verlag.de\\\/#website\"},\"primaryImageOfPage\":{\"@id\":\"https:\\\/\\\/alexsa-verlag.de\\\/autoren\\\/#primaryimage\"},\"image\":{\"@id\":\"https:\\\/\\\/alexsa-verlag.de\\\/autoren\\\/#primaryimage\"},\"thumbnailUrl\":\"http:\\\/\\\/alexsa-verlag.de\\\/wp-content\\\/uploads\\\/2018\\\/05\\\/Bild1453-194x300.jpg\",\"datePublished\":\"2017-11-28T10:59:46+00:00\",\"dateModified\":\"2018-06-21T09:19:10+00:00\",\"breadcrumb\":{\"@id\":\"https:\\\/\\\/alexsa-verlag.de\\\/autoren\\\/#breadcrumb\"},\"inLanguage\":\"ru-RU\",\"potentialAction\":[{\"@type\":\"ReadAction\",\"target\":[\"https:\\\/\\\/alexsa-verlag.de\\\/autoren\\\/\"]}]},{\"@type\":\"ImageObject\",\"inLanguage\":\"ru-RU\",\"@id\":\"https:\\\/\\\/alexsa-verlag.de\\\/autoren\\\/#primaryimage\",\"url\":\"http:\\\/\\\/alexsa-verlag.de\\\/wp-content\\\/uploads\\\/2018\\\/05\\\/Bild1453-194x300.jpg\",\"contentUrl\":\"http:\\\/\\\/alexsa-verlag.de\\\/wp-content\\\/uploads\\\/2018\\\/05\\\/Bild1453-194x300.jpg\"},{\"@type\":\"BreadcrumbList\",\"@id\":\"https:\\\/\\\/alexsa-verlag.de\\\/autoren\\\/#breadcrumb\",\"itemListElement\":[{\"@type\":\"ListItem\",\"position\":1,\"name\":\"Startseite\",\"item\":\"https:\\\/\\\/alexsa-verlag.de\\\/\"},{\"@type\":\"ListItem\",\"position\":2,\"name\":\"Autoren\"}]},{\"@type\":\"WebSite\",\"@id\":\"https:\\\/\\\/alexsa-verlag.de\\\/#website\",\"url\":\"https:\\\/\\\/alexsa-verlag.de\\\/\",\"name\":\"\u0418\u0437\u0434\u0430\u0442\u0435\u043b\u044c\u0441\u0442\u0432\u043e &quot;\u0410\u043b\u0435\u043a\u0441\u0430&quot;\",\"description\":\"\u0411\u0435\u0440\u043b\u0438\u043d\",\"potentialAction\":[{\"@type\":\"SearchAction\",\"target\":{\"@type\":\"EntryPoint\",\"urlTemplate\":\"https:\\\/\\\/alexsa-verlag.de\\\/?s={search_term_string}\"},\"query-input\":{\"@type\":\"PropertyValueSpecification\",\"valueRequired\":true,\"valueName\":\"search_term_string\"}}],\"inLanguage\":\"ru-RU\"}]}<\/script>\n<!-- \/ Yoast SEO plugin. -->","yoast_head_json":{"title":"Autoren - \u0418\u0437\u0434\u0430\u0442\u0435\u043b\u044c\u0441\u0442\u0432\u043e &quot;\u0410\u043b\u0435\u043a\u0441\u0430&quot;","robots":{"index":"index","follow":"follow","max-snippet":"max-snippet:-1","max-image-preview":"max-image-preview:large","max-video-preview":"max-video-preview:-1"},"canonical":"https:\/\/alexsa-verlag.de\/autoren\/","og_locale":"ru_RU","og_type":"article","og_title":"Autoren - \u0418\u0437\u0434\u0430\u0442\u0435\u043b\u044c\u0441\u0442\u0432\u043e &quot;\u0410\u043b\u0435\u043a\u0441\u0430&quot;","og_url":"https:\/\/alexsa-verlag.de\/autoren\/","og_site_name":"\u0418\u0437\u0434\u0430\u0442\u0435\u043b\u044c\u0441\u0442\u0432\u043e &quot;\u0410\u043b\u0435\u043a\u0441\u0430&quot;","article_modified_time":"2018-06-21T09:19:10+00:00","og_image":[{"width":1113,"height":1725,"url":"https:\/\/alexsa-verlag.de\/wp-content\/uploads\/2018\/05\/Bild1453.jpg","type":"image\/jpeg"}],"twitter_card":"summary_large_image","twitter_misc":{"Est. reading time":"1 minute"},"schema":{"@context":"https:\/\/schema.org","@graph":[{"@type":"WebPage","@id":"https:\/\/alexsa-verlag.de\/autoren\/","url":"https:\/\/alexsa-verlag.de\/autoren\/","name":"Autoren - \u0418\u0437\u0434\u0430\u0442\u0435\u043b\u044c\u0441\u0442\u0432\u043e &quot;\u0410\u043b\u0435\u043a\u0441\u0430&quot;","isPartOf":{"@id":"https:\/\/alexsa-verlag.de\/#website"},"primaryImageOfPage":{"@id":"https:\/\/alexsa-verlag.de\/autoren\/#primaryimage"},"image":{"@id":"https:\/\/alexsa-verlag.de\/autoren\/#primaryimage"},"thumbnailUrl":"http:\/\/alexsa-verlag.de\/wp-content\/uploads\/2018\/05\/Bild1453-194x300.jpg","datePublished":"2017-11-28T10:59:46+00:00","dateModified":"2018-06-21T09:19:10+00:00","breadcrumb":{"@id":"https:\/\/alexsa-verlag.de\/autoren\/#breadcrumb"},"inLanguage":"ru-RU","potentialAction":[{"@type":"ReadAction","target":["https:\/\/alexsa-verlag.de\/autoren\/"]}]},{"@type":"ImageObject","inLanguage":"ru-RU","@id":"https:\/\/alexsa-verlag.de\/autoren\/#primaryimage","url":"http:\/\/alexsa-verlag.de\/wp-content\/uploads\/2018\/05\/Bild1453-194x300.jpg","contentUrl":"http:\/\/alexsa-verlag.de\/wp-content\/uploads\/2018\/05\/Bild1453-194x300.jpg"},{"@type":"BreadcrumbList","@id":"https:\/\/alexsa-verlag.de\/autoren\/#breadcrumb","itemListElement":[{"@type":"ListItem","position":1,"name":"Startseite","item":"https:\/\/alexsa-verlag.de\/"},{"@type":"ListItem","position":2,"name":"Autoren"}]},{"@type":"WebSite","@id":"https:\/\/alexsa-verlag.de\/#website","url":"https:\/\/alexsa-verlag.de\/","name":"\u0418\u0437\u0434\u0430\u0442\u0435\u043b\u044c\u0441\u0442\u0432\u043e &quot;\u0410\u043b\u0435\u043a\u0441\u0430&quot;","description":"\u0411\u0435\u0440\u043b\u0438\u043d","potentialAction":[{"@type":"SearchAction","target":{"@type":"EntryPoint","urlTemplate":"https:\/\/alexsa-verlag.de\/?s={search_term_string}"},"query-input":{"@type":"PropertyValueSpecification","valueRequired":true,"valueName":"search_term_string"}}],"inLanguage":"ru-RU"}]}},"jetpack_sharing_enabled":true,"jetpack_shortlink":"https:\/\/wp.me\/P9snYS-8s","_links":{"self":[{"href":"https:\/\/alexsa-verlag.de\/ru\/wp-json\/wp\/v2\/pages\/524","targetHints":{"allow":["GET"]}}],"collection":[{"href":"https:\/\/alexsa-verlag.de\/ru\/wp-json\/wp\/v2\/pages"}],"about":[{"href":"https:\/\/alexsa-verlag.de\/ru\/wp-json\/wp\/v2\/types\/page"}],"author":[{"embeddable":true,"href":"https:\/\/alexsa-verlag.de\/ru\/wp-json\/wp\/v2\/users\/1"}],"replies":[{"embeddable":true,"href":"https:\/\/alexsa-verlag.de\/ru\/wp-json\/wp\/v2\/comments?post=524"}],"version-history":[{"count":24,"href":"https:\/\/alexsa-verlag.de\/ru\/wp-json\/wp\/v2\/pages\/524\/revisions"}],"predecessor-version":[{"id":955,"href":"https:\/\/alexsa-verlag.de\/ru\/wp-json\/wp\/v2\/pages\/524\/revisions\/955"}],"wp:attachment":[{"href":"https:\/\/alexsa-verlag.de\/ru\/wp-json\/wp\/v2\/media?parent=524"}],"curies":[{"name":"wp","href":"https:\/\/api.w.org\/{rel}","templated":true}]}}