{"id":47,"date":"2017-08-30T14:19:53","date_gmt":"2017-08-30T12:19:53","guid":{"rendered":"http:\/\/alexsa-verlag.de\/?page_id=47"},"modified":"2023-03-24T00:23:22","modified_gmt":"2023-03-23T23:23:22","slug":"bilderbuecher","status":"publish","type":"page","link":"https:\/\/alexsa-verlag.de\/ru\/bilderbuecher\/","title":{"rendered":"Bilderb\u00fccher"},"content":{"rendered":"<p>M\u00e4rchenb\u00fccher von Susanne Jura mit Illustrationen der Autorin<\/p>\n<p><strong>Nardo und Susalinde<\/strong> &#8211; ein M\u00e4rchen \u00fcber die Zauberkraft der Liebe<\/p>\n<p><img loading=\"lazy\" decoding=\"async\" class=\"alignnone wp-image-447\" src=\"http:\/\/alexsa-verlag.de\/wp-content\/uploads\/2017\/08\/Sus-200x300.png\" alt=\"\" width=\"246\" height=\"369\" srcset=\"https:\/\/alexsa-verlag.de\/wp-content\/uploads\/2017\/08\/Sus-200x300.png 200w, https:\/\/alexsa-verlag.de\/wp-content\/uploads\/2017\/08\/Sus-400x599.png 400w, https:\/\/alexsa-verlag.de\/wp-content\/uploads\/2017\/08\/Sus-684x1024.png 684w, https:\/\/alexsa-verlag.de\/wp-content\/uploads\/2017\/08\/Sus.png 727w\" sizes=\"auto, (max-width: 246px) 85vw, 246px\" \/>\u00a0 \u00a0\u00a0<img loading=\"lazy\" decoding=\"async\" class=\"alignnone wp-image-453\" src=\"http:\/\/alexsa-verlag.de\/wp-content\/uploads\/2017\/08\/Nar-200x300.png\" alt=\"\" width=\"248\" height=\"372\" srcset=\"https:\/\/alexsa-verlag.de\/wp-content\/uploads\/2017\/08\/Nar-200x300.png 200w, https:\/\/alexsa-verlag.de\/wp-content\/uploads\/2017\/08\/Nar-400x600.png 400w, https:\/\/alexsa-verlag.de\/wp-content\/uploads\/2017\/08\/Nar-768x1151.png 768w, https:\/\/alexsa-verlag.de\/wp-content\/uploads\/2017\/08\/Nar-683x1024.png 683w, https:\/\/alexsa-verlag.de\/wp-content\/uploads\/2017\/08\/Nar.png 868w\" sizes=\"auto, (max-width: 248px) 85vw, 248px\" \/><\/p>\n<p><strong>Tamba und Maija<\/strong> &#8211; ein Hexenm\u00e4rchen nach Motiven afrikanischer M\u00e4rchen<\/p>\n<p><img loading=\"lazy\" decoding=\"async\" class=\"alignnone wp-image-438\" src=\"http:\/\/alexsa-verlag.de\/wp-content\/uploads\/2017\/08\/Zauber-206x300.png\" alt=\"\" width=\"245\" height=\"357\" srcset=\"https:\/\/alexsa-verlag.de\/wp-content\/uploads\/2017\/08\/Zauber-206x300.png 206w, https:\/\/alexsa-verlag.de\/wp-content\/uploads\/2017\/08\/Zauber-400x583.png 400w, https:\/\/alexsa-verlag.de\/wp-content\/uploads\/2017\/08\/Zauber-703x1024.png 703w, https:\/\/alexsa-verlag.de\/wp-content\/uploads\/2017\/08\/Zauber.png 757w\" sizes=\"auto, (max-width: 245px) 85vw, 245px\" \/><strong>\u00a0<\/strong><\/p>\n<p><strong>Die fr\u00f6hliche Mora und der gl\u00fcckliche Musikant<\/strong> &#8211; \u00fcber Ungl\u00fcck und Gl\u00fcck<\/p>\n<p><img loading=\"lazy\" decoding=\"async\" class=\"alignnone wp-image-441\" src=\"http:\/\/alexsa-verlag.de\/wp-content\/uploads\/2017\/08\/Mora-199x300.png\" alt=\"\" width=\"234\" height=\"353\" srcset=\"https:\/\/alexsa-verlag.de\/wp-content\/uploads\/2017\/08\/Mora-199x300.png 199w, https:\/\/alexsa-verlag.de\/wp-content\/uploads\/2017\/08\/Mora-400x602.png 400w, https:\/\/alexsa-verlag.de\/wp-content\/uploads\/2017\/08\/Mora-680x1024.png 680w, https:\/\/alexsa-verlag.de\/wp-content\/uploads\/2017\/08\/Mora.png 725w\" sizes=\"auto, (max-width: 234px) 85vw, 234px\" \/><\/p>\n<p><strong>Die Prinzessin im Drachenschloss <\/strong>&#8211; ein typisches und doch untypisches M\u00e4rchen<\/p>\n<p><img loading=\"lazy\" decoding=\"async\" class=\"alignnone wp-image-440\" src=\"http:\/\/alexsa-verlag.de\/wp-content\/uploads\/2017\/08\/Drachen-199x300.png\" alt=\"\" width=\"228\" height=\"344\" srcset=\"https:\/\/alexsa-verlag.de\/wp-content\/uploads\/2017\/08\/Drachen-199x300.png 199w, https:\/\/alexsa-verlag.de\/wp-content\/uploads\/2017\/08\/Drachen-400x602.png 400w, https:\/\/alexsa-verlag.de\/wp-content\/uploads\/2017\/08\/Drachen-680x1024.png 680w, https:\/\/alexsa-verlag.de\/wp-content\/uploads\/2017\/08\/Drachen.png 724w\" sizes=\"auto, (max-width: 228px) 85vw, 228px\" \/><\/p>\n<p><strong>Urgro\u00dfmutters sch\u00f6ne Puppenstube<\/strong> &#8211; ein Puppenhaus im Buchformat<\/p>\n<p><img loading=\"lazy\" decoding=\"async\" class=\"alignnone wp-image-499\" src=\"http:\/\/alexsa-verlag.de\/wp-content\/uploads\/2017\/08\/Puppenstube-Titel-A-300x219.png\" alt=\"\" width=\"534\" height=\"390\" srcset=\"https:\/\/alexsa-verlag.de\/wp-content\/uploads\/2017\/08\/Puppenstube-Titel-A-300x219.png 300w, https:\/\/alexsa-verlag.de\/wp-content\/uploads\/2017\/08\/Puppenstube-Titel-A-400x292.png 400w, https:\/\/alexsa-verlag.de\/wp-content\/uploads\/2017\/08\/Puppenstube-Titel-A-768x561.png 768w, https:\/\/alexsa-verlag.de\/wp-content\/uploads\/2017\/08\/Puppenstube-Titel-A-1024x748.png 1024w, https:\/\/alexsa-verlag.de\/wp-content\/uploads\/2017\/08\/Puppenstube-Titel-A-1200x876.png 1200w, https:\/\/alexsa-verlag.de\/wp-content\/uploads\/2017\/08\/Puppenstube-Titel-A.png 1537w\" sizes=\"auto, (max-width: 534px) 85vw, 534px\" \/><\/p>\n<p><strong>Urgro\u00dfmutters Spielzeugschrank<\/strong> &#8211; alte Spielsachen zum Staunen<\/p>\n<p><img loading=\"lazy\" decoding=\"async\" class=\"alignnone wp-image-500\" src=\"http:\/\/alexsa-verlag.de\/wp-content\/uploads\/2017\/08\/Blatt1BB-213x300.png\" alt=\"\" width=\"412\" height=\"580\" srcset=\"https:\/\/alexsa-verlag.de\/wp-content\/uploads\/2017\/08\/Blatt1BB-213x300.png 213w, https:\/\/alexsa-verlag.de\/wp-content\/uploads\/2017\/08\/Blatt1BB-400x563.png 400w, https:\/\/alexsa-verlag.de\/wp-content\/uploads\/2017\/08\/Blatt1BB-768x1081.png 768w, https:\/\/alexsa-verlag.de\/wp-content\/uploads\/2017\/08\/Blatt1BB-728x1024.png 728w, https:\/\/alexsa-verlag.de\/wp-content\/uploads\/2017\/08\/Blatt1BB.png 1100w\" sizes=\"auto, (max-width: 412px) 85vw, 412px\" \/><\/p>\n<p><strong>Unsere Bude<\/strong> -Ein Besuch bei unserer Familie, als die Kinder noch klein waren<\/p>\n<p><img loading=\"lazy\" decoding=\"async\" class=\"alignnone wp-image-503\" src=\"http:\/\/alexsa-verlag.de\/wp-content\/uploads\/2017\/08\/Bude-222-190x300.png\" alt=\"\" width=\"283\" height=\"447\" srcset=\"https:\/\/alexsa-verlag.de\/wp-content\/uploads\/2017\/08\/Bude-222-190x300.png 190w, https:\/\/alexsa-verlag.de\/wp-content\/uploads\/2017\/08\/Bude-222-400x630.png 400w, https:\/\/alexsa-verlag.de\/wp-content\/uploads\/2017\/08\/Bude-222-768x1210.png 768w, https:\/\/alexsa-verlag.de\/wp-content\/uploads\/2017\/08\/Bude-222-650x1024.png 650w, https:\/\/alexsa-verlag.de\/wp-content\/uploads\/2017\/08\/Bude-222.png 1091w\" sizes=\"auto, (max-width: 283px) 85vw, 283px\" \/><img loading=\"lazy\" decoding=\"async\" class=\"alignnone wp-image-504\" src=\"http:\/\/alexsa-verlag.de\/wp-content\/uploads\/2017\/08\/Bude112-192x300.png\" alt=\"\" width=\"287\" height=\"448\" srcset=\"https:\/\/alexsa-verlag.de\/wp-content\/uploads\/2017\/08\/Bude112-192x300.png 192w, https:\/\/alexsa-verlag.de\/wp-content\/uploads\/2017\/08\/Bude112-400x625.png 400w, https:\/\/alexsa-verlag.de\/wp-content\/uploads\/2017\/08\/Bude112-656x1024.png 656w, https:\/\/alexsa-verlag.de\/wp-content\/uploads\/2017\/08\/Bude112.png 726w\" sizes=\"auto, (max-width: 287px) 85vw, 287px\" \/><\/p>\n<p><strong>M\u00e4rchentheater<\/strong> &#8211; Zw\u00f6lf M\u00e4rchenbilder f\u00fcr eine klitzekleine B\u00fchne<\/p>\n<p><img loading=\"lazy\" decoding=\"async\" class=\"alignnone  wp-image-513\" src=\"http:\/\/alexsa-verlag.de\/wp-content\/uploads\/2017\/08\/Theater-1-214x300.png\" alt=\"\" width=\"610\" height=\"855\" srcset=\"https:\/\/alexsa-verlag.de\/wp-content\/uploads\/2017\/08\/Theater-1-214x300.png 214w, https:\/\/alexsa-verlag.de\/wp-content\/uploads\/2017\/08\/Theater-1-400x560.png 400w, https:\/\/alexsa-verlag.de\/wp-content\/uploads\/2017\/08\/Theater-1-768x1075.png 768w, https:\/\/alexsa-verlag.de\/wp-content\/uploads\/2017\/08\/Theater-1-731x1024.png 731w, https:\/\/alexsa-verlag.de\/wp-content\/uploads\/2017\/08\/Theater-1.png 1122w\" sizes=\"auto, (max-width: 610px) 85vw, 610px\" \/><\/p>\n\n\n<p><a href=\"http:\/\/multi-puppen.de\/geschichtenwerkstatt\/\">Geschichtenwerkstatt der Multivalenten Werkst\u00e4tten Berlin<\/a><\/p>\n","protected":false},"excerpt":{"rendered":"<p>M\u00e4rchenb\u00fccher von Susanne Jura mit Illustrationen der Autorin Nardo und Susalinde &#8211; ein M\u00e4rchen \u00fcber die Zauberkraft der Liebe \u00a0 \u00a0\u00a0 Tamba und Maija &#8211; ein Hexenm\u00e4rchen nach Motiven afrikanischer M\u00e4rchen \u00a0 Die fr\u00f6hliche Mora und der gl\u00fcckliche Musikant &#8211; \u00fcber Ungl\u00fcck und Gl\u00fcck Die Prinzessin im Drachenschloss &#8211; ein typisches und doch untypisches M\u00e4rchen &hellip; <a href=\"https:\/\/alexsa-verlag.de\/ru\/bilderbuecher\/\" class=\"more-link\">Continue reading<span class=\"screen-reader-text\"> &#8220;Bilderb\u00fccher&#8221;<\/span><\/a><\/p>\n","protected":false},"author":1,"featured_media":0,"parent":0,"menu_order":0,"comment_status":"closed","ping_status":"closed","template":"","meta":{"jetpack_post_was_ever_published":false,"footnotes":""},"class_list":["post-47","page","type-page","status-publish","hentry"],"translation":{"provider":"WPGlobus","version":"3.0.0","language":"ru","enabled_languages":["de","ru"],"languages":{"de":{"title":true,"content":true,"excerpt":false},"ru":{"title":false,"content":false,"excerpt":false}}},"yoast_head":"<!-- This site is optimized with the Yoast SEO plugin v27.4 - https:\/\/yoast.com\/product\/yoast-seo-wordpress\/ -->\n<title>Bilderb\u00fccher - \u0418\u0437\u0434\u0430\u0442\u0435\u043b\u044c\u0441\u0442\u0432\u043e &quot;\u0410\u043b\u0435\u043a\u0441\u0430&quot;<\/title>\n<meta name=\"robots\" content=\"index, follow, max-snippet:-1, max-image-preview:large, max-video-preview:-1\" \/>\n<link rel=\"canonical\" href=\"https:\/\/alexsa-verlag.de\/bilderbuecher\/\" \/>\n<meta property=\"og:locale\" content=\"ru_RU\" \/>\n<meta property=\"og:type\" content=\"article\" \/>\n<meta property=\"og:title\" content=\"Bilderb\u00fccher - \u0418\u0437\u0434\u0430\u0442\u0435\u043b\u044c\u0441\u0442\u0432\u043e &quot;\u0410\u043b\u0435\u043a\u0441\u0430&quot;\" \/>\n<meta property=\"og:url\" content=\"https:\/\/alexsa-verlag.de\/bilderbuecher\/\" \/>\n<meta property=\"og:site_name\" content=\"\u0418\u0437\u0434\u0430\u0442\u0435\u043b\u044c\u0441\u0442\u0432\u043e &quot;\u0410\u043b\u0435\u043a\u0441\u0430&quot;\" \/>\n<meta property=\"article:modified_time\" content=\"2023-03-23T23:23:22+00:00\" \/>\n<meta property=\"og:image\" content=\"http:\/\/alexsa-verlag.de\/wp-content\/uploads\/2017\/08\/Sus-200x300.png\" \/>\n<meta name=\"twitter:card\" content=\"summary_large_image\" \/>\n<meta name=\"twitter:label1\" content=\"Est. reading time\" \/>\n\t<meta name=\"twitter:data1\" content=\"3 minutes\" \/>\n<script type=\"application\/ld+json\" class=\"yoast-schema-graph\">{\"@context\":\"https:\\\/\\\/schema.org\",\"@graph\":[{\"@type\":\"WebPage\",\"@id\":\"https:\\\/\\\/alexsa-verlag.de\\\/bilderbuecher\\\/\",\"url\":\"https:\\\/\\\/alexsa-verlag.de\\\/bilderbuecher\\\/\",\"name\":\"Bilderb\u00fccher - \u0418\u0437\u0434\u0430\u0442\u0435\u043b\u044c\u0441\u0442\u0432\u043e &quot;\u0410\u043b\u0435\u043a\u0441\u0430&quot;\",\"isPartOf\":{\"@id\":\"https:\\\/\\\/alexsa-verlag.de\\\/#website\"},\"primaryImageOfPage\":{\"@id\":\"https:\\\/\\\/alexsa-verlag.de\\\/bilderbuecher\\\/#primaryimage\"},\"image\":{\"@id\":\"https:\\\/\\\/alexsa-verlag.de\\\/bilderbuecher\\\/#primaryimage\"},\"thumbnailUrl\":\"http:\\\/\\\/alexsa-verlag.de\\\/wp-content\\\/uploads\\\/2017\\\/08\\\/Sus-200x300.png\",\"datePublished\":\"2017-08-30T12:19:53+00:00\",\"dateModified\":\"2023-03-23T23:23:22+00:00\",\"breadcrumb\":{\"@id\":\"https:\\\/\\\/alexsa-verlag.de\\\/bilderbuecher\\\/#breadcrumb\"},\"inLanguage\":\"ru-RU\",\"potentialAction\":[{\"@type\":\"ReadAction\",\"target\":[\"https:\\\/\\\/alexsa-verlag.de\\\/bilderbuecher\\\/\"]}]},{\"@type\":\"ImageObject\",\"inLanguage\":\"ru-RU\",\"@id\":\"https:\\\/\\\/alexsa-verlag.de\\\/bilderbuecher\\\/#primaryimage\",\"url\":\"http:\\\/\\\/alexsa-verlag.de\\\/wp-content\\\/uploads\\\/2017\\\/08\\\/Sus-200x300.png\",\"contentUrl\":\"http:\\\/\\\/alexsa-verlag.de\\\/wp-content\\\/uploads\\\/2017\\\/08\\\/Sus-200x300.png\"},{\"@type\":\"BreadcrumbList\",\"@id\":\"https:\\\/\\\/alexsa-verlag.de\\\/bilderbuecher\\\/#breadcrumb\",\"itemListElement\":[{\"@type\":\"ListItem\",\"position\":1,\"name\":\"Startseite\",\"item\":\"https:\\\/\\\/alexsa-verlag.de\\\/\"},{\"@type\":\"ListItem\",\"position\":2,\"name\":\"Bilderb\u00fccher\"}]},{\"@type\":\"WebSite\",\"@id\":\"https:\\\/\\\/alexsa-verlag.de\\\/#website\",\"url\":\"https:\\\/\\\/alexsa-verlag.de\\\/\",\"name\":\"\u0418\u0437\u0434\u0430\u0442\u0435\u043b\u044c\u0441\u0442\u0432\u043e &quot;\u0410\u043b\u0435\u043a\u0441\u0430&quot;\",\"description\":\"\u0411\u0435\u0440\u043b\u0438\u043d\",\"potentialAction\":[{\"@type\":\"SearchAction\",\"target\":{\"@type\":\"EntryPoint\",\"urlTemplate\":\"https:\\\/\\\/alexsa-verlag.de\\\/?s={search_term_string}\"},\"query-input\":{\"@type\":\"PropertyValueSpecification\",\"valueRequired\":true,\"valueName\":\"search_term_string\"}}],\"inLanguage\":\"ru-RU\"}]}<\/script>\n<!-- \/ Yoast SEO plugin. -->","yoast_head_json":{"title":"Bilderb\u00fccher - \u0418\u0437\u0434\u0430\u0442\u0435\u043b\u044c\u0441\u0442\u0432\u043e &quot;\u0410\u043b\u0435\u043a\u0441\u0430&quot;","robots":{"index":"index","follow":"follow","max-snippet":"max-snippet:-1","max-image-preview":"max-image-preview:large","max-video-preview":"max-video-preview:-1"},"canonical":"https:\/\/alexsa-verlag.de\/bilderbuecher\/","og_locale":"ru_RU","og_type":"article","og_title":"Bilderb\u00fccher - \u0418\u0437\u0434\u0430\u0442\u0435\u043b\u044c\u0441\u0442\u0432\u043e &quot;\u0410\u043b\u0435\u043a\u0441\u0430&quot;","og_url":"https:\/\/alexsa-verlag.de\/bilderbuecher\/","og_site_name":"\u0418\u0437\u0434\u0430\u0442\u0435\u043b\u044c\u0441\u0442\u0432\u043e &quot;\u0410\u043b\u0435\u043a\u0441\u0430&quot;","article_modified_time":"2023-03-23T23:23:22+00:00","og_image":[{"url":"http:\/\/alexsa-verlag.de\/wp-content\/uploads\/2017\/08\/Sus-200x300.png","type":"","width":"","height":""}],"twitter_card":"summary_large_image","twitter_misc":{"Est. reading time":"3 minutes"},"schema":{"@context":"https:\/\/schema.org","@graph":[{"@type":"WebPage","@id":"https:\/\/alexsa-verlag.de\/bilderbuecher\/","url":"https:\/\/alexsa-verlag.de\/bilderbuecher\/","name":"Bilderb\u00fccher - \u0418\u0437\u0434\u0430\u0442\u0435\u043b\u044c\u0441\u0442\u0432\u043e &quot;\u0410\u043b\u0435\u043a\u0441\u0430&quot;","isPartOf":{"@id":"https:\/\/alexsa-verlag.de\/#website"},"primaryImageOfPage":{"@id":"https:\/\/alexsa-verlag.de\/bilderbuecher\/#primaryimage"},"image":{"@id":"https:\/\/alexsa-verlag.de\/bilderbuecher\/#primaryimage"},"thumbnailUrl":"http:\/\/alexsa-verlag.de\/wp-content\/uploads\/2017\/08\/Sus-200x300.png","datePublished":"2017-08-30T12:19:53+00:00","dateModified":"2023-03-23T23:23:22+00:00","breadcrumb":{"@id":"https:\/\/alexsa-verlag.de\/bilderbuecher\/#breadcrumb"},"inLanguage":"ru-RU","potentialAction":[{"@type":"ReadAction","target":["https:\/\/alexsa-verlag.de\/bilderbuecher\/"]}]},{"@type":"ImageObject","inLanguage":"ru-RU","@id":"https:\/\/alexsa-verlag.de\/bilderbuecher\/#primaryimage","url":"http:\/\/alexsa-verlag.de\/wp-content\/uploads\/2017\/08\/Sus-200x300.png","contentUrl":"http:\/\/alexsa-verlag.de\/wp-content\/uploads\/2017\/08\/Sus-200x300.png"},{"@type":"BreadcrumbList","@id":"https:\/\/alexsa-verlag.de\/bilderbuecher\/#breadcrumb","itemListElement":[{"@type":"ListItem","position":1,"name":"Startseite","item":"https:\/\/alexsa-verlag.de\/"},{"@type":"ListItem","position":2,"name":"Bilderb\u00fccher"}]},{"@type":"WebSite","@id":"https:\/\/alexsa-verlag.de\/#website","url":"https:\/\/alexsa-verlag.de\/","name":"\u0418\u0437\u0434\u0430\u0442\u0435\u043b\u044c\u0441\u0442\u0432\u043e &quot;\u0410\u043b\u0435\u043a\u0441\u0430&quot;","description":"\u0411\u0435\u0440\u043b\u0438\u043d","potentialAction":[{"@type":"SearchAction","target":{"@type":"EntryPoint","urlTemplate":"https:\/\/alexsa-verlag.de\/?s={search_term_string}"},"query-input":{"@type":"PropertyValueSpecification","valueRequired":true,"valueName":"search_term_string"}}],"inLanguage":"ru-RU"}]}},"jetpack_sharing_enabled":true,"jetpack_shortlink":"https:\/\/wp.me\/P9snYS-L","_links":{"self":[{"href":"https:\/\/alexsa-verlag.de\/ru\/wp-json\/wp\/v2\/pages\/47","targetHints":{"allow":["GET"]}}],"collection":[{"href":"https:\/\/alexsa-verlag.de\/ru\/wp-json\/wp\/v2\/pages"}],"about":[{"href":"https:\/\/alexsa-verlag.de\/ru\/wp-json\/wp\/v2\/types\/page"}],"author":[{"embeddable":true,"href":"https:\/\/alexsa-verlag.de\/ru\/wp-json\/wp\/v2\/users\/1"}],"replies":[{"embeddable":true,"href":"https:\/\/alexsa-verlag.de\/ru\/wp-json\/wp\/v2\/comments?post=47"}],"version-history":[{"count":27,"href":"https:\/\/alexsa-verlag.de\/ru\/wp-json\/wp\/v2\/pages\/47\/revisions"}],"predecessor-version":[{"id":4328,"href":"https:\/\/alexsa-verlag.de\/ru\/wp-json\/wp\/v2\/pages\/47\/revisions\/4328"}],"wp:attachment":[{"href":"https:\/\/alexsa-verlag.de\/ru\/wp-json\/wp\/v2\/media?parent=47"}],"curies":[{"name":"wp","href":"https:\/\/api.w.org\/{rel}","templated":true}]}}