{"id":38,"date":"2017-08-30T14:17:01","date_gmt":"2017-08-30T12:17:01","guid":{"rendered":"http:\/\/alexsa-verlag.de\/?page_id=38"},"modified":"2021-08-14T23:54:06","modified_gmt":"2021-08-14T21:54:06","slug":"russische-literatur","status":"publish","type":"page","link":"https:\/\/alexsa-verlag.de\/ru\/russische-literatur\/","title":{"rendered":"Zeitgen\u00f6ssische Russische Literatur"},"content":{"rendered":"<p>Unser Schwerpunkt liegt auf der \u00dcbersetzung und Herausgabe von Werken zeitgen\u00f6ssischer russischsprachiger Autorinnen und \u00a0Autoren.<\/p>\n<p>Interessenten sind herzlich eingeladen, sich mit einem aktuellen Manuskript an unserer Ausschreibung zu beteiligen.<\/p>\n<p>F\u00fcr Informationen und die Teilnahmebedingungen bitte hier klicken: <em>(der Link ist noch in Arbeit)\u00a0<\/em><\/p>\n<p>Bereits erschienen:<\/p>\n<p><img loading=\"lazy\" decoding=\"async\" class=\"alignnone size-medium wp-image-771\" src=\"http:\/\/alexsa-verlag.de\/wp-content\/uploads\/2017\/12\/Dewa-natalia-shop-300x300.jpg\" alt=\"\" width=\"300\" height=\"300\" srcset=\"https:\/\/alexsa-verlag.de\/wp-content\/uploads\/2017\/12\/Dewa-natalia-shop-300x300.jpg 300w, https:\/\/alexsa-verlag.de\/wp-content\/uploads\/2017\/12\/Dewa-natalia-shop-250x250.jpg 250w, https:\/\/alexsa-verlag.de\/wp-content\/uploads\/2017\/12\/Dewa-natalia-shop-100x100.jpg 100w, https:\/\/alexsa-verlag.de\/wp-content\/uploads\/2017\/12\/Dewa-natalia-shop-400x400.jpg 400w, https:\/\/alexsa-verlag.de\/wp-content\/uploads\/2017\/12\/Dewa-natalia-shop-150x150.jpg 150w, https:\/\/alexsa-verlag.de\/wp-content\/uploads\/2017\/12\/Dewa-natalia-shop-768x768.jpg 768w, https:\/\/alexsa-verlag.de\/wp-content\/uploads\/2017\/12\/Dewa-natalia-shop.jpg 1024w\" sizes=\"auto, (max-width: 300px) 85vw, 300px\" \/> <img loading=\"lazy\" decoding=\"async\" class=\"alignnone size-medium wp-image-770\" src=\"http:\/\/alexsa-verlag.de\/wp-content\/uploads\/2018\/02\/pogibelnoje-sschastje_shop-300x300.jpg\" alt=\"\" width=\"300\" height=\"300\" srcset=\"https:\/\/alexsa-verlag.de\/wp-content\/uploads\/2018\/02\/pogibelnoje-sschastje_shop-300x300.jpg 300w, https:\/\/alexsa-verlag.de\/wp-content\/uploads\/2018\/02\/pogibelnoje-sschastje_shop-250x250.jpg 250w, https:\/\/alexsa-verlag.de\/wp-content\/uploads\/2018\/02\/pogibelnoje-sschastje_shop-100x100.jpg 100w, https:\/\/alexsa-verlag.de\/wp-content\/uploads\/2018\/02\/pogibelnoje-sschastje_shop-400x400.jpg 400w, https:\/\/alexsa-verlag.de\/wp-content\/uploads\/2018\/02\/pogibelnoje-sschastje_shop-150x150.jpg 150w, https:\/\/alexsa-verlag.de\/wp-content\/uploads\/2018\/02\/pogibelnoje-sschastje_shop-768x768.jpg 768w, https:\/\/alexsa-verlag.de\/wp-content\/uploads\/2018\/02\/pogibelnoje-sschastje_shop.jpg 1024w\" sizes=\"auto, (max-width: 300px) 85vw, 300px\" \/><\/p>\n","protected":false},"excerpt":{"rendered":"<p>Unser Schwerpunkt liegt auf der \u00dcbersetzung und Herausgabe von Werken zeitgen\u00f6ssischer russischsprachiger Autorinnen und \u00a0Autoren. Interessenten sind herzlich eingeladen, sich mit einem aktuellen Manuskript an unserer Ausschreibung zu beteiligen. F\u00fcr Informationen und die Teilnahmebedingungen bitte hier klicken: (der Link ist noch in Arbeit)\u00a0 Bereits erschienen:<\/p>\n","protected":false},"author":1,"featured_media":0,"parent":0,"menu_order":0,"comment_status":"closed","ping_status":"closed","template":"","meta":{"jetpack_post_was_ever_published":false,"footnotes":""},"class_list":["post-38","page","type-page","status-publish","hentry"],"translation":{"provider":"WPGlobus","version":"3.0.0","language":"ru","enabled_languages":["de","ru"],"languages":{"de":{"title":true,"content":true,"excerpt":false},"ru":{"title":false,"content":false,"excerpt":false}}},"yoast_head":"<!-- This site is optimized with the Yoast SEO plugin v27.5 - https:\/\/yoast.com\/product\/yoast-seo-wordpress\/ -->\n<title>Zeitgen\u00f6ssische Russische Literatur - \u0418\u0437\u0434\u0430\u0442\u0435\u043b\u044c\u0441\u0442\u0432\u043e &quot;\u0410\u043b\u0435\u043a\u0441\u0430&quot;<\/title>\n<meta name=\"robots\" content=\"index, follow, max-snippet:-1, max-image-preview:large, max-video-preview:-1\" \/>\n<link rel=\"canonical\" href=\"https:\/\/alexsa-verlag.de\/russische-literatur\/\" \/>\n<meta property=\"og:locale\" content=\"ru_RU\" \/>\n<meta property=\"og:type\" content=\"article\" \/>\n<meta property=\"og:title\" content=\"Zeitgen\u00f6ssische Russische Literatur - \u0418\u0437\u0434\u0430\u0442\u0435\u043b\u044c\u0441\u0442\u0432\u043e &quot;\u0410\u043b\u0435\u043a\u0441\u0430&quot;\" \/>\n<meta property=\"og:url\" content=\"https:\/\/alexsa-verlag.de\/russische-literatur\/\" \/>\n<meta property=\"og:site_name\" content=\"\u0418\u0437\u0434\u0430\u0442\u0435\u043b\u044c\u0441\u0442\u0432\u043e &quot;\u0410\u043b\u0435\u043a\u0441\u0430&quot;\" \/>\n<meta property=\"article:modified_time\" content=\"2021-08-14T21:54:06+00:00\" \/>\n<meta property=\"og:image\" content=\"http:\/\/alexsa-verlag.de\/wp-content\/uploads\/2017\/12\/Dewa-natalia-shop-300x300.jpg\" \/>\n<meta name=\"twitter:card\" content=\"summary_large_image\" \/>\n<meta name=\"twitter:label1\" content=\"Est. reading time\" \/>\n\t<meta name=\"twitter:data1\" content=\"1 minute\" \/>\n<script type=\"application\/ld+json\" class=\"yoast-schema-graph\">{\"@context\":\"https:\\\/\\\/schema.org\",\"@graph\":[{\"@type\":\"WebPage\",\"@id\":\"https:\\\/\\\/alexsa-verlag.de\\\/russische-literatur\\\/\",\"url\":\"https:\\\/\\\/alexsa-verlag.de\\\/russische-literatur\\\/\",\"name\":\"Zeitgen\u00f6ssische Russische Literatur - \u0418\u0437\u0434\u0430\u0442\u0435\u043b\u044c\u0441\u0442\u0432\u043e &quot;\u0410\u043b\u0435\u043a\u0441\u0430&quot;\",\"isPartOf\":{\"@id\":\"https:\\\/\\\/alexsa-verlag.de\\\/#website\"},\"primaryImageOfPage\":{\"@id\":\"https:\\\/\\\/alexsa-verlag.de\\\/russische-literatur\\\/#primaryimage\"},\"image\":{\"@id\":\"https:\\\/\\\/alexsa-verlag.de\\\/russische-literatur\\\/#primaryimage\"},\"thumbnailUrl\":\"http:\\\/\\\/alexsa-verlag.de\\\/wp-content\\\/uploads\\\/2017\\\/12\\\/Dewa-natalia-shop-300x300.jpg\",\"datePublished\":\"2017-08-30T12:17:01+00:00\",\"dateModified\":\"2021-08-14T21:54:06+00:00\",\"breadcrumb\":{\"@id\":\"https:\\\/\\\/alexsa-verlag.de\\\/russische-literatur\\\/#breadcrumb\"},\"inLanguage\":\"ru-RU\",\"potentialAction\":[{\"@type\":\"ReadAction\",\"target\":[\"https:\\\/\\\/alexsa-verlag.de\\\/russische-literatur\\\/\"]}]},{\"@type\":\"ImageObject\",\"inLanguage\":\"ru-RU\",\"@id\":\"https:\\\/\\\/alexsa-verlag.de\\\/russische-literatur\\\/#primaryimage\",\"url\":\"http:\\\/\\\/alexsa-verlag.de\\\/wp-content\\\/uploads\\\/2017\\\/12\\\/Dewa-natalia-shop-300x300.jpg\",\"contentUrl\":\"http:\\\/\\\/alexsa-verlag.de\\\/wp-content\\\/uploads\\\/2017\\\/12\\\/Dewa-natalia-shop-300x300.jpg\"},{\"@type\":\"BreadcrumbList\",\"@id\":\"https:\\\/\\\/alexsa-verlag.de\\\/russische-literatur\\\/#breadcrumb\",\"itemListElement\":[{\"@type\":\"ListItem\",\"position\":1,\"name\":\"Startseite\",\"item\":\"https:\\\/\\\/alexsa-verlag.de\\\/\"},{\"@type\":\"ListItem\",\"position\":2,\"name\":\"Zeitgen\u00f6ssische Russische Literatur\"}]},{\"@type\":\"WebSite\",\"@id\":\"https:\\\/\\\/alexsa-verlag.de\\\/#website\",\"url\":\"https:\\\/\\\/alexsa-verlag.de\\\/\",\"name\":\"\u0418\u0437\u0434\u0430\u0442\u0435\u043b\u044c\u0441\u0442\u0432\u043e &quot;\u0410\u043b\u0435\u043a\u0441\u0430&quot;\",\"description\":\"\u0411\u0435\u0440\u043b\u0438\u043d\",\"potentialAction\":[{\"@type\":\"SearchAction\",\"target\":{\"@type\":\"EntryPoint\",\"urlTemplate\":\"https:\\\/\\\/alexsa-verlag.de\\\/?s={search_term_string}\"},\"query-input\":{\"@type\":\"PropertyValueSpecification\",\"valueRequired\":true,\"valueName\":\"search_term_string\"}}],\"inLanguage\":\"ru-RU\"}]}<\/script>\n<!-- \/ Yoast SEO plugin. -->","yoast_head_json":{"title":"Zeitgen\u00f6ssische Russische Literatur - \u0418\u0437\u0434\u0430\u0442\u0435\u043b\u044c\u0441\u0442\u0432\u043e &quot;\u0410\u043b\u0435\u043a\u0441\u0430&quot;","robots":{"index":"index","follow":"follow","max-snippet":"max-snippet:-1","max-image-preview":"max-image-preview:large","max-video-preview":"max-video-preview:-1"},"canonical":"https:\/\/alexsa-verlag.de\/russische-literatur\/","og_locale":"ru_RU","og_type":"article","og_title":"Zeitgen\u00f6ssische Russische Literatur - \u0418\u0437\u0434\u0430\u0442\u0435\u043b\u044c\u0441\u0442\u0432\u043e &quot;\u0410\u043b\u0435\u043a\u0441\u0430&quot;","og_url":"https:\/\/alexsa-verlag.de\/russische-literatur\/","og_site_name":"\u0418\u0437\u0434\u0430\u0442\u0435\u043b\u044c\u0441\u0442\u0432\u043e &quot;\u0410\u043b\u0435\u043a\u0441\u0430&quot;","article_modified_time":"2021-08-14T21:54:06+00:00","og_image":[{"url":"http:\/\/alexsa-verlag.de\/wp-content\/uploads\/2017\/12\/Dewa-natalia-shop-300x300.jpg","type":"","width":"","height":""}],"twitter_card":"summary_large_image","twitter_misc":{"Est. reading time":"1 minute"},"schema":{"@context":"https:\/\/schema.org","@graph":[{"@type":"WebPage","@id":"https:\/\/alexsa-verlag.de\/russische-literatur\/","url":"https:\/\/alexsa-verlag.de\/russische-literatur\/","name":"Zeitgen\u00f6ssische Russische Literatur - \u0418\u0437\u0434\u0430\u0442\u0435\u043b\u044c\u0441\u0442\u0432\u043e &quot;\u0410\u043b\u0435\u043a\u0441\u0430&quot;","isPartOf":{"@id":"https:\/\/alexsa-verlag.de\/#website"},"primaryImageOfPage":{"@id":"https:\/\/alexsa-verlag.de\/russische-literatur\/#primaryimage"},"image":{"@id":"https:\/\/alexsa-verlag.de\/russische-literatur\/#primaryimage"},"thumbnailUrl":"http:\/\/alexsa-verlag.de\/wp-content\/uploads\/2017\/12\/Dewa-natalia-shop-300x300.jpg","datePublished":"2017-08-30T12:17:01+00:00","dateModified":"2021-08-14T21:54:06+00:00","breadcrumb":{"@id":"https:\/\/alexsa-verlag.de\/russische-literatur\/#breadcrumb"},"inLanguage":"ru-RU","potentialAction":[{"@type":"ReadAction","target":["https:\/\/alexsa-verlag.de\/russische-literatur\/"]}]},{"@type":"ImageObject","inLanguage":"ru-RU","@id":"https:\/\/alexsa-verlag.de\/russische-literatur\/#primaryimage","url":"http:\/\/alexsa-verlag.de\/wp-content\/uploads\/2017\/12\/Dewa-natalia-shop-300x300.jpg","contentUrl":"http:\/\/alexsa-verlag.de\/wp-content\/uploads\/2017\/12\/Dewa-natalia-shop-300x300.jpg"},{"@type":"BreadcrumbList","@id":"https:\/\/alexsa-verlag.de\/russische-literatur\/#breadcrumb","itemListElement":[{"@type":"ListItem","position":1,"name":"Startseite","item":"https:\/\/alexsa-verlag.de\/"},{"@type":"ListItem","position":2,"name":"Zeitgen\u00f6ssische Russische Literatur"}]},{"@type":"WebSite","@id":"https:\/\/alexsa-verlag.de\/#website","url":"https:\/\/alexsa-verlag.de\/","name":"\u0418\u0437\u0434\u0430\u0442\u0435\u043b\u044c\u0441\u0442\u0432\u043e &quot;\u0410\u043b\u0435\u043a\u0441\u0430&quot;","description":"\u0411\u0435\u0440\u043b\u0438\u043d","potentialAction":[{"@type":"SearchAction","target":{"@type":"EntryPoint","urlTemplate":"https:\/\/alexsa-verlag.de\/?s={search_term_string}"},"query-input":{"@type":"PropertyValueSpecification","valueRequired":true,"valueName":"search_term_string"}}],"inLanguage":"ru-RU"}]}},"jetpack_sharing_enabled":true,"jetpack_shortlink":"https:\/\/wp.me\/P9snYS-C","_links":{"self":[{"href":"https:\/\/alexsa-verlag.de\/ru\/wp-json\/wp\/v2\/pages\/38","targetHints":{"allow":["GET"]}}],"collection":[{"href":"https:\/\/alexsa-verlag.de\/ru\/wp-json\/wp\/v2\/pages"}],"about":[{"href":"https:\/\/alexsa-verlag.de\/ru\/wp-json\/wp\/v2\/types\/page"}],"author":[{"embeddable":true,"href":"https:\/\/alexsa-verlag.de\/ru\/wp-json\/wp\/v2\/users\/1"}],"replies":[{"embeddable":true,"href":"https:\/\/alexsa-verlag.de\/ru\/wp-json\/wp\/v2\/comments?post=38"}],"version-history":[{"count":9,"href":"https:\/\/alexsa-verlag.de\/ru\/wp-json\/wp\/v2\/pages\/38\/revisions"}],"predecessor-version":[{"id":2345,"href":"https:\/\/alexsa-verlag.de\/ru\/wp-json\/wp\/v2\/pages\/38\/revisions\/2345"}],"wp:attachment":[{"href":"https:\/\/alexsa-verlag.de\/ru\/wp-json\/wp\/v2\/media?parent=38"}],"curies":[{"name":"wp","href":"https:\/\/api.w.org\/{rel}","templated":true}]}}